{"id":964,"date":"2025-05-07T21:35:48","date_gmt":"2025-05-07T21:35:48","guid":{"rendered":"https:\/\/melanvies.com\/?post_type=product&#038;p=964"},"modified":"2025-05-13T10:29:05","modified_gmt":"2025-05-13T10:29:05","slug":"nao-sufoque-o-artista","status":"publish","type":"product","link":"https:\/\/melanvies.com\/fr\/produit\/nao-sufoque-o-artista\/","title":{"rendered":"Camiseta M\u00e3e Artista"},"content":{"rendered":"<p class=\"\" data-start=\"342\" data-end=\"674\">Criar \u00e9 respirar.<br data-start=\"382\" data-end=\"385\" \/>A camiseta \u201cN\u00e3o sufoque o artista\u201d \u00e9 pra quem valoriza o espa\u00e7o da arte, da liberdade de ser e do impulso criativo que transforma tudo ao redor.<br data-start=\"529\" data-end=\"532\" \/>Feita em malha 100% algod\u00e3o (160g), com caimento confort\u00e1vel, toque suave e estampa silk dur\u00e1vel.<br data-start=\"629\" data-end=\"632\" \/>Vista sua express\u00e3o. Declare sua ess\u00eancia.<\/p>\n<p class=\"\" data-start=\"676\" data-end=\"796\">\ud83c\udfa8 Ideal para artistas, criativos e inquietos<br data-start=\"721\" data-end=\"724\" \/>\ud83c\udde7\ud83c\uddea Criada na B\u00e9lgica com alma brasileira<br data-start=\"766\" data-end=\"769\" \/>\ud83d\udce6 Envio para toda a Europa<\/p>","protected":false},"excerpt":{"rendered":"<p>Criar \u00e9 respirar.A camiseta \u201cN\u00e3o sufoque o artista\u201d \u00e9 pra quem valoriza o espa\u00e7o da arte, da liberdade de ser e do impulso criativo que transforma tudo ao redor.Feita em malha 100% algod\u00e3o (160g), com caimento confort\u00e1vel, toque suave e estampa silk dur\u00e1vel.Vista sua express\u00e3o. Declare sua ess\u00eancia. \ud83c\udfa8 Ideal para artistas, criativos e inquietos\ud83c\udde7\ud83c\uddea [&hellip;]<\/p>","protected":false},"featured_media":965,"comment_status":"open","ping_status":"closed","template":"","meta":[],"product_brand":[],"product_cat":[35],"product_tag":[],"class_list":{"0":"post-964","1":"product","2":"type-product","3":"status-publish","4":"has-post-thumbnail","6":"product_cat-colecao-maes","8":"first","9":"instock","10":"shipping-taxable","11":"purchasable","12":"product-type-variable"},"yoast_head":"<!-- This site is optimized with the Yoast SEO Premium plugin v24.6 (Yoast SEO v24.8.1) - https:\/\/yoast.com\/wordpress\/plugins\/seo\/ -->\n<title>Camiseta M\u00e3e Artista - M\u00e9lanvies<\/title>\n<meta name=\"description\" content=\"Camiseta 100% algod\u00e3o (malha 160g) com estampa \u201cN\u00e3o sufoque o artista\u201d \u2013 express\u00e3o, estilo e autenticidade.\" \/>\n<meta name=\"robots\" content=\"index, follow, max-snippet:-1, max-image-preview:large, max-video-preview:-1\" \/>\n<link rel=\"canonical\" href=\"https:\/\/melanvies.com\/fr\/produit\/nao-sufoque-o-artista\/\" \/>\n<meta property=\"og:locale\" content=\"fr_FR\" \/>\n<meta property=\"og:type\" content=\"article\" \/>\n<meta property=\"og:title\" content=\"Camiseta M\u00e3e Artista\" \/>\n<meta property=\"og:description\" content=\"Camiseta 100% algod\u00e3o (malha 160g) com estampa \u201cN\u00e3o sufoque o artista\u201d \u2013 express\u00e3o, estilo e autenticidade.\" \/>\n<meta property=\"og:url\" content=\"https:\/\/melanvies.com\/fr\/produit\/nao-sufoque-o-artista\/\" \/>\n<meta property=\"og:site_name\" content=\"M\u00e9lanvies\" \/>\n<meta property=\"article:modified_time\" content=\"2025-05-13T10:29:05+00:00\" \/>\n<meta property=\"og:image\" content=\"https:\/\/melanvies.com\/wp-content\/uploads\/2025\/05\/mockup-of-a-hand-holding-a-t-shirt-in-a-colorful-background-26735-10-683x1024.png\" \/>\n\t<meta property=\"og:image:width\" content=\"683\" \/>\n\t<meta property=\"og:image:height\" content=\"1024\" \/>\n\t<meta property=\"og:image:type\" content=\"image\/png\" \/>\n<meta name=\"twitter:card\" content=\"summary_large_image\" \/>\n<meta name=\"twitter:label1\" content=\"Dur\u00e9e de lecture est.\" \/>\n\t<meta name=\"twitter:data1\" content=\"1 minute\" \/>\n<script type=\"application\/ld+json\" class=\"yoast-schema-graph\">{\"@context\":\"https:\/\/schema.org\",\"@graph\":[{\"@type\":\"WebPage\",\"@id\":\"https:\/\/melanvies.com\/produto\/nao-sufoque-o-artista\/\",\"url\":\"https:\/\/melanvies.com\/produto\/nao-sufoque-o-artista\/\",\"name\":\"Camiseta M\u00e3e Artista - M\u00e9lanvies\",\"isPartOf\":{\"@id\":\"https:\/\/melanvies.com\/#website\"},\"primaryImageOfPage\":{\"@id\":\"https:\/\/melanvies.com\/produto\/nao-sufoque-o-artista\/#primaryimage\"},\"image\":{\"@id\":\"https:\/\/melanvies.com\/produto\/nao-sufoque-o-artista\/#primaryimage\"},\"thumbnailUrl\":\"https:\/\/melanvies.com\/wp-content\/uploads\/2025\/05\/mockup-of-a-hand-holding-a-t-shirt-in-a-colorful-background-26735-10.png\",\"datePublished\":\"2025-05-07T21:35:48+00:00\",\"dateModified\":\"2025-05-13T10:29:05+00:00\",\"description\":\"Camiseta 100% algod\u00e3o (malha 160g) com estampa \u201cN\u00e3o sufoque o artista\u201d \u2013 express\u00e3o, estilo e autenticidade.\",\"breadcrumb\":{\"@id\":\"https:\/\/melanvies.com\/produto\/nao-sufoque-o-artista\/#breadcrumb\"},\"inLanguage\":\"fr-BE\",\"potentialAction\":[{\"@type\":\"ReadAction\",\"target\":[\"https:\/\/melanvies.com\/produto\/nao-sufoque-o-artista\/\"]}]},{\"@type\":\"ImageObject\",\"inLanguage\":\"fr-BE\",\"@id\":\"https:\/\/melanvies.com\/produto\/nao-sufoque-o-artista\/#primaryimage\",\"url\":\"https:\/\/melanvies.com\/wp-content\/uploads\/2025\/05\/mockup-of-a-hand-holding-a-t-shirt-in-a-colorful-background-26735-10.png\",\"contentUrl\":\"https:\/\/melanvies.com\/wp-content\/uploads\/2025\/05\/mockup-of-a-hand-holding-a-t-shirt-in-a-colorful-background-26735-10.png\",\"width\":1440,\"height\":2160},{\"@type\":\"BreadcrumbList\",\"@id\":\"https:\/\/melanvies.com\/produto\/nao-sufoque-o-artista\/#breadcrumb\",\"itemListElement\":[{\"@type\":\"ListItem\",\"position\":1,\"name\":\"In\u00edcio\",\"item\":\"https:\/\/melanvies.com\/\"},{\"@type\":\"ListItem\",\"position\":2,\"name\":\"Products\",\"item\":\"https:\/\/www.melanvies.com\/loja\/\"},{\"@type\":\"ListItem\",\"position\":3,\"name\":\"Camiseta M\u00e3e Artista\"}]},{\"@type\":\"WebSite\",\"@id\":\"https:\/\/melanvies.com\/#website\",\"url\":\"https:\/\/melanvies.com\/\",\"name\":\"M\u00e9lanvies\",\"description\":\"T-shirt Personalis\u00e9\",\"publisher\":{\"@id\":\"https:\/\/melanvies.com\/#organization\"},\"potentialAction\":[{\"@type\":\"SearchAction\",\"target\":{\"@type\":\"EntryPoint\",\"urlTemplate\":\"https:\/\/melanvies.com\/?s={search_term_string}\"},\"query-input\":{\"@type\":\"PropertyValueSpecification\",\"valueRequired\":true,\"valueName\":\"search_term_string\"}}],\"inLanguage\":\"fr-BE\"},{\"@type\":\"Organization\",\"@id\":\"https:\/\/melanvies.com\/#organization\",\"name\":\"M\u00e9lanvies\",\"url\":\"https:\/\/melanvies.com\/\",\"logo\":{\"@type\":\"ImageObject\",\"inLanguage\":\"fr-BE\",\"@id\":\"https:\/\/melanvies.com\/#\/schema\/logo\/image\/\",\"url\":\"https:\/\/melanvies.com\/wp-content\/uploads\/2025\/04\/cropped-w.png\",\"contentUrl\":\"https:\/\/melanvies.com\/wp-content\/uploads\/2025\/04\/cropped-w.png\",\"width\":338,\"height\":69,\"caption\":\"M\u00e9lanvies\"},\"image\":{\"@id\":\"https:\/\/melanvies.com\/#\/schema\/logo\/image\/\"}}]}<\/script>\n<!-- \/ Yoast SEO Premium plugin. -->","yoast_head_json":{"title":"Camiseta M\u00e3e Artista - M\u00e9lanvies","description":"Camiseta 100% algod\u00e3o (malha 160g) com estampa \u201cN\u00e3o sufoque o artista\u201d \u2013 express\u00e3o, estilo e autenticidade.","robots":{"index":"index","follow":"follow","max-snippet":"max-snippet:-1","max-image-preview":"max-image-preview:large","max-video-preview":"max-video-preview:-1"},"canonical":"https:\/\/melanvies.com\/fr\/produit\/nao-sufoque-o-artista\/","og_locale":"fr_FR","og_type":"article","og_title":"Camiseta M\u00e3e Artista","og_description":"Camiseta 100% algod\u00e3o (malha 160g) com estampa \u201cN\u00e3o sufoque o artista\u201d \u2013 express\u00e3o, estilo e autenticidade.","og_url":"https:\/\/melanvies.com\/fr\/produit\/nao-sufoque-o-artista\/","og_site_name":"M\u00e9lanvies","article_modified_time":"2025-05-13T10:29:05+00:00","og_image":[{"width":683,"height":1024,"url":"https:\/\/melanvies.com\/wp-content\/uploads\/2025\/05\/mockup-of-a-hand-holding-a-t-shirt-in-a-colorful-background-26735-10-683x1024.png","type":"image\/png"}],"twitter_card":"summary_large_image","twitter_misc":{"Dur\u00e9e de lecture est.":"1 minute"},"schema":{"@context":"https:\/\/schema.org","@graph":[{"@type":"WebPage","@id":"https:\/\/melanvies.com\/produto\/nao-sufoque-o-artista\/","url":"https:\/\/melanvies.com\/produto\/nao-sufoque-o-artista\/","name":"Camiseta M\u00e3e Artista - M\u00e9lanvies","isPartOf":{"@id":"https:\/\/melanvies.com\/#website"},"primaryImageOfPage":{"@id":"https:\/\/melanvies.com\/produto\/nao-sufoque-o-artista\/#primaryimage"},"image":{"@id":"https:\/\/melanvies.com\/produto\/nao-sufoque-o-artista\/#primaryimage"},"thumbnailUrl":"https:\/\/melanvies.com\/wp-content\/uploads\/2025\/05\/mockup-of-a-hand-holding-a-t-shirt-in-a-colorful-background-26735-10.png","datePublished":"2025-05-07T21:35:48+00:00","dateModified":"2025-05-13T10:29:05+00:00","description":"Camiseta 100% algod\u00e3o (malha 160g) com estampa \u201cN\u00e3o sufoque o artista\u201d \u2013 express\u00e3o, estilo e autenticidade.","breadcrumb":{"@id":"https:\/\/melanvies.com\/produto\/nao-sufoque-o-artista\/#breadcrumb"},"inLanguage":"fr-BE","potentialAction":[{"@type":"ReadAction","target":["https:\/\/melanvies.com\/produto\/nao-sufoque-o-artista\/"]}]},{"@type":"ImageObject","inLanguage":"fr-BE","@id":"https:\/\/melanvies.com\/produto\/nao-sufoque-o-artista\/#primaryimage","url":"https:\/\/melanvies.com\/wp-content\/uploads\/2025\/05\/mockup-of-a-hand-holding-a-t-shirt-in-a-colorful-background-26735-10.png","contentUrl":"https:\/\/melanvies.com\/wp-content\/uploads\/2025\/05\/mockup-of-a-hand-holding-a-t-shirt-in-a-colorful-background-26735-10.png","width":1440,"height":2160},{"@type":"BreadcrumbList","@id":"https:\/\/melanvies.com\/produto\/nao-sufoque-o-artista\/#breadcrumb","itemListElement":[{"@type":"ListItem","position":1,"name":"In\u00edcio","item":"https:\/\/melanvies.com\/"},{"@type":"ListItem","position":2,"name":"Products","item":"https:\/\/www.melanvies.com\/loja\/"},{"@type":"ListItem","position":3,"name":"Camiseta M\u00e3e Artista"}]},{"@type":"WebSite","@id":"https:\/\/melanvies.com\/#website","url":"https:\/\/melanvies.com\/","name":"M\u00e9lanvies","description":"T-shirt Personalis\u00e9","publisher":{"@id":"https:\/\/melanvies.com\/#organization"},"potentialAction":[{"@type":"SearchAction","target":{"@type":"EntryPoint","urlTemplate":"https:\/\/melanvies.com\/?s={search_term_string}"},"query-input":{"@type":"PropertyValueSpecification","valueRequired":true,"valueName":"search_term_string"}}],"inLanguage":"fr-BE"},{"@type":"Organization","@id":"https:\/\/melanvies.com\/#organization","name":"M\u00e9lanvies","url":"https:\/\/melanvies.com\/","logo":{"@type":"ImageObject","inLanguage":"fr-BE","@id":"https:\/\/melanvies.com\/#\/schema\/logo\/image\/","url":"https:\/\/melanvies.com\/wp-content\/uploads\/2025\/04\/cropped-w.png","contentUrl":"https:\/\/melanvies.com\/wp-content\/uploads\/2025\/04\/cropped-w.png","width":338,"height":69,"caption":"M\u00e9lanvies"},"image":{"@id":"https:\/\/melanvies.com\/#\/schema\/logo\/image\/"}}]}},"jetpack_sharing_enabled":true,"_links":{"self":[{"href":"https:\/\/melanvies.com\/fr\/wp-json\/wp\/v2\/product\/964","targetHints":{"allow":["GET"]}}],"collection":[{"href":"https:\/\/melanvies.com\/fr\/wp-json\/wp\/v2\/product"}],"about":[{"href":"https:\/\/melanvies.com\/fr\/wp-json\/wp\/v2\/types\/product"}],"replies":[{"embeddable":true,"href":"https:\/\/melanvies.com\/fr\/wp-json\/wp\/v2\/comments?post=964"}],"wp:featuredmedia":[{"embeddable":true,"href":"https:\/\/melanvies.com\/fr\/wp-json\/wp\/v2\/media\/965"}],"wp:attachment":[{"href":"https:\/\/melanvies.com\/fr\/wp-json\/wp\/v2\/media?parent=964"}],"wp:term":[{"taxonomy":"product_brand","embeddable":true,"href":"https:\/\/melanvies.com\/fr\/wp-json\/wp\/v2\/product_brand?post=964"},{"taxonomy":"product_cat","embeddable":true,"href":"https:\/\/melanvies.com\/fr\/wp-json\/wp\/v2\/product_cat?post=964"},{"taxonomy":"product_tag","embeddable":true,"href":"https:\/\/melanvies.com\/fr\/wp-json\/wp\/v2\/product_tag?post=964"}],"curies":[{"name":"wp","href":"https:\/\/api.w.org\/{rel}","templated":true}]}}