{"id":944,"date":"2025-05-07T21:29:31","date_gmt":"2025-05-07T21:29:31","guid":{"rendered":"https:\/\/melanvies.com\/?post_type=product&#038;p=944"},"modified":"2025-05-13T10:28:36","modified_gmt":"2025-05-13T10:28:36","slug":"ai-de-mim-se-eu-nao-fosse-eu","status":"publish","type":"product","link":"https:\/\/melanvies.com\/fr\/produit\/ai-de-mim-se-eu-nao-fosse-eu\/","title":{"rendered":"Camiseta M\u00e3e Aut\u00eantica"},"content":{"rendered":"<p class=\"\" data-start=\"275\" data-end=\"657\">M\u00e3e, mulher, guerreira e um pouco de caos com glitter.<br data-start=\"352\" data-end=\"355\" \/>A camiseta \u201cAi de mim se eu n\u00e3o fosse eu\u201d \u00e9 uma declara\u00e7\u00e3o de for\u00e7a e identidade \u2014 feita pra quem se sustenta, se reinventa e ainda sorri no meio do furac\u00e3o.<br data-start=\"512\" data-end=\"515\" \/>Produzida em malha 100% algod\u00e3o (160g), tem caimento leve, toque macio e estampa em silk dur\u00e1vel.<br data-start=\"612\" data-end=\"615\" \/>Pra vestir coragem, com conforto e estilo.<\/p>\n<p class=\"\" data-start=\"659\" data-end=\"787\">\ud83d\udc9b Pe\u00e7a da Cole\u00e7\u00e3o Especial de Dia das M\u00e3es<br data-start=\"702\" data-end=\"705\" \/>\ud83c\udde7\ud83c\uddea Criada na B\u00e9lgica, com alma brasileira<br data-start=\"748\" data-end=\"751\" \/>\ud83d\udce6 Entrega r\u00e1pida para toda a Europa<\/p>","protected":false},"excerpt":{"rendered":"<p>M\u00e3e, mulher, guerreira e um pouco de caos com glitter.A camiseta \u201cAi de mim se eu n\u00e3o fosse eu\u201d \u00e9 uma declara\u00e7\u00e3o de for\u00e7a e identidade \u2014 feita pra quem se sustenta, se reinventa e ainda sorri no meio do furac\u00e3o.Produzida em malha 100% algod\u00e3o (160g), tem caimento leve, toque macio e estampa em silk [&hellip;]<\/p>","protected":false},"featured_media":947,"comment_status":"open","ping_status":"closed","template":"","meta":[],"product_brand":[],"product_cat":[35],"product_tag":[],"class_list":{"0":"post-944","1":"product","2":"type-product","3":"status-publish","4":"has-post-thumbnail","6":"product_cat-colecao-maes","8":"first","9":"instock","10":"shipping-taxable","11":"purchasable","12":"product-type-variable"},"yoast_head":"<!-- This site is optimized with the Yoast SEO Premium plugin v24.6 (Yoast SEO v24.8.1) - https:\/\/yoast.com\/wordpress\/plugins\/seo\/ -->\n<title>Camiseta M\u00e3e Aut\u00eantica - M\u00e9lanvies<\/title>\n<meta name=\"description\" content=\"Camiseta \u201cAi de mim se eu n\u00e3o fosse eu\u201d, com estampa empoderada, feita para m\u00e3es fortes e aut\u00eanticas. Malha 160g e envio em toda a Europa.\" \/>\n<meta name=\"robots\" content=\"index, follow, max-snippet:-1, max-image-preview:large, max-video-preview:-1\" \/>\n<link rel=\"canonical\" href=\"https:\/\/melanvies.com\/fr\/produit\/ai-de-mim-se-eu-nao-fosse-eu\/\" \/>\n<meta property=\"og:locale\" content=\"fr_FR\" \/>\n<meta property=\"og:type\" content=\"article\" \/>\n<meta property=\"og:title\" content=\"Camiseta M\u00e3e Aut\u00eantica\" \/>\n<meta property=\"og:description\" content=\"Camiseta \u201cAi de mim se eu n\u00e3o fosse eu\u201d, com estampa empoderada, feita para m\u00e3es fortes e aut\u00eanticas. Malha 160g e envio em toda a Europa.\" \/>\n<meta property=\"og:url\" content=\"https:\/\/melanvies.com\/fr\/produit\/ai-de-mim-se-eu-nao-fosse-eu\/\" \/>\n<meta property=\"og:site_name\" content=\"M\u00e9lanvies\" \/>\n<meta property=\"article:modified_time\" content=\"2025-05-13T10:28:36+00:00\" \/>\n<meta property=\"og:image\" content=\"https:\/\/melanvies.com\/wp-content\/uploads\/2025\/05\/mockup-of-a-hand-holding-a-t-shirt-in-a-colorful-background-26735-4.png\" \/>\n\t<meta property=\"og:image:width\" content=\"683\" \/>\n\t<meta property=\"og:image:height\" content=\"1024\" \/>\n\t<meta property=\"og:image:type\" content=\"image\/png\" \/>\n<meta name=\"twitter:card\" content=\"summary_large_image\" \/>\n<meta name=\"twitter:label1\" content=\"Dur\u00e9e de lecture est.\" \/>\n\t<meta name=\"twitter:data1\" content=\"1 minute\" \/>\n<script type=\"application\/ld+json\" class=\"yoast-schema-graph\">{\"@context\":\"https:\/\/schema.org\",\"@graph\":[{\"@type\":\"WebPage\",\"@id\":\"https:\/\/melanvies.com\/produto\/ai-de-mim-se-eu-nao-fosse-eu\/\",\"url\":\"https:\/\/melanvies.com\/produto\/ai-de-mim-se-eu-nao-fosse-eu\/\",\"name\":\"Camiseta M\u00e3e Aut\u00eantica - M\u00e9lanvies\",\"isPartOf\":{\"@id\":\"https:\/\/melanvies.com\/#website\"},\"primaryImageOfPage\":{\"@id\":\"https:\/\/melanvies.com\/produto\/ai-de-mim-se-eu-nao-fosse-eu\/#primaryimage\"},\"image\":{\"@id\":\"https:\/\/melanvies.com\/produto\/ai-de-mim-se-eu-nao-fosse-eu\/#primaryimage\"},\"thumbnailUrl\":\"https:\/\/melanvies.com\/wp-content\/uploads\/2025\/05\/mockup-of-a-hand-holding-a-t-shirt-in-a-colorful-background-26735-4.png\",\"datePublished\":\"2025-05-07T21:29:31+00:00\",\"dateModified\":\"2025-05-13T10:28:36+00:00\",\"description\":\"Camiseta \u201cAi de mim se eu n\u00e3o fosse eu\u201d, com estampa empoderada, feita para m\u00e3es fortes e aut\u00eanticas. Malha 160g e envio em toda a Europa.\",\"breadcrumb\":{\"@id\":\"https:\/\/melanvies.com\/produto\/ai-de-mim-se-eu-nao-fosse-eu\/#breadcrumb\"},\"inLanguage\":\"fr-BE\",\"potentialAction\":[{\"@type\":\"ReadAction\",\"target\":[\"https:\/\/melanvies.com\/produto\/ai-de-mim-se-eu-nao-fosse-eu\/\"]}]},{\"@type\":\"ImageObject\",\"inLanguage\":\"fr-BE\",\"@id\":\"https:\/\/melanvies.com\/produto\/ai-de-mim-se-eu-nao-fosse-eu\/#primaryimage\",\"url\":\"https:\/\/melanvies.com\/wp-content\/uploads\/2025\/05\/mockup-of-a-hand-holding-a-t-shirt-in-a-colorful-background-26735-4.png\",\"contentUrl\":\"https:\/\/melanvies.com\/wp-content\/uploads\/2025\/05\/mockup-of-a-hand-holding-a-t-shirt-in-a-colorful-background-26735-4.png\",\"width\":1440,\"height\":2160},{\"@type\":\"BreadcrumbList\",\"@id\":\"https:\/\/melanvies.com\/produto\/ai-de-mim-se-eu-nao-fosse-eu\/#breadcrumb\",\"itemListElement\":[{\"@type\":\"ListItem\",\"position\":1,\"name\":\"In\u00edcio\",\"item\":\"https:\/\/melanvies.com\/\"},{\"@type\":\"ListItem\",\"position\":2,\"name\":\"Products\",\"item\":\"https:\/\/www.melanvies.com\/loja\/\"},{\"@type\":\"ListItem\",\"position\":3,\"name\":\"Camiseta M\u00e3e Aut\u00eantica\"}]},{\"@type\":\"WebSite\",\"@id\":\"https:\/\/melanvies.com\/#website\",\"url\":\"https:\/\/melanvies.com\/\",\"name\":\"M\u00e9lanvies\",\"description\":\"T-shirt Personalis\u00e9\",\"publisher\":{\"@id\":\"https:\/\/melanvies.com\/#organization\"},\"potentialAction\":[{\"@type\":\"SearchAction\",\"target\":{\"@type\":\"EntryPoint\",\"urlTemplate\":\"https:\/\/melanvies.com\/?s={search_term_string}\"},\"query-input\":{\"@type\":\"PropertyValueSpecification\",\"valueRequired\":true,\"valueName\":\"search_term_string\"}}],\"inLanguage\":\"fr-BE\"},{\"@type\":\"Organization\",\"@id\":\"https:\/\/melanvies.com\/#organization\",\"name\":\"M\u00e9lanvies\",\"url\":\"https:\/\/melanvies.com\/\",\"logo\":{\"@type\":\"ImageObject\",\"inLanguage\":\"fr-BE\",\"@id\":\"https:\/\/melanvies.com\/#\/schema\/logo\/image\/\",\"url\":\"https:\/\/melanvies.com\/wp-content\/uploads\/2025\/04\/cropped-w.png\",\"contentUrl\":\"https:\/\/melanvies.com\/wp-content\/uploads\/2025\/04\/cropped-w.png\",\"width\":338,\"height\":69,\"caption\":\"M\u00e9lanvies\"},\"image\":{\"@id\":\"https:\/\/melanvies.com\/#\/schema\/logo\/image\/\"}}]}<\/script>\n<!-- \/ Yoast SEO Premium plugin. -->","yoast_head_json":{"title":"Camiseta M\u00e3e Aut\u00eantica - M\u00e9lanvies","description":"Camiseta \u201cAi de mim se eu n\u00e3o fosse eu\u201d, com estampa empoderada, feita para m\u00e3es fortes e aut\u00eanticas. Malha 160g e envio em toda a Europa.","robots":{"index":"index","follow":"follow","max-snippet":"max-snippet:-1","max-image-preview":"max-image-preview:large","max-video-preview":"max-video-preview:-1"},"canonical":"https:\/\/melanvies.com\/fr\/produit\/ai-de-mim-se-eu-nao-fosse-eu\/","og_locale":"fr_FR","og_type":"article","og_title":"Camiseta M\u00e3e Aut\u00eantica","og_description":"Camiseta \u201cAi de mim se eu n\u00e3o fosse eu\u201d, com estampa empoderada, feita para m\u00e3es fortes e aut\u00eanticas. Malha 160g e envio em toda a Europa.","og_url":"https:\/\/melanvies.com\/fr\/produit\/ai-de-mim-se-eu-nao-fosse-eu\/","og_site_name":"M\u00e9lanvies","article_modified_time":"2025-05-13T10:28:36+00:00","og_image":[{"url":"https:\/\/melanvies.com\/wp-content\/uploads\/2025\/05\/mockup-of-a-hand-holding-a-t-shirt-in-a-colorful-background-26735-4.png","width":683,"height":1024,"type":"image\/png"}],"twitter_card":"summary_large_image","twitter_misc":{"Dur\u00e9e de lecture est.":"1 minute"},"schema":{"@context":"https:\/\/schema.org","@graph":[{"@type":"WebPage","@id":"https:\/\/melanvies.com\/produto\/ai-de-mim-se-eu-nao-fosse-eu\/","url":"https:\/\/melanvies.com\/produto\/ai-de-mim-se-eu-nao-fosse-eu\/","name":"Camiseta M\u00e3e Aut\u00eantica - M\u00e9lanvies","isPartOf":{"@id":"https:\/\/melanvies.com\/#website"},"primaryImageOfPage":{"@id":"https:\/\/melanvies.com\/produto\/ai-de-mim-se-eu-nao-fosse-eu\/#primaryimage"},"image":{"@id":"https:\/\/melanvies.com\/produto\/ai-de-mim-se-eu-nao-fosse-eu\/#primaryimage"},"thumbnailUrl":"https:\/\/melanvies.com\/wp-content\/uploads\/2025\/05\/mockup-of-a-hand-holding-a-t-shirt-in-a-colorful-background-26735-4.png","datePublished":"2025-05-07T21:29:31+00:00","dateModified":"2025-05-13T10:28:36+00:00","description":"Camiseta \u201cAi de mim se eu n\u00e3o fosse eu\u201d, com estampa empoderada, feita para m\u00e3es fortes e aut\u00eanticas. Malha 160g e envio em toda a Europa.","breadcrumb":{"@id":"https:\/\/melanvies.com\/produto\/ai-de-mim-se-eu-nao-fosse-eu\/#breadcrumb"},"inLanguage":"fr-BE","potentialAction":[{"@type":"ReadAction","target":["https:\/\/melanvies.com\/produto\/ai-de-mim-se-eu-nao-fosse-eu\/"]}]},{"@type":"ImageObject","inLanguage":"fr-BE","@id":"https:\/\/melanvies.com\/produto\/ai-de-mim-se-eu-nao-fosse-eu\/#primaryimage","url":"https:\/\/melanvies.com\/wp-content\/uploads\/2025\/05\/mockup-of-a-hand-holding-a-t-shirt-in-a-colorful-background-26735-4.png","contentUrl":"https:\/\/melanvies.com\/wp-content\/uploads\/2025\/05\/mockup-of-a-hand-holding-a-t-shirt-in-a-colorful-background-26735-4.png","width":1440,"height":2160},{"@type":"BreadcrumbList","@id":"https:\/\/melanvies.com\/produto\/ai-de-mim-se-eu-nao-fosse-eu\/#breadcrumb","itemListElement":[{"@type":"ListItem","position":1,"name":"In\u00edcio","item":"https:\/\/melanvies.com\/"},{"@type":"ListItem","position":2,"name":"Products","item":"https:\/\/www.melanvies.com\/loja\/"},{"@type":"ListItem","position":3,"name":"Camiseta M\u00e3e Aut\u00eantica"}]},{"@type":"WebSite","@id":"https:\/\/melanvies.com\/#website","url":"https:\/\/melanvies.com\/","name":"M\u00e9lanvies","description":"T-shirt Personalis\u00e9","publisher":{"@id":"https:\/\/melanvies.com\/#organization"},"potentialAction":[{"@type":"SearchAction","target":{"@type":"EntryPoint","urlTemplate":"https:\/\/melanvies.com\/?s={search_term_string}"},"query-input":{"@type":"PropertyValueSpecification","valueRequired":true,"valueName":"search_term_string"}}],"inLanguage":"fr-BE"},{"@type":"Organization","@id":"https:\/\/melanvies.com\/#organization","name":"M\u00e9lanvies","url":"https:\/\/melanvies.com\/","logo":{"@type":"ImageObject","inLanguage":"fr-BE","@id":"https:\/\/melanvies.com\/#\/schema\/logo\/image\/","url":"https:\/\/melanvies.com\/wp-content\/uploads\/2025\/04\/cropped-w.png","contentUrl":"https:\/\/melanvies.com\/wp-content\/uploads\/2025\/04\/cropped-w.png","width":338,"height":69,"caption":"M\u00e9lanvies"},"image":{"@id":"https:\/\/melanvies.com\/#\/schema\/logo\/image\/"}}]}},"jetpack_sharing_enabled":true,"_links":{"self":[{"href":"https:\/\/melanvies.com\/fr\/wp-json\/wp\/v2\/product\/944","targetHints":{"allow":["GET"]}}],"collection":[{"href":"https:\/\/melanvies.com\/fr\/wp-json\/wp\/v2\/product"}],"about":[{"href":"https:\/\/melanvies.com\/fr\/wp-json\/wp\/v2\/types\/product"}],"replies":[{"embeddable":true,"href":"https:\/\/melanvies.com\/fr\/wp-json\/wp\/v2\/comments?post=944"}],"wp:featuredmedia":[{"embeddable":true,"href":"https:\/\/melanvies.com\/fr\/wp-json\/wp\/v2\/media\/947"}],"wp:attachment":[{"href":"https:\/\/melanvies.com\/fr\/wp-json\/wp\/v2\/media?parent=944"}],"wp:term":[{"taxonomy":"product_brand","embeddable":true,"href":"https:\/\/melanvies.com\/fr\/wp-json\/wp\/v2\/product_brand?post=944"},{"taxonomy":"product_cat","embeddable":true,"href":"https:\/\/melanvies.com\/fr\/wp-json\/wp\/v2\/product_cat?post=944"},{"taxonomy":"product_tag","embeddable":true,"href":"https:\/\/melanvies.com\/fr\/wp-json\/wp\/v2\/product_tag?post=944"}],"curies":[{"name":"wp","href":"https:\/\/api.w.org\/{rel}","templated":true}]}}