{"id":925,"date":"2025-05-07T20:51:28","date_gmt":"2025-05-07T20:51:28","guid":{"rendered":"https:\/\/melanvies.com\/?post_type=product&#038;p=925"},"modified":"2025-05-13T10:30:41","modified_gmt":"2025-05-13T10:30:41","slug":"eu-adoro-ir-ao-supermercado-passear","status":"publish","type":"product","link":"https:\/\/melanvies.com\/fr\/produit\/eu-adoro-ir-ao-supermercado-passear\/","title":{"rendered":"Camiseta Supermercado Lover"},"content":{"rendered":"<p class=\"\" data-start=\"280\" data-end=\"695\">Porque \u00e0s vezes, o mercado \u00e9 o \u00fanico rol\u00ea poss\u00edvel \u2014 e a gente faz dele um desfile.<br data-start=\"386\" data-end=\"389\" \/>A camiseta \u201cEu adoro ir ao supermercado passear\u201d \u00e9 uma homenagem bem-humorada \u00e0s m\u00e3es que aproveitam qualquer escapada da rotina.<br data-start=\"518\" data-end=\"521\" \/>Feita em malha 100% algod\u00e3o (160g), com modelagem confort\u00e1vel e estampa resistente em silk.<br data-start=\"612\" data-end=\"615\" \/>Pra usar com bolsa reutiliz\u00e1vel, chinelo ou batom vermelho. O importante \u00e9 sair.<\/p>\n<p class=\"\" data-start=\"697\" data-end=\"815\">\ud83d\udc9b Cole\u00e7\u00e3o especial de Dia das M\u00e3es<br data-start=\"732\" data-end=\"735\" \/>\ud83c\udde7\ud83c\uddea Criada na B\u00e9lgica, com alma brasileira<br data-start=\"778\" data-end=\"781\" \/>\ud83d\udce6 Envio r\u00e1pido para toda a Europa<\/p>\n<p class=\"\" data-start=\"817\" data-end=\"951\">","protected":false},"excerpt":{"rendered":"<p>Porque \u00e0s vezes, o mercado \u00e9 o \u00fanico rol\u00ea poss\u00edvel \u2014 e a gente faz dele um desfile.A camiseta \u201cEu adoro ir ao supermercado passear\u201d \u00e9 uma homenagem bem-humorada \u00e0s m\u00e3es que aproveitam qualquer escapada da rotina.Feita em malha 100% algod\u00e3o (160g), com modelagem confort\u00e1vel e estampa resistente em silk.Pra usar com bolsa reutiliz\u00e1vel, chinelo [&hellip;]<\/p>","protected":false},"featured_media":943,"comment_status":"open","ping_status":"closed","template":"","meta":[],"product_brand":[],"product_cat":[35],"product_tag":[],"class_list":{"0":"post-925","1":"product","2":"type-product","3":"status-publish","4":"has-post-thumbnail","6":"product_cat-colecao-maes","8":"first","9":"instock","10":"shipping-taxable","11":"purchasable","12":"product-type-variable"},"yoast_head":"<!-- This site is optimized with the Yoast SEO Premium plugin v24.6 (Yoast SEO v24.8.1) - https:\/\/yoast.com\/wordpress\/plugins\/seo\/ -->\n<title>Camiseta Supermercado Lover - M\u00e9lanvies<\/title>\n<meta name=\"description\" content=\"Camiseta 100% algod\u00e3o (malha 160g) com estampa \u201cEu adoro ir ao supermercado passear\u201d \u2013 da cole\u00e7\u00e3o Dia das M\u00e3es.\" \/>\n<meta name=\"robots\" content=\"index, follow, max-snippet:-1, max-image-preview:large, max-video-preview:-1\" \/>\n<link rel=\"canonical\" href=\"https:\/\/melanvies.com\/fr\/produit\/eu-adoro-ir-ao-supermercado-passear\/\" \/>\n<meta property=\"og:locale\" content=\"fr_FR\" \/>\n<meta property=\"og:type\" content=\"article\" \/>\n<meta property=\"og:title\" content=\"Camiseta Supermercado Lover\" \/>\n<meta property=\"og:description\" content=\"Camiseta 100% algod\u00e3o (malha 160g) com estampa \u201cEu adoro ir ao supermercado passear\u201d \u2013 da cole\u00e7\u00e3o Dia das M\u00e3es.\" \/>\n<meta property=\"og:url\" content=\"https:\/\/melanvies.com\/fr\/produit\/eu-adoro-ir-ao-supermercado-passear\/\" \/>\n<meta property=\"og:site_name\" content=\"M\u00e9lanvies\" \/>\n<meta property=\"article:modified_time\" content=\"2025-05-13T10:30:41+00:00\" \/>\n<meta property=\"og:image\" content=\"https:\/\/melanvies.com\/wp-content\/uploads\/2025\/05\/mockup-of-a-hand-holding-a-t-shirt-in-a-colorful-background-26735-8.png\" \/>\n\t<meta property=\"og:image:width\" content=\"1440\" \/>\n\t<meta property=\"og:image:height\" content=\"2160\" \/>\n\t<meta property=\"og:image:type\" content=\"image\/png\" \/>\n<meta name=\"twitter:card\" content=\"summary_large_image\" \/>\n<meta name=\"twitter:label1\" content=\"Dur\u00e9e de lecture est.\" \/>\n\t<meta name=\"twitter:data1\" content=\"1 minute\" \/>\n<script type=\"application\/ld+json\" class=\"yoast-schema-graph\">{\"@context\":\"https:\/\/schema.org\",\"@graph\":[{\"@type\":\"WebPage\",\"@id\":\"https:\/\/melanvies.com\/produto\/eu-adoro-ir-ao-supermercado-passear\/\",\"url\":\"https:\/\/melanvies.com\/produto\/eu-adoro-ir-ao-supermercado-passear\/\",\"name\":\"Camiseta Supermercado Lover - M\u00e9lanvies\",\"isPartOf\":{\"@id\":\"https:\/\/melanvies.com\/#website\"},\"primaryImageOfPage\":{\"@id\":\"https:\/\/melanvies.com\/produto\/eu-adoro-ir-ao-supermercado-passear\/#primaryimage\"},\"image\":{\"@id\":\"https:\/\/melanvies.com\/produto\/eu-adoro-ir-ao-supermercado-passear\/#primaryimage\"},\"thumbnailUrl\":\"https:\/\/melanvies.com\/wp-content\/uploads\/2025\/05\/mockup-of-a-hand-holding-a-t-shirt-in-a-colorful-background-26735-8.png\",\"datePublished\":\"2025-05-07T20:51:28+00:00\",\"dateModified\":\"2025-05-13T10:30:41+00:00\",\"description\":\"Camiseta 100% algod\u00e3o (malha 160g) com estampa \u201cEu adoro ir ao supermercado passear\u201d \u2013 da cole\u00e7\u00e3o Dia das M\u00e3es.\",\"breadcrumb\":{\"@id\":\"https:\/\/melanvies.com\/produto\/eu-adoro-ir-ao-supermercado-passear\/#breadcrumb\"},\"inLanguage\":\"fr-BE\",\"potentialAction\":[{\"@type\":\"ReadAction\",\"target\":[\"https:\/\/melanvies.com\/produto\/eu-adoro-ir-ao-supermercado-passear\/\"]}]},{\"@type\":\"ImageObject\",\"inLanguage\":\"fr-BE\",\"@id\":\"https:\/\/melanvies.com\/produto\/eu-adoro-ir-ao-supermercado-passear\/#primaryimage\",\"url\":\"https:\/\/melanvies.com\/wp-content\/uploads\/2025\/05\/mockup-of-a-hand-holding-a-t-shirt-in-a-colorful-background-26735-8.png\",\"contentUrl\":\"https:\/\/melanvies.com\/wp-content\/uploads\/2025\/05\/mockup-of-a-hand-holding-a-t-shirt-in-a-colorful-background-26735-8.png\",\"width\":1440,\"height\":2160},{\"@type\":\"BreadcrumbList\",\"@id\":\"https:\/\/melanvies.com\/produto\/eu-adoro-ir-ao-supermercado-passear\/#breadcrumb\",\"itemListElement\":[{\"@type\":\"ListItem\",\"position\":1,\"name\":\"In\u00edcio\",\"item\":\"https:\/\/melanvies.com\/\"},{\"@type\":\"ListItem\",\"position\":2,\"name\":\"Products\",\"item\":\"https:\/\/www.melanvies.com\/loja\/\"},{\"@type\":\"ListItem\",\"position\":3,\"name\":\"Camiseta Supermercado Lover\"}]},{\"@type\":\"WebSite\",\"@id\":\"https:\/\/melanvies.com\/#website\",\"url\":\"https:\/\/melanvies.com\/\",\"name\":\"M\u00e9lanvies\",\"description\":\"T-shirt Personalis\u00e9\",\"publisher\":{\"@id\":\"https:\/\/melanvies.com\/#organization\"},\"potentialAction\":[{\"@type\":\"SearchAction\",\"target\":{\"@type\":\"EntryPoint\",\"urlTemplate\":\"https:\/\/melanvies.com\/?s={search_term_string}\"},\"query-input\":{\"@type\":\"PropertyValueSpecification\",\"valueRequired\":true,\"valueName\":\"search_term_string\"}}],\"inLanguage\":\"fr-BE\"},{\"@type\":\"Organization\",\"@id\":\"https:\/\/melanvies.com\/#organization\",\"name\":\"M\u00e9lanvies\",\"url\":\"https:\/\/melanvies.com\/\",\"logo\":{\"@type\":\"ImageObject\",\"inLanguage\":\"fr-BE\",\"@id\":\"https:\/\/melanvies.com\/#\/schema\/logo\/image\/\",\"url\":\"https:\/\/melanvies.com\/wp-content\/uploads\/2025\/04\/cropped-w.png\",\"contentUrl\":\"https:\/\/melanvies.com\/wp-content\/uploads\/2025\/04\/cropped-w.png\",\"width\":338,\"height\":69,\"caption\":\"M\u00e9lanvies\"},\"image\":{\"@id\":\"https:\/\/melanvies.com\/#\/schema\/logo\/image\/\"}}]}<\/script>\n<!-- \/ Yoast SEO Premium plugin. -->","yoast_head_json":{"title":"Camiseta Supermercado Lover - M\u00e9lanvies","description":"Camiseta 100% algod\u00e3o (malha 160g) com estampa \u201cEu adoro ir ao supermercado passear\u201d \u2013 da cole\u00e7\u00e3o Dia das M\u00e3es.","robots":{"index":"index","follow":"follow","max-snippet":"max-snippet:-1","max-image-preview":"max-image-preview:large","max-video-preview":"max-video-preview:-1"},"canonical":"https:\/\/melanvies.com\/fr\/produit\/eu-adoro-ir-ao-supermercado-passear\/","og_locale":"fr_FR","og_type":"article","og_title":"Camiseta Supermercado Lover","og_description":"Camiseta 100% algod\u00e3o (malha 160g) com estampa \u201cEu adoro ir ao supermercado passear\u201d \u2013 da cole\u00e7\u00e3o Dia das M\u00e3es.","og_url":"https:\/\/melanvies.com\/fr\/produit\/eu-adoro-ir-ao-supermercado-passear\/","og_site_name":"M\u00e9lanvies","article_modified_time":"2025-05-13T10:30:41+00:00","og_image":[{"width":1440,"height":2160,"url":"https:\/\/melanvies.com\/wp-content\/uploads\/2025\/05\/mockup-of-a-hand-holding-a-t-shirt-in-a-colorful-background-26735-8.png","type":"image\/png"}],"twitter_card":"summary_large_image","twitter_misc":{"Dur\u00e9e de lecture est.":"1 minute"},"schema":{"@context":"https:\/\/schema.org","@graph":[{"@type":"WebPage","@id":"https:\/\/melanvies.com\/produto\/eu-adoro-ir-ao-supermercado-passear\/","url":"https:\/\/melanvies.com\/produto\/eu-adoro-ir-ao-supermercado-passear\/","name":"Camiseta Supermercado Lover - M\u00e9lanvies","isPartOf":{"@id":"https:\/\/melanvies.com\/#website"},"primaryImageOfPage":{"@id":"https:\/\/melanvies.com\/produto\/eu-adoro-ir-ao-supermercado-passear\/#primaryimage"},"image":{"@id":"https:\/\/melanvies.com\/produto\/eu-adoro-ir-ao-supermercado-passear\/#primaryimage"},"thumbnailUrl":"https:\/\/melanvies.com\/wp-content\/uploads\/2025\/05\/mockup-of-a-hand-holding-a-t-shirt-in-a-colorful-background-26735-8.png","datePublished":"2025-05-07T20:51:28+00:00","dateModified":"2025-05-13T10:30:41+00:00","description":"Camiseta 100% algod\u00e3o (malha 160g) com estampa \u201cEu adoro ir ao supermercado passear\u201d \u2013 da cole\u00e7\u00e3o Dia das M\u00e3es.","breadcrumb":{"@id":"https:\/\/melanvies.com\/produto\/eu-adoro-ir-ao-supermercado-passear\/#breadcrumb"},"inLanguage":"fr-BE","potentialAction":[{"@type":"ReadAction","target":["https:\/\/melanvies.com\/produto\/eu-adoro-ir-ao-supermercado-passear\/"]}]},{"@type":"ImageObject","inLanguage":"fr-BE","@id":"https:\/\/melanvies.com\/produto\/eu-adoro-ir-ao-supermercado-passear\/#primaryimage","url":"https:\/\/melanvies.com\/wp-content\/uploads\/2025\/05\/mockup-of-a-hand-holding-a-t-shirt-in-a-colorful-background-26735-8.png","contentUrl":"https:\/\/melanvies.com\/wp-content\/uploads\/2025\/05\/mockup-of-a-hand-holding-a-t-shirt-in-a-colorful-background-26735-8.png","width":1440,"height":2160},{"@type":"BreadcrumbList","@id":"https:\/\/melanvies.com\/produto\/eu-adoro-ir-ao-supermercado-passear\/#breadcrumb","itemListElement":[{"@type":"ListItem","position":1,"name":"In\u00edcio","item":"https:\/\/melanvies.com\/"},{"@type":"ListItem","position":2,"name":"Products","item":"https:\/\/www.melanvies.com\/loja\/"},{"@type":"ListItem","position":3,"name":"Camiseta Supermercado Lover"}]},{"@type":"WebSite","@id":"https:\/\/melanvies.com\/#website","url":"https:\/\/melanvies.com\/","name":"M\u00e9lanvies","description":"T-shirt Personalis\u00e9","publisher":{"@id":"https:\/\/melanvies.com\/#organization"},"potentialAction":[{"@type":"SearchAction","target":{"@type":"EntryPoint","urlTemplate":"https:\/\/melanvies.com\/?s={search_term_string}"},"query-input":{"@type":"PropertyValueSpecification","valueRequired":true,"valueName":"search_term_string"}}],"inLanguage":"fr-BE"},{"@type":"Organization","@id":"https:\/\/melanvies.com\/#organization","name":"M\u00e9lanvies","url":"https:\/\/melanvies.com\/","logo":{"@type":"ImageObject","inLanguage":"fr-BE","@id":"https:\/\/melanvies.com\/#\/schema\/logo\/image\/","url":"https:\/\/melanvies.com\/wp-content\/uploads\/2025\/04\/cropped-w.png","contentUrl":"https:\/\/melanvies.com\/wp-content\/uploads\/2025\/04\/cropped-w.png","width":338,"height":69,"caption":"M\u00e9lanvies"},"image":{"@id":"https:\/\/melanvies.com\/#\/schema\/logo\/image\/"}}]}},"jetpack_sharing_enabled":true,"_links":{"self":[{"href":"https:\/\/melanvies.com\/fr\/wp-json\/wp\/v2\/product\/925","targetHints":{"allow":["GET"]}}],"collection":[{"href":"https:\/\/melanvies.com\/fr\/wp-json\/wp\/v2\/product"}],"about":[{"href":"https:\/\/melanvies.com\/fr\/wp-json\/wp\/v2\/types\/product"}],"replies":[{"embeddable":true,"href":"https:\/\/melanvies.com\/fr\/wp-json\/wp\/v2\/comments?post=925"}],"wp:featuredmedia":[{"embeddable":true,"href":"https:\/\/melanvies.com\/fr\/wp-json\/wp\/v2\/media\/943"}],"wp:attachment":[{"href":"https:\/\/melanvies.com\/fr\/wp-json\/wp\/v2\/media?parent=925"}],"wp:term":[{"taxonomy":"product_brand","embeddable":true,"href":"https:\/\/melanvies.com\/fr\/wp-json\/wp\/v2\/product_brand?post=925"},{"taxonomy":"product_cat","embeddable":true,"href":"https:\/\/melanvies.com\/fr\/wp-json\/wp\/v2\/product_cat?post=925"},{"taxonomy":"product_tag","embeddable":true,"href":"https:\/\/melanvies.com\/fr\/wp-json\/wp\/v2\/product_tag?post=925"}],"curies":[{"name":"wp","href":"https:\/\/api.w.org\/{rel}","templated":true}]}}