{"id":885,"date":"2025-05-07T20:06:35","date_gmt":"2025-05-07T20:06:35","guid":{"rendered":"https:\/\/melanvies.com\/?post_type=product&#038;p=885"},"modified":"2025-05-13T10:31:02","modified_gmt":"2025-05-13T10:31:02","slug":"tudo-eu-nessa-casa","status":"publish","type":"product","link":"https:\/\/melanvies.com\/fr\/produit\/tudo-eu-nessa-casa\/","title":{"rendered":"Tudo eu nessa casa"},"content":{"rendered":"<p class=\"\" data-start=\"260\" data-end=\"635\">Um grito silencioso (e fashion) de todas as m\u00e3es multitarefas.<br data-start=\"345\" data-end=\"348\" \/>A camiseta \u201cTudo eu nessa casa\u201d traduz com humor o que muitas mulheres sentem \u2014 e fazem \u2014 diariamente.<br data-start=\"450\" data-end=\"453\" \/>Confeccionada em malha 100% algod\u00e3o (160g), com toque macio, modelagem confort\u00e1vel e estampa dur\u00e1vel em silk.<br data-start=\"562\" data-end=\"565\" \/>Pra usar em casa, na rua, no rol\u00ea&#8230; ou enquanto resolve tudo de novo.<\/p>\n<p class=\"\" data-start=\"637\" data-end=\"757\">\ud83d\udc9b Parte da Cole\u00e7\u00e3o Especial de Dia das M\u00e3es<br data-start=\"681\" data-end=\"684\" \/>\ud83c\udde7\ud83c\uddea Criada na B\u00e9lgica, com alma brasileira<\/p>","protected":false},"excerpt":{"rendered":"<p>Um grito silencioso (e fashion) de todas as m\u00e3es multitarefas.A camiseta \u201cTudo eu nessa casa\u201d traduz com humor o que muitas mulheres sentem \u2014 e fazem \u2014 diariamente.Confeccionada em malha 100% algod\u00e3o (160g), com toque macio, modelagem confort\u00e1vel e estampa dur\u00e1vel em silk.Pra usar em casa, na rua, no rol\u00ea&#8230; ou enquanto resolve tudo de [&hellip;]<\/p>","protected":false},"featured_media":888,"comment_status":"open","ping_status":"closed","template":"","meta":[],"product_brand":[],"product_cat":[35],"product_tag":[],"class_list":{"0":"post-885","1":"product","2":"type-product","3":"status-publish","4":"has-post-thumbnail","6":"product_cat-colecao-maes","8":"first","9":"instock","10":"shipping-taxable","11":"purchasable","12":"product-type-variable"},"yoast_head":"<!-- This site is optimized with the Yoast SEO Premium plugin v24.6 (Yoast SEO v24.8.1) - https:\/\/yoast.com\/wordpress\/plugins\/seo\/ -->\n<title>Tudo eu nessa casa - M\u00e9lanvies<\/title>\n<meta name=\"description\" content=\"Camiseta com a frase \u201cTudo eu nessa casa\u201d, perfeita para m\u00e3es multitarefas. Malha 160g, confort\u00e1vel, com humor e personalidade. Envio em toda a Europa.\" \/>\n<meta name=\"robots\" content=\"index, follow, max-snippet:-1, max-image-preview:large, max-video-preview:-1\" \/>\n<link rel=\"canonical\" href=\"https:\/\/melanvies.com\/fr\/produit\/tudo-eu-nessa-casa\/\" \/>\n<meta property=\"og:locale\" content=\"fr_FR\" \/>\n<meta property=\"og:type\" content=\"article\" \/>\n<meta property=\"og:title\" content=\"Tudo eu nessa casa\" \/>\n<meta property=\"og:description\" content=\"Camiseta com a frase \u201cTudo eu nessa casa\u201d, perfeita para m\u00e3es multitarefas. Malha 160g, confort\u00e1vel, com humor e personalidade. Envio em toda a Europa.\" \/>\n<meta property=\"og:url\" content=\"https:\/\/melanvies.com\/fr\/produit\/tudo-eu-nessa-casa\/\" \/>\n<meta property=\"og:site_name\" content=\"M\u00e9lanvies\" \/>\n<meta property=\"article:modified_time\" content=\"2025-05-13T10:31:02+00:00\" \/>\n<meta property=\"og:image\" content=\"https:\/\/melanvies.com\/wp-content\/uploads\/2025\/05\/mockup-of-a-hand-holding-a-t-shirt-in-a-colorful-background-26735-1-683x1024.png\" \/>\n\t<meta property=\"og:image:width\" content=\"683\" \/>\n\t<meta property=\"og:image:height\" content=\"1024\" \/>\n\t<meta property=\"og:image:type\" content=\"image\/png\" \/>\n<meta name=\"twitter:card\" content=\"summary_large_image\" \/>\n<meta name=\"twitter:label1\" content=\"Dur\u00e9e de lecture est.\" \/>\n\t<meta name=\"twitter:data1\" content=\"1 minute\" \/>\n<script type=\"application\/ld+json\" class=\"yoast-schema-graph\">{\"@context\":\"https:\/\/schema.org\",\"@graph\":[{\"@type\":\"WebPage\",\"@id\":\"https:\/\/melanvies.com\/produto\/tudo-eu-nessa-casa\/\",\"url\":\"https:\/\/melanvies.com\/produto\/tudo-eu-nessa-casa\/\",\"name\":\"Tudo eu nessa casa - M\u00e9lanvies\",\"isPartOf\":{\"@id\":\"https:\/\/melanvies.com\/#website\"},\"primaryImageOfPage\":{\"@id\":\"https:\/\/melanvies.com\/produto\/tudo-eu-nessa-casa\/#primaryimage\"},\"image\":{\"@id\":\"https:\/\/melanvies.com\/produto\/tudo-eu-nessa-casa\/#primaryimage\"},\"thumbnailUrl\":\"https:\/\/melanvies.com\/wp-content\/uploads\/2025\/05\/mockup-of-a-hand-holding-a-t-shirt-in-a-colorful-background-26735-1.png\",\"datePublished\":\"2025-05-07T20:06:35+00:00\",\"dateModified\":\"2025-05-13T10:31:02+00:00\",\"description\":\"Camiseta com a frase \u201cTudo eu nessa casa\u201d, perfeita para m\u00e3es multitarefas. Malha 160g, confort\u00e1vel, com humor e personalidade. Envio em toda a Europa.\",\"breadcrumb\":{\"@id\":\"https:\/\/melanvies.com\/produto\/tudo-eu-nessa-casa\/#breadcrumb\"},\"inLanguage\":\"fr-BE\",\"potentialAction\":[{\"@type\":\"ReadAction\",\"target\":[\"https:\/\/melanvies.com\/produto\/tudo-eu-nessa-casa\/\"]}]},{\"@type\":\"ImageObject\",\"inLanguage\":\"fr-BE\",\"@id\":\"https:\/\/melanvies.com\/produto\/tudo-eu-nessa-casa\/#primaryimage\",\"url\":\"https:\/\/melanvies.com\/wp-content\/uploads\/2025\/05\/mockup-of-a-hand-holding-a-t-shirt-in-a-colorful-background-26735-1.png\",\"contentUrl\":\"https:\/\/melanvies.com\/wp-content\/uploads\/2025\/05\/mockup-of-a-hand-holding-a-t-shirt-in-a-colorful-background-26735-1.png\",\"width\":1440,\"height\":2160},{\"@type\":\"BreadcrumbList\",\"@id\":\"https:\/\/melanvies.com\/produto\/tudo-eu-nessa-casa\/#breadcrumb\",\"itemListElement\":[{\"@type\":\"ListItem\",\"position\":1,\"name\":\"In\u00edcio\",\"item\":\"https:\/\/melanvies.com\/\"},{\"@type\":\"ListItem\",\"position\":2,\"name\":\"Products\",\"item\":\"https:\/\/www.melanvies.com\/loja\/\"},{\"@type\":\"ListItem\",\"position\":3,\"name\":\"Tudo eu nessa casa\"}]},{\"@type\":\"WebSite\",\"@id\":\"https:\/\/melanvies.com\/#website\",\"url\":\"https:\/\/melanvies.com\/\",\"name\":\"M\u00e9lanvies\",\"description\":\"T-shirt Personalis\u00e9\",\"publisher\":{\"@id\":\"https:\/\/melanvies.com\/#organization\"},\"potentialAction\":[{\"@type\":\"SearchAction\",\"target\":{\"@type\":\"EntryPoint\",\"urlTemplate\":\"https:\/\/melanvies.com\/?s={search_term_string}\"},\"query-input\":{\"@type\":\"PropertyValueSpecification\",\"valueRequired\":true,\"valueName\":\"search_term_string\"}}],\"inLanguage\":\"fr-BE\"},{\"@type\":\"Organization\",\"@id\":\"https:\/\/melanvies.com\/#organization\",\"name\":\"M\u00e9lanvies\",\"url\":\"https:\/\/melanvies.com\/\",\"logo\":{\"@type\":\"ImageObject\",\"inLanguage\":\"fr-BE\",\"@id\":\"https:\/\/melanvies.com\/#\/schema\/logo\/image\/\",\"url\":\"https:\/\/melanvies.com\/wp-content\/uploads\/2025\/04\/cropped-w.png\",\"contentUrl\":\"https:\/\/melanvies.com\/wp-content\/uploads\/2025\/04\/cropped-w.png\",\"width\":338,\"height\":69,\"caption\":\"M\u00e9lanvies\"},\"image\":{\"@id\":\"https:\/\/melanvies.com\/#\/schema\/logo\/image\/\"}}]}<\/script>\n<!-- \/ Yoast SEO Premium plugin. -->","yoast_head_json":{"title":"Tudo eu nessa casa - M\u00e9lanvies","description":"Camiseta com a frase \u201cTudo eu nessa casa\u201d, perfeita para m\u00e3es multitarefas. Malha 160g, confort\u00e1vel, com humor e personalidade. Envio em toda a Europa.","robots":{"index":"index","follow":"follow","max-snippet":"max-snippet:-1","max-image-preview":"max-image-preview:large","max-video-preview":"max-video-preview:-1"},"canonical":"https:\/\/melanvies.com\/fr\/produit\/tudo-eu-nessa-casa\/","og_locale":"fr_FR","og_type":"article","og_title":"Tudo eu nessa casa","og_description":"Camiseta com a frase \u201cTudo eu nessa casa\u201d, perfeita para m\u00e3es multitarefas. Malha 160g, confort\u00e1vel, com humor e personalidade. Envio em toda a Europa.","og_url":"https:\/\/melanvies.com\/fr\/produit\/tudo-eu-nessa-casa\/","og_site_name":"M\u00e9lanvies","article_modified_time":"2025-05-13T10:31:02+00:00","og_image":[{"width":683,"height":1024,"url":"https:\/\/melanvies.com\/wp-content\/uploads\/2025\/05\/mockup-of-a-hand-holding-a-t-shirt-in-a-colorful-background-26735-1-683x1024.png","type":"image\/png"}],"twitter_card":"summary_large_image","twitter_misc":{"Dur\u00e9e de lecture est.":"1 minute"},"schema":{"@context":"https:\/\/schema.org","@graph":[{"@type":"WebPage","@id":"https:\/\/melanvies.com\/produto\/tudo-eu-nessa-casa\/","url":"https:\/\/melanvies.com\/produto\/tudo-eu-nessa-casa\/","name":"Tudo eu nessa casa - M\u00e9lanvies","isPartOf":{"@id":"https:\/\/melanvies.com\/#website"},"primaryImageOfPage":{"@id":"https:\/\/melanvies.com\/produto\/tudo-eu-nessa-casa\/#primaryimage"},"image":{"@id":"https:\/\/melanvies.com\/produto\/tudo-eu-nessa-casa\/#primaryimage"},"thumbnailUrl":"https:\/\/melanvies.com\/wp-content\/uploads\/2025\/05\/mockup-of-a-hand-holding-a-t-shirt-in-a-colorful-background-26735-1.png","datePublished":"2025-05-07T20:06:35+00:00","dateModified":"2025-05-13T10:31:02+00:00","description":"Camiseta com a frase \u201cTudo eu nessa casa\u201d, perfeita para m\u00e3es multitarefas. Malha 160g, confort\u00e1vel, com humor e personalidade. Envio em toda a Europa.","breadcrumb":{"@id":"https:\/\/melanvies.com\/produto\/tudo-eu-nessa-casa\/#breadcrumb"},"inLanguage":"fr-BE","potentialAction":[{"@type":"ReadAction","target":["https:\/\/melanvies.com\/produto\/tudo-eu-nessa-casa\/"]}]},{"@type":"ImageObject","inLanguage":"fr-BE","@id":"https:\/\/melanvies.com\/produto\/tudo-eu-nessa-casa\/#primaryimage","url":"https:\/\/melanvies.com\/wp-content\/uploads\/2025\/05\/mockup-of-a-hand-holding-a-t-shirt-in-a-colorful-background-26735-1.png","contentUrl":"https:\/\/melanvies.com\/wp-content\/uploads\/2025\/05\/mockup-of-a-hand-holding-a-t-shirt-in-a-colorful-background-26735-1.png","width":1440,"height":2160},{"@type":"BreadcrumbList","@id":"https:\/\/melanvies.com\/produto\/tudo-eu-nessa-casa\/#breadcrumb","itemListElement":[{"@type":"ListItem","position":1,"name":"In\u00edcio","item":"https:\/\/melanvies.com\/"},{"@type":"ListItem","position":2,"name":"Products","item":"https:\/\/www.melanvies.com\/loja\/"},{"@type":"ListItem","position":3,"name":"Tudo eu nessa casa"}]},{"@type":"WebSite","@id":"https:\/\/melanvies.com\/#website","url":"https:\/\/melanvies.com\/","name":"M\u00e9lanvies","description":"T-shirt Personalis\u00e9","publisher":{"@id":"https:\/\/melanvies.com\/#organization"},"potentialAction":[{"@type":"SearchAction","target":{"@type":"EntryPoint","urlTemplate":"https:\/\/melanvies.com\/?s={search_term_string}"},"query-input":{"@type":"PropertyValueSpecification","valueRequired":true,"valueName":"search_term_string"}}],"inLanguage":"fr-BE"},{"@type":"Organization","@id":"https:\/\/melanvies.com\/#organization","name":"M\u00e9lanvies","url":"https:\/\/melanvies.com\/","logo":{"@type":"ImageObject","inLanguage":"fr-BE","@id":"https:\/\/melanvies.com\/#\/schema\/logo\/image\/","url":"https:\/\/melanvies.com\/wp-content\/uploads\/2025\/04\/cropped-w.png","contentUrl":"https:\/\/melanvies.com\/wp-content\/uploads\/2025\/04\/cropped-w.png","width":338,"height":69,"caption":"M\u00e9lanvies"},"image":{"@id":"https:\/\/melanvies.com\/#\/schema\/logo\/image\/"}}]}},"jetpack_sharing_enabled":true,"_links":{"self":[{"href":"https:\/\/melanvies.com\/fr\/wp-json\/wp\/v2\/product\/885","targetHints":{"allow":["GET"]}}],"collection":[{"href":"https:\/\/melanvies.com\/fr\/wp-json\/wp\/v2\/product"}],"about":[{"href":"https:\/\/melanvies.com\/fr\/wp-json\/wp\/v2\/types\/product"}],"replies":[{"embeddable":true,"href":"https:\/\/melanvies.com\/fr\/wp-json\/wp\/v2\/comments?post=885"}],"wp:featuredmedia":[{"embeddable":true,"href":"https:\/\/melanvies.com\/fr\/wp-json\/wp\/v2\/media\/888"}],"wp:attachment":[{"href":"https:\/\/melanvies.com\/fr\/wp-json\/wp\/v2\/media?parent=885"}],"wp:term":[{"taxonomy":"product_brand","embeddable":true,"href":"https:\/\/melanvies.com\/fr\/wp-json\/wp\/v2\/product_brand?post=885"},{"taxonomy":"product_cat","embeddable":true,"href":"https:\/\/melanvies.com\/fr\/wp-json\/wp\/v2\/product_cat?post=885"},{"taxonomy":"product_tag","embeddable":true,"href":"https:\/\/melanvies.com\/fr\/wp-json\/wp\/v2\/product_tag?post=885"}],"curies":[{"name":"wp","href":"https:\/\/api.w.org\/{rel}","templated":true}]}}