{"id":865,"date":"2025-05-07T16:20:36","date_gmt":"2025-05-07T16:20:36","guid":{"rendered":"https:\/\/melanvies.com\/?post_type=product&#038;p=865"},"modified":"2025-05-13T10:31:20","modified_gmt":"2025-05-13T10:31:20","slug":"exausta-exaustissima-exausterrima","status":"publish","type":"product","link":"https:\/\/melanvies.com\/fr\/produit\/exausta-exaustissima-exausterrima\/","title":{"rendered":"Camiseta Exaust\u00e3o Chic"},"content":{"rendered":"<p class=\"\" data-start=\"318\" data-end=\"686\">Para todas as m\u00e3es que fazem milagre com uma m\u00e3o e equilibram o caos com a outra.<br data-start=\"422\" data-end=\"425\" \/>A camiseta \u201cExausta, exaust\u00edssima, exaust\u00e9rrima&#8230;\u201d \u00e9 um manifesto bem-humorado, real e cheio de personalidade.<br data-start=\"536\" data-end=\"539\" \/>Feita em malha 100% algod\u00e3o (160g), com corte confort\u00e1vel e estampa em silk de alta durabilidade.<br data-start=\"636\" data-end=\"639\" \/>Ideal para usar com orgulho&#8230; ou com olheiras.<\/p>\n<p class=\"\" data-start=\"688\" data-end=\"813\">\ud83d\udc9b Cole\u00e7\u00e3o especial de Dia das M\u00e3es<br data-start=\"723\" data-end=\"726\" \/>\ud83c\udde7\ud83c\uddea Criada na B\u00e9lgica, com alma brasileira<br \/>\n<br data-start=\"769\" data-end=\"772\" \/>\ud83d\udce6 Dispon\u00edvel para envio em toda a Europa<\/p>","protected":false},"excerpt":{"rendered":"<p>Para todas as m\u00e3es que fazem milagre com uma m\u00e3o e equilibram o caos com a outra.A camiseta \u201cExausta, exaust\u00edssima, exaust\u00e9rrima&#8230;\u201d \u00e9 um manifesto bem-humorado, real e cheio de personalidade.Feita em malha 100% algod\u00e3o (160g), com corte confort\u00e1vel e estampa em silk de alta durabilidade.Ideal para usar com orgulho&#8230; ou com olheiras. \ud83d\udc9b Cole\u00e7\u00e3o especial [&hellip;]<\/p>","protected":false},"featured_media":866,"comment_status":"open","ping_status":"closed","template":"","meta":[],"product_brand":[],"product_cat":[35],"product_tag":[],"class_list":{"0":"post-865","1":"product","2":"type-product","3":"status-publish","4":"has-post-thumbnail","6":"product_cat-colecao-maes","8":"first","9":"instock","10":"shipping-taxable","11":"purchasable","12":"product-type-variable"},"yoast_head":"<!-- This site is optimized with the Yoast SEO Premium plugin v24.6 (Yoast SEO v24.8.1) - https:\/\/yoast.com\/wordpress\/plugins\/seo\/ -->\n<title>Camiseta Exaust\u00e3o Chic - M\u00e9lanvies<\/title>\n<meta name=\"description\" content=\"Camiseta com estampa \u201cExausta, exaust\u00edssima, exaust\u00e9rrima...\u201d, perfeita para m\u00e3es reais. Malha 160g, confort\u00e1vel e com muito bom humor.\" \/>\n<meta name=\"robots\" content=\"index, follow, max-snippet:-1, max-image-preview:large, max-video-preview:-1\" \/>\n<link rel=\"canonical\" href=\"https:\/\/melanvies.com\/fr\/produit\/exausta-exaustissima-exausterrima\/\" \/>\n<meta property=\"og:locale\" content=\"fr_FR\" \/>\n<meta property=\"og:type\" content=\"article\" \/>\n<meta property=\"og:title\" content=\"Camiseta Exaust\u00e3o Chic\" \/>\n<meta property=\"og:description\" content=\"Camiseta com estampa \u201cExausta, exaust\u00edssima, exaust\u00e9rrima...\u201d, perfeita para m\u00e3es reais. Malha 160g, confort\u00e1vel e com muito bom humor.\" \/>\n<meta property=\"og:url\" content=\"https:\/\/melanvies.com\/fr\/produit\/exausta-exaustissima-exausterrima\/\" \/>\n<meta property=\"og:site_name\" content=\"M\u00e9lanvies\" \/>\n<meta property=\"article:modified_time\" content=\"2025-05-13T10:31:20+00:00\" \/>\n<meta property=\"og:image\" content=\"https:\/\/melanvies.com\/wp-content\/uploads\/2025\/05\/mockup-of-a-hand-holding-a-t-shirt-in-a-colorful-background-26735-2.png\" \/>\n\t<meta property=\"og:image:width\" content=\"1440\" \/>\n\t<meta property=\"og:image:height\" content=\"2160\" \/>\n\t<meta property=\"og:image:type\" content=\"image\/png\" \/>\n<meta name=\"twitter:card\" content=\"summary_large_image\" \/>\n<meta name=\"twitter:label1\" content=\"Dur\u00e9e de lecture est.\" \/>\n\t<meta name=\"twitter:data1\" content=\"1 minute\" \/>\n<script type=\"application\/ld+json\" class=\"yoast-schema-graph\">{\"@context\":\"https:\/\/schema.org\",\"@graph\":[{\"@type\":\"WebPage\",\"@id\":\"https:\/\/melanvies.com\/produto\/exausta-exaustissima-exausterrima\/\",\"url\":\"https:\/\/melanvies.com\/produto\/exausta-exaustissima-exausterrima\/\",\"name\":\"Camiseta Exaust\u00e3o Chic - M\u00e9lanvies\",\"isPartOf\":{\"@id\":\"https:\/\/melanvies.com\/#website\"},\"primaryImageOfPage\":{\"@id\":\"https:\/\/melanvies.com\/produto\/exausta-exaustissima-exausterrima\/#primaryimage\"},\"image\":{\"@id\":\"https:\/\/melanvies.com\/produto\/exausta-exaustissima-exausterrima\/#primaryimage\"},\"thumbnailUrl\":\"https:\/\/melanvies.com\/wp-content\/uploads\/2025\/05\/mockup-of-a-hand-holding-a-t-shirt-in-a-colorful-background-26735-2.png\",\"datePublished\":\"2025-05-07T16:20:36+00:00\",\"dateModified\":\"2025-05-13T10:31:20+00:00\",\"description\":\"Camiseta com estampa \u201cExausta, exaust\u00edssima, exaust\u00e9rrima...\u201d, perfeita para m\u00e3es reais. Malha 160g, confort\u00e1vel e com muito bom humor.\",\"breadcrumb\":{\"@id\":\"https:\/\/melanvies.com\/produto\/exausta-exaustissima-exausterrima\/#breadcrumb\"},\"inLanguage\":\"fr-BE\",\"potentialAction\":[{\"@type\":\"ReadAction\",\"target\":[\"https:\/\/melanvies.com\/produto\/exausta-exaustissima-exausterrima\/\"]}]},{\"@type\":\"ImageObject\",\"inLanguage\":\"fr-BE\",\"@id\":\"https:\/\/melanvies.com\/produto\/exausta-exaustissima-exausterrima\/#primaryimage\",\"url\":\"https:\/\/melanvies.com\/wp-content\/uploads\/2025\/05\/mockup-of-a-hand-holding-a-t-shirt-in-a-colorful-background-26735-2.png\",\"contentUrl\":\"https:\/\/melanvies.com\/wp-content\/uploads\/2025\/05\/mockup-of-a-hand-holding-a-t-shirt-in-a-colorful-background-26735-2.png\",\"width\":1440,\"height\":2160},{\"@type\":\"BreadcrumbList\",\"@id\":\"https:\/\/melanvies.com\/produto\/exausta-exaustissima-exausterrima\/#breadcrumb\",\"itemListElement\":[{\"@type\":\"ListItem\",\"position\":1,\"name\":\"In\u00edcio\",\"item\":\"https:\/\/melanvies.com\/\"},{\"@type\":\"ListItem\",\"position\":2,\"name\":\"Products\",\"item\":\"https:\/\/www.melanvies.com\/loja\/\"},{\"@type\":\"ListItem\",\"position\":3,\"name\":\"Camiseta Exaust\u00e3o Chic\"}]},{\"@type\":\"WebSite\",\"@id\":\"https:\/\/melanvies.com\/#website\",\"url\":\"https:\/\/melanvies.com\/\",\"name\":\"M\u00e9lanvies\",\"description\":\"T-shirt Personalis\u00e9\",\"publisher\":{\"@id\":\"https:\/\/melanvies.com\/#organization\"},\"potentialAction\":[{\"@type\":\"SearchAction\",\"target\":{\"@type\":\"EntryPoint\",\"urlTemplate\":\"https:\/\/melanvies.com\/?s={search_term_string}\"},\"query-input\":{\"@type\":\"PropertyValueSpecification\",\"valueRequired\":true,\"valueName\":\"search_term_string\"}}],\"inLanguage\":\"fr-BE\"},{\"@type\":\"Organization\",\"@id\":\"https:\/\/melanvies.com\/#organization\",\"name\":\"M\u00e9lanvies\",\"url\":\"https:\/\/melanvies.com\/\",\"logo\":{\"@type\":\"ImageObject\",\"inLanguage\":\"fr-BE\",\"@id\":\"https:\/\/melanvies.com\/#\/schema\/logo\/image\/\",\"url\":\"https:\/\/melanvies.com\/wp-content\/uploads\/2025\/04\/cropped-w.png\",\"contentUrl\":\"https:\/\/melanvies.com\/wp-content\/uploads\/2025\/04\/cropped-w.png\",\"width\":338,\"height\":69,\"caption\":\"M\u00e9lanvies\"},\"image\":{\"@id\":\"https:\/\/melanvies.com\/#\/schema\/logo\/image\/\"}}]}<\/script>\n<!-- \/ Yoast SEO Premium plugin. -->","yoast_head_json":{"title":"Camiseta Exaust\u00e3o Chic - M\u00e9lanvies","description":"Camiseta com estampa \u201cExausta, exaust\u00edssima, exaust\u00e9rrima...\u201d, perfeita para m\u00e3es reais. Malha 160g, confort\u00e1vel e com muito bom humor.","robots":{"index":"index","follow":"follow","max-snippet":"max-snippet:-1","max-image-preview":"max-image-preview:large","max-video-preview":"max-video-preview:-1"},"canonical":"https:\/\/melanvies.com\/fr\/produit\/exausta-exaustissima-exausterrima\/","og_locale":"fr_FR","og_type":"article","og_title":"Camiseta Exaust\u00e3o Chic","og_description":"Camiseta com estampa \u201cExausta, exaust\u00edssima, exaust\u00e9rrima...\u201d, perfeita para m\u00e3es reais. Malha 160g, confort\u00e1vel e com muito bom humor.","og_url":"https:\/\/melanvies.com\/fr\/produit\/exausta-exaustissima-exausterrima\/","og_site_name":"M\u00e9lanvies","article_modified_time":"2025-05-13T10:31:20+00:00","og_image":[{"width":1440,"height":2160,"url":"https:\/\/melanvies.com\/wp-content\/uploads\/2025\/05\/mockup-of-a-hand-holding-a-t-shirt-in-a-colorful-background-26735-2.png","type":"image\/png"}],"twitter_card":"summary_large_image","twitter_misc":{"Dur\u00e9e de lecture est.":"1 minute"},"schema":{"@context":"https:\/\/schema.org","@graph":[{"@type":"WebPage","@id":"https:\/\/melanvies.com\/produto\/exausta-exaustissima-exausterrima\/","url":"https:\/\/melanvies.com\/produto\/exausta-exaustissima-exausterrima\/","name":"Camiseta Exaust\u00e3o Chic - M\u00e9lanvies","isPartOf":{"@id":"https:\/\/melanvies.com\/#website"},"primaryImageOfPage":{"@id":"https:\/\/melanvies.com\/produto\/exausta-exaustissima-exausterrima\/#primaryimage"},"image":{"@id":"https:\/\/melanvies.com\/produto\/exausta-exaustissima-exausterrima\/#primaryimage"},"thumbnailUrl":"https:\/\/melanvies.com\/wp-content\/uploads\/2025\/05\/mockup-of-a-hand-holding-a-t-shirt-in-a-colorful-background-26735-2.png","datePublished":"2025-05-07T16:20:36+00:00","dateModified":"2025-05-13T10:31:20+00:00","description":"Camiseta com estampa \u201cExausta, exaust\u00edssima, exaust\u00e9rrima...\u201d, perfeita para m\u00e3es reais. Malha 160g, confort\u00e1vel e com muito bom humor.","breadcrumb":{"@id":"https:\/\/melanvies.com\/produto\/exausta-exaustissima-exausterrima\/#breadcrumb"},"inLanguage":"fr-BE","potentialAction":[{"@type":"ReadAction","target":["https:\/\/melanvies.com\/produto\/exausta-exaustissima-exausterrima\/"]}]},{"@type":"ImageObject","inLanguage":"fr-BE","@id":"https:\/\/melanvies.com\/produto\/exausta-exaustissima-exausterrima\/#primaryimage","url":"https:\/\/melanvies.com\/wp-content\/uploads\/2025\/05\/mockup-of-a-hand-holding-a-t-shirt-in-a-colorful-background-26735-2.png","contentUrl":"https:\/\/melanvies.com\/wp-content\/uploads\/2025\/05\/mockup-of-a-hand-holding-a-t-shirt-in-a-colorful-background-26735-2.png","width":1440,"height":2160},{"@type":"BreadcrumbList","@id":"https:\/\/melanvies.com\/produto\/exausta-exaustissima-exausterrima\/#breadcrumb","itemListElement":[{"@type":"ListItem","position":1,"name":"In\u00edcio","item":"https:\/\/melanvies.com\/"},{"@type":"ListItem","position":2,"name":"Products","item":"https:\/\/www.melanvies.com\/loja\/"},{"@type":"ListItem","position":3,"name":"Camiseta Exaust\u00e3o Chic"}]},{"@type":"WebSite","@id":"https:\/\/melanvies.com\/#website","url":"https:\/\/melanvies.com\/","name":"M\u00e9lanvies","description":"T-shirt Personalis\u00e9","publisher":{"@id":"https:\/\/melanvies.com\/#organization"},"potentialAction":[{"@type":"SearchAction","target":{"@type":"EntryPoint","urlTemplate":"https:\/\/melanvies.com\/?s={search_term_string}"},"query-input":{"@type":"PropertyValueSpecification","valueRequired":true,"valueName":"search_term_string"}}],"inLanguage":"fr-BE"},{"@type":"Organization","@id":"https:\/\/melanvies.com\/#organization","name":"M\u00e9lanvies","url":"https:\/\/melanvies.com\/","logo":{"@type":"ImageObject","inLanguage":"fr-BE","@id":"https:\/\/melanvies.com\/#\/schema\/logo\/image\/","url":"https:\/\/melanvies.com\/wp-content\/uploads\/2025\/04\/cropped-w.png","contentUrl":"https:\/\/melanvies.com\/wp-content\/uploads\/2025\/04\/cropped-w.png","width":338,"height":69,"caption":"M\u00e9lanvies"},"image":{"@id":"https:\/\/melanvies.com\/#\/schema\/logo\/image\/"}}]}},"jetpack_sharing_enabled":true,"_links":{"self":[{"href":"https:\/\/melanvies.com\/fr\/wp-json\/wp\/v2\/product\/865","targetHints":{"allow":["GET"]}}],"collection":[{"href":"https:\/\/melanvies.com\/fr\/wp-json\/wp\/v2\/product"}],"about":[{"href":"https:\/\/melanvies.com\/fr\/wp-json\/wp\/v2\/types\/product"}],"replies":[{"embeddable":true,"href":"https:\/\/melanvies.com\/fr\/wp-json\/wp\/v2\/comments?post=865"}],"wp:featuredmedia":[{"embeddable":true,"href":"https:\/\/melanvies.com\/fr\/wp-json\/wp\/v2\/media\/866"}],"wp:attachment":[{"href":"https:\/\/melanvies.com\/fr\/wp-json\/wp\/v2\/media?parent=865"}],"wp:term":[{"taxonomy":"product_brand","embeddable":true,"href":"https:\/\/melanvies.com\/fr\/wp-json\/wp\/v2\/product_brand?post=865"},{"taxonomy":"product_cat","embeddable":true,"href":"https:\/\/melanvies.com\/fr\/wp-json\/wp\/v2\/product_cat?post=865"},{"taxonomy":"product_tag","embeddable":true,"href":"https:\/\/melanvies.com\/fr\/wp-json\/wp\/v2\/product_tag?post=865"}],"curies":[{"name":"wp","href":"https:\/\/api.w.org\/{rel}","templated":true}]}}