{"id":760,"date":"2025-04-24T18:04:24","date_gmt":"2025-04-24T18:04:24","guid":{"rendered":"https:\/\/melanvies.com\/?post_type=product&#038;p=760"},"modified":"2025-05-08T11:49:06","modified_gmt":"2025-05-08T11:49:06","slug":"e-fazendo-que-adubamos-a-vida","status":"publish","type":"product","link":"https:\/\/melanvies.com\/fr\/produit\/e-fazendo-que-adubamos-a-vida\/","title":{"rendered":"\u00c9 fazendo **** que adubamos a vida"},"content":{"rendered":"<p class=\"\" data-start=\"1243\" data-end=\"1296\"><strong data-start=\"1243\" data-end=\"1294\">Crescer nem sempre \u00e9 bonito \u2014 mas sempre aduba.<\/strong><\/p>\n<p class=\"\" data-start=\"1303\" data-end=\"1508\">A camiseta \u201c\u00c9 fazendo **** que adubamos a vida\u201d \u00e9 pra quem <strong data-start=\"1362\" data-end=\"1416\">j\u00e1 entendeu que at\u00e9 os momentos mais\u2026 desafiadores<\/strong> servem pra algo. Uma <strong data-start=\"1438\" data-end=\"1479\">filosofia de vida com humor e coragem<\/strong> pra enfrentar o dia a dia.<\/p>\n<p class=\"\" data-start=\"1515\" data-end=\"1645\">Confeccionada em <strong data-start=\"1532\" data-end=\"1559\">malha 160g 100% algod\u00e3o<\/strong>, com corte largo, toque leve e confort\u00e1vel \u2014 perfeita pra quem ri, aprende e segue.<\/p>\n<p class=\"\" data-start=\"1652\" data-end=\"1818\">\ud83c\udf31 <strong data-start=\"1655\" data-end=\"1677\">Detalhes t\u00e9cnicos:<\/strong><br data-start=\"1677\" data-end=\"1680\" \/>\u2022 Marca: Fruit of the Loom<br data-start=\"1708\" data-end=\"1711\" \/>\u2022 Modelo: Valueweight<br data-start=\"1734\" data-end=\"1737\" \/>\u2022 Peso: 160g\/m\u00b2<br data-start=\"1754\" data-end=\"1757\" \/>\u2022 Corte: Largo (regular fit)<br data-start=\"1787\" data-end=\"1790\" \/>\u2022 Certificado: \u00d6ko-Tex 100<\/p>","protected":false},"excerpt":{"rendered":"<p>Crescer nem sempre \u00e9 bonito \u2014 mas sempre aduba. A camiseta \u201c\u00c9 fazendo **** que adubamos a vida\u201d \u00e9 pra quem j\u00e1 entendeu que at\u00e9 os momentos mais\u2026 desafiadores servem pra algo. Uma filosofia de vida com humor e coragem pra enfrentar o dia a dia. Confeccionada em malha 160g 100% algod\u00e3o, com corte largo, [&hellip;]<\/p>","protected":false},"featured_media":1080,"comment_status":"open","ping_status":"closed","template":"","meta":[],"product_brand":[],"product_cat":[18],"product_tag":[],"class_list":{"0":"post-760","1":"product","2":"type-product","3":"status-publish","4":"has-post-thumbnail","6":"product_cat-camiseta-malha-160g","8":"first","9":"instock","10":"shipping-taxable","11":"purchasable","12":"product-type-variable"},"yoast_head":"<!-- This site is optimized with the Yoast SEO Premium plugin v24.6 (Yoast SEO v24.8.1) - https:\/\/yoast.com\/wordpress\/plugins\/seo\/ -->\n<title>\u00c9 fazendo **** que adubamos a vida - M\u00e9lanvies<\/title>\n<meta name=\"description\" content=\"Aprendizados e adubo: \u00e0s vezes, vem do mesmo lugar. Camiseta em algod\u00e3o 160g pra quem sabe rir da pr\u00f3pria jornada.\" \/>\n<meta name=\"robots\" content=\"index, follow, max-snippet:-1, max-image-preview:large, max-video-preview:-1\" \/>\n<link rel=\"canonical\" href=\"https:\/\/melanvies.com\/fr\/produit\/e-fazendo-que-adubamos-a-vida\/\" \/>\n<meta property=\"og:locale\" content=\"fr_FR\" \/>\n<meta property=\"og:type\" content=\"article\" \/>\n<meta property=\"og:title\" content=\"\u00c9 fazendo **** que adubamos a vida\" \/>\n<meta property=\"og:description\" content=\"Aprendizados e adubo: \u00e0s vezes, vem do mesmo lugar. Camiseta em algod\u00e3o 160g pra quem sabe rir da pr\u00f3pria jornada.\" \/>\n<meta property=\"og:url\" content=\"https:\/\/melanvies.com\/fr\/produit\/e-fazendo-que-adubamos-a-vida\/\" \/>\n<meta property=\"og:site_name\" content=\"M\u00e9lanvies\" \/>\n<meta property=\"article:modified_time\" content=\"2025-05-08T11:49:06+00:00\" \/>\n<meta property=\"og:image\" content=\"https:\/\/melanvies.com\/wp-content\/uploads\/2025\/04\/mockup-of-a-hand-holding-a-t-shirt-in-a-colorful-background-26735-25.png\" \/>\n\t<meta property=\"og:image:width\" content=\"1440\" \/>\n\t<meta property=\"og:image:height\" content=\"2160\" \/>\n\t<meta property=\"og:image:type\" content=\"image\/png\" \/>\n<meta name=\"twitter:card\" content=\"summary_large_image\" \/>\n<meta name=\"twitter:label1\" content=\"Dur\u00e9e de lecture est.\" \/>\n\t<meta name=\"twitter:data1\" content=\"1 minute\" \/>\n<script type=\"application\/ld+json\" class=\"yoast-schema-graph\">{\"@context\":\"https:\/\/schema.org\",\"@graph\":[{\"@type\":\"WebPage\",\"@id\":\"https:\/\/melanvies.com\/produto\/e-fazendo-que-adubamos-a-vida\/\",\"url\":\"https:\/\/melanvies.com\/produto\/e-fazendo-que-adubamos-a-vida\/\",\"name\":\"\u00c9 fazendo **** que adubamos a vida - M\u00e9lanvies\",\"isPartOf\":{\"@id\":\"https:\/\/melanvies.com\/#website\"},\"primaryImageOfPage\":{\"@id\":\"https:\/\/melanvies.com\/produto\/e-fazendo-que-adubamos-a-vida\/#primaryimage\"},\"image\":{\"@id\":\"https:\/\/melanvies.com\/produto\/e-fazendo-que-adubamos-a-vida\/#primaryimage\"},\"thumbnailUrl\":\"https:\/\/melanvies.com\/wp-content\/uploads\/2025\/04\/mockup-of-a-hand-holding-a-t-shirt-in-a-colorful-background-26735-25.png\",\"datePublished\":\"2025-04-24T18:04:24+00:00\",\"dateModified\":\"2025-05-08T11:49:06+00:00\",\"description\":\"Aprendizados e adubo: \u00e0s vezes, vem do mesmo lugar. Camiseta em algod\u00e3o 160g pra quem sabe rir da pr\u00f3pria jornada.\",\"breadcrumb\":{\"@id\":\"https:\/\/melanvies.com\/produto\/e-fazendo-que-adubamos-a-vida\/#breadcrumb\"},\"inLanguage\":\"fr-BE\",\"potentialAction\":[{\"@type\":\"ReadAction\",\"target\":[\"https:\/\/melanvies.com\/produto\/e-fazendo-que-adubamos-a-vida\/\"]}]},{\"@type\":\"ImageObject\",\"inLanguage\":\"fr-BE\",\"@id\":\"https:\/\/melanvies.com\/produto\/e-fazendo-que-adubamos-a-vida\/#primaryimage\",\"url\":\"https:\/\/melanvies.com\/wp-content\/uploads\/2025\/04\/mockup-of-a-hand-holding-a-t-shirt-in-a-colorful-background-26735-25.png\",\"contentUrl\":\"https:\/\/melanvies.com\/wp-content\/uploads\/2025\/04\/mockup-of-a-hand-holding-a-t-shirt-in-a-colorful-background-26735-25.png\",\"width\":1440,\"height\":2160},{\"@type\":\"BreadcrumbList\",\"@id\":\"https:\/\/melanvies.com\/produto\/e-fazendo-que-adubamos-a-vida\/#breadcrumb\",\"itemListElement\":[{\"@type\":\"ListItem\",\"position\":1,\"name\":\"In\u00edcio\",\"item\":\"https:\/\/melanvies.com\/\"},{\"@type\":\"ListItem\",\"position\":2,\"name\":\"Products\",\"item\":\"https:\/\/www.melanvies.com\/loja\/\"},{\"@type\":\"ListItem\",\"position\":3,\"name\":\"\u00c9 fazendo **** que adubamos a vida\"}]},{\"@type\":\"WebSite\",\"@id\":\"https:\/\/melanvies.com\/#website\",\"url\":\"https:\/\/melanvies.com\/\",\"name\":\"M\u00e9lanvies\",\"description\":\"T-shirt Personalis\u00e9\",\"publisher\":{\"@id\":\"https:\/\/melanvies.com\/#organization\"},\"potentialAction\":[{\"@type\":\"SearchAction\",\"target\":{\"@type\":\"EntryPoint\",\"urlTemplate\":\"https:\/\/melanvies.com\/?s={search_term_string}\"},\"query-input\":{\"@type\":\"PropertyValueSpecification\",\"valueRequired\":true,\"valueName\":\"search_term_string\"}}],\"inLanguage\":\"fr-BE\"},{\"@type\":\"Organization\",\"@id\":\"https:\/\/melanvies.com\/#organization\",\"name\":\"M\u00e9lanvies\",\"url\":\"https:\/\/melanvies.com\/\",\"logo\":{\"@type\":\"ImageObject\",\"inLanguage\":\"fr-BE\",\"@id\":\"https:\/\/melanvies.com\/#\/schema\/logo\/image\/\",\"url\":\"https:\/\/melanvies.com\/wp-content\/uploads\/2025\/04\/cropped-w.png\",\"contentUrl\":\"https:\/\/melanvies.com\/wp-content\/uploads\/2025\/04\/cropped-w.png\",\"width\":338,\"height\":69,\"caption\":\"M\u00e9lanvies\"},\"image\":{\"@id\":\"https:\/\/melanvies.com\/#\/schema\/logo\/image\/\"}}]}<\/script>\n<!-- \/ Yoast SEO Premium plugin. -->","yoast_head_json":{"title":"\u00c9 fazendo **** que adubamos a vida - M\u00e9lanvies","description":"Aprendizados e adubo: \u00e0s vezes, vem do mesmo lugar. Camiseta em algod\u00e3o 160g pra quem sabe rir da pr\u00f3pria jornada.","robots":{"index":"index","follow":"follow","max-snippet":"max-snippet:-1","max-image-preview":"max-image-preview:large","max-video-preview":"max-video-preview:-1"},"canonical":"https:\/\/melanvies.com\/fr\/produit\/e-fazendo-que-adubamos-a-vida\/","og_locale":"fr_FR","og_type":"article","og_title":"\u00c9 fazendo **** que adubamos a vida","og_description":"Aprendizados e adubo: \u00e0s vezes, vem do mesmo lugar. Camiseta em algod\u00e3o 160g pra quem sabe rir da pr\u00f3pria jornada.","og_url":"https:\/\/melanvies.com\/fr\/produit\/e-fazendo-que-adubamos-a-vida\/","og_site_name":"M\u00e9lanvies","article_modified_time":"2025-05-08T11:49:06+00:00","og_image":[{"width":1440,"height":2160,"url":"https:\/\/melanvies.com\/wp-content\/uploads\/2025\/04\/mockup-of-a-hand-holding-a-t-shirt-in-a-colorful-background-26735-25.png","type":"image\/png"}],"twitter_card":"summary_large_image","twitter_misc":{"Dur\u00e9e de lecture est.":"1 minute"},"schema":{"@context":"https:\/\/schema.org","@graph":[{"@type":"WebPage","@id":"https:\/\/melanvies.com\/produto\/e-fazendo-que-adubamos-a-vida\/","url":"https:\/\/melanvies.com\/produto\/e-fazendo-que-adubamos-a-vida\/","name":"\u00c9 fazendo **** que adubamos a vida - M\u00e9lanvies","isPartOf":{"@id":"https:\/\/melanvies.com\/#website"},"primaryImageOfPage":{"@id":"https:\/\/melanvies.com\/produto\/e-fazendo-que-adubamos-a-vida\/#primaryimage"},"image":{"@id":"https:\/\/melanvies.com\/produto\/e-fazendo-que-adubamos-a-vida\/#primaryimage"},"thumbnailUrl":"https:\/\/melanvies.com\/wp-content\/uploads\/2025\/04\/mockup-of-a-hand-holding-a-t-shirt-in-a-colorful-background-26735-25.png","datePublished":"2025-04-24T18:04:24+00:00","dateModified":"2025-05-08T11:49:06+00:00","description":"Aprendizados e adubo: \u00e0s vezes, vem do mesmo lugar. Camiseta em algod\u00e3o 160g pra quem sabe rir da pr\u00f3pria jornada.","breadcrumb":{"@id":"https:\/\/melanvies.com\/produto\/e-fazendo-que-adubamos-a-vida\/#breadcrumb"},"inLanguage":"fr-BE","potentialAction":[{"@type":"ReadAction","target":["https:\/\/melanvies.com\/produto\/e-fazendo-que-adubamos-a-vida\/"]}]},{"@type":"ImageObject","inLanguage":"fr-BE","@id":"https:\/\/melanvies.com\/produto\/e-fazendo-que-adubamos-a-vida\/#primaryimage","url":"https:\/\/melanvies.com\/wp-content\/uploads\/2025\/04\/mockup-of-a-hand-holding-a-t-shirt-in-a-colorful-background-26735-25.png","contentUrl":"https:\/\/melanvies.com\/wp-content\/uploads\/2025\/04\/mockup-of-a-hand-holding-a-t-shirt-in-a-colorful-background-26735-25.png","width":1440,"height":2160},{"@type":"BreadcrumbList","@id":"https:\/\/melanvies.com\/produto\/e-fazendo-que-adubamos-a-vida\/#breadcrumb","itemListElement":[{"@type":"ListItem","position":1,"name":"In\u00edcio","item":"https:\/\/melanvies.com\/"},{"@type":"ListItem","position":2,"name":"Products","item":"https:\/\/www.melanvies.com\/loja\/"},{"@type":"ListItem","position":3,"name":"\u00c9 fazendo **** que adubamos a vida"}]},{"@type":"WebSite","@id":"https:\/\/melanvies.com\/#website","url":"https:\/\/melanvies.com\/","name":"M\u00e9lanvies","description":"T-shirt Personalis\u00e9","publisher":{"@id":"https:\/\/melanvies.com\/#organization"},"potentialAction":[{"@type":"SearchAction","target":{"@type":"EntryPoint","urlTemplate":"https:\/\/melanvies.com\/?s={search_term_string}"},"query-input":{"@type":"PropertyValueSpecification","valueRequired":true,"valueName":"search_term_string"}}],"inLanguage":"fr-BE"},{"@type":"Organization","@id":"https:\/\/melanvies.com\/#organization","name":"M\u00e9lanvies","url":"https:\/\/melanvies.com\/","logo":{"@type":"ImageObject","inLanguage":"fr-BE","@id":"https:\/\/melanvies.com\/#\/schema\/logo\/image\/","url":"https:\/\/melanvies.com\/wp-content\/uploads\/2025\/04\/cropped-w.png","contentUrl":"https:\/\/melanvies.com\/wp-content\/uploads\/2025\/04\/cropped-w.png","width":338,"height":69,"caption":"M\u00e9lanvies"},"image":{"@id":"https:\/\/melanvies.com\/#\/schema\/logo\/image\/"}}]}},"jetpack_sharing_enabled":true,"_links":{"self":[{"href":"https:\/\/melanvies.com\/fr\/wp-json\/wp\/v2\/product\/760","targetHints":{"allow":["GET"]}}],"collection":[{"href":"https:\/\/melanvies.com\/fr\/wp-json\/wp\/v2\/product"}],"about":[{"href":"https:\/\/melanvies.com\/fr\/wp-json\/wp\/v2\/types\/product"}],"replies":[{"embeddable":true,"href":"https:\/\/melanvies.com\/fr\/wp-json\/wp\/v2\/comments?post=760"}],"wp:featuredmedia":[{"embeddable":true,"href":"https:\/\/melanvies.com\/fr\/wp-json\/wp\/v2\/media\/1080"}],"wp:attachment":[{"href":"https:\/\/melanvies.com\/fr\/wp-json\/wp\/v2\/media?parent=760"}],"wp:term":[{"taxonomy":"product_brand","embeddable":true,"href":"https:\/\/melanvies.com\/fr\/wp-json\/wp\/v2\/product_brand?post=760"},{"taxonomy":"product_cat","embeddable":true,"href":"https:\/\/melanvies.com\/fr\/wp-json\/wp\/v2\/product_cat?post=760"},{"taxonomy":"product_tag","embeddable":true,"href":"https:\/\/melanvies.com\/fr\/wp-json\/wp\/v2\/product_tag?post=760"}],"curies":[{"name":"wp","href":"https:\/\/api.w.org\/{rel}","templated":true}]}}