{"id":741,"date":"2025-04-24T17:43:03","date_gmt":"2025-04-24T17:43:03","guid":{"rendered":"https:\/\/melanvies.com\/?post_type=product&#038;p=741"},"modified":"2025-05-08T11:50:50","modified_gmt":"2025-05-08T11:50:50","slug":"camiseta-eu-me-importando","status":"publish","type":"product","link":"https:\/\/melanvies.com\/fr\/produit\/camiseta-eu-me-importando\/","title":{"rendered":"Eu me importando"},"content":{"rendered":"<p class=\"\" data-start=\"1279\" data-end=\"1331\"><strong data-start=\"1279\" data-end=\"1329\">Enquanto o mundo pega fogo, eu\u2026 me importando.<\/strong><\/p>\n<p class=\"\" data-start=\"1338\" data-end=\"1552\">A camiseta \u201cEu me importando\u201d com o cl\u00e1ssico <strong data-start=\"1383\" data-end=\"1405\">gatinho se lavando<\/strong> \u00e9 o combo perfeito de <strong data-start=\"1428\" data-end=\"1454\">ironia + fofura felina<\/strong>. Pra quem sabe que, \u00e0s vezes, o melhor \u00e9 <strong data-start=\"1496\" data-end=\"1524\">n\u00e3o se abalar com o caos<\/strong> (ou fingir que n\u00e3o liga).<\/p>\n<p class=\"\" data-start=\"1559\" data-end=\"1708\">Confeccionada em <strong data-start=\"1576\" data-end=\"1603\">malha 160g 100% algod\u00e3o<\/strong>, com corte largo, caimento leve e aquele toque confort\u00e1vel \u2014 pra dias de total indiferen\u00e7a com estilo.<\/p>\n<p class=\"\" data-start=\"1715\" data-end=\"1881\">\ud83d\udc3e <strong data-start=\"1718\" data-end=\"1740\">Detalhes t\u00e9cnicos:<\/strong><br data-start=\"1740\" data-end=\"1743\" \/>\u2022 Marca: Fruit of the Loom<br data-start=\"1771\" data-end=\"1774\" \/>\u2022 Modelo: Valueweight<br data-start=\"1797\" data-end=\"1800\" \/>\u2022 Peso: 160g\/m\u00b2<br data-start=\"1817\" data-end=\"1820\" \/>\u2022 Corte: Largo (regular fit)<br data-start=\"1850\" data-end=\"1853\" \/>\u2022 Certificado: \u00d6ko-Tex 100<\/p>","protected":false},"excerpt":{"rendered":"<p>Enquanto o mundo pega fogo, eu\u2026 me importando. A camiseta \u201cEu me importando\u201d com o cl\u00e1ssico gatinho se lavando \u00e9 o combo perfeito de ironia + fofura felina. Pra quem sabe que, \u00e0s vezes, o melhor \u00e9 n\u00e3o se abalar com o caos (ou fingir que n\u00e3o liga). Confeccionada em malha 160g 100% algod\u00e3o, com [&hellip;]<\/p>","protected":false},"featured_media":1081,"comment_status":"open","ping_status":"closed","template":"","meta":[],"product_brand":[],"product_cat":[18],"product_tag":[],"class_list":{"0":"post-741","1":"product","2":"type-product","3":"status-publish","4":"has-post-thumbnail","6":"product_cat-camiseta-malha-160g","8":"first","9":"instock","10":"shipping-taxable","11":"purchasable","12":"product-type-variable"},"yoast_head":"<!-- This site is optimized with the Yoast SEO Premium plugin v24.6 (Yoast SEO v24.8.1) - https:\/\/yoast.com\/wordpress\/plugins\/seo\/ -->\n<title>Eu me importando - M\u00e9lanvies<\/title>\n<meta name=\"description\" content=\"Nada mais ir\u00f4nico que um gatinho se limpando enquanto o mundo cai. Camiseta em algod\u00e3o 160g pra quem n\u00e3o liga (ou finge bem).\" \/>\n<meta name=\"robots\" content=\"index, follow, max-snippet:-1, max-image-preview:large, max-video-preview:-1\" \/>\n<link rel=\"canonical\" href=\"https:\/\/melanvies.com\/fr\/produit\/camiseta-eu-me-importando\/\" \/>\n<meta property=\"og:locale\" content=\"fr_FR\" \/>\n<meta property=\"og:type\" content=\"article\" \/>\n<meta property=\"og:title\" content=\"Eu me importando\" \/>\n<meta property=\"og:description\" content=\"Nada mais ir\u00f4nico que um gatinho se limpando enquanto o mundo cai. Camiseta em algod\u00e3o 160g pra quem n\u00e3o liga (ou finge bem).\" \/>\n<meta property=\"og:url\" content=\"https:\/\/melanvies.com\/fr\/produit\/camiseta-eu-me-importando\/\" \/>\n<meta property=\"og:site_name\" content=\"M\u00e9lanvies\" \/>\n<meta property=\"article:modified_time\" content=\"2025-05-08T11:50:50+00:00\" \/>\n<meta property=\"og:image\" content=\"https:\/\/melanvies.com\/wp-content\/uploads\/2025\/04\/mockup-of-a-hand-holding-a-t-shirt-in-a-colorful-background-26735-26.png\" \/>\n\t<meta property=\"og:image:width\" content=\"1440\" \/>\n\t<meta property=\"og:image:height\" content=\"2160\" \/>\n\t<meta property=\"og:image:type\" content=\"image\/png\" \/>\n<meta name=\"twitter:card\" content=\"summary_large_image\" \/>\n<meta name=\"twitter:label1\" content=\"Dur\u00e9e de lecture est.\" \/>\n\t<meta name=\"twitter:data1\" content=\"1 minute\" \/>\n<script type=\"application\/ld+json\" class=\"yoast-schema-graph\">{\"@context\":\"https:\/\/schema.org\",\"@graph\":[{\"@type\":\"WebPage\",\"@id\":\"https:\/\/melanvies.com\/produto\/camiseta-eu-me-importando\/\",\"url\":\"https:\/\/melanvies.com\/produto\/camiseta-eu-me-importando\/\",\"name\":\"Eu me importando - M\u00e9lanvies\",\"isPartOf\":{\"@id\":\"https:\/\/melanvies.com\/#website\"},\"primaryImageOfPage\":{\"@id\":\"https:\/\/melanvies.com\/produto\/camiseta-eu-me-importando\/#primaryimage\"},\"image\":{\"@id\":\"https:\/\/melanvies.com\/produto\/camiseta-eu-me-importando\/#primaryimage\"},\"thumbnailUrl\":\"https:\/\/melanvies.com\/wp-content\/uploads\/2025\/04\/mockup-of-a-hand-holding-a-t-shirt-in-a-colorful-background-26735-26.png\",\"datePublished\":\"2025-04-24T17:43:03+00:00\",\"dateModified\":\"2025-05-08T11:50:50+00:00\",\"description\":\"Nada mais ir\u00f4nico que um gatinho se limpando enquanto o mundo cai. Camiseta em algod\u00e3o 160g pra quem n\u00e3o liga (ou finge bem).\",\"breadcrumb\":{\"@id\":\"https:\/\/melanvies.com\/produto\/camiseta-eu-me-importando\/#breadcrumb\"},\"inLanguage\":\"fr-BE\",\"potentialAction\":[{\"@type\":\"ReadAction\",\"target\":[\"https:\/\/melanvies.com\/produto\/camiseta-eu-me-importando\/\"]}]},{\"@type\":\"ImageObject\",\"inLanguage\":\"fr-BE\",\"@id\":\"https:\/\/melanvies.com\/produto\/camiseta-eu-me-importando\/#primaryimage\",\"url\":\"https:\/\/melanvies.com\/wp-content\/uploads\/2025\/04\/mockup-of-a-hand-holding-a-t-shirt-in-a-colorful-background-26735-26.png\",\"contentUrl\":\"https:\/\/melanvies.com\/wp-content\/uploads\/2025\/04\/mockup-of-a-hand-holding-a-t-shirt-in-a-colorful-background-26735-26.png\",\"width\":1440,\"height\":2160},{\"@type\":\"BreadcrumbList\",\"@id\":\"https:\/\/melanvies.com\/produto\/camiseta-eu-me-importando\/#breadcrumb\",\"itemListElement\":[{\"@type\":\"ListItem\",\"position\":1,\"name\":\"In\u00edcio\",\"item\":\"https:\/\/melanvies.com\/\"},{\"@type\":\"ListItem\",\"position\":2,\"name\":\"Products\",\"item\":\"https:\/\/www.melanvies.com\/loja\/\"},{\"@type\":\"ListItem\",\"position\":3,\"name\":\"Eu me importando\"}]},{\"@type\":\"WebSite\",\"@id\":\"https:\/\/melanvies.com\/#website\",\"url\":\"https:\/\/melanvies.com\/\",\"name\":\"M\u00e9lanvies\",\"description\":\"T-shirt Personalis\u00e9\",\"publisher\":{\"@id\":\"https:\/\/melanvies.com\/#organization\"},\"potentialAction\":[{\"@type\":\"SearchAction\",\"target\":{\"@type\":\"EntryPoint\",\"urlTemplate\":\"https:\/\/melanvies.com\/?s={search_term_string}\"},\"query-input\":{\"@type\":\"PropertyValueSpecification\",\"valueRequired\":true,\"valueName\":\"search_term_string\"}}],\"inLanguage\":\"fr-BE\"},{\"@type\":\"Organization\",\"@id\":\"https:\/\/melanvies.com\/#organization\",\"name\":\"M\u00e9lanvies\",\"url\":\"https:\/\/melanvies.com\/\",\"logo\":{\"@type\":\"ImageObject\",\"inLanguage\":\"fr-BE\",\"@id\":\"https:\/\/melanvies.com\/#\/schema\/logo\/image\/\",\"url\":\"https:\/\/melanvies.com\/wp-content\/uploads\/2025\/04\/cropped-w.png\",\"contentUrl\":\"https:\/\/melanvies.com\/wp-content\/uploads\/2025\/04\/cropped-w.png\",\"width\":338,\"height\":69,\"caption\":\"M\u00e9lanvies\"},\"image\":{\"@id\":\"https:\/\/melanvies.com\/#\/schema\/logo\/image\/\"}}]}<\/script>\n<!-- \/ Yoast SEO Premium plugin. -->","yoast_head_json":{"title":"Eu me importando - M\u00e9lanvies","description":"Nada mais ir\u00f4nico que um gatinho se limpando enquanto o mundo cai. Camiseta em algod\u00e3o 160g pra quem n\u00e3o liga (ou finge bem).","robots":{"index":"index","follow":"follow","max-snippet":"max-snippet:-1","max-image-preview":"max-image-preview:large","max-video-preview":"max-video-preview:-1"},"canonical":"https:\/\/melanvies.com\/fr\/produit\/camiseta-eu-me-importando\/","og_locale":"fr_FR","og_type":"article","og_title":"Eu me importando","og_description":"Nada mais ir\u00f4nico que um gatinho se limpando enquanto o mundo cai. Camiseta em algod\u00e3o 160g pra quem n\u00e3o liga (ou finge bem).","og_url":"https:\/\/melanvies.com\/fr\/produit\/camiseta-eu-me-importando\/","og_site_name":"M\u00e9lanvies","article_modified_time":"2025-05-08T11:50:50+00:00","og_image":[{"width":1440,"height":2160,"url":"https:\/\/melanvies.com\/wp-content\/uploads\/2025\/04\/mockup-of-a-hand-holding-a-t-shirt-in-a-colorful-background-26735-26.png","type":"image\/png"}],"twitter_card":"summary_large_image","twitter_misc":{"Dur\u00e9e de lecture est.":"1 minute"},"schema":{"@context":"https:\/\/schema.org","@graph":[{"@type":"WebPage","@id":"https:\/\/melanvies.com\/produto\/camiseta-eu-me-importando\/","url":"https:\/\/melanvies.com\/produto\/camiseta-eu-me-importando\/","name":"Eu me importando - M\u00e9lanvies","isPartOf":{"@id":"https:\/\/melanvies.com\/#website"},"primaryImageOfPage":{"@id":"https:\/\/melanvies.com\/produto\/camiseta-eu-me-importando\/#primaryimage"},"image":{"@id":"https:\/\/melanvies.com\/produto\/camiseta-eu-me-importando\/#primaryimage"},"thumbnailUrl":"https:\/\/melanvies.com\/wp-content\/uploads\/2025\/04\/mockup-of-a-hand-holding-a-t-shirt-in-a-colorful-background-26735-26.png","datePublished":"2025-04-24T17:43:03+00:00","dateModified":"2025-05-08T11:50:50+00:00","description":"Nada mais ir\u00f4nico que um gatinho se limpando enquanto o mundo cai. Camiseta em algod\u00e3o 160g pra quem n\u00e3o liga (ou finge bem).","breadcrumb":{"@id":"https:\/\/melanvies.com\/produto\/camiseta-eu-me-importando\/#breadcrumb"},"inLanguage":"fr-BE","potentialAction":[{"@type":"ReadAction","target":["https:\/\/melanvies.com\/produto\/camiseta-eu-me-importando\/"]}]},{"@type":"ImageObject","inLanguage":"fr-BE","@id":"https:\/\/melanvies.com\/produto\/camiseta-eu-me-importando\/#primaryimage","url":"https:\/\/melanvies.com\/wp-content\/uploads\/2025\/04\/mockup-of-a-hand-holding-a-t-shirt-in-a-colorful-background-26735-26.png","contentUrl":"https:\/\/melanvies.com\/wp-content\/uploads\/2025\/04\/mockup-of-a-hand-holding-a-t-shirt-in-a-colorful-background-26735-26.png","width":1440,"height":2160},{"@type":"BreadcrumbList","@id":"https:\/\/melanvies.com\/produto\/camiseta-eu-me-importando\/#breadcrumb","itemListElement":[{"@type":"ListItem","position":1,"name":"In\u00edcio","item":"https:\/\/melanvies.com\/"},{"@type":"ListItem","position":2,"name":"Products","item":"https:\/\/www.melanvies.com\/loja\/"},{"@type":"ListItem","position":3,"name":"Eu me importando"}]},{"@type":"WebSite","@id":"https:\/\/melanvies.com\/#website","url":"https:\/\/melanvies.com\/","name":"M\u00e9lanvies","description":"T-shirt Personalis\u00e9","publisher":{"@id":"https:\/\/melanvies.com\/#organization"},"potentialAction":[{"@type":"SearchAction","target":{"@type":"EntryPoint","urlTemplate":"https:\/\/melanvies.com\/?s={search_term_string}"},"query-input":{"@type":"PropertyValueSpecification","valueRequired":true,"valueName":"search_term_string"}}],"inLanguage":"fr-BE"},{"@type":"Organization","@id":"https:\/\/melanvies.com\/#organization","name":"M\u00e9lanvies","url":"https:\/\/melanvies.com\/","logo":{"@type":"ImageObject","inLanguage":"fr-BE","@id":"https:\/\/melanvies.com\/#\/schema\/logo\/image\/","url":"https:\/\/melanvies.com\/wp-content\/uploads\/2025\/04\/cropped-w.png","contentUrl":"https:\/\/melanvies.com\/wp-content\/uploads\/2025\/04\/cropped-w.png","width":338,"height":69,"caption":"M\u00e9lanvies"},"image":{"@id":"https:\/\/melanvies.com\/#\/schema\/logo\/image\/"}}]}},"jetpack_sharing_enabled":true,"_links":{"self":[{"href":"https:\/\/melanvies.com\/fr\/wp-json\/wp\/v2\/product\/741","targetHints":{"allow":["GET"]}}],"collection":[{"href":"https:\/\/melanvies.com\/fr\/wp-json\/wp\/v2\/product"}],"about":[{"href":"https:\/\/melanvies.com\/fr\/wp-json\/wp\/v2\/types\/product"}],"replies":[{"embeddable":true,"href":"https:\/\/melanvies.com\/fr\/wp-json\/wp\/v2\/comments?post=741"}],"wp:featuredmedia":[{"embeddable":true,"href":"https:\/\/melanvies.com\/fr\/wp-json\/wp\/v2\/media\/1081"}],"wp:attachment":[{"href":"https:\/\/melanvies.com\/fr\/wp-json\/wp\/v2\/media?parent=741"}],"wp:term":[{"taxonomy":"product_brand","embeddable":true,"href":"https:\/\/melanvies.com\/fr\/wp-json\/wp\/v2\/product_brand?post=741"},{"taxonomy":"product_cat","embeddable":true,"href":"https:\/\/melanvies.com\/fr\/wp-json\/wp\/v2\/product_cat?post=741"},{"taxonomy":"product_tag","embeddable":true,"href":"https:\/\/melanvies.com\/fr\/wp-json\/wp\/v2\/product_tag?post=741"}],"curies":[{"name":"wp","href":"https:\/\/api.w.org\/{rel}","templated":true}]}}