{"id":703,"date":"2025-04-24T16:25:56","date_gmt":"2025-04-24T16:25:56","guid":{"rendered":"https:\/\/melanvies.com\/?post_type=product&#038;p=703"},"modified":"2025-05-08T13:50:27","modified_gmt":"2025-05-08T13:50:27","slug":"club-officiel-des-fatiguees-et-surchargees","status":"publish","type":"product","link":"https:\/\/melanvies.com\/fr\/produit\/club-officiel-des-fatiguees-et-surchargees\/","title":{"rendered":"Club officiel des fatigu\u00e9es et surcharg\u00e9es"},"content":{"rendered":"<p class=\"\" data-start=\"1132\" data-end=\"1197\"><strong data-start=\"1132\" data-end=\"1195\">Si vous portez le monde sur vos \u00e9paules\u2026 bienvenue au club.<\/strong><\/p>\n<p class=\"\" data-start=\"1204\" data-end=\"1406\">Le t-shirt \u201cClub officiel des fatigu\u00e9es et surcharg\u00e9es\u201d est d\u00e9di\u00e9 \u00e0 toutes celles qui jonglent avec mille responsabilit\u00e9s, mais qui savent qu\u2019elles n\u2019ont pas besoin de faire semblant que tout va bien.<\/p>\n<p class=\"\" data-start=\"1413\" data-end=\"1571\">Confectionn\u00e9 en <strong data-start=\"1429\" data-end=\"1444\">100 % coton<\/strong>, avec une <strong data-start=\"1455\" data-end=\"1476\">maille de 160g\/m\u00b2<\/strong> et une <strong data-start=\"1484\" data-end=\"1499\">coupe ample<\/strong>, il apporte le confort n\u00e9cessaire \u00e0 toutes les h\u00e9ro\u00efnes du quotidien.<\/p>\n<p class=\"\" data-start=\"1578\" data-end=\"1755\">\ud83d\udca4 <strong data-start=\"1581\" data-end=\"1605\">D\u00e9tails techniques :<\/strong><br data-start=\"1605\" data-end=\"1608\" \/>\u2022 Marque : Fruit of the Loom<br data-start=\"1638\" data-end=\"1641\" \/>\u2022 Mod\u00e8le : Valueweight<br data-start=\"1665\" data-end=\"1668\" \/>\u2022 Poids : 160g\/m\u00b2<br data-start=\"1687\" data-end=\"1690\" \/>\u2022 Coupe : Ample (regular fit)<br data-start=\"1721\" data-end=\"1724\" \/>\u2022 Certification : \u00d6ko-Tex 100<\/p>","protected":false},"excerpt":{"rendered":"<p>Si vous portez le monde sur vos \u00e9paules\u2026 bienvenue au club. Le t-shirt \u201cClub officiel des fatigu\u00e9es et surcharg\u00e9es\u201d est d\u00e9di\u00e9 \u00e0 toutes celles qui jonglent avec mille responsabilit\u00e9s, mais qui savent qu\u2019elles n\u2019ont pas besoin de faire semblant que tout va bien. Confectionn\u00e9 en 100 % coton, avec une maille de 160g\/m\u00b2 et une [&hellip;]<\/p>","protected":false},"featured_media":1090,"comment_status":"open","ping_status":"closed","template":"","meta":[],"product_brand":[],"product_cat":[18],"product_tag":[],"class_list":{"0":"post-703","1":"product","2":"type-product","3":"status-publish","4":"has-post-thumbnail","6":"product_cat-camiseta-malha-160g","8":"first","9":"instock","10":"shipping-taxable","11":"purchasable","12":"product-type-variable"},"yoast_head":"<!-- This site is optimized with the Yoast SEO Premium plugin v24.6 (Yoast SEO v24.8.1) - https:\/\/yoast.com\/wordpress\/plugins\/seo\/ -->\n<title>Club officiel des fatigu\u00e9es et surcharg\u00e9es - M\u00e9lanvies<\/title>\n<meta name=\"description\" content=\"Fatigu\u00e9e, surcharg\u00e9e, mais toujours debout ? Ce t-shirt est fait pour vous. Club officiel de celles qui tiennent le coup avec style.\" \/>\n<meta name=\"robots\" content=\"index, follow, max-snippet:-1, max-image-preview:large, max-video-preview:-1\" \/>\n<link rel=\"canonical\" href=\"https:\/\/melanvies.com\/fr\/produit\/club-officiel-des-fatiguees-et-surchargees\/\" \/>\n<meta property=\"og:locale\" content=\"fr_FR\" \/>\n<meta property=\"og:type\" content=\"article\" \/>\n<meta property=\"og:title\" content=\"Club officiel des fatigu\u00e9es et surcharg\u00e9es\" \/>\n<meta property=\"og:description\" content=\"Fatigu\u00e9e, surcharg\u00e9e, mais toujours debout ? Ce t-shirt est fait pour vous. Club officiel de celles qui tiennent le coup avec style.\" \/>\n<meta property=\"og:url\" content=\"https:\/\/melanvies.com\/fr\/produit\/club-officiel-des-fatiguees-et-surchargees\/\" \/>\n<meta property=\"og:site_name\" content=\"M\u00e9lanvies\" \/>\n<meta property=\"article:modified_time\" content=\"2025-05-08T13:50:27+00:00\" \/>\n<meta property=\"og:image\" content=\"https:\/\/melanvies.com\/wp-content\/uploads\/2025\/05\/mockup-of-a-hand-holding-a-t-shirt-in-a-colorful-background-26735-37.png\" \/>\n\t<meta property=\"og:image:width\" content=\"1440\" \/>\n\t<meta property=\"og:image:height\" content=\"2160\" \/>\n\t<meta property=\"og:image:type\" content=\"image\/png\" \/>\n<meta name=\"twitter:card\" content=\"summary_large_image\" \/>\n<meta name=\"twitter:label1\" content=\"Dur\u00e9e de lecture est.\" \/>\n\t<meta name=\"twitter:data1\" content=\"1 minute\" \/>\n<script type=\"application\/ld+json\" class=\"yoast-schema-graph\">{\"@context\":\"https:\/\/schema.org\",\"@graph\":[{\"@type\":\"WebPage\",\"@id\":\"https:\/\/melanvies.com\/produto\/club-officiel-des-fatiguees-et-surchargees\/\",\"url\":\"https:\/\/melanvies.com\/produto\/club-officiel-des-fatiguees-et-surchargees\/\",\"name\":\"Club officiel des fatigu\u00e9es et surcharg\u00e9es - M\u00e9lanvies\",\"isPartOf\":{\"@id\":\"https:\/\/melanvies.com\/#website\"},\"primaryImageOfPage\":{\"@id\":\"https:\/\/melanvies.com\/produto\/club-officiel-des-fatiguees-et-surchargees\/#primaryimage\"},\"image\":{\"@id\":\"https:\/\/melanvies.com\/produto\/club-officiel-des-fatiguees-et-surchargees\/#primaryimage\"},\"thumbnailUrl\":\"https:\/\/melanvies.com\/wp-content\/uploads\/2025\/05\/mockup-of-a-hand-holding-a-t-shirt-in-a-colorful-background-26735-37.png\",\"datePublished\":\"2025-04-24T16:25:56+00:00\",\"dateModified\":\"2025-05-08T13:50:27+00:00\",\"description\":\"Fatigu\u00e9e, surcharg\u00e9e, mais toujours debout ? Ce t-shirt est fait pour vous. Club officiel de celles qui tiennent le coup avec style.\",\"breadcrumb\":{\"@id\":\"https:\/\/melanvies.com\/produto\/club-officiel-des-fatiguees-et-surchargees\/#breadcrumb\"},\"inLanguage\":\"fr-BE\",\"potentialAction\":[{\"@type\":\"ReadAction\",\"target\":[\"https:\/\/melanvies.com\/produto\/club-officiel-des-fatiguees-et-surchargees\/\"]}]},{\"@type\":\"ImageObject\",\"inLanguage\":\"fr-BE\",\"@id\":\"https:\/\/melanvies.com\/produto\/club-officiel-des-fatiguees-et-surchargees\/#primaryimage\",\"url\":\"https:\/\/melanvies.com\/wp-content\/uploads\/2025\/05\/mockup-of-a-hand-holding-a-t-shirt-in-a-colorful-background-26735-37.png\",\"contentUrl\":\"https:\/\/melanvies.com\/wp-content\/uploads\/2025\/05\/mockup-of-a-hand-holding-a-t-shirt-in-a-colorful-background-26735-37.png\",\"width\":1440,\"height\":2160},{\"@type\":\"BreadcrumbList\",\"@id\":\"https:\/\/melanvies.com\/produto\/club-officiel-des-fatiguees-et-surchargees\/#breadcrumb\",\"itemListElement\":[{\"@type\":\"ListItem\",\"position\":1,\"name\":\"In\u00edcio\",\"item\":\"https:\/\/melanvies.com\/\"},{\"@type\":\"ListItem\",\"position\":2,\"name\":\"Products\",\"item\":\"https:\/\/www.melanvies.com\/loja\/\"},{\"@type\":\"ListItem\",\"position\":3,\"name\":\"Club officiel des fatigu\u00e9es et surcharg\u00e9es\"}]},{\"@type\":\"WebSite\",\"@id\":\"https:\/\/melanvies.com\/#website\",\"url\":\"https:\/\/melanvies.com\/\",\"name\":\"M\u00e9lanvies\",\"description\":\"T-shirt Personalis\u00e9\",\"publisher\":{\"@id\":\"https:\/\/melanvies.com\/#organization\"},\"potentialAction\":[{\"@type\":\"SearchAction\",\"target\":{\"@type\":\"EntryPoint\",\"urlTemplate\":\"https:\/\/melanvies.com\/?s={search_term_string}\"},\"query-input\":{\"@type\":\"PropertyValueSpecification\",\"valueRequired\":true,\"valueName\":\"search_term_string\"}}],\"inLanguage\":\"fr-BE\"},{\"@type\":\"Organization\",\"@id\":\"https:\/\/melanvies.com\/#organization\",\"name\":\"M\u00e9lanvies\",\"url\":\"https:\/\/melanvies.com\/\",\"logo\":{\"@type\":\"ImageObject\",\"inLanguage\":\"fr-BE\",\"@id\":\"https:\/\/melanvies.com\/#\/schema\/logo\/image\/\",\"url\":\"https:\/\/melanvies.com\/wp-content\/uploads\/2025\/04\/cropped-w.png\",\"contentUrl\":\"https:\/\/melanvies.com\/wp-content\/uploads\/2025\/04\/cropped-w.png\",\"width\":338,\"height\":69,\"caption\":\"M\u00e9lanvies\"},\"image\":{\"@id\":\"https:\/\/melanvies.com\/#\/schema\/logo\/image\/\"}}]}<\/script>\n<!-- \/ Yoast SEO Premium plugin. -->","yoast_head_json":{"title":"Club officiel des fatigu\u00e9es et surcharg\u00e9es - M\u00e9lanvies","description":"Fatigu\u00e9e, surcharg\u00e9e, mais toujours debout ? Ce t-shirt est fait pour vous. Club officiel de celles qui tiennent le coup avec style.","robots":{"index":"index","follow":"follow","max-snippet":"max-snippet:-1","max-image-preview":"max-image-preview:large","max-video-preview":"max-video-preview:-1"},"canonical":"https:\/\/melanvies.com\/fr\/produit\/club-officiel-des-fatiguees-et-surchargees\/","og_locale":"fr_FR","og_type":"article","og_title":"Club officiel des fatigu\u00e9es et surcharg\u00e9es","og_description":"Fatigu\u00e9e, surcharg\u00e9e, mais toujours debout ? Ce t-shirt est fait pour vous. Club officiel de celles qui tiennent le coup avec style.","og_url":"https:\/\/melanvies.com\/fr\/produit\/club-officiel-des-fatiguees-et-surchargees\/","og_site_name":"M\u00e9lanvies","article_modified_time":"2025-05-08T13:50:27+00:00","og_image":[{"width":1440,"height":2160,"url":"https:\/\/melanvies.com\/wp-content\/uploads\/2025\/05\/mockup-of-a-hand-holding-a-t-shirt-in-a-colorful-background-26735-37.png","type":"image\/png"}],"twitter_card":"summary_large_image","twitter_misc":{"Dur\u00e9e de lecture est.":"1 minute"},"schema":{"@context":"https:\/\/schema.org","@graph":[{"@type":"WebPage","@id":"https:\/\/melanvies.com\/produto\/club-officiel-des-fatiguees-et-surchargees\/","url":"https:\/\/melanvies.com\/produto\/club-officiel-des-fatiguees-et-surchargees\/","name":"Club officiel des fatigu\u00e9es et surcharg\u00e9es - M\u00e9lanvies","isPartOf":{"@id":"https:\/\/melanvies.com\/#website"},"primaryImageOfPage":{"@id":"https:\/\/melanvies.com\/produto\/club-officiel-des-fatiguees-et-surchargees\/#primaryimage"},"image":{"@id":"https:\/\/melanvies.com\/produto\/club-officiel-des-fatiguees-et-surchargees\/#primaryimage"},"thumbnailUrl":"https:\/\/melanvies.com\/wp-content\/uploads\/2025\/05\/mockup-of-a-hand-holding-a-t-shirt-in-a-colorful-background-26735-37.png","datePublished":"2025-04-24T16:25:56+00:00","dateModified":"2025-05-08T13:50:27+00:00","description":"Fatigu\u00e9e, surcharg\u00e9e, mais toujours debout ? Ce t-shirt est fait pour vous. Club officiel de celles qui tiennent le coup avec style.","breadcrumb":{"@id":"https:\/\/melanvies.com\/produto\/club-officiel-des-fatiguees-et-surchargees\/#breadcrumb"},"inLanguage":"fr-BE","potentialAction":[{"@type":"ReadAction","target":["https:\/\/melanvies.com\/produto\/club-officiel-des-fatiguees-et-surchargees\/"]}]},{"@type":"ImageObject","inLanguage":"fr-BE","@id":"https:\/\/melanvies.com\/produto\/club-officiel-des-fatiguees-et-surchargees\/#primaryimage","url":"https:\/\/melanvies.com\/wp-content\/uploads\/2025\/05\/mockup-of-a-hand-holding-a-t-shirt-in-a-colorful-background-26735-37.png","contentUrl":"https:\/\/melanvies.com\/wp-content\/uploads\/2025\/05\/mockup-of-a-hand-holding-a-t-shirt-in-a-colorful-background-26735-37.png","width":1440,"height":2160},{"@type":"BreadcrumbList","@id":"https:\/\/melanvies.com\/produto\/club-officiel-des-fatiguees-et-surchargees\/#breadcrumb","itemListElement":[{"@type":"ListItem","position":1,"name":"In\u00edcio","item":"https:\/\/melanvies.com\/"},{"@type":"ListItem","position":2,"name":"Products","item":"https:\/\/www.melanvies.com\/loja\/"},{"@type":"ListItem","position":3,"name":"Club officiel des fatigu\u00e9es et surcharg\u00e9es"}]},{"@type":"WebSite","@id":"https:\/\/melanvies.com\/#website","url":"https:\/\/melanvies.com\/","name":"M\u00e9lanvies","description":"T-shirt Personalis\u00e9","publisher":{"@id":"https:\/\/melanvies.com\/#organization"},"potentialAction":[{"@type":"SearchAction","target":{"@type":"EntryPoint","urlTemplate":"https:\/\/melanvies.com\/?s={search_term_string}"},"query-input":{"@type":"PropertyValueSpecification","valueRequired":true,"valueName":"search_term_string"}}],"inLanguage":"fr-BE"},{"@type":"Organization","@id":"https:\/\/melanvies.com\/#organization","name":"M\u00e9lanvies","url":"https:\/\/melanvies.com\/","logo":{"@type":"ImageObject","inLanguage":"fr-BE","@id":"https:\/\/melanvies.com\/#\/schema\/logo\/image\/","url":"https:\/\/melanvies.com\/wp-content\/uploads\/2025\/04\/cropped-w.png","contentUrl":"https:\/\/melanvies.com\/wp-content\/uploads\/2025\/04\/cropped-w.png","width":338,"height":69,"caption":"M\u00e9lanvies"},"image":{"@id":"https:\/\/melanvies.com\/#\/schema\/logo\/image\/"}}]}},"jetpack_sharing_enabled":true,"_links":{"self":[{"href":"https:\/\/melanvies.com\/fr\/wp-json\/wp\/v2\/product\/703","targetHints":{"allow":["GET"]}}],"collection":[{"href":"https:\/\/melanvies.com\/fr\/wp-json\/wp\/v2\/product"}],"about":[{"href":"https:\/\/melanvies.com\/fr\/wp-json\/wp\/v2\/types\/product"}],"replies":[{"embeddable":true,"href":"https:\/\/melanvies.com\/fr\/wp-json\/wp\/v2\/comments?post=703"}],"wp:featuredmedia":[{"embeddable":true,"href":"https:\/\/melanvies.com\/fr\/wp-json\/wp\/v2\/media\/1090"}],"wp:attachment":[{"href":"https:\/\/melanvies.com\/fr\/wp-json\/wp\/v2\/media?parent=703"}],"wp:term":[{"taxonomy":"product_brand","embeddable":true,"href":"https:\/\/melanvies.com\/fr\/wp-json\/wp\/v2\/product_brand?post=703"},{"taxonomy":"product_cat","embeddable":true,"href":"https:\/\/melanvies.com\/fr\/wp-json\/wp\/v2\/product_cat?post=703"},{"taxonomy":"product_tag","embeddable":true,"href":"https:\/\/melanvies.com\/fr\/wp-json\/wp\/v2\/product_tag?post=703"}],"curies":[{"name":"wp","href":"https:\/\/api.w.org\/{rel}","templated":true}]}}