{"id":665,"date":"2025-04-24T15:16:34","date_gmt":"2025-04-24T15:16:34","guid":{"rendered":"https:\/\/melanvies.com\/?post_type=product&#038;p=665"},"modified":"2025-05-08T13:51:52","modified_gmt":"2025-05-08T13:51:52","slug":"je-suis-sous-medocs","status":"publish","type":"product","link":"https:\/\/melanvies.com\/fr\/produit\/je-suis-sous-medocs\/","title":{"rendered":"Je suis sous m\u00e9docs"},"content":{"rendered":"<p class=\"\" data-start=\"1159\" data-end=\"1223\"><strong data-start=\"1159\" data-end=\"1221\">Parce que prendre soin de soi, c\u2019est aussi savoir en rire.<\/strong><\/p>\n<p class=\"\" data-start=\"1230\" data-end=\"1422\">Le t-shirt \u201cJe suis sous m\u00e9docs\u201d assume avec humour ce qui fait partie du quotidien de beaucoup de gens. Une touche d\u2019autod\u00e9rision pour normaliser la sant\u00e9 mentale \u2014 tout en restant styl\u00e9\u00b7e.<\/p>\n<p class=\"\" data-start=\"1429\" data-end=\"1564\">Confectionn\u00e9 en <strong data-start=\"1445\" data-end=\"1460\">100 % coton<\/strong>, avec une <strong data-start=\"1471\" data-end=\"1492\">maille de 160g\/m\u00b2<\/strong> et une <strong data-start=\"1500\" data-end=\"1515\">coupe ample<\/strong>, il offre confort et authenticit\u00e9 sans filtre.<\/p>\n<p class=\"\" data-start=\"1571\" data-end=\"1748\">\ud83d\udc8a <strong data-start=\"1574\" data-end=\"1598\">D\u00e9tails techniques :<\/strong><br data-start=\"1598\" data-end=\"1601\" \/>\u2022 Marque : Fruit of the Loom<br data-start=\"1631\" data-end=\"1634\" \/>\u2022 Mod\u00e8le : Valueweight<br data-start=\"1658\" data-end=\"1661\" \/>\u2022 Poids : 160g\/m\u00b2<br data-start=\"1680\" data-end=\"1683\" \/>\u2022 Coupe : Ample (regular fit)<br data-start=\"1714\" data-end=\"1717\" \/>\u2022 Certification : \u00d6ko-Tex 100<\/p>","protected":false},"excerpt":{"rendered":"<p>Parce que prendre soin de soi, c\u2019est aussi savoir en rire. Le t-shirt \u201cJe suis sous m\u00e9docs\u201d assume avec humour ce qui fait partie du quotidien de beaucoup de gens. Une touche d\u2019autod\u00e9rision pour normaliser la sant\u00e9 mentale \u2014 tout en restant styl\u00e9\u00b7e. Confectionn\u00e9 en 100 % coton, avec une maille de 160g\/m\u00b2 et une [&hellip;]<\/p>","protected":false},"featured_media":1088,"comment_status":"open","ping_status":"closed","template":"","meta":[],"product_brand":[],"product_cat":[18],"product_tag":[],"class_list":{"0":"post-665","1":"product","2":"type-product","3":"status-publish","4":"has-post-thumbnail","6":"product_cat-camiseta-malha-160g","8":"first","9":"instock","10":"shipping-taxable","11":"purchasable","12":"product-type-variable"},"yoast_head":"<!-- This site is optimized with the Yoast SEO Premium plugin v24.6 (Yoast SEO v24.8.1) - https:\/\/yoast.com\/wordpress\/plugins\/seo\/ -->\n<title>Je suis sous m\u00e9docs - M\u00e9lanvies<\/title>\n<meta name=\"description\" content=\"Sous m\u00e9docs, mais toujours styl\u00e9\u00b7e. T-shirt en coton 160g pour afficher votre r\u00e9alit\u00e9 avec l\u00e9g\u00e8ret\u00e9.\" \/>\n<meta name=\"robots\" content=\"index, follow, max-snippet:-1, max-image-preview:large, max-video-preview:-1\" \/>\n<link rel=\"canonical\" href=\"https:\/\/melanvies.com\/fr\/produit\/je-suis-sous-medocs\/\" \/>\n<meta property=\"og:locale\" content=\"fr_FR\" \/>\n<meta property=\"og:type\" content=\"article\" \/>\n<meta property=\"og:title\" content=\"Je suis sous m\u00e9docs\" \/>\n<meta property=\"og:description\" content=\"Sous m\u00e9docs, mais toujours styl\u00e9\u00b7e. T-shirt en coton 160g pour afficher votre r\u00e9alit\u00e9 avec l\u00e9g\u00e8ret\u00e9.\" \/>\n<meta property=\"og:url\" content=\"https:\/\/melanvies.com\/fr\/produit\/je-suis-sous-medocs\/\" \/>\n<meta property=\"og:site_name\" content=\"M\u00e9lanvies\" \/>\n<meta property=\"article:modified_time\" content=\"2025-05-08T13:51:52+00:00\" \/>\n<meta property=\"og:image\" content=\"https:\/\/melanvies.com\/wp-content\/uploads\/2025\/05\/mockup-of-a-hand-holding-a-t-shirt-in-a-colorful-background-26735-39.png\" \/>\n\t<meta property=\"og:image:width\" content=\"1440\" \/>\n\t<meta property=\"og:image:height\" content=\"2160\" \/>\n\t<meta property=\"og:image:type\" content=\"image\/png\" \/>\n<meta name=\"twitter:card\" content=\"summary_large_image\" \/>\n<meta name=\"twitter:label1\" content=\"Dur\u00e9e de lecture est.\" \/>\n\t<meta name=\"twitter:data1\" content=\"1 minute\" \/>\n<script type=\"application\/ld+json\" class=\"yoast-schema-graph\">{\"@context\":\"https:\/\/schema.org\",\"@graph\":[{\"@type\":\"WebPage\",\"@id\":\"https:\/\/melanvies.com\/produto\/je-suis-sous-medocs\/\",\"url\":\"https:\/\/melanvies.com\/produto\/je-suis-sous-medocs\/\",\"name\":\"Je suis sous m\u00e9docs - M\u00e9lanvies\",\"isPartOf\":{\"@id\":\"https:\/\/melanvies.com\/#website\"},\"primaryImageOfPage\":{\"@id\":\"https:\/\/melanvies.com\/produto\/je-suis-sous-medocs\/#primaryimage\"},\"image\":{\"@id\":\"https:\/\/melanvies.com\/produto\/je-suis-sous-medocs\/#primaryimage\"},\"thumbnailUrl\":\"https:\/\/melanvies.com\/wp-content\/uploads\/2025\/05\/mockup-of-a-hand-holding-a-t-shirt-in-a-colorful-background-26735-39.png\",\"datePublished\":\"2025-04-24T15:16:34+00:00\",\"dateModified\":\"2025-05-08T13:51:52+00:00\",\"description\":\"Sous m\u00e9docs, mais toujours styl\u00e9\u00b7e. T-shirt en coton 160g pour afficher votre r\u00e9alit\u00e9 avec l\u00e9g\u00e8ret\u00e9.\",\"breadcrumb\":{\"@id\":\"https:\/\/melanvies.com\/produto\/je-suis-sous-medocs\/#breadcrumb\"},\"inLanguage\":\"fr-BE\",\"potentialAction\":[{\"@type\":\"ReadAction\",\"target\":[\"https:\/\/melanvies.com\/produto\/je-suis-sous-medocs\/\"]}]},{\"@type\":\"ImageObject\",\"inLanguage\":\"fr-BE\",\"@id\":\"https:\/\/melanvies.com\/produto\/je-suis-sous-medocs\/#primaryimage\",\"url\":\"https:\/\/melanvies.com\/wp-content\/uploads\/2025\/05\/mockup-of-a-hand-holding-a-t-shirt-in-a-colorful-background-26735-39.png\",\"contentUrl\":\"https:\/\/melanvies.com\/wp-content\/uploads\/2025\/05\/mockup-of-a-hand-holding-a-t-shirt-in-a-colorful-background-26735-39.png\",\"width\":1440,\"height\":2160},{\"@type\":\"BreadcrumbList\",\"@id\":\"https:\/\/melanvies.com\/produto\/je-suis-sous-medocs\/#breadcrumb\",\"itemListElement\":[{\"@type\":\"ListItem\",\"position\":1,\"name\":\"In\u00edcio\",\"item\":\"https:\/\/melanvies.com\/\"},{\"@type\":\"ListItem\",\"position\":2,\"name\":\"Products\",\"item\":\"https:\/\/www.melanvies.com\/loja\/\"},{\"@type\":\"ListItem\",\"position\":3,\"name\":\"Je suis sous m\u00e9docs\"}]},{\"@type\":\"WebSite\",\"@id\":\"https:\/\/melanvies.com\/#website\",\"url\":\"https:\/\/melanvies.com\/\",\"name\":\"M\u00e9lanvies\",\"description\":\"T-shirt Personalis\u00e9\",\"publisher\":{\"@id\":\"https:\/\/melanvies.com\/#organization\"},\"potentialAction\":[{\"@type\":\"SearchAction\",\"target\":{\"@type\":\"EntryPoint\",\"urlTemplate\":\"https:\/\/melanvies.com\/?s={search_term_string}\"},\"query-input\":{\"@type\":\"PropertyValueSpecification\",\"valueRequired\":true,\"valueName\":\"search_term_string\"}}],\"inLanguage\":\"fr-BE\"},{\"@type\":\"Organization\",\"@id\":\"https:\/\/melanvies.com\/#organization\",\"name\":\"M\u00e9lanvies\",\"url\":\"https:\/\/melanvies.com\/\",\"logo\":{\"@type\":\"ImageObject\",\"inLanguage\":\"fr-BE\",\"@id\":\"https:\/\/melanvies.com\/#\/schema\/logo\/image\/\",\"url\":\"https:\/\/melanvies.com\/wp-content\/uploads\/2025\/04\/cropped-w.png\",\"contentUrl\":\"https:\/\/melanvies.com\/wp-content\/uploads\/2025\/04\/cropped-w.png\",\"width\":338,\"height\":69,\"caption\":\"M\u00e9lanvies\"},\"image\":{\"@id\":\"https:\/\/melanvies.com\/#\/schema\/logo\/image\/\"}}]}<\/script>\n<!-- \/ Yoast SEO Premium plugin. -->","yoast_head_json":{"title":"Je suis sous m\u00e9docs - M\u00e9lanvies","description":"Sous m\u00e9docs, mais toujours styl\u00e9\u00b7e. T-shirt en coton 160g pour afficher votre r\u00e9alit\u00e9 avec l\u00e9g\u00e8ret\u00e9.","robots":{"index":"index","follow":"follow","max-snippet":"max-snippet:-1","max-image-preview":"max-image-preview:large","max-video-preview":"max-video-preview:-1"},"canonical":"https:\/\/melanvies.com\/fr\/produit\/je-suis-sous-medocs\/","og_locale":"fr_FR","og_type":"article","og_title":"Je suis sous m\u00e9docs","og_description":"Sous m\u00e9docs, mais toujours styl\u00e9\u00b7e. T-shirt en coton 160g pour afficher votre r\u00e9alit\u00e9 avec l\u00e9g\u00e8ret\u00e9.","og_url":"https:\/\/melanvies.com\/fr\/produit\/je-suis-sous-medocs\/","og_site_name":"M\u00e9lanvies","article_modified_time":"2025-05-08T13:51:52+00:00","og_image":[{"width":1440,"height":2160,"url":"https:\/\/melanvies.com\/wp-content\/uploads\/2025\/05\/mockup-of-a-hand-holding-a-t-shirt-in-a-colorful-background-26735-39.png","type":"image\/png"}],"twitter_card":"summary_large_image","twitter_misc":{"Dur\u00e9e de lecture est.":"1 minute"},"schema":{"@context":"https:\/\/schema.org","@graph":[{"@type":"WebPage","@id":"https:\/\/melanvies.com\/produto\/je-suis-sous-medocs\/","url":"https:\/\/melanvies.com\/produto\/je-suis-sous-medocs\/","name":"Je suis sous m\u00e9docs - M\u00e9lanvies","isPartOf":{"@id":"https:\/\/melanvies.com\/#website"},"primaryImageOfPage":{"@id":"https:\/\/melanvies.com\/produto\/je-suis-sous-medocs\/#primaryimage"},"image":{"@id":"https:\/\/melanvies.com\/produto\/je-suis-sous-medocs\/#primaryimage"},"thumbnailUrl":"https:\/\/melanvies.com\/wp-content\/uploads\/2025\/05\/mockup-of-a-hand-holding-a-t-shirt-in-a-colorful-background-26735-39.png","datePublished":"2025-04-24T15:16:34+00:00","dateModified":"2025-05-08T13:51:52+00:00","description":"Sous m\u00e9docs, mais toujours styl\u00e9\u00b7e. T-shirt en coton 160g pour afficher votre r\u00e9alit\u00e9 avec l\u00e9g\u00e8ret\u00e9.","breadcrumb":{"@id":"https:\/\/melanvies.com\/produto\/je-suis-sous-medocs\/#breadcrumb"},"inLanguage":"fr-BE","potentialAction":[{"@type":"ReadAction","target":["https:\/\/melanvies.com\/produto\/je-suis-sous-medocs\/"]}]},{"@type":"ImageObject","inLanguage":"fr-BE","@id":"https:\/\/melanvies.com\/produto\/je-suis-sous-medocs\/#primaryimage","url":"https:\/\/melanvies.com\/wp-content\/uploads\/2025\/05\/mockup-of-a-hand-holding-a-t-shirt-in-a-colorful-background-26735-39.png","contentUrl":"https:\/\/melanvies.com\/wp-content\/uploads\/2025\/05\/mockup-of-a-hand-holding-a-t-shirt-in-a-colorful-background-26735-39.png","width":1440,"height":2160},{"@type":"BreadcrumbList","@id":"https:\/\/melanvies.com\/produto\/je-suis-sous-medocs\/#breadcrumb","itemListElement":[{"@type":"ListItem","position":1,"name":"In\u00edcio","item":"https:\/\/melanvies.com\/"},{"@type":"ListItem","position":2,"name":"Products","item":"https:\/\/www.melanvies.com\/loja\/"},{"@type":"ListItem","position":3,"name":"Je suis sous m\u00e9docs"}]},{"@type":"WebSite","@id":"https:\/\/melanvies.com\/#website","url":"https:\/\/melanvies.com\/","name":"M\u00e9lanvies","description":"T-shirt Personalis\u00e9","publisher":{"@id":"https:\/\/melanvies.com\/#organization"},"potentialAction":[{"@type":"SearchAction","target":{"@type":"EntryPoint","urlTemplate":"https:\/\/melanvies.com\/?s={search_term_string}"},"query-input":{"@type":"PropertyValueSpecification","valueRequired":true,"valueName":"search_term_string"}}],"inLanguage":"fr-BE"},{"@type":"Organization","@id":"https:\/\/melanvies.com\/#organization","name":"M\u00e9lanvies","url":"https:\/\/melanvies.com\/","logo":{"@type":"ImageObject","inLanguage":"fr-BE","@id":"https:\/\/melanvies.com\/#\/schema\/logo\/image\/","url":"https:\/\/melanvies.com\/wp-content\/uploads\/2025\/04\/cropped-w.png","contentUrl":"https:\/\/melanvies.com\/wp-content\/uploads\/2025\/04\/cropped-w.png","width":338,"height":69,"caption":"M\u00e9lanvies"},"image":{"@id":"https:\/\/melanvies.com\/#\/schema\/logo\/image\/"}}]}},"jetpack_sharing_enabled":true,"_links":{"self":[{"href":"https:\/\/melanvies.com\/fr\/wp-json\/wp\/v2\/product\/665","targetHints":{"allow":["GET"]}}],"collection":[{"href":"https:\/\/melanvies.com\/fr\/wp-json\/wp\/v2\/product"}],"about":[{"href":"https:\/\/melanvies.com\/fr\/wp-json\/wp\/v2\/types\/product"}],"replies":[{"embeddable":true,"href":"https:\/\/melanvies.com\/fr\/wp-json\/wp\/v2\/comments?post=665"}],"wp:featuredmedia":[{"embeddable":true,"href":"https:\/\/melanvies.com\/fr\/wp-json\/wp\/v2\/media\/1088"}],"wp:attachment":[{"href":"https:\/\/melanvies.com\/fr\/wp-json\/wp\/v2\/media?parent=665"}],"wp:term":[{"taxonomy":"product_brand","embeddable":true,"href":"https:\/\/melanvies.com\/fr\/wp-json\/wp\/v2\/product_brand?post=665"},{"taxonomy":"product_cat","embeddable":true,"href":"https:\/\/melanvies.com\/fr\/wp-json\/wp\/v2\/product_cat?post=665"},{"taxonomy":"product_tag","embeddable":true,"href":"https:\/\/melanvies.com\/fr\/wp-json\/wp\/v2\/product_tag?post=665"}],"curies":[{"name":"wp","href":"https:\/\/api.w.org\/{rel}","templated":true}]}}