{"id":570,"date":"2025-04-24T12:20:22","date_gmt":"2025-04-24T12:20:22","guid":{"rendered":"https:\/\/melanvies.com\/?post_type=product&#038;p=570"},"modified":"2025-05-08T13:59:42","modified_gmt":"2025-05-08T13:59:42","slug":"foda-se-o-que-eles-pensam-e-tenham-um-bom-dia","status":"publish","type":"product","link":"https:\/\/melanvies.com\/fr\/produit\/foda-se-o-que-eles-pensam-e-tenham-um-bom-dia\/","title":{"rendered":"Foda-se o que eles pensam e tenham um bom dia"},"content":{"rendered":"<p class=\"\" data-start=\"1067\" data-end=\"1134\"><strong data-start=\"1067\" data-end=\"1132\">Aquela mistura perfeita entre \u201cn\u00e3o ligo\u201d e \u201cdesejo o melhor\u201d.<\/strong><\/p>\n<p class=\"\" data-start=\"1141\" data-end=\"1306\">A camiseta \u201cFoda-se o que eles pensam e tenham um bom dia\u201d combina deboche e gentileza em uma s\u00f3 frase \u2014 pra quem tem atitude, mas tamb\u00e9m distribui boas vibra\u00e7\u00f5es.<\/p>\n<p class=\"\" data-start=\"1313\" data-end=\"1458\">Produzida em <strong data-start=\"1326\" data-end=\"1353\">malha 160g 100% algod\u00e3o<\/strong>, com corte largo, toque leve e confort\u00e1vel, ideal pra usar em qualquer ocasi\u00e3o (e com qualquer humor).<\/p>\n<p class=\"\" data-start=\"1465\" data-end=\"1631\">\ud83d\ude0e <strong data-start=\"1468\" data-end=\"1490\">Detalhes t\u00e9cnicos:<\/strong><br data-start=\"1490\" data-end=\"1493\" \/>\u2022 Marca: Fruit of the Loom<br data-start=\"1521\" data-end=\"1524\" \/>\u2022 Modelo: Valueweight<br data-start=\"1547\" data-end=\"1550\" \/>\u2022 Peso: 160g\/m\u00b2<br data-start=\"1567\" data-end=\"1570\" \/>\u2022 Corte: Largo (regular fit)<br data-start=\"1600\" data-end=\"1603\" \/>\u2022 Certificado: \u00d6ko-Tex 100<\/p>","protected":false},"excerpt":{"rendered":"<p>Aquela mistura perfeita entre \u201cn\u00e3o ligo\u201d e \u201cdesejo o melhor\u201d. A camiseta \u201cFoda-se o que eles pensam e tenham um bom dia\u201d combina deboche e gentileza em uma s\u00f3 frase \u2014 pra quem tem atitude, mas tamb\u00e9m distribui boas vibra\u00e7\u00f5es. Produzida em malha 160g 100% algod\u00e3o, com corte largo, toque leve e confort\u00e1vel, ideal pra [&hellip;]<\/p>","protected":false},"featured_media":1112,"comment_status":"open","ping_status":"closed","template":"","meta":[],"product_brand":[],"product_cat":[18],"product_tag":[],"class_list":{"0":"post-570","1":"product","2":"type-product","3":"status-publish","4":"has-post-thumbnail","6":"product_cat-camiseta-malha-160g","8":"first","9":"instock","10":"shipping-taxable","11":"purchasable","12":"product-type-variable"},"yoast_head":"<!-- This site is optimized with the Yoast SEO Premium plugin v24.6 (Yoast SEO v24.8.1) - https:\/\/yoast.com\/wordpress\/plugins\/seo\/ -->\n<title>Foda-se o que eles pensam e tenham um bom dia - M\u00e9lanvies<\/title>\n<meta name=\"description\" content=\"Camiseta com a frase \u201cFoda-se o que eles pensam e tenham um bom dia\u201d. Pra quem tem atitude, mas tamb\u00e9m deseja o bem. Algod\u00e3o 160g confort\u00e1vel.\" \/>\n<meta name=\"robots\" content=\"index, follow, max-snippet:-1, max-image-preview:large, max-video-preview:-1\" \/>\n<link rel=\"canonical\" href=\"https:\/\/melanvies.com\/fr\/produit\/foda-se-o-que-eles-pensam-e-tenham-um-bom-dia\/\" \/>\n<meta property=\"og:locale\" content=\"fr_FR\" \/>\n<meta property=\"og:type\" content=\"article\" \/>\n<meta property=\"og:title\" content=\"Foda-se o que eles pensam e tenham um bom dia\" \/>\n<meta property=\"og:description\" content=\"Camiseta com a frase \u201cFoda-se o que eles pensam e tenham um bom dia\u201d. Pra quem tem atitude, mas tamb\u00e9m deseja o bem. Algod\u00e3o 160g confort\u00e1vel.\" \/>\n<meta property=\"og:url\" content=\"https:\/\/melanvies.com\/fr\/produit\/foda-se-o-que-eles-pensam-e-tenham-um-bom-dia\/\" \/>\n<meta property=\"og:site_name\" content=\"M\u00e9lanvies\" \/>\n<meta property=\"article:modified_time\" content=\"2025-05-08T13:59:42+00:00\" \/>\n<meta property=\"og:image\" content=\"https:\/\/melanvies.com\/wp-content\/uploads\/2025\/05\/mockup-of-a-hand-holding-a-t-shirt-in-a-colorful-background-26735-16.png\" \/>\n\t<meta property=\"og:image:width\" content=\"1440\" \/>\n\t<meta property=\"og:image:height\" content=\"2160\" \/>\n\t<meta property=\"og:image:type\" content=\"image\/png\" \/>\n<meta name=\"twitter:card\" content=\"summary_large_image\" \/>\n<meta name=\"twitter:label1\" content=\"Dur\u00e9e de lecture est.\" \/>\n\t<meta name=\"twitter:data1\" content=\"1 minute\" \/>\n<script type=\"application\/ld+json\" class=\"yoast-schema-graph\">{\"@context\":\"https:\/\/schema.org\",\"@graph\":[{\"@type\":\"WebPage\",\"@id\":\"https:\/\/melanvies.com\/produto\/foda-se-o-que-eles-pensam-e-tenham-um-bom-dia\/\",\"url\":\"https:\/\/melanvies.com\/produto\/foda-se-o-que-eles-pensam-e-tenham-um-bom-dia\/\",\"name\":\"Foda-se o que eles pensam e tenham um bom dia - M\u00e9lanvies\",\"isPartOf\":{\"@id\":\"https:\/\/melanvies.com\/#website\"},\"primaryImageOfPage\":{\"@id\":\"https:\/\/melanvies.com\/produto\/foda-se-o-que-eles-pensam-e-tenham-um-bom-dia\/#primaryimage\"},\"image\":{\"@id\":\"https:\/\/melanvies.com\/produto\/foda-se-o-que-eles-pensam-e-tenham-um-bom-dia\/#primaryimage\"},\"thumbnailUrl\":\"https:\/\/melanvies.com\/wp-content\/uploads\/2025\/05\/mockup-of-a-hand-holding-a-t-shirt-in-a-colorful-background-26735-16.png\",\"datePublished\":\"2025-04-24T12:20:22+00:00\",\"dateModified\":\"2025-05-08T13:59:42+00:00\",\"description\":\"Camiseta com a frase \u201cFoda-se o que eles pensam e tenham um bom dia\u201d. Pra quem tem atitude, mas tamb\u00e9m deseja o bem. Algod\u00e3o 160g confort\u00e1vel.\",\"breadcrumb\":{\"@id\":\"https:\/\/melanvies.com\/produto\/foda-se-o-que-eles-pensam-e-tenham-um-bom-dia\/#breadcrumb\"},\"inLanguage\":\"fr-BE\",\"potentialAction\":[{\"@type\":\"ReadAction\",\"target\":[\"https:\/\/melanvies.com\/produto\/foda-se-o-que-eles-pensam-e-tenham-um-bom-dia\/\"]}]},{\"@type\":\"ImageObject\",\"inLanguage\":\"fr-BE\",\"@id\":\"https:\/\/melanvies.com\/produto\/foda-se-o-que-eles-pensam-e-tenham-um-bom-dia\/#primaryimage\",\"url\":\"https:\/\/melanvies.com\/wp-content\/uploads\/2025\/05\/mockup-of-a-hand-holding-a-t-shirt-in-a-colorful-background-26735-16.png\",\"contentUrl\":\"https:\/\/melanvies.com\/wp-content\/uploads\/2025\/05\/mockup-of-a-hand-holding-a-t-shirt-in-a-colorful-background-26735-16.png\",\"width\":1440,\"height\":2160},{\"@type\":\"BreadcrumbList\",\"@id\":\"https:\/\/melanvies.com\/produto\/foda-se-o-que-eles-pensam-e-tenham-um-bom-dia\/#breadcrumb\",\"itemListElement\":[{\"@type\":\"ListItem\",\"position\":1,\"name\":\"In\u00edcio\",\"item\":\"https:\/\/melanvies.com\/\"},{\"@type\":\"ListItem\",\"position\":2,\"name\":\"Products\",\"item\":\"https:\/\/www.melanvies.com\/loja\/\"},{\"@type\":\"ListItem\",\"position\":3,\"name\":\"Foda-se o que eles pensam e tenham um bom dia\"}]},{\"@type\":\"WebSite\",\"@id\":\"https:\/\/melanvies.com\/#website\",\"url\":\"https:\/\/melanvies.com\/\",\"name\":\"M\u00e9lanvies\",\"description\":\"T-shirt Personalis\u00e9\",\"publisher\":{\"@id\":\"https:\/\/melanvies.com\/#organization\"},\"potentialAction\":[{\"@type\":\"SearchAction\",\"target\":{\"@type\":\"EntryPoint\",\"urlTemplate\":\"https:\/\/melanvies.com\/?s={search_term_string}\"},\"query-input\":{\"@type\":\"PropertyValueSpecification\",\"valueRequired\":true,\"valueName\":\"search_term_string\"}}],\"inLanguage\":\"fr-BE\"},{\"@type\":\"Organization\",\"@id\":\"https:\/\/melanvies.com\/#organization\",\"name\":\"M\u00e9lanvies\",\"url\":\"https:\/\/melanvies.com\/\",\"logo\":{\"@type\":\"ImageObject\",\"inLanguage\":\"fr-BE\",\"@id\":\"https:\/\/melanvies.com\/#\/schema\/logo\/image\/\",\"url\":\"https:\/\/melanvies.com\/wp-content\/uploads\/2025\/04\/cropped-w.png\",\"contentUrl\":\"https:\/\/melanvies.com\/wp-content\/uploads\/2025\/04\/cropped-w.png\",\"width\":338,\"height\":69,\"caption\":\"M\u00e9lanvies\"},\"image\":{\"@id\":\"https:\/\/melanvies.com\/#\/schema\/logo\/image\/\"}}]}<\/script>\n<!-- \/ Yoast SEO Premium plugin. -->","yoast_head_json":{"title":"Foda-se o que eles pensam e tenham um bom dia - M\u00e9lanvies","description":"Camiseta com a frase \u201cFoda-se o que eles pensam e tenham um bom dia\u201d. Pra quem tem atitude, mas tamb\u00e9m deseja o bem. Algod\u00e3o 160g confort\u00e1vel.","robots":{"index":"index","follow":"follow","max-snippet":"max-snippet:-1","max-image-preview":"max-image-preview:large","max-video-preview":"max-video-preview:-1"},"canonical":"https:\/\/melanvies.com\/fr\/produit\/foda-se-o-que-eles-pensam-e-tenham-um-bom-dia\/","og_locale":"fr_FR","og_type":"article","og_title":"Foda-se o que eles pensam e tenham um bom dia","og_description":"Camiseta com a frase \u201cFoda-se o que eles pensam e tenham um bom dia\u201d. Pra quem tem atitude, mas tamb\u00e9m deseja o bem. Algod\u00e3o 160g confort\u00e1vel.","og_url":"https:\/\/melanvies.com\/fr\/produit\/foda-se-o-que-eles-pensam-e-tenham-um-bom-dia\/","og_site_name":"M\u00e9lanvies","article_modified_time":"2025-05-08T13:59:42+00:00","og_image":[{"width":1440,"height":2160,"url":"https:\/\/melanvies.com\/wp-content\/uploads\/2025\/05\/mockup-of-a-hand-holding-a-t-shirt-in-a-colorful-background-26735-16.png","type":"image\/png"}],"twitter_card":"summary_large_image","twitter_misc":{"Dur\u00e9e de lecture est.":"1 minute"},"schema":{"@context":"https:\/\/schema.org","@graph":[{"@type":"WebPage","@id":"https:\/\/melanvies.com\/produto\/foda-se-o-que-eles-pensam-e-tenham-um-bom-dia\/","url":"https:\/\/melanvies.com\/produto\/foda-se-o-que-eles-pensam-e-tenham-um-bom-dia\/","name":"Foda-se o que eles pensam e tenham um bom dia - M\u00e9lanvies","isPartOf":{"@id":"https:\/\/melanvies.com\/#website"},"primaryImageOfPage":{"@id":"https:\/\/melanvies.com\/produto\/foda-se-o-que-eles-pensam-e-tenham-um-bom-dia\/#primaryimage"},"image":{"@id":"https:\/\/melanvies.com\/produto\/foda-se-o-que-eles-pensam-e-tenham-um-bom-dia\/#primaryimage"},"thumbnailUrl":"https:\/\/melanvies.com\/wp-content\/uploads\/2025\/05\/mockup-of-a-hand-holding-a-t-shirt-in-a-colorful-background-26735-16.png","datePublished":"2025-04-24T12:20:22+00:00","dateModified":"2025-05-08T13:59:42+00:00","description":"Camiseta com a frase \u201cFoda-se o que eles pensam e tenham um bom dia\u201d. Pra quem tem atitude, mas tamb\u00e9m deseja o bem. Algod\u00e3o 160g confort\u00e1vel.","breadcrumb":{"@id":"https:\/\/melanvies.com\/produto\/foda-se-o-que-eles-pensam-e-tenham-um-bom-dia\/#breadcrumb"},"inLanguage":"fr-BE","potentialAction":[{"@type":"ReadAction","target":["https:\/\/melanvies.com\/produto\/foda-se-o-que-eles-pensam-e-tenham-um-bom-dia\/"]}]},{"@type":"ImageObject","inLanguage":"fr-BE","@id":"https:\/\/melanvies.com\/produto\/foda-se-o-que-eles-pensam-e-tenham-um-bom-dia\/#primaryimage","url":"https:\/\/melanvies.com\/wp-content\/uploads\/2025\/05\/mockup-of-a-hand-holding-a-t-shirt-in-a-colorful-background-26735-16.png","contentUrl":"https:\/\/melanvies.com\/wp-content\/uploads\/2025\/05\/mockup-of-a-hand-holding-a-t-shirt-in-a-colorful-background-26735-16.png","width":1440,"height":2160},{"@type":"BreadcrumbList","@id":"https:\/\/melanvies.com\/produto\/foda-se-o-que-eles-pensam-e-tenham-um-bom-dia\/#breadcrumb","itemListElement":[{"@type":"ListItem","position":1,"name":"In\u00edcio","item":"https:\/\/melanvies.com\/"},{"@type":"ListItem","position":2,"name":"Products","item":"https:\/\/www.melanvies.com\/loja\/"},{"@type":"ListItem","position":3,"name":"Foda-se o que eles pensam e tenham um bom dia"}]},{"@type":"WebSite","@id":"https:\/\/melanvies.com\/#website","url":"https:\/\/melanvies.com\/","name":"M\u00e9lanvies","description":"T-shirt Personalis\u00e9","publisher":{"@id":"https:\/\/melanvies.com\/#organization"},"potentialAction":[{"@type":"SearchAction","target":{"@type":"EntryPoint","urlTemplate":"https:\/\/melanvies.com\/?s={search_term_string}"},"query-input":{"@type":"PropertyValueSpecification","valueRequired":true,"valueName":"search_term_string"}}],"inLanguage":"fr-BE"},{"@type":"Organization","@id":"https:\/\/melanvies.com\/#organization","name":"M\u00e9lanvies","url":"https:\/\/melanvies.com\/","logo":{"@type":"ImageObject","inLanguage":"fr-BE","@id":"https:\/\/melanvies.com\/#\/schema\/logo\/image\/","url":"https:\/\/melanvies.com\/wp-content\/uploads\/2025\/04\/cropped-w.png","contentUrl":"https:\/\/melanvies.com\/wp-content\/uploads\/2025\/04\/cropped-w.png","width":338,"height":69,"caption":"M\u00e9lanvies"},"image":{"@id":"https:\/\/melanvies.com\/#\/schema\/logo\/image\/"}}]}},"jetpack_sharing_enabled":true,"_links":{"self":[{"href":"https:\/\/melanvies.com\/fr\/wp-json\/wp\/v2\/product\/570","targetHints":{"allow":["GET"]}}],"collection":[{"href":"https:\/\/melanvies.com\/fr\/wp-json\/wp\/v2\/product"}],"about":[{"href":"https:\/\/melanvies.com\/fr\/wp-json\/wp\/v2\/types\/product"}],"replies":[{"embeddable":true,"href":"https:\/\/melanvies.com\/fr\/wp-json\/wp\/v2\/comments?post=570"}],"wp:featuredmedia":[{"embeddable":true,"href":"https:\/\/melanvies.com\/fr\/wp-json\/wp\/v2\/media\/1112"}],"wp:attachment":[{"href":"https:\/\/melanvies.com\/fr\/wp-json\/wp\/v2\/media?parent=570"}],"wp:term":[{"taxonomy":"product_brand","embeddable":true,"href":"https:\/\/melanvies.com\/fr\/wp-json\/wp\/v2\/product_brand?post=570"},{"taxonomy":"product_cat","embeddable":true,"href":"https:\/\/melanvies.com\/fr\/wp-json\/wp\/v2\/product_cat?post=570"},{"taxonomy":"product_tag","embeddable":true,"href":"https:\/\/melanvies.com\/fr\/wp-json\/wp\/v2\/product_tag?post=570"}],"curies":[{"name":"wp","href":"https:\/\/api.w.org\/{rel}","templated":true}]}}