{"id":493,"date":"2025-04-23T17:48:59","date_gmt":"2025-04-23T17:48:59","guid":{"rendered":"https:\/\/melanvies.com\/?post_type=product&#038;p=493"},"modified":"2025-05-08T14:02:34","modified_gmt":"2025-05-08T14:02:34","slug":"je-nai-pas-de-taille-encore-moins-de-patience","status":"publish","type":"product","link":"https:\/\/melanvies.com\/fr\/produit\/je-nai-pas-de-taille-encore-moins-de-patience\/","title":{"rendered":"Je n\u2019ai pas de taille, encore moins de patience."},"content":{"rendered":"<p class=\"\" data-start=\"1151\" data-end=\"1213\"><strong data-start=\"1151\" data-end=\"1211\">Petite taille, mais \u00e9norme caract\u00e8re (et z\u00e9ro patience).<\/strong><\/p>\n<p class=\"\" data-start=\"1220\" data-end=\"1394\">Le t-shirt \u201cJe n\u2019ai pas de taille, encore moins de patience\u201d est fait pour celles et ceux qui savent se faire entendre \u2014 sans hausser le ton, mais avec beaucoup d\u2019attitude.<\/p>\n<p class=\"\" data-start=\"1401\" data-end=\"1533\">Confectionn\u00e9 en <strong data-start=\"1417\" data-end=\"1432\">100 % coton<\/strong>, avec une <strong data-start=\"1443\" data-end=\"1464\">maille de 160g\/m\u00b2<\/strong> et une <strong data-start=\"1472\" data-end=\"1487\">coupe ample<\/strong>, il allie confort et style sans concession.<\/p>\n<p class=\"\" data-start=\"1540\" data-end=\"1717\">\ud83d\ude08 <strong data-start=\"1543\" data-end=\"1567\">D\u00e9tails techniques :<\/strong><br data-start=\"1567\" data-end=\"1570\" \/>\u2022 Marque : Fruit of the Loom<br data-start=\"1600\" data-end=\"1603\" \/>\u2022 Mod\u00e8le : Valueweight<br data-start=\"1627\" data-end=\"1630\" \/>\u2022 Poids : 160g\/m\u00b2<br data-start=\"1649\" data-end=\"1652\" \/>\u2022 Coupe : Ample (regular fit)<br data-start=\"1683\" data-end=\"1686\" \/>\u2022 Certification : \u00d6ko-Tex 100<\/p>","protected":false},"excerpt":{"rendered":"<p>Petite taille, mais \u00e9norme caract\u00e8re (et z\u00e9ro patience). Le t-shirt \u201cJe n\u2019ai pas de taille, encore moins de patience\u201d est fait pour celles et ceux qui savent se faire entendre \u2014 sans hausser le ton, mais avec beaucoup d\u2019attitude. Confectionn\u00e9 en 100 % coton, avec une maille de 160g\/m\u00b2 et une coupe ample, il allie [&hellip;]<\/p>","protected":false},"featured_media":1095,"comment_status":"open","ping_status":"closed","template":"","meta":[],"product_brand":[],"product_cat":[18],"product_tag":[],"class_list":{"0":"post-493","1":"product","2":"type-product","3":"status-publish","4":"has-post-thumbnail","6":"product_cat-camiseta-malha-160g","8":"first","9":"instock","10":"shipping-taxable","11":"purchasable","12":"product-type-variable"},"yoast_head":"<!-- This site is optimized with the Yoast SEO Premium plugin v24.6 (Yoast SEO v24.8.1) - https:\/\/yoast.com\/wordpress\/plugins\/seo\/ -->\n<title>Je n\u2019ai pas de taille, encore moins de patience. - M\u00e9lanvies<\/title>\n<meta name=\"description\" content=\"T-shirt avec la phrase \u201cJe n\u2019ai pas de taille, encore moins de patience\u201d. Petite taille, grande attitude. Coton 160g, coupe ample.\" \/>\n<meta name=\"robots\" content=\"index, follow, max-snippet:-1, max-image-preview:large, max-video-preview:-1\" \/>\n<link rel=\"canonical\" href=\"https:\/\/melanvies.com\/fr\/produit\/je-nai-pas-de-taille-encore-moins-de-patience\/\" \/>\n<meta property=\"og:locale\" content=\"fr_FR\" \/>\n<meta property=\"og:type\" content=\"article\" \/>\n<meta property=\"og:title\" content=\"Je n\u2019ai pas de taille, encore moins de patience.\" \/>\n<meta property=\"og:description\" content=\"T-shirt avec la phrase \u201cJe n\u2019ai pas de taille, encore moins de patience\u201d. Petite taille, grande attitude. Coton 160g, coupe ample.\" \/>\n<meta property=\"og:url\" content=\"https:\/\/melanvies.com\/fr\/produit\/je-nai-pas-de-taille-encore-moins-de-patience\/\" \/>\n<meta property=\"og:site_name\" content=\"M\u00e9lanvies\" \/>\n<meta property=\"article:modified_time\" content=\"2025-05-08T14:02:34+00:00\" \/>\n<meta property=\"og:image\" content=\"https:\/\/melanvies.com\/wp-content\/uploads\/2025\/05\/mockup-of-a-hand-holding-a-t-shirt-in-a-colorful-background-26735-32.png\" \/>\n\t<meta property=\"og:image:width\" content=\"1440\" \/>\n\t<meta property=\"og:image:height\" content=\"2160\" \/>\n\t<meta property=\"og:image:type\" content=\"image\/png\" \/>\n<meta name=\"twitter:card\" content=\"summary_large_image\" \/>\n<meta name=\"twitter:label1\" content=\"Dur\u00e9e de lecture est.\" \/>\n\t<meta name=\"twitter:data1\" content=\"1 minute\" \/>\n<script type=\"application\/ld+json\" class=\"yoast-schema-graph\">{\"@context\":\"https:\/\/schema.org\",\"@graph\":[{\"@type\":\"WebPage\",\"@id\":\"https:\/\/melanvies.com\/produto\/je-nai-pas-de-taille-encore-moins-de-patience\/\",\"url\":\"https:\/\/melanvies.com\/produto\/je-nai-pas-de-taille-encore-moins-de-patience\/\",\"name\":\"Je n\u2019ai pas de taille, encore moins de patience. - M\u00e9lanvies\",\"isPartOf\":{\"@id\":\"https:\/\/melanvies.com\/#website\"},\"primaryImageOfPage\":{\"@id\":\"https:\/\/melanvies.com\/produto\/je-nai-pas-de-taille-encore-moins-de-patience\/#primaryimage\"},\"image\":{\"@id\":\"https:\/\/melanvies.com\/produto\/je-nai-pas-de-taille-encore-moins-de-patience\/#primaryimage\"},\"thumbnailUrl\":\"https:\/\/melanvies.com\/wp-content\/uploads\/2025\/05\/mockup-of-a-hand-holding-a-t-shirt-in-a-colorful-background-26735-32.png\",\"datePublished\":\"2025-04-23T17:48:59+00:00\",\"dateModified\":\"2025-05-08T14:02:34+00:00\",\"description\":\"T-shirt avec la phrase \u201cJe n\u2019ai pas de taille, encore moins de patience\u201d. Petite taille, grande attitude. Coton 160g, coupe ample.\",\"breadcrumb\":{\"@id\":\"https:\/\/melanvies.com\/produto\/je-nai-pas-de-taille-encore-moins-de-patience\/#breadcrumb\"},\"inLanguage\":\"fr-BE\",\"potentialAction\":[{\"@type\":\"ReadAction\",\"target\":[\"https:\/\/melanvies.com\/produto\/je-nai-pas-de-taille-encore-moins-de-patience\/\"]}]},{\"@type\":\"ImageObject\",\"inLanguage\":\"fr-BE\",\"@id\":\"https:\/\/melanvies.com\/produto\/je-nai-pas-de-taille-encore-moins-de-patience\/#primaryimage\",\"url\":\"https:\/\/melanvies.com\/wp-content\/uploads\/2025\/05\/mockup-of-a-hand-holding-a-t-shirt-in-a-colorful-background-26735-32.png\",\"contentUrl\":\"https:\/\/melanvies.com\/wp-content\/uploads\/2025\/05\/mockup-of-a-hand-holding-a-t-shirt-in-a-colorful-background-26735-32.png\",\"width\":1440,\"height\":2160},{\"@type\":\"BreadcrumbList\",\"@id\":\"https:\/\/melanvies.com\/produto\/je-nai-pas-de-taille-encore-moins-de-patience\/#breadcrumb\",\"itemListElement\":[{\"@type\":\"ListItem\",\"position\":1,\"name\":\"In\u00edcio\",\"item\":\"https:\/\/melanvies.com\/\"},{\"@type\":\"ListItem\",\"position\":2,\"name\":\"Products\",\"item\":\"https:\/\/www.melanvies.com\/loja\/\"},{\"@type\":\"ListItem\",\"position\":3,\"name\":\"Je n\u2019ai pas de taille, encore moins de patience.\"}]},{\"@type\":\"WebSite\",\"@id\":\"https:\/\/melanvies.com\/#website\",\"url\":\"https:\/\/melanvies.com\/\",\"name\":\"M\u00e9lanvies\",\"description\":\"T-shirt Personalis\u00e9\",\"publisher\":{\"@id\":\"https:\/\/melanvies.com\/#organization\"},\"potentialAction\":[{\"@type\":\"SearchAction\",\"target\":{\"@type\":\"EntryPoint\",\"urlTemplate\":\"https:\/\/melanvies.com\/?s={search_term_string}\"},\"query-input\":{\"@type\":\"PropertyValueSpecification\",\"valueRequired\":true,\"valueName\":\"search_term_string\"}}],\"inLanguage\":\"fr-BE\"},{\"@type\":\"Organization\",\"@id\":\"https:\/\/melanvies.com\/#organization\",\"name\":\"M\u00e9lanvies\",\"url\":\"https:\/\/melanvies.com\/\",\"logo\":{\"@type\":\"ImageObject\",\"inLanguage\":\"fr-BE\",\"@id\":\"https:\/\/melanvies.com\/#\/schema\/logo\/image\/\",\"url\":\"https:\/\/melanvies.com\/wp-content\/uploads\/2025\/04\/cropped-w.png\",\"contentUrl\":\"https:\/\/melanvies.com\/wp-content\/uploads\/2025\/04\/cropped-w.png\",\"width\":338,\"height\":69,\"caption\":\"M\u00e9lanvies\"},\"image\":{\"@id\":\"https:\/\/melanvies.com\/#\/schema\/logo\/image\/\"}}]}<\/script>\n<!-- \/ Yoast SEO Premium plugin. -->","yoast_head_json":{"title":"Je n\u2019ai pas de taille, encore moins de patience. - M\u00e9lanvies","description":"T-shirt avec la phrase \u201cJe n\u2019ai pas de taille, encore moins de patience\u201d. Petite taille, grande attitude. Coton 160g, coupe ample.","robots":{"index":"index","follow":"follow","max-snippet":"max-snippet:-1","max-image-preview":"max-image-preview:large","max-video-preview":"max-video-preview:-1"},"canonical":"https:\/\/melanvies.com\/fr\/produit\/je-nai-pas-de-taille-encore-moins-de-patience\/","og_locale":"fr_FR","og_type":"article","og_title":"Je n\u2019ai pas de taille, encore moins de patience.","og_description":"T-shirt avec la phrase \u201cJe n\u2019ai pas de taille, encore moins de patience\u201d. Petite taille, grande attitude. Coton 160g, coupe ample.","og_url":"https:\/\/melanvies.com\/fr\/produit\/je-nai-pas-de-taille-encore-moins-de-patience\/","og_site_name":"M\u00e9lanvies","article_modified_time":"2025-05-08T14:02:34+00:00","og_image":[{"width":1440,"height":2160,"url":"https:\/\/melanvies.com\/wp-content\/uploads\/2025\/05\/mockup-of-a-hand-holding-a-t-shirt-in-a-colorful-background-26735-32.png","type":"image\/png"}],"twitter_card":"summary_large_image","twitter_misc":{"Dur\u00e9e de lecture est.":"1 minute"},"schema":{"@context":"https:\/\/schema.org","@graph":[{"@type":"WebPage","@id":"https:\/\/melanvies.com\/produto\/je-nai-pas-de-taille-encore-moins-de-patience\/","url":"https:\/\/melanvies.com\/produto\/je-nai-pas-de-taille-encore-moins-de-patience\/","name":"Je n\u2019ai pas de taille, encore moins de patience. - M\u00e9lanvies","isPartOf":{"@id":"https:\/\/melanvies.com\/#website"},"primaryImageOfPage":{"@id":"https:\/\/melanvies.com\/produto\/je-nai-pas-de-taille-encore-moins-de-patience\/#primaryimage"},"image":{"@id":"https:\/\/melanvies.com\/produto\/je-nai-pas-de-taille-encore-moins-de-patience\/#primaryimage"},"thumbnailUrl":"https:\/\/melanvies.com\/wp-content\/uploads\/2025\/05\/mockup-of-a-hand-holding-a-t-shirt-in-a-colorful-background-26735-32.png","datePublished":"2025-04-23T17:48:59+00:00","dateModified":"2025-05-08T14:02:34+00:00","description":"T-shirt avec la phrase \u201cJe n\u2019ai pas de taille, encore moins de patience\u201d. Petite taille, grande attitude. Coton 160g, coupe ample.","breadcrumb":{"@id":"https:\/\/melanvies.com\/produto\/je-nai-pas-de-taille-encore-moins-de-patience\/#breadcrumb"},"inLanguage":"fr-BE","potentialAction":[{"@type":"ReadAction","target":["https:\/\/melanvies.com\/produto\/je-nai-pas-de-taille-encore-moins-de-patience\/"]}]},{"@type":"ImageObject","inLanguage":"fr-BE","@id":"https:\/\/melanvies.com\/produto\/je-nai-pas-de-taille-encore-moins-de-patience\/#primaryimage","url":"https:\/\/melanvies.com\/wp-content\/uploads\/2025\/05\/mockup-of-a-hand-holding-a-t-shirt-in-a-colorful-background-26735-32.png","contentUrl":"https:\/\/melanvies.com\/wp-content\/uploads\/2025\/05\/mockup-of-a-hand-holding-a-t-shirt-in-a-colorful-background-26735-32.png","width":1440,"height":2160},{"@type":"BreadcrumbList","@id":"https:\/\/melanvies.com\/produto\/je-nai-pas-de-taille-encore-moins-de-patience\/#breadcrumb","itemListElement":[{"@type":"ListItem","position":1,"name":"In\u00edcio","item":"https:\/\/melanvies.com\/"},{"@type":"ListItem","position":2,"name":"Products","item":"https:\/\/www.melanvies.com\/loja\/"},{"@type":"ListItem","position":3,"name":"Je n\u2019ai pas de taille, encore moins de patience."}]},{"@type":"WebSite","@id":"https:\/\/melanvies.com\/#website","url":"https:\/\/melanvies.com\/","name":"M\u00e9lanvies","description":"T-shirt Personalis\u00e9","publisher":{"@id":"https:\/\/melanvies.com\/#organization"},"potentialAction":[{"@type":"SearchAction","target":{"@type":"EntryPoint","urlTemplate":"https:\/\/melanvies.com\/?s={search_term_string}"},"query-input":{"@type":"PropertyValueSpecification","valueRequired":true,"valueName":"search_term_string"}}],"inLanguage":"fr-BE"},{"@type":"Organization","@id":"https:\/\/melanvies.com\/#organization","name":"M\u00e9lanvies","url":"https:\/\/melanvies.com\/","logo":{"@type":"ImageObject","inLanguage":"fr-BE","@id":"https:\/\/melanvies.com\/#\/schema\/logo\/image\/","url":"https:\/\/melanvies.com\/wp-content\/uploads\/2025\/04\/cropped-w.png","contentUrl":"https:\/\/melanvies.com\/wp-content\/uploads\/2025\/04\/cropped-w.png","width":338,"height":69,"caption":"M\u00e9lanvies"},"image":{"@id":"https:\/\/melanvies.com\/#\/schema\/logo\/image\/"}}]}},"jetpack_sharing_enabled":true,"_links":{"self":[{"href":"https:\/\/melanvies.com\/fr\/wp-json\/wp\/v2\/product\/493","targetHints":{"allow":["GET"]}}],"collection":[{"href":"https:\/\/melanvies.com\/fr\/wp-json\/wp\/v2\/product"}],"about":[{"href":"https:\/\/melanvies.com\/fr\/wp-json\/wp\/v2\/types\/product"}],"replies":[{"embeddable":true,"href":"https:\/\/melanvies.com\/fr\/wp-json\/wp\/v2\/comments?post=493"}],"wp:featuredmedia":[{"embeddable":true,"href":"https:\/\/melanvies.com\/fr\/wp-json\/wp\/v2\/media\/1095"}],"wp:attachment":[{"href":"https:\/\/melanvies.com\/fr\/wp-json\/wp\/v2\/media?parent=493"}],"wp:term":[{"taxonomy":"product_brand","embeddable":true,"href":"https:\/\/melanvies.com\/fr\/wp-json\/wp\/v2\/product_brand?post=493"},{"taxonomy":"product_cat","embeddable":true,"href":"https:\/\/melanvies.com\/fr\/wp-json\/wp\/v2\/product_cat?post=493"},{"taxonomy":"product_tag","embeddable":true,"href":"https:\/\/melanvies.com\/fr\/wp-json\/wp\/v2\/product_tag?post=493"}],"curies":[{"name":"wp","href":"https:\/\/api.w.org\/{rel}","templated":true}]}}