{"id":474,"date":"2025-04-23T17:44:45","date_gmt":"2025-04-23T17:44:45","guid":{"rendered":"https:\/\/melanvies.com\/?post_type=product&#038;p=474"},"modified":"2025-05-08T14:02:32","modified_gmt":"2025-05-08T14:02:32","slug":"eu-nao-tenho-tamanho-imagina-paciencia","status":"publish","type":"product","link":"https:\/\/melanvies.com\/fr\/produit\/eu-nao-tenho-tamanho-imagina-paciencia\/","title":{"rendered":"Eu n\u00e3o tenho tamanho, imagina paci\u00eancia"},"content":{"rendered":"<p class=\"\" data-start=\"1141\" data-end=\"1204\"><strong data-start=\"1141\" data-end=\"1202\">Pequena no tamanho, enorme na atitude (e zero paci\u00eancia).<\/strong><\/p>\n<p class=\"\" data-start=\"1211\" data-end=\"1388\">A camiseta \u201cEu n\u00e3o tenho tamanho, imagina paci\u00eancia\u201d foi feita pra quem n\u00e3o leva desaforo pra casa \u2014 e nem precisa explicar muito. Estilo direto, com toque leve e confort\u00e1vel.<\/p>\n<p class=\"\" data-start=\"1395\" data-end=\"1532\">Produzida em <strong data-start=\"1408\" data-end=\"1435\">malha 160g 100% algod\u00e3o<\/strong>, com corte largo e caimento perfeito pra deixar claro quem \u00e9 que manda, sem perder o conforto.<\/p>\n<p class=\"\" data-start=\"1539\" data-end=\"1705\">\ud83d\udd25 <strong data-start=\"1542\" data-end=\"1564\">Detalhes t\u00e9cnicos:<\/strong><br data-start=\"1564\" data-end=\"1567\" \/>\u2022 Marca: Fruit of the Loom<br data-start=\"1595\" data-end=\"1598\" \/>\u2022 Modelo: Valueweight<br data-start=\"1621\" data-end=\"1624\" \/>\u2022 Peso: 160g\/m\u00b2<br data-start=\"1641\" data-end=\"1644\" \/>\u2022 Corte: Largo (regular fit)<br data-start=\"1674\" data-end=\"1677\" \/>\u2022 Certificado: \u00d6ko-Tex 100<\/p>","protected":false},"excerpt":{"rendered":"<p>Pequena no tamanho, enorme na atitude (e zero paci\u00eancia). A camiseta \u201cEu n\u00e3o tenho tamanho, imagina paci\u00eancia\u201d foi feita pra quem n\u00e3o leva desaforo pra casa \u2014 e nem precisa explicar muito. Estilo direto, com toque leve e confort\u00e1vel. Produzida em malha 160g 100% algod\u00e3o, com corte largo e caimento perfeito pra deixar claro quem [&hellip;]<\/p>","protected":false},"featured_media":1098,"comment_status":"open","ping_status":"closed","template":"","meta":[],"product_brand":[],"product_cat":[18],"product_tag":[],"class_list":{"0":"post-474","1":"product","2":"type-product","3":"status-publish","4":"has-post-thumbnail","6":"product_cat-camiseta-malha-160g","8":"first","9":"instock","10":"shipping-taxable","11":"purchasable","12":"product-type-variable"},"yoast_head":"<!-- This site is optimized with the Yoast SEO Premium plugin v24.6 (Yoast SEO v24.8.1) - https:\/\/yoast.com\/wordpress\/plugins\/seo\/ -->\n<title>Eu n\u00e3o tenho tamanho, imagina paci\u00eancia - M\u00e9lanvies<\/title>\n<meta name=\"description\" content=\"Camiseta com a frase \u201cEu n\u00e3o tenho tamanho, imagina paci\u00eancia\u201d. Para quem \u00e9 pequeno no tamanho, mas gigante na atitude. Algod\u00e3o 160g confort\u00e1vel.\" \/>\n<meta name=\"robots\" content=\"index, follow, max-snippet:-1, max-image-preview:large, max-video-preview:-1\" \/>\n<link rel=\"canonical\" href=\"https:\/\/melanvies.com\/fr\/produit\/eu-nao-tenho-tamanho-imagina-paciencia\/\" \/>\n<meta property=\"og:locale\" content=\"fr_FR\" \/>\n<meta property=\"og:type\" content=\"article\" \/>\n<meta property=\"og:title\" content=\"Eu n\u00e3o tenho tamanho, imagina paci\u00eancia\" \/>\n<meta property=\"og:description\" content=\"Camiseta com a frase \u201cEu n\u00e3o tenho tamanho, imagina paci\u00eancia\u201d. Para quem \u00e9 pequeno no tamanho, mas gigante na atitude. Algod\u00e3o 160g confort\u00e1vel.\" \/>\n<meta property=\"og:url\" content=\"https:\/\/melanvies.com\/fr\/produit\/eu-nao-tenho-tamanho-imagina-paciencia\/\" \/>\n<meta property=\"og:site_name\" content=\"M\u00e9lanvies\" \/>\n<meta property=\"article:modified_time\" content=\"2025-05-08T14:02:32+00:00\" \/>\n<meta property=\"og:image\" content=\"https:\/\/melanvies.com\/wp-content\/uploads\/2025\/05\/mockup-of-a-hand-holding-a-t-shirt-in-a-colorful-background-26735-29.png\" \/>\n\t<meta property=\"og:image:width\" content=\"1440\" \/>\n\t<meta property=\"og:image:height\" content=\"2160\" \/>\n\t<meta property=\"og:image:type\" content=\"image\/png\" \/>\n<meta name=\"twitter:card\" content=\"summary_large_image\" \/>\n<meta name=\"twitter:label1\" content=\"Dur\u00e9e de lecture est.\" \/>\n\t<meta name=\"twitter:data1\" content=\"1 minute\" \/>\n<script type=\"application\/ld+json\" class=\"yoast-schema-graph\">{\"@context\":\"https:\/\/schema.org\",\"@graph\":[{\"@type\":\"WebPage\",\"@id\":\"https:\/\/melanvies.com\/produto\/eu-nao-tenho-tamanho-imagina-paciencia\/\",\"url\":\"https:\/\/melanvies.com\/produto\/eu-nao-tenho-tamanho-imagina-paciencia\/\",\"name\":\"Eu n\u00e3o tenho tamanho, imagina paci\u00eancia - M\u00e9lanvies\",\"isPartOf\":{\"@id\":\"https:\/\/melanvies.com\/#website\"},\"primaryImageOfPage\":{\"@id\":\"https:\/\/melanvies.com\/produto\/eu-nao-tenho-tamanho-imagina-paciencia\/#primaryimage\"},\"image\":{\"@id\":\"https:\/\/melanvies.com\/produto\/eu-nao-tenho-tamanho-imagina-paciencia\/#primaryimage\"},\"thumbnailUrl\":\"https:\/\/melanvies.com\/wp-content\/uploads\/2025\/05\/mockup-of-a-hand-holding-a-t-shirt-in-a-colorful-background-26735-29.png\",\"datePublished\":\"2025-04-23T17:44:45+00:00\",\"dateModified\":\"2025-05-08T14:02:32+00:00\",\"description\":\"Camiseta com a frase \u201cEu n\u00e3o tenho tamanho, imagina paci\u00eancia\u201d. Para quem \u00e9 pequeno no tamanho, mas gigante na atitude. Algod\u00e3o 160g confort\u00e1vel.\",\"breadcrumb\":{\"@id\":\"https:\/\/melanvies.com\/produto\/eu-nao-tenho-tamanho-imagina-paciencia\/#breadcrumb\"},\"inLanguage\":\"fr-BE\",\"potentialAction\":[{\"@type\":\"ReadAction\",\"target\":[\"https:\/\/melanvies.com\/produto\/eu-nao-tenho-tamanho-imagina-paciencia\/\"]}]},{\"@type\":\"ImageObject\",\"inLanguage\":\"fr-BE\",\"@id\":\"https:\/\/melanvies.com\/produto\/eu-nao-tenho-tamanho-imagina-paciencia\/#primaryimage\",\"url\":\"https:\/\/melanvies.com\/wp-content\/uploads\/2025\/05\/mockup-of-a-hand-holding-a-t-shirt-in-a-colorful-background-26735-29.png\",\"contentUrl\":\"https:\/\/melanvies.com\/wp-content\/uploads\/2025\/05\/mockup-of-a-hand-holding-a-t-shirt-in-a-colorful-background-26735-29.png\",\"width\":1440,\"height\":2160},{\"@type\":\"BreadcrumbList\",\"@id\":\"https:\/\/melanvies.com\/produto\/eu-nao-tenho-tamanho-imagina-paciencia\/#breadcrumb\",\"itemListElement\":[{\"@type\":\"ListItem\",\"position\":1,\"name\":\"In\u00edcio\",\"item\":\"https:\/\/melanvies.com\/\"},{\"@type\":\"ListItem\",\"position\":2,\"name\":\"Products\",\"item\":\"https:\/\/www.melanvies.com\/loja\/\"},{\"@type\":\"ListItem\",\"position\":3,\"name\":\"Eu n\u00e3o tenho tamanho, imagina paci\u00eancia\"}]},{\"@type\":\"WebSite\",\"@id\":\"https:\/\/melanvies.com\/#website\",\"url\":\"https:\/\/melanvies.com\/\",\"name\":\"M\u00e9lanvies\",\"description\":\"T-shirt Personalis\u00e9\",\"publisher\":{\"@id\":\"https:\/\/melanvies.com\/#organization\"},\"potentialAction\":[{\"@type\":\"SearchAction\",\"target\":{\"@type\":\"EntryPoint\",\"urlTemplate\":\"https:\/\/melanvies.com\/?s={search_term_string}\"},\"query-input\":{\"@type\":\"PropertyValueSpecification\",\"valueRequired\":true,\"valueName\":\"search_term_string\"}}],\"inLanguage\":\"fr-BE\"},{\"@type\":\"Organization\",\"@id\":\"https:\/\/melanvies.com\/#organization\",\"name\":\"M\u00e9lanvies\",\"url\":\"https:\/\/melanvies.com\/\",\"logo\":{\"@type\":\"ImageObject\",\"inLanguage\":\"fr-BE\",\"@id\":\"https:\/\/melanvies.com\/#\/schema\/logo\/image\/\",\"url\":\"https:\/\/melanvies.com\/wp-content\/uploads\/2025\/04\/cropped-w.png\",\"contentUrl\":\"https:\/\/melanvies.com\/wp-content\/uploads\/2025\/04\/cropped-w.png\",\"width\":338,\"height\":69,\"caption\":\"M\u00e9lanvies\"},\"image\":{\"@id\":\"https:\/\/melanvies.com\/#\/schema\/logo\/image\/\"}}]}<\/script>\n<!-- \/ Yoast SEO Premium plugin. -->","yoast_head_json":{"title":"Eu n\u00e3o tenho tamanho, imagina paci\u00eancia - M\u00e9lanvies","description":"Camiseta com a frase \u201cEu n\u00e3o tenho tamanho, imagina paci\u00eancia\u201d. Para quem \u00e9 pequeno no tamanho, mas gigante na atitude. Algod\u00e3o 160g confort\u00e1vel.","robots":{"index":"index","follow":"follow","max-snippet":"max-snippet:-1","max-image-preview":"max-image-preview:large","max-video-preview":"max-video-preview:-1"},"canonical":"https:\/\/melanvies.com\/fr\/produit\/eu-nao-tenho-tamanho-imagina-paciencia\/","og_locale":"fr_FR","og_type":"article","og_title":"Eu n\u00e3o tenho tamanho, imagina paci\u00eancia","og_description":"Camiseta com a frase \u201cEu n\u00e3o tenho tamanho, imagina paci\u00eancia\u201d. Para quem \u00e9 pequeno no tamanho, mas gigante na atitude. Algod\u00e3o 160g confort\u00e1vel.","og_url":"https:\/\/melanvies.com\/fr\/produit\/eu-nao-tenho-tamanho-imagina-paciencia\/","og_site_name":"M\u00e9lanvies","article_modified_time":"2025-05-08T14:02:32+00:00","og_image":[{"width":1440,"height":2160,"url":"https:\/\/melanvies.com\/wp-content\/uploads\/2025\/05\/mockup-of-a-hand-holding-a-t-shirt-in-a-colorful-background-26735-29.png","type":"image\/png"}],"twitter_card":"summary_large_image","twitter_misc":{"Dur\u00e9e de lecture est.":"1 minute"},"schema":{"@context":"https:\/\/schema.org","@graph":[{"@type":"WebPage","@id":"https:\/\/melanvies.com\/produto\/eu-nao-tenho-tamanho-imagina-paciencia\/","url":"https:\/\/melanvies.com\/produto\/eu-nao-tenho-tamanho-imagina-paciencia\/","name":"Eu n\u00e3o tenho tamanho, imagina paci\u00eancia - M\u00e9lanvies","isPartOf":{"@id":"https:\/\/melanvies.com\/#website"},"primaryImageOfPage":{"@id":"https:\/\/melanvies.com\/produto\/eu-nao-tenho-tamanho-imagina-paciencia\/#primaryimage"},"image":{"@id":"https:\/\/melanvies.com\/produto\/eu-nao-tenho-tamanho-imagina-paciencia\/#primaryimage"},"thumbnailUrl":"https:\/\/melanvies.com\/wp-content\/uploads\/2025\/05\/mockup-of-a-hand-holding-a-t-shirt-in-a-colorful-background-26735-29.png","datePublished":"2025-04-23T17:44:45+00:00","dateModified":"2025-05-08T14:02:32+00:00","description":"Camiseta com a frase \u201cEu n\u00e3o tenho tamanho, imagina paci\u00eancia\u201d. Para quem \u00e9 pequeno no tamanho, mas gigante na atitude. Algod\u00e3o 160g confort\u00e1vel.","breadcrumb":{"@id":"https:\/\/melanvies.com\/produto\/eu-nao-tenho-tamanho-imagina-paciencia\/#breadcrumb"},"inLanguage":"fr-BE","potentialAction":[{"@type":"ReadAction","target":["https:\/\/melanvies.com\/produto\/eu-nao-tenho-tamanho-imagina-paciencia\/"]}]},{"@type":"ImageObject","inLanguage":"fr-BE","@id":"https:\/\/melanvies.com\/produto\/eu-nao-tenho-tamanho-imagina-paciencia\/#primaryimage","url":"https:\/\/melanvies.com\/wp-content\/uploads\/2025\/05\/mockup-of-a-hand-holding-a-t-shirt-in-a-colorful-background-26735-29.png","contentUrl":"https:\/\/melanvies.com\/wp-content\/uploads\/2025\/05\/mockup-of-a-hand-holding-a-t-shirt-in-a-colorful-background-26735-29.png","width":1440,"height":2160},{"@type":"BreadcrumbList","@id":"https:\/\/melanvies.com\/produto\/eu-nao-tenho-tamanho-imagina-paciencia\/#breadcrumb","itemListElement":[{"@type":"ListItem","position":1,"name":"In\u00edcio","item":"https:\/\/melanvies.com\/"},{"@type":"ListItem","position":2,"name":"Products","item":"https:\/\/www.melanvies.com\/loja\/"},{"@type":"ListItem","position":3,"name":"Eu n\u00e3o tenho tamanho, imagina paci\u00eancia"}]},{"@type":"WebSite","@id":"https:\/\/melanvies.com\/#website","url":"https:\/\/melanvies.com\/","name":"M\u00e9lanvies","description":"T-shirt Personalis\u00e9","publisher":{"@id":"https:\/\/melanvies.com\/#organization"},"potentialAction":[{"@type":"SearchAction","target":{"@type":"EntryPoint","urlTemplate":"https:\/\/melanvies.com\/?s={search_term_string}"},"query-input":{"@type":"PropertyValueSpecification","valueRequired":true,"valueName":"search_term_string"}}],"inLanguage":"fr-BE"},{"@type":"Organization","@id":"https:\/\/melanvies.com\/#organization","name":"M\u00e9lanvies","url":"https:\/\/melanvies.com\/","logo":{"@type":"ImageObject","inLanguage":"fr-BE","@id":"https:\/\/melanvies.com\/#\/schema\/logo\/image\/","url":"https:\/\/melanvies.com\/wp-content\/uploads\/2025\/04\/cropped-w.png","contentUrl":"https:\/\/melanvies.com\/wp-content\/uploads\/2025\/04\/cropped-w.png","width":338,"height":69,"caption":"M\u00e9lanvies"},"image":{"@id":"https:\/\/melanvies.com\/#\/schema\/logo\/image\/"}}]}},"jetpack_sharing_enabled":true,"_links":{"self":[{"href":"https:\/\/melanvies.com\/fr\/wp-json\/wp\/v2\/product\/474","targetHints":{"allow":["GET"]}}],"collection":[{"href":"https:\/\/melanvies.com\/fr\/wp-json\/wp\/v2\/product"}],"about":[{"href":"https:\/\/melanvies.com\/fr\/wp-json\/wp\/v2\/types\/product"}],"replies":[{"embeddable":true,"href":"https:\/\/melanvies.com\/fr\/wp-json\/wp\/v2\/comments?post=474"}],"wp:featuredmedia":[{"embeddable":true,"href":"https:\/\/melanvies.com\/fr\/wp-json\/wp\/v2\/media\/1098"}],"wp:attachment":[{"href":"https:\/\/melanvies.com\/fr\/wp-json\/wp\/v2\/media?parent=474"}],"wp:term":[{"taxonomy":"product_brand","embeddable":true,"href":"https:\/\/melanvies.com\/fr\/wp-json\/wp\/v2\/product_brand?post=474"},{"taxonomy":"product_cat","embeddable":true,"href":"https:\/\/melanvies.com\/fr\/wp-json\/wp\/v2\/product_cat?post=474"},{"taxonomy":"product_tag","embeddable":true,"href":"https:\/\/melanvies.com\/fr\/wp-json\/wp\/v2\/product_tag?post=474"}],"curies":[{"name":"wp","href":"https:\/\/api.w.org\/{rel}","templated":true}]}}