{"id":417,"date":"2025-04-23T12:42:32","date_gmt":"2025-04-23T12:42:32","guid":{"rendered":"https:\/\/melanvies.com\/?post_type=product&#038;p=417"},"modified":"2025-05-08T14:09:15","modified_gmt":"2025-05-08T14:09:15","slug":"expliquer-cest-fatigant-juge-moi","status":"publish","type":"product","link":"https:\/\/melanvies.com\/fr\/produit\/expliquer-cest-fatigant-juge-moi\/","title":{"rendered":"Expliquer, c\u2019est fatigant. Juge-moi."},"content":{"rendered":"<p class=\"\" data-start=\"1160\" data-end=\"1216\"><strong data-start=\"1160\" data-end=\"1214\">Pas besoin d\u2019expliquer quand on sait qui l\u2019on est.<\/strong><\/p>\n<p class=\"\" data-start=\"1223\" data-end=\"1380\">Le t-shirt \u201cExpliquer, c\u2019est fatigant. Juge-moi.\u201d s\u2019adresse \u00e0 celles et ceux qui pr\u00e9f\u00e8rent le silence au discours \u2014 mais toujours avec une touche d\u2019ironie.<\/p>\n<p class=\"\" data-start=\"1387\" data-end=\"1548\">Confectionn\u00e9 en <strong data-start=\"1403\" data-end=\"1418\">100 % coton<\/strong>, avec une <strong data-start=\"1429\" data-end=\"1450\">maille de 160g\/m\u00b2<\/strong> et une <strong data-start=\"1458\" data-end=\"1473\">coupe ample<\/strong>. L\u00e9ger, doux et parfait pour affirmer qui vous \u00eates sans un mot de plus.<\/p>\n<p class=\"\" data-start=\"1555\" data-end=\"1732\">\ud83d\ude0e <strong data-start=\"1558\" data-end=\"1582\">D\u00e9tails techniques :<\/strong><br data-start=\"1582\" data-end=\"1585\" \/>\u2022 Marque : Fruit of the Loom<br data-start=\"1615\" data-end=\"1618\" \/>\u2022 Mod\u00e8le : Valueweight<br data-start=\"1642\" data-end=\"1645\" \/>\u2022 Poids : 160g\/m\u00b2<br data-start=\"1664\" data-end=\"1667\" \/>\u2022 Coupe : Ample (regular fit)<br data-start=\"1698\" data-end=\"1701\" \/>\u2022 Certification : \u00d6ko-Tex 100<\/p>","protected":false},"excerpt":{"rendered":"<p>Pas besoin d\u2019expliquer quand on sait qui l\u2019on est. Le t-shirt \u201cExpliquer, c\u2019est fatigant. Juge-moi.\u201d s\u2019adresse \u00e0 celles et ceux qui pr\u00e9f\u00e8rent le silence au discours \u2014 mais toujours avec une touche d\u2019ironie. Confectionn\u00e9 en 100 % coton, avec une maille de 160g\/m\u00b2 et une coupe ample. L\u00e9ger, doux et parfait pour affirmer qui vous [&hellip;]<\/p>","protected":false},"featured_media":1115,"comment_status":"open","ping_status":"closed","template":"","meta":[],"product_brand":[],"product_cat":[18],"product_tag":[],"class_list":{"0":"post-417","1":"product","2":"type-product","3":"status-publish","4":"has-post-thumbnail","6":"product_cat-camiseta-malha-160g","8":"first","9":"instock","10":"shipping-taxable","11":"purchasable","12":"product-type-variable"},"yoast_head":"<!-- This site is optimized with the Yoast SEO Premium plugin v24.6 (Yoast SEO v24.8.1) - https:\/\/yoast.com\/wordpress\/plugins\/seo\/ -->\n<title>Expliquer, c\u2019est fatigant. Juge-moi. - M\u00e9lanvies<\/title>\n<meta name=\"description\" content=\"T-shirt en coton 160g avec la phrase \u201cExpliquer, c\u2019est fatigant. Juge-moi.\u201d Pour celles et ceux qui pr\u00e9f\u00e8rent le silence au d\u00e9bat.\" \/>\n<meta name=\"robots\" content=\"index, follow, max-snippet:-1, max-image-preview:large, max-video-preview:-1\" \/>\n<link rel=\"canonical\" href=\"https:\/\/melanvies.com\/fr\/produit\/expliquer-cest-fatigant-juge-moi\/\" \/>\n<meta property=\"og:locale\" content=\"fr_FR\" \/>\n<meta property=\"og:type\" content=\"article\" \/>\n<meta property=\"og:title\" content=\"Expliquer, c\u2019est fatigant. Juge-moi.\" \/>\n<meta property=\"og:description\" content=\"T-shirt en coton 160g avec la phrase \u201cExpliquer, c\u2019est fatigant. Juge-moi.\u201d Pour celles et ceux qui pr\u00e9f\u00e8rent le silence au d\u00e9bat.\" \/>\n<meta property=\"og:url\" content=\"https:\/\/melanvies.com\/fr\/produit\/expliquer-cest-fatigant-juge-moi\/\" \/>\n<meta property=\"og:site_name\" content=\"M\u00e9lanvies\" \/>\n<meta property=\"article:modified_time\" content=\"2025-05-08T14:09:15+00:00\" \/>\n<meta property=\"og:image\" content=\"https:\/\/melanvies.com\/wp-content\/uploads\/2025\/05\/mockup-of-a-hand-holding-a-t-shirt-in-a-colorful-background-26735-13-683x1024.png\" \/>\n\t<meta property=\"og:image:width\" content=\"683\" \/>\n\t<meta property=\"og:image:height\" content=\"1024\" \/>\n\t<meta property=\"og:image:type\" content=\"image\/png\" \/>\n<meta name=\"twitter:card\" content=\"summary_large_image\" \/>\n<meta name=\"twitter:label1\" content=\"Dur\u00e9e de lecture est.\" \/>\n\t<meta name=\"twitter:data1\" content=\"1 minute\" \/>\n<script type=\"application\/ld+json\" class=\"yoast-schema-graph\">{\"@context\":\"https:\/\/schema.org\",\"@graph\":[{\"@type\":\"WebPage\",\"@id\":\"https:\/\/melanvies.com\/produto\/expliquer-cest-fatigant-juge-moi\/\",\"url\":\"https:\/\/melanvies.com\/produto\/expliquer-cest-fatigant-juge-moi\/\",\"name\":\"Expliquer, c\u2019est fatigant. Juge-moi. - M\u00e9lanvies\",\"isPartOf\":{\"@id\":\"https:\/\/melanvies.com\/#website\"},\"primaryImageOfPage\":{\"@id\":\"https:\/\/melanvies.com\/produto\/expliquer-cest-fatigant-juge-moi\/#primaryimage\"},\"image\":{\"@id\":\"https:\/\/melanvies.com\/produto\/expliquer-cest-fatigant-juge-moi\/#primaryimage\"},\"thumbnailUrl\":\"https:\/\/melanvies.com\/wp-content\/uploads\/2025\/05\/mockup-of-a-hand-holding-a-t-shirt-in-a-colorful-background-26735-13.png\",\"datePublished\":\"2025-04-23T12:42:32+00:00\",\"dateModified\":\"2025-05-08T14:09:15+00:00\",\"description\":\"T-shirt en coton 160g avec la phrase \u201cExpliquer, c\u2019est fatigant. Juge-moi.\u201d Pour celles et ceux qui pr\u00e9f\u00e8rent le silence au d\u00e9bat.\",\"breadcrumb\":{\"@id\":\"https:\/\/melanvies.com\/produto\/expliquer-cest-fatigant-juge-moi\/#breadcrumb\"},\"inLanguage\":\"fr-BE\",\"potentialAction\":[{\"@type\":\"ReadAction\",\"target\":[\"https:\/\/melanvies.com\/produto\/expliquer-cest-fatigant-juge-moi\/\"]}]},{\"@type\":\"ImageObject\",\"inLanguage\":\"fr-BE\",\"@id\":\"https:\/\/melanvies.com\/produto\/expliquer-cest-fatigant-juge-moi\/#primaryimage\",\"url\":\"https:\/\/melanvies.com\/wp-content\/uploads\/2025\/05\/mockup-of-a-hand-holding-a-t-shirt-in-a-colorful-background-26735-13.png\",\"contentUrl\":\"https:\/\/melanvies.com\/wp-content\/uploads\/2025\/05\/mockup-of-a-hand-holding-a-t-shirt-in-a-colorful-background-26735-13.png\",\"width\":1440,\"height\":2160},{\"@type\":\"BreadcrumbList\",\"@id\":\"https:\/\/melanvies.com\/produto\/expliquer-cest-fatigant-juge-moi\/#breadcrumb\",\"itemListElement\":[{\"@type\":\"ListItem\",\"position\":1,\"name\":\"In\u00edcio\",\"item\":\"https:\/\/melanvies.com\/\"},{\"@type\":\"ListItem\",\"position\":2,\"name\":\"Products\",\"item\":\"https:\/\/www.melanvies.com\/loja\/\"},{\"@type\":\"ListItem\",\"position\":3,\"name\":\"Expliquer, c\u2019est fatigant. Juge-moi.\"}]},{\"@type\":\"WebSite\",\"@id\":\"https:\/\/melanvies.com\/#website\",\"url\":\"https:\/\/melanvies.com\/\",\"name\":\"M\u00e9lanvies\",\"description\":\"T-shirt Personalis\u00e9\",\"publisher\":{\"@id\":\"https:\/\/melanvies.com\/#organization\"},\"potentialAction\":[{\"@type\":\"SearchAction\",\"target\":{\"@type\":\"EntryPoint\",\"urlTemplate\":\"https:\/\/melanvies.com\/?s={search_term_string}\"},\"query-input\":{\"@type\":\"PropertyValueSpecification\",\"valueRequired\":true,\"valueName\":\"search_term_string\"}}],\"inLanguage\":\"fr-BE\"},{\"@type\":\"Organization\",\"@id\":\"https:\/\/melanvies.com\/#organization\",\"name\":\"M\u00e9lanvies\",\"url\":\"https:\/\/melanvies.com\/\",\"logo\":{\"@type\":\"ImageObject\",\"inLanguage\":\"fr-BE\",\"@id\":\"https:\/\/melanvies.com\/#\/schema\/logo\/image\/\",\"url\":\"https:\/\/melanvies.com\/wp-content\/uploads\/2025\/04\/cropped-w.png\",\"contentUrl\":\"https:\/\/melanvies.com\/wp-content\/uploads\/2025\/04\/cropped-w.png\",\"width\":338,\"height\":69,\"caption\":\"M\u00e9lanvies\"},\"image\":{\"@id\":\"https:\/\/melanvies.com\/#\/schema\/logo\/image\/\"}}]}<\/script>\n<!-- \/ Yoast SEO Premium plugin. -->","yoast_head_json":{"title":"Expliquer, c\u2019est fatigant. Juge-moi. - M\u00e9lanvies","description":"T-shirt en coton 160g avec la phrase \u201cExpliquer, c\u2019est fatigant. Juge-moi.\u201d Pour celles et ceux qui pr\u00e9f\u00e8rent le silence au d\u00e9bat.","robots":{"index":"index","follow":"follow","max-snippet":"max-snippet:-1","max-image-preview":"max-image-preview:large","max-video-preview":"max-video-preview:-1"},"canonical":"https:\/\/melanvies.com\/fr\/produit\/expliquer-cest-fatigant-juge-moi\/","og_locale":"fr_FR","og_type":"article","og_title":"Expliquer, c\u2019est fatigant. Juge-moi.","og_description":"T-shirt en coton 160g avec la phrase \u201cExpliquer, c\u2019est fatigant. Juge-moi.\u201d Pour celles et ceux qui pr\u00e9f\u00e8rent le silence au d\u00e9bat.","og_url":"https:\/\/melanvies.com\/fr\/produit\/expliquer-cest-fatigant-juge-moi\/","og_site_name":"M\u00e9lanvies","article_modified_time":"2025-05-08T14:09:15+00:00","og_image":[{"width":683,"height":1024,"url":"https:\/\/melanvies.com\/wp-content\/uploads\/2025\/05\/mockup-of-a-hand-holding-a-t-shirt-in-a-colorful-background-26735-13-683x1024.png","type":"image\/png"}],"twitter_card":"summary_large_image","twitter_misc":{"Dur\u00e9e de lecture est.":"1 minute"},"schema":{"@context":"https:\/\/schema.org","@graph":[{"@type":"WebPage","@id":"https:\/\/melanvies.com\/produto\/expliquer-cest-fatigant-juge-moi\/","url":"https:\/\/melanvies.com\/produto\/expliquer-cest-fatigant-juge-moi\/","name":"Expliquer, c\u2019est fatigant. Juge-moi. - M\u00e9lanvies","isPartOf":{"@id":"https:\/\/melanvies.com\/#website"},"primaryImageOfPage":{"@id":"https:\/\/melanvies.com\/produto\/expliquer-cest-fatigant-juge-moi\/#primaryimage"},"image":{"@id":"https:\/\/melanvies.com\/produto\/expliquer-cest-fatigant-juge-moi\/#primaryimage"},"thumbnailUrl":"https:\/\/melanvies.com\/wp-content\/uploads\/2025\/05\/mockup-of-a-hand-holding-a-t-shirt-in-a-colorful-background-26735-13.png","datePublished":"2025-04-23T12:42:32+00:00","dateModified":"2025-05-08T14:09:15+00:00","description":"T-shirt en coton 160g avec la phrase \u201cExpliquer, c\u2019est fatigant. Juge-moi.\u201d Pour celles et ceux qui pr\u00e9f\u00e8rent le silence au d\u00e9bat.","breadcrumb":{"@id":"https:\/\/melanvies.com\/produto\/expliquer-cest-fatigant-juge-moi\/#breadcrumb"},"inLanguage":"fr-BE","potentialAction":[{"@type":"ReadAction","target":["https:\/\/melanvies.com\/produto\/expliquer-cest-fatigant-juge-moi\/"]}]},{"@type":"ImageObject","inLanguage":"fr-BE","@id":"https:\/\/melanvies.com\/produto\/expliquer-cest-fatigant-juge-moi\/#primaryimage","url":"https:\/\/melanvies.com\/wp-content\/uploads\/2025\/05\/mockup-of-a-hand-holding-a-t-shirt-in-a-colorful-background-26735-13.png","contentUrl":"https:\/\/melanvies.com\/wp-content\/uploads\/2025\/05\/mockup-of-a-hand-holding-a-t-shirt-in-a-colorful-background-26735-13.png","width":1440,"height":2160},{"@type":"BreadcrumbList","@id":"https:\/\/melanvies.com\/produto\/expliquer-cest-fatigant-juge-moi\/#breadcrumb","itemListElement":[{"@type":"ListItem","position":1,"name":"In\u00edcio","item":"https:\/\/melanvies.com\/"},{"@type":"ListItem","position":2,"name":"Products","item":"https:\/\/www.melanvies.com\/loja\/"},{"@type":"ListItem","position":3,"name":"Expliquer, c\u2019est fatigant. Juge-moi."}]},{"@type":"WebSite","@id":"https:\/\/melanvies.com\/#website","url":"https:\/\/melanvies.com\/","name":"M\u00e9lanvies","description":"T-shirt Personalis\u00e9","publisher":{"@id":"https:\/\/melanvies.com\/#organization"},"potentialAction":[{"@type":"SearchAction","target":{"@type":"EntryPoint","urlTemplate":"https:\/\/melanvies.com\/?s={search_term_string}"},"query-input":{"@type":"PropertyValueSpecification","valueRequired":true,"valueName":"search_term_string"}}],"inLanguage":"fr-BE"},{"@type":"Organization","@id":"https:\/\/melanvies.com\/#organization","name":"M\u00e9lanvies","url":"https:\/\/melanvies.com\/","logo":{"@type":"ImageObject","inLanguage":"fr-BE","@id":"https:\/\/melanvies.com\/#\/schema\/logo\/image\/","url":"https:\/\/melanvies.com\/wp-content\/uploads\/2025\/04\/cropped-w.png","contentUrl":"https:\/\/melanvies.com\/wp-content\/uploads\/2025\/04\/cropped-w.png","width":338,"height":69,"caption":"M\u00e9lanvies"},"image":{"@id":"https:\/\/melanvies.com\/#\/schema\/logo\/image\/"}}]}},"jetpack_sharing_enabled":true,"_links":{"self":[{"href":"https:\/\/melanvies.com\/fr\/wp-json\/wp\/v2\/product\/417","targetHints":{"allow":["GET"]}}],"collection":[{"href":"https:\/\/melanvies.com\/fr\/wp-json\/wp\/v2\/product"}],"about":[{"href":"https:\/\/melanvies.com\/fr\/wp-json\/wp\/v2\/types\/product"}],"replies":[{"embeddable":true,"href":"https:\/\/melanvies.com\/fr\/wp-json\/wp\/v2\/comments?post=417"}],"wp:featuredmedia":[{"embeddable":true,"href":"https:\/\/melanvies.com\/fr\/wp-json\/wp\/v2\/media\/1115"}],"wp:attachment":[{"href":"https:\/\/melanvies.com\/fr\/wp-json\/wp\/v2\/media?parent=417"}],"wp:term":[{"taxonomy":"product_brand","embeddable":true,"href":"https:\/\/melanvies.com\/fr\/wp-json\/wp\/v2\/product_brand?post=417"},{"taxonomy":"product_cat","embeddable":true,"href":"https:\/\/melanvies.com\/fr\/wp-json\/wp\/v2\/product_cat?post=417"},{"taxonomy":"product_tag","embeddable":true,"href":"https:\/\/melanvies.com\/fr\/wp-json\/wp\/v2\/product_tag?post=417"}],"curies":[{"name":"wp","href":"https:\/\/api.w.org\/{rel}","templated":true}]}}