{"id":378,"date":"2025-04-22T22:01:12","date_gmt":"2025-04-22T22:01:12","guid":{"rendered":"https:\/\/melanvies.com\/?post_type=product&#038;p=378"},"modified":"2025-05-08T14:05:18","modified_gmt":"2025-05-08T14:05:18","slug":"tshirt-chien-caramel-bresil","status":"publish","type":"product","link":"https:\/\/melanvies.com\/fr\/produit\/tshirt-chien-caramel-bresil\/","title":{"rendered":"Ceci repr\u00e9sente le Br\u00e9sil bien plus que le football et la samba."},"content":{"rendered":"<p class=\"\" data-start=\"1268\" data-end=\"1332\"><strong data-start=\"1268\" data-end=\"1330\">Le vrai Br\u00e9sil ne se r\u00e9sume pas au football et \u00e0 la samba.<\/strong><\/p>\n<p class=\"\" data-start=\"1339\" data-end=\"1568\">Le t-shirt \u201cCeci repr\u00e9sente le Br\u00e9sil bien plus que le football et la samba\u201d met en avant <strong data-start=\"1429\" data-end=\"1449\">le chien caramel<\/strong>, v\u00e9ritable symbole de notre quotidien. Un hommage plein d\u2019humour et d\u2019affection \u00e0 ce h\u00e9ros national \u00e0 quatre pattes.<\/p>\n<p class=\"\" data-start=\"1575\" data-end=\"1691\">Fabriqu\u00e9 en <strong data-start=\"1587\" data-end=\"1602\">100 % coton<\/strong>, avec une <strong data-start=\"1613\" data-end=\"1634\">maille de 160g\/m\u00b2<\/strong> et une <strong data-start=\"1642\" data-end=\"1657\">coupe ample<\/strong>, il allie confort et caract\u00e8re.<\/p>\n<p class=\"\" data-start=\"1698\" data-end=\"1878\">\ud83d\udc15\u200d\ud83e\uddba <strong data-start=\"1704\" data-end=\"1728\">D\u00e9tails techniques :<\/strong><br data-start=\"1728\" data-end=\"1731\" \/>\u2022 Marque : Fruit of the Loom<br data-start=\"1761\" data-end=\"1764\" \/>\u2022 Mod\u00e8le : Valueweight<br data-start=\"1788\" data-end=\"1791\" \/>\u2022 Poids : 160g\/m\u00b2<br data-start=\"1810\" data-end=\"1813\" \/>\u2022 Coupe : Ample (regular fit)<br data-start=\"1844\" data-end=\"1847\" \/>\u2022 Certification : \u00d6ko-Tex 100<\/p>","protected":false},"excerpt":{"rendered":"<p>Le vrai Br\u00e9sil ne se r\u00e9sume pas au football et \u00e0 la samba. Le t-shirt \u201cCeci repr\u00e9sente le Br\u00e9sil bien plus que le football et la samba\u201d met en avant le chien caramel, v\u00e9ritable symbole de notre quotidien. Un hommage plein d\u2019humour et d\u2019affection \u00e0 ce h\u00e9ros national \u00e0 quatre pattes. Fabriqu\u00e9 en 100 % [&hellip;]<\/p>","protected":false},"featured_media":1082,"comment_status":"open","ping_status":"closed","template":"","meta":[],"product_brand":[],"product_cat":[18],"product_tag":[],"class_list":{"0":"post-378","1":"product","2":"type-product","3":"status-publish","4":"has-post-thumbnail","6":"product_cat-camiseta-malha-160g","8":"first","9":"instock","10":"shipping-taxable","11":"purchasable","12":"product-type-variable"},"yoast_head":"<!-- This site is optimized with the Yoast SEO Premium plugin v24.6 (Yoast SEO v24.8.1) - https:\/\/yoast.com\/wordpress\/plugins\/seo\/ -->\n<title>Ceci repr\u00e9sente le Br\u00e9sil bien plus que le football et la samba. - M\u00e9lanvies<\/title>\n<meta name=\"description\" content=\"T-shirt avec le chien caramel, v\u00e9ritable ic\u00f4ne du Br\u00e9sil. Coton 160g, coupe ample. Humour garanti, identit\u00e9 assum\u00e9e.\" \/>\n<meta name=\"robots\" content=\"index, follow, max-snippet:-1, max-image-preview:large, max-video-preview:-1\" \/>\n<link rel=\"canonical\" href=\"https:\/\/melanvies.com\/fr\/produit\/tshirt-chien-caramel-bresil\/\" \/>\n<meta property=\"og:locale\" content=\"fr_FR\" \/>\n<meta property=\"og:type\" content=\"article\" \/>\n<meta property=\"og:title\" content=\"Ceci repr\u00e9sente le Br\u00e9sil bien plus que le football et la samba.\" \/>\n<meta property=\"og:description\" content=\"T-shirt avec le chien caramel, v\u00e9ritable ic\u00f4ne du Br\u00e9sil. Coton 160g, coupe ample. Humour garanti, identit\u00e9 assum\u00e9e.\" \/>\n<meta property=\"og:url\" content=\"https:\/\/melanvies.com\/fr\/produit\/tshirt-chien-caramel-bresil\/\" \/>\n<meta property=\"og:site_name\" content=\"M\u00e9lanvies\" \/>\n<meta property=\"article:modified_time\" content=\"2025-05-08T14:05:18+00:00\" \/>\n<meta property=\"og:image\" content=\"https:\/\/melanvies.com\/wp-content\/uploads\/2025\/05\/mockup-of-a-hand-holding-a-t-shirt-in-a-colorful-background-26735-46-683x1024.png\" \/>\n\t<meta property=\"og:image:width\" content=\"683\" \/>\n\t<meta property=\"og:image:height\" content=\"1024\" \/>\n\t<meta property=\"og:image:type\" content=\"image\/png\" \/>\n<meta name=\"twitter:card\" content=\"summary_large_image\" \/>\n<meta name=\"twitter:label1\" content=\"Dur\u00e9e de lecture est.\" \/>\n\t<meta name=\"twitter:data1\" content=\"1 minute\" \/>\n<script type=\"application\/ld+json\" class=\"yoast-schema-graph\">{\"@context\":\"https:\/\/schema.org\",\"@graph\":[{\"@type\":\"WebPage\",\"@id\":\"https:\/\/melanvies.com\/produto\/tshirt-chien-caramel-bresil\/\",\"url\":\"https:\/\/melanvies.com\/produto\/tshirt-chien-caramel-bresil\/\",\"name\":\"Ceci repr\u00e9sente le Br\u00e9sil bien plus que le football et la samba. - M\u00e9lanvies\",\"isPartOf\":{\"@id\":\"https:\/\/melanvies.com\/#website\"},\"primaryImageOfPage\":{\"@id\":\"https:\/\/melanvies.com\/produto\/tshirt-chien-caramel-bresil\/#primaryimage\"},\"image\":{\"@id\":\"https:\/\/melanvies.com\/produto\/tshirt-chien-caramel-bresil\/#primaryimage\"},\"thumbnailUrl\":\"https:\/\/melanvies.com\/wp-content\/uploads\/2025\/05\/mockup-of-a-hand-holding-a-t-shirt-in-a-colorful-background-26735-46.png\",\"datePublished\":\"2025-04-22T22:01:12+00:00\",\"dateModified\":\"2025-05-08T14:05:18+00:00\",\"description\":\"T-shirt avec le chien caramel, v\u00e9ritable ic\u00f4ne du Br\u00e9sil. Coton 160g, coupe ample. Humour garanti, identit\u00e9 assum\u00e9e.\",\"breadcrumb\":{\"@id\":\"https:\/\/melanvies.com\/produto\/tshirt-chien-caramel-bresil\/#breadcrumb\"},\"inLanguage\":\"fr-BE\",\"potentialAction\":[{\"@type\":\"ReadAction\",\"target\":[\"https:\/\/melanvies.com\/produto\/tshirt-chien-caramel-bresil\/\"]}]},{\"@type\":\"ImageObject\",\"inLanguage\":\"fr-BE\",\"@id\":\"https:\/\/melanvies.com\/produto\/tshirt-chien-caramel-bresil\/#primaryimage\",\"url\":\"https:\/\/melanvies.com\/wp-content\/uploads\/2025\/05\/mockup-of-a-hand-holding-a-t-shirt-in-a-colorful-background-26735-46.png\",\"contentUrl\":\"https:\/\/melanvies.com\/wp-content\/uploads\/2025\/05\/mockup-of-a-hand-holding-a-t-shirt-in-a-colorful-background-26735-46.png\",\"width\":1440,\"height\":2160},{\"@type\":\"BreadcrumbList\",\"@id\":\"https:\/\/melanvies.com\/produto\/tshirt-chien-caramel-bresil\/#breadcrumb\",\"itemListElement\":[{\"@type\":\"ListItem\",\"position\":1,\"name\":\"In\u00edcio\",\"item\":\"https:\/\/melanvies.com\/\"},{\"@type\":\"ListItem\",\"position\":2,\"name\":\"Products\",\"item\":\"https:\/\/www.melanvies.com\/loja\/\"},{\"@type\":\"ListItem\",\"position\":3,\"name\":\"Ceci repr\u00e9sente le Br\u00e9sil bien plus que le football et la samba.\"}]},{\"@type\":\"WebSite\",\"@id\":\"https:\/\/melanvies.com\/#website\",\"url\":\"https:\/\/melanvies.com\/\",\"name\":\"M\u00e9lanvies\",\"description\":\"T-shirt Personalis\u00e9\",\"publisher\":{\"@id\":\"https:\/\/melanvies.com\/#organization\"},\"potentialAction\":[{\"@type\":\"SearchAction\",\"target\":{\"@type\":\"EntryPoint\",\"urlTemplate\":\"https:\/\/melanvies.com\/?s={search_term_string}\"},\"query-input\":{\"@type\":\"PropertyValueSpecification\",\"valueRequired\":true,\"valueName\":\"search_term_string\"}}],\"inLanguage\":\"fr-BE\"},{\"@type\":\"Organization\",\"@id\":\"https:\/\/melanvies.com\/#organization\",\"name\":\"M\u00e9lanvies\",\"url\":\"https:\/\/melanvies.com\/\",\"logo\":{\"@type\":\"ImageObject\",\"inLanguage\":\"fr-BE\",\"@id\":\"https:\/\/melanvies.com\/#\/schema\/logo\/image\/\",\"url\":\"https:\/\/melanvies.com\/wp-content\/uploads\/2025\/04\/cropped-w.png\",\"contentUrl\":\"https:\/\/melanvies.com\/wp-content\/uploads\/2025\/04\/cropped-w.png\",\"width\":338,\"height\":69,\"caption\":\"M\u00e9lanvies\"},\"image\":{\"@id\":\"https:\/\/melanvies.com\/#\/schema\/logo\/image\/\"}}]}<\/script>\n<!-- \/ Yoast SEO Premium plugin. -->","yoast_head_json":{"title":"Ceci repr\u00e9sente le Br\u00e9sil bien plus que le football et la samba. - M\u00e9lanvies","description":"T-shirt avec le chien caramel, v\u00e9ritable ic\u00f4ne du Br\u00e9sil. Coton 160g, coupe ample. Humour garanti, identit\u00e9 assum\u00e9e.","robots":{"index":"index","follow":"follow","max-snippet":"max-snippet:-1","max-image-preview":"max-image-preview:large","max-video-preview":"max-video-preview:-1"},"canonical":"https:\/\/melanvies.com\/fr\/produit\/tshirt-chien-caramel-bresil\/","og_locale":"fr_FR","og_type":"article","og_title":"Ceci repr\u00e9sente le Br\u00e9sil bien plus que le football et la samba.","og_description":"T-shirt avec le chien caramel, v\u00e9ritable ic\u00f4ne du Br\u00e9sil. Coton 160g, coupe ample. Humour garanti, identit\u00e9 assum\u00e9e.","og_url":"https:\/\/melanvies.com\/fr\/produit\/tshirt-chien-caramel-bresil\/","og_site_name":"M\u00e9lanvies","article_modified_time":"2025-05-08T14:05:18+00:00","og_image":[{"width":683,"height":1024,"url":"https:\/\/melanvies.com\/wp-content\/uploads\/2025\/05\/mockup-of-a-hand-holding-a-t-shirt-in-a-colorful-background-26735-46-683x1024.png","type":"image\/png"}],"twitter_card":"summary_large_image","twitter_misc":{"Dur\u00e9e de lecture est.":"1 minute"},"schema":{"@context":"https:\/\/schema.org","@graph":[{"@type":"WebPage","@id":"https:\/\/melanvies.com\/produto\/tshirt-chien-caramel-bresil\/","url":"https:\/\/melanvies.com\/produto\/tshirt-chien-caramel-bresil\/","name":"Ceci repr\u00e9sente le Br\u00e9sil bien plus que le football et la samba. - M\u00e9lanvies","isPartOf":{"@id":"https:\/\/melanvies.com\/#website"},"primaryImageOfPage":{"@id":"https:\/\/melanvies.com\/produto\/tshirt-chien-caramel-bresil\/#primaryimage"},"image":{"@id":"https:\/\/melanvies.com\/produto\/tshirt-chien-caramel-bresil\/#primaryimage"},"thumbnailUrl":"https:\/\/melanvies.com\/wp-content\/uploads\/2025\/05\/mockup-of-a-hand-holding-a-t-shirt-in-a-colorful-background-26735-46.png","datePublished":"2025-04-22T22:01:12+00:00","dateModified":"2025-05-08T14:05:18+00:00","description":"T-shirt avec le chien caramel, v\u00e9ritable ic\u00f4ne du Br\u00e9sil. Coton 160g, coupe ample. Humour garanti, identit\u00e9 assum\u00e9e.","breadcrumb":{"@id":"https:\/\/melanvies.com\/produto\/tshirt-chien-caramel-bresil\/#breadcrumb"},"inLanguage":"fr-BE","potentialAction":[{"@type":"ReadAction","target":["https:\/\/melanvies.com\/produto\/tshirt-chien-caramel-bresil\/"]}]},{"@type":"ImageObject","inLanguage":"fr-BE","@id":"https:\/\/melanvies.com\/produto\/tshirt-chien-caramel-bresil\/#primaryimage","url":"https:\/\/melanvies.com\/wp-content\/uploads\/2025\/05\/mockup-of-a-hand-holding-a-t-shirt-in-a-colorful-background-26735-46.png","contentUrl":"https:\/\/melanvies.com\/wp-content\/uploads\/2025\/05\/mockup-of-a-hand-holding-a-t-shirt-in-a-colorful-background-26735-46.png","width":1440,"height":2160},{"@type":"BreadcrumbList","@id":"https:\/\/melanvies.com\/produto\/tshirt-chien-caramel-bresil\/#breadcrumb","itemListElement":[{"@type":"ListItem","position":1,"name":"In\u00edcio","item":"https:\/\/melanvies.com\/"},{"@type":"ListItem","position":2,"name":"Products","item":"https:\/\/www.melanvies.com\/loja\/"},{"@type":"ListItem","position":3,"name":"Ceci repr\u00e9sente le Br\u00e9sil bien plus que le football et la samba."}]},{"@type":"WebSite","@id":"https:\/\/melanvies.com\/#website","url":"https:\/\/melanvies.com\/","name":"M\u00e9lanvies","description":"T-shirt Personalis\u00e9","publisher":{"@id":"https:\/\/melanvies.com\/#organization"},"potentialAction":[{"@type":"SearchAction","target":{"@type":"EntryPoint","urlTemplate":"https:\/\/melanvies.com\/?s={search_term_string}"},"query-input":{"@type":"PropertyValueSpecification","valueRequired":true,"valueName":"search_term_string"}}],"inLanguage":"fr-BE"},{"@type":"Organization","@id":"https:\/\/melanvies.com\/#organization","name":"M\u00e9lanvies","url":"https:\/\/melanvies.com\/","logo":{"@type":"ImageObject","inLanguage":"fr-BE","@id":"https:\/\/melanvies.com\/#\/schema\/logo\/image\/","url":"https:\/\/melanvies.com\/wp-content\/uploads\/2025\/04\/cropped-w.png","contentUrl":"https:\/\/melanvies.com\/wp-content\/uploads\/2025\/04\/cropped-w.png","width":338,"height":69,"caption":"M\u00e9lanvies"},"image":{"@id":"https:\/\/melanvies.com\/#\/schema\/logo\/image\/"}}]}},"jetpack_sharing_enabled":true,"_links":{"self":[{"href":"https:\/\/melanvies.com\/fr\/wp-json\/wp\/v2\/product\/378","targetHints":{"allow":["GET"]}}],"collection":[{"href":"https:\/\/melanvies.com\/fr\/wp-json\/wp\/v2\/product"}],"about":[{"href":"https:\/\/melanvies.com\/fr\/wp-json\/wp\/v2\/types\/product"}],"replies":[{"embeddable":true,"href":"https:\/\/melanvies.com\/fr\/wp-json\/wp\/v2\/comments?post=378"}],"wp:featuredmedia":[{"embeddable":true,"href":"https:\/\/melanvies.com\/fr\/wp-json\/wp\/v2\/media\/1082"}],"wp:attachment":[{"href":"https:\/\/melanvies.com\/fr\/wp-json\/wp\/v2\/media?parent=378"}],"wp:term":[{"taxonomy":"product_brand","embeddable":true,"href":"https:\/\/melanvies.com\/fr\/wp-json\/wp\/v2\/product_brand?post=378"},{"taxonomy":"product_cat","embeddable":true,"href":"https:\/\/melanvies.com\/fr\/wp-json\/wp\/v2\/product_cat?post=378"},{"taxonomy":"product_tag","embeddable":true,"href":"https:\/\/melanvies.com\/fr\/wp-json\/wp\/v2\/product_tag?post=378"}],"curies":[{"name":"wp","href":"https:\/\/api.w.org\/{rel}","templated":true}]}}