{"id":318,"date":"2025-04-13T22:19:30","date_gmt":"2025-04-13T22:19:30","guid":{"rendered":"https:\/\/melanvies.com\/?post_type=product&#038;p=318"},"modified":"2025-05-08T14:10:35","modified_gmt":"2025-05-08T14:10:35","slug":"tshirt-lire-pour-voir-le-monde","status":"publish","type":"product","link":"https:\/\/melanvies.com\/fr\/produit\/tshirt-lire-pour-voir-le-monde\/","title":{"rendered":"Lire pour voir le monde"},"content":{"rendered":"<p class=\"\" data-start=\"1019\" data-end=\"1056\"><strong data-start=\"1019\" data-end=\"1054\">Lire, c\u2019est agrandir le regard.<\/strong><\/p>\n<p class=\"\" data-start=\"1063\" data-end=\"1193\">Le t-shirt \u201cLire pour voir le monde\u201d est un clin d\u2019\u0153il \u00e0 celles et ceux qui d\u00e9couvrent de nouveaux mondes \u00e0 chaque page tourn\u00e9e.<\/p>\n<p class=\"\" data-start=\"1200\" data-end=\"1351\">Fabriqu\u00e9 en <strong data-start=\"1212\" data-end=\"1227\">100 % coton<\/strong>, avec une <strong data-start=\"1238\" data-end=\"1259\">maille de 160g\/m\u00b2<\/strong> et une <strong data-start=\"1267\" data-end=\"1282\">coupe ample<\/strong>, il offre l\u00e9g\u00e8ret\u00e9, douceur et style \u00e0 tous les amoureux des mots.<\/p>\n<p class=\"\" data-start=\"1358\" data-end=\"1535\">\ud83d\udcda <strong data-start=\"1361\" data-end=\"1385\">D\u00e9tails techniques :<\/strong><br data-start=\"1385\" data-end=\"1388\" \/>\u2022 Marque : Fruit of the Loom<br data-start=\"1418\" data-end=\"1421\" \/>\u2022 Mod\u00e8le : Valueweight<br data-start=\"1445\" data-end=\"1448\" \/>\u2022 Poids : 160g\/m\u00b2<br data-start=\"1467\" data-end=\"1470\" \/>\u2022 Coupe : Ample (regular fit)<br data-start=\"1501\" data-end=\"1504\" \/>\u2022 Certification : \u00d6ko-Tex 100<\/p>","protected":false},"excerpt":{"rendered":"<p>Lire, c\u2019est agrandir le regard. Le t-shirt \u201cLire pour voir le monde\u201d est un clin d\u2019\u0153il \u00e0 celles et ceux qui d\u00e9couvrent de nouveaux mondes \u00e0 chaque page tourn\u00e9e. Fabriqu\u00e9 en 100 % coton, avec une maille de 160g\/m\u00b2 et une coupe ample, il offre l\u00e9g\u00e8ret\u00e9, douceur et style \u00e0 tous les amoureux des mots. [&hellip;]<\/p>","protected":false},"featured_media":1093,"comment_status":"open","ping_status":"closed","template":"","meta":[],"product_brand":[],"product_cat":[18],"product_tag":[],"class_list":{"0":"post-318","1":"product","2":"type-product","3":"status-publish","4":"has-post-thumbnail","6":"product_cat-camiseta-malha-160g","8":"first","9":"instock","10":"shipping-taxable","11":"purchasable","12":"product-type-variable"},"yoast_head":"<!-- This site is optimized with the Yoast SEO Premium plugin v24.6 (Yoast SEO v24.8.1) - https:\/\/yoast.com\/wordpress\/plugins\/seo\/ -->\n<title>Lire pour voir le monde - M\u00e9lanvies<\/title>\n<meta name=\"description\" content=\"T-shirt en coton 160g avec la phrase \u201cLire pour voir le monde\u201d. Douce, ample et parfaite pour celles et ceux qui lisent pour voyager.\" \/>\n<meta name=\"robots\" content=\"index, follow, max-snippet:-1, max-image-preview:large, max-video-preview:-1\" \/>\n<link rel=\"canonical\" href=\"https:\/\/melanvies.com\/fr\/produit\/tshirt-lire-pour-voir-le-monde\/\" \/>\n<meta property=\"og:locale\" content=\"fr_FR\" \/>\n<meta property=\"og:type\" content=\"article\" \/>\n<meta property=\"og:title\" content=\"Lire pour voir le monde\" \/>\n<meta property=\"og:description\" content=\"T-shirt en coton 160g avec la phrase \u201cLire pour voir le monde\u201d. Douce, ample et parfaite pour celles et ceux qui lisent pour voyager.\" \/>\n<meta property=\"og:url\" content=\"https:\/\/melanvies.com\/fr\/produit\/tshirt-lire-pour-voir-le-monde\/\" \/>\n<meta property=\"og:site_name\" content=\"M\u00e9lanvies\" \/>\n<meta property=\"article:modified_time\" content=\"2025-05-08T14:10:35+00:00\" \/>\n<meta property=\"og:image\" content=\"https:\/\/melanvies.com\/wp-content\/uploads\/2025\/05\/mockup-of-a-hand-holding-a-t-shirt-in-a-colorful-background-26735-34.png\" \/>\n\t<meta property=\"og:image:width\" content=\"1440\" \/>\n\t<meta property=\"og:image:height\" content=\"2160\" \/>\n\t<meta property=\"og:image:type\" content=\"image\/png\" \/>\n<meta name=\"twitter:card\" content=\"summary_large_image\" \/>\n<meta name=\"twitter:label1\" content=\"Dur\u00e9e de lecture est.\" \/>\n\t<meta name=\"twitter:data1\" content=\"1 minute\" \/>\n<script type=\"application\/ld+json\" class=\"yoast-schema-graph\">{\"@context\":\"https:\/\/schema.org\",\"@graph\":[{\"@type\":\"WebPage\",\"@id\":\"https:\/\/melanvies.com\/produto\/tshirt-lire-pour-voir-le-monde\/\",\"url\":\"https:\/\/melanvies.com\/produto\/tshirt-lire-pour-voir-le-monde\/\",\"name\":\"Lire pour voir le monde - M\u00e9lanvies\",\"isPartOf\":{\"@id\":\"https:\/\/melanvies.com\/#website\"},\"primaryImageOfPage\":{\"@id\":\"https:\/\/melanvies.com\/produto\/tshirt-lire-pour-voir-le-monde\/#primaryimage\"},\"image\":{\"@id\":\"https:\/\/melanvies.com\/produto\/tshirt-lire-pour-voir-le-monde\/#primaryimage\"},\"thumbnailUrl\":\"https:\/\/melanvies.com\/wp-content\/uploads\/2025\/05\/mockup-of-a-hand-holding-a-t-shirt-in-a-colorful-background-26735-34.png\",\"datePublished\":\"2025-04-13T22:19:30+00:00\",\"dateModified\":\"2025-05-08T14:10:35+00:00\",\"description\":\"T-shirt en coton 160g avec la phrase \u201cLire pour voir le monde\u201d. Douce, ample et parfaite pour celles et ceux qui lisent pour voyager.\",\"breadcrumb\":{\"@id\":\"https:\/\/melanvies.com\/produto\/tshirt-lire-pour-voir-le-monde\/#breadcrumb\"},\"inLanguage\":\"fr-BE\",\"potentialAction\":[{\"@type\":\"ReadAction\",\"target\":[\"https:\/\/melanvies.com\/produto\/tshirt-lire-pour-voir-le-monde\/\"]}]},{\"@type\":\"ImageObject\",\"inLanguage\":\"fr-BE\",\"@id\":\"https:\/\/melanvies.com\/produto\/tshirt-lire-pour-voir-le-monde\/#primaryimage\",\"url\":\"https:\/\/melanvies.com\/wp-content\/uploads\/2025\/05\/mockup-of-a-hand-holding-a-t-shirt-in-a-colorful-background-26735-34.png\",\"contentUrl\":\"https:\/\/melanvies.com\/wp-content\/uploads\/2025\/05\/mockup-of-a-hand-holding-a-t-shirt-in-a-colorful-background-26735-34.png\",\"width\":1440,\"height\":2160},{\"@type\":\"BreadcrumbList\",\"@id\":\"https:\/\/melanvies.com\/produto\/tshirt-lire-pour-voir-le-monde\/#breadcrumb\",\"itemListElement\":[{\"@type\":\"ListItem\",\"position\":1,\"name\":\"In\u00edcio\",\"item\":\"https:\/\/melanvies.com\/\"},{\"@type\":\"ListItem\",\"position\":2,\"name\":\"Products\",\"item\":\"https:\/\/www.melanvies.com\/loja\/\"},{\"@type\":\"ListItem\",\"position\":3,\"name\":\"Lire pour voir le monde\"}]},{\"@type\":\"WebSite\",\"@id\":\"https:\/\/melanvies.com\/#website\",\"url\":\"https:\/\/melanvies.com\/\",\"name\":\"M\u00e9lanvies\",\"description\":\"T-shirt Personalis\u00e9\",\"publisher\":{\"@id\":\"https:\/\/melanvies.com\/#organization\"},\"potentialAction\":[{\"@type\":\"SearchAction\",\"target\":{\"@type\":\"EntryPoint\",\"urlTemplate\":\"https:\/\/melanvies.com\/?s={search_term_string}\"},\"query-input\":{\"@type\":\"PropertyValueSpecification\",\"valueRequired\":true,\"valueName\":\"search_term_string\"}}],\"inLanguage\":\"fr-BE\"},{\"@type\":\"Organization\",\"@id\":\"https:\/\/melanvies.com\/#organization\",\"name\":\"M\u00e9lanvies\",\"url\":\"https:\/\/melanvies.com\/\",\"logo\":{\"@type\":\"ImageObject\",\"inLanguage\":\"fr-BE\",\"@id\":\"https:\/\/melanvies.com\/#\/schema\/logo\/image\/\",\"url\":\"https:\/\/melanvies.com\/wp-content\/uploads\/2025\/04\/cropped-w.png\",\"contentUrl\":\"https:\/\/melanvies.com\/wp-content\/uploads\/2025\/04\/cropped-w.png\",\"width\":338,\"height\":69,\"caption\":\"M\u00e9lanvies\"},\"image\":{\"@id\":\"https:\/\/melanvies.com\/#\/schema\/logo\/image\/\"}}]}<\/script>\n<!-- \/ Yoast SEO Premium plugin. -->","yoast_head_json":{"title":"Lire pour voir le monde - M\u00e9lanvies","description":"T-shirt en coton 160g avec la phrase \u201cLire pour voir le monde\u201d. Douce, ample et parfaite pour celles et ceux qui lisent pour voyager.","robots":{"index":"index","follow":"follow","max-snippet":"max-snippet:-1","max-image-preview":"max-image-preview:large","max-video-preview":"max-video-preview:-1"},"canonical":"https:\/\/melanvies.com\/fr\/produit\/tshirt-lire-pour-voir-le-monde\/","og_locale":"fr_FR","og_type":"article","og_title":"Lire pour voir le monde","og_description":"T-shirt en coton 160g avec la phrase \u201cLire pour voir le monde\u201d. Douce, ample et parfaite pour celles et ceux qui lisent pour voyager.","og_url":"https:\/\/melanvies.com\/fr\/produit\/tshirt-lire-pour-voir-le-monde\/","og_site_name":"M\u00e9lanvies","article_modified_time":"2025-05-08T14:10:35+00:00","og_image":[{"width":1440,"height":2160,"url":"https:\/\/melanvies.com\/wp-content\/uploads\/2025\/05\/mockup-of-a-hand-holding-a-t-shirt-in-a-colorful-background-26735-34.png","type":"image\/png"}],"twitter_card":"summary_large_image","twitter_misc":{"Dur\u00e9e de lecture est.":"1 minute"},"schema":{"@context":"https:\/\/schema.org","@graph":[{"@type":"WebPage","@id":"https:\/\/melanvies.com\/produto\/tshirt-lire-pour-voir-le-monde\/","url":"https:\/\/melanvies.com\/produto\/tshirt-lire-pour-voir-le-monde\/","name":"Lire pour voir le monde - M\u00e9lanvies","isPartOf":{"@id":"https:\/\/melanvies.com\/#website"},"primaryImageOfPage":{"@id":"https:\/\/melanvies.com\/produto\/tshirt-lire-pour-voir-le-monde\/#primaryimage"},"image":{"@id":"https:\/\/melanvies.com\/produto\/tshirt-lire-pour-voir-le-monde\/#primaryimage"},"thumbnailUrl":"https:\/\/melanvies.com\/wp-content\/uploads\/2025\/05\/mockup-of-a-hand-holding-a-t-shirt-in-a-colorful-background-26735-34.png","datePublished":"2025-04-13T22:19:30+00:00","dateModified":"2025-05-08T14:10:35+00:00","description":"T-shirt en coton 160g avec la phrase \u201cLire pour voir le monde\u201d. Douce, ample et parfaite pour celles et ceux qui lisent pour voyager.","breadcrumb":{"@id":"https:\/\/melanvies.com\/produto\/tshirt-lire-pour-voir-le-monde\/#breadcrumb"},"inLanguage":"fr-BE","potentialAction":[{"@type":"ReadAction","target":["https:\/\/melanvies.com\/produto\/tshirt-lire-pour-voir-le-monde\/"]}]},{"@type":"ImageObject","inLanguage":"fr-BE","@id":"https:\/\/melanvies.com\/produto\/tshirt-lire-pour-voir-le-monde\/#primaryimage","url":"https:\/\/melanvies.com\/wp-content\/uploads\/2025\/05\/mockup-of-a-hand-holding-a-t-shirt-in-a-colorful-background-26735-34.png","contentUrl":"https:\/\/melanvies.com\/wp-content\/uploads\/2025\/05\/mockup-of-a-hand-holding-a-t-shirt-in-a-colorful-background-26735-34.png","width":1440,"height":2160},{"@type":"BreadcrumbList","@id":"https:\/\/melanvies.com\/produto\/tshirt-lire-pour-voir-le-monde\/#breadcrumb","itemListElement":[{"@type":"ListItem","position":1,"name":"In\u00edcio","item":"https:\/\/melanvies.com\/"},{"@type":"ListItem","position":2,"name":"Products","item":"https:\/\/www.melanvies.com\/loja\/"},{"@type":"ListItem","position":3,"name":"Lire pour voir le monde"}]},{"@type":"WebSite","@id":"https:\/\/melanvies.com\/#website","url":"https:\/\/melanvies.com\/","name":"M\u00e9lanvies","description":"T-shirt Personalis\u00e9","publisher":{"@id":"https:\/\/melanvies.com\/#organization"},"potentialAction":[{"@type":"SearchAction","target":{"@type":"EntryPoint","urlTemplate":"https:\/\/melanvies.com\/?s={search_term_string}"},"query-input":{"@type":"PropertyValueSpecification","valueRequired":true,"valueName":"search_term_string"}}],"inLanguage":"fr-BE"},{"@type":"Organization","@id":"https:\/\/melanvies.com\/#organization","name":"M\u00e9lanvies","url":"https:\/\/melanvies.com\/","logo":{"@type":"ImageObject","inLanguage":"fr-BE","@id":"https:\/\/melanvies.com\/#\/schema\/logo\/image\/","url":"https:\/\/melanvies.com\/wp-content\/uploads\/2025\/04\/cropped-w.png","contentUrl":"https:\/\/melanvies.com\/wp-content\/uploads\/2025\/04\/cropped-w.png","width":338,"height":69,"caption":"M\u00e9lanvies"},"image":{"@id":"https:\/\/melanvies.com\/#\/schema\/logo\/image\/"}}]}},"jetpack_sharing_enabled":true,"_links":{"self":[{"href":"https:\/\/melanvies.com\/fr\/wp-json\/wp\/v2\/product\/318","targetHints":{"allow":["GET"]}}],"collection":[{"href":"https:\/\/melanvies.com\/fr\/wp-json\/wp\/v2\/product"}],"about":[{"href":"https:\/\/melanvies.com\/fr\/wp-json\/wp\/v2\/types\/product"}],"replies":[{"embeddable":true,"href":"https:\/\/melanvies.com\/fr\/wp-json\/wp\/v2\/comments?post=318"}],"wp:featuredmedia":[{"embeddable":true,"href":"https:\/\/melanvies.com\/fr\/wp-json\/wp\/v2\/media\/1093"}],"wp:attachment":[{"href":"https:\/\/melanvies.com\/fr\/wp-json\/wp\/v2\/media?parent=318"}],"wp:term":[{"taxonomy":"product_brand","embeddable":true,"href":"https:\/\/melanvies.com\/fr\/wp-json\/wp\/v2\/product_brand?post=318"},{"taxonomy":"product_cat","embeddable":true,"href":"https:\/\/melanvies.com\/fr\/wp-json\/wp\/v2\/product_cat?post=318"},{"taxonomy":"product_tag","embeddable":true,"href":"https:\/\/melanvies.com\/fr\/wp-json\/wp\/v2\/product_tag?post=318"}],"curies":[{"name":"wp","href":"https:\/\/api.w.org\/{rel}","templated":true}]}}