{"id":278,"date":"2025-04-13T21:27:01","date_gmt":"2025-04-13T21:27:01","guid":{"rendered":"https:\/\/melanvies.com\/?post_type=product&#038;p=278"},"modified":"2025-05-08T14:11:43","modified_gmt":"2025-05-08T14:11:43","slug":"tshirt-une-mer-calme-n-a-jamais-fait-un-bon-marin","status":"publish","type":"product","link":"https:\/\/melanvies.com\/fr\/produit\/tshirt-une-mer-calme-n-a-jamais-fait-un-bon-marin\/","title":{"rendered":"Une mer calme n\u2019a jamais fait un bon marin."},"content":{"rendered":"<p class=\"\" data-start=\"1199\" data-end=\"1281\"><strong data-start=\"1199\" data-end=\"1279\">Tu ne t\u2019es pas construit\u00b7e dans le confort. Tu t\u2019es forg\u00e9\u00b7e dans la temp\u00eate.<\/strong><\/p>\n<p class=\"\" data-start=\"1288\" data-end=\"1475\">Le t-shirt \u201cUne mer calme n\u2019a jamais fait un bon marin\u201d est un hommage \u00e0 celles et ceux qui avancent malgr\u00e9 les vagues. R\u00e9silient\u00b7e, authentique, et fier\u00b7e de chaque passage mouvement\u00e9.<\/p>\n<p class=\"\" data-start=\"1482\" data-end=\"1608\">Confectionn\u00e9 en <strong data-start=\"1498\" data-end=\"1513\">100 % coton<\/strong>, avec un grammage de <strong data-start=\"1535\" data-end=\"1546\">160g\/m\u00b2<\/strong> et une <strong data-start=\"1554\" data-end=\"1569\">coupe ample<\/strong> pour un confort absolu au quotidien.<\/p>\n<p class=\"\" data-start=\"1615\" data-end=\"1791\">\u2693 <strong data-start=\"1617\" data-end=\"1641\">D\u00e9tails techniques :<\/strong><br data-start=\"1641\" data-end=\"1644\" \/>\u2022 Marque : Fruit of the Loom<br data-start=\"1674\" data-end=\"1677\" \/>\u2022 Mod\u00e8le : Valueweight<br data-start=\"1701\" data-end=\"1704\" \/>\u2022 Poids : 160g\/m\u00b2<br data-start=\"1723\" data-end=\"1726\" \/>\u2022 Coupe : Ample (regular fit)<br data-start=\"1757\" data-end=\"1760\" \/>\u2022 Certification : \u00d6ko-Tex 100<\/p>","protected":false},"excerpt":{"rendered":"<p>Tu ne t\u2019es pas construit\u00b7e dans le confort. Tu t\u2019es forg\u00e9\u00b7e dans la temp\u00eate. Le t-shirt \u201cUne mer calme n\u2019a jamais fait un bon marin\u201d est un hommage \u00e0 celles et ceux qui avancent malgr\u00e9 les vagues. R\u00e9silient\u00b7e, authentique, et fier\u00b7e de chaque passage mouvement\u00e9. Confectionn\u00e9 en 100 % coton, avec un grammage de 160g\/m\u00b2 [&hellip;]<\/p>","protected":false},"featured_media":1085,"comment_status":"open","ping_status":"closed","template":"","meta":[],"product_brand":[],"product_cat":[18],"product_tag":[],"class_list":{"0":"post-278","1":"product","2":"type-product","3":"status-publish","4":"has-post-thumbnail","6":"product_cat-camiseta-malha-160g","8":"first","9":"instock","10":"shipping-taxable","11":"purchasable","12":"product-type-variable"},"yoast_head":"<!-- This site is optimized with the Yoast SEO Premium plugin v24.6 (Yoast SEO v24.8.1) - https:\/\/yoast.com\/wordpress\/plugins\/seo\/ -->\n<title>Une mer calme n\u2019a jamais fait un bon marin. - M\u00e9lanvies<\/title>\n<meta name=\"description\" content=\"T-shirt avec la phrase \u201cUne mer calme n\u2019a jamais fait un bon marin\u201d. En coton 160g, douce, ample et pleine de caract\u00e8re.\" \/>\n<meta name=\"robots\" content=\"index, follow, max-snippet:-1, max-image-preview:large, max-video-preview:-1\" \/>\n<link rel=\"canonical\" href=\"https:\/\/melanvies.com\/fr\/produit\/tshirt-une-mer-calme-n-a-jamais-fait-un-bon-marin\/\" \/>\n<meta property=\"og:locale\" content=\"fr_FR\" \/>\n<meta property=\"og:type\" content=\"article\" \/>\n<meta property=\"og:title\" content=\"Une mer calme n\u2019a jamais fait un bon marin.\" \/>\n<meta property=\"og:description\" content=\"T-shirt avec la phrase \u201cUne mer calme n\u2019a jamais fait un bon marin\u201d. En coton 160g, douce, ample et pleine de caract\u00e8re.\" \/>\n<meta property=\"og:url\" content=\"https:\/\/melanvies.com\/fr\/produit\/tshirt-une-mer-calme-n-a-jamais-fait-un-bon-marin\/\" \/>\n<meta property=\"og:site_name\" content=\"M\u00e9lanvies\" \/>\n<meta property=\"article:modified_time\" content=\"2025-05-08T14:11:43+00:00\" \/>\n<meta property=\"og:image\" content=\"https:\/\/melanvies.com\/wp-content\/uploads\/2025\/05\/mockup-of-a-hand-holding-a-t-shirt-in-a-colorful-background-26735-43-683x1024.png\" \/>\n\t<meta property=\"og:image:width\" content=\"683\" \/>\n\t<meta property=\"og:image:height\" content=\"1024\" \/>\n\t<meta property=\"og:image:type\" content=\"image\/png\" \/>\n<meta name=\"twitter:card\" content=\"summary_large_image\" \/>\n<meta name=\"twitter:label1\" content=\"Dur\u00e9e de lecture est.\" \/>\n\t<meta name=\"twitter:data1\" content=\"1 minute\" \/>\n<script type=\"application\/ld+json\" class=\"yoast-schema-graph\">{\"@context\":\"https:\/\/schema.org\",\"@graph\":[{\"@type\":\"WebPage\",\"@id\":\"https:\/\/melanvies.com\/produto\/tshirt-une-mer-calme-n-a-jamais-fait-un-bon-marin\/\",\"url\":\"https:\/\/melanvies.com\/produto\/tshirt-une-mer-calme-n-a-jamais-fait-un-bon-marin\/\",\"name\":\"Une mer calme n\u2019a jamais fait un bon marin. - M\u00e9lanvies\",\"isPartOf\":{\"@id\":\"https:\/\/melanvies.com\/#website\"},\"primaryImageOfPage\":{\"@id\":\"https:\/\/melanvies.com\/produto\/tshirt-une-mer-calme-n-a-jamais-fait-un-bon-marin\/#primaryimage\"},\"image\":{\"@id\":\"https:\/\/melanvies.com\/produto\/tshirt-une-mer-calme-n-a-jamais-fait-un-bon-marin\/#primaryimage\"},\"thumbnailUrl\":\"https:\/\/melanvies.com\/wp-content\/uploads\/2025\/05\/mockup-of-a-hand-holding-a-t-shirt-in-a-colorful-background-26735-43.png\",\"datePublished\":\"2025-04-13T21:27:01+00:00\",\"dateModified\":\"2025-05-08T14:11:43+00:00\",\"description\":\"T-shirt avec la phrase \u201cUne mer calme n\u2019a jamais fait un bon marin\u201d. En coton 160g, douce, ample et pleine de caract\u00e8re.\",\"breadcrumb\":{\"@id\":\"https:\/\/melanvies.com\/produto\/tshirt-une-mer-calme-n-a-jamais-fait-un-bon-marin\/#breadcrumb\"},\"inLanguage\":\"fr-BE\",\"potentialAction\":[{\"@type\":\"ReadAction\",\"target\":[\"https:\/\/melanvies.com\/produto\/tshirt-une-mer-calme-n-a-jamais-fait-un-bon-marin\/\"]}]},{\"@type\":\"ImageObject\",\"inLanguage\":\"fr-BE\",\"@id\":\"https:\/\/melanvies.com\/produto\/tshirt-une-mer-calme-n-a-jamais-fait-un-bon-marin\/#primaryimage\",\"url\":\"https:\/\/melanvies.com\/wp-content\/uploads\/2025\/05\/mockup-of-a-hand-holding-a-t-shirt-in-a-colorful-background-26735-43.png\",\"contentUrl\":\"https:\/\/melanvies.com\/wp-content\/uploads\/2025\/05\/mockup-of-a-hand-holding-a-t-shirt-in-a-colorful-background-26735-43.png\",\"width\":1440,\"height\":2160},{\"@type\":\"BreadcrumbList\",\"@id\":\"https:\/\/melanvies.com\/produto\/tshirt-une-mer-calme-n-a-jamais-fait-un-bon-marin\/#breadcrumb\",\"itemListElement\":[{\"@type\":\"ListItem\",\"position\":1,\"name\":\"In\u00edcio\",\"item\":\"https:\/\/melanvies.com\/\"},{\"@type\":\"ListItem\",\"position\":2,\"name\":\"Products\",\"item\":\"https:\/\/www.melanvies.com\/loja\/\"},{\"@type\":\"ListItem\",\"position\":3,\"name\":\"Une mer calme n\u2019a jamais fait un bon marin.\"}]},{\"@type\":\"WebSite\",\"@id\":\"https:\/\/melanvies.com\/#website\",\"url\":\"https:\/\/melanvies.com\/\",\"name\":\"M\u00e9lanvies\",\"description\":\"T-shirt Personalis\u00e9\",\"publisher\":{\"@id\":\"https:\/\/melanvies.com\/#organization\"},\"potentialAction\":[{\"@type\":\"SearchAction\",\"target\":{\"@type\":\"EntryPoint\",\"urlTemplate\":\"https:\/\/melanvies.com\/?s={search_term_string}\"},\"query-input\":{\"@type\":\"PropertyValueSpecification\",\"valueRequired\":true,\"valueName\":\"search_term_string\"}}],\"inLanguage\":\"fr-BE\"},{\"@type\":\"Organization\",\"@id\":\"https:\/\/melanvies.com\/#organization\",\"name\":\"M\u00e9lanvies\",\"url\":\"https:\/\/melanvies.com\/\",\"logo\":{\"@type\":\"ImageObject\",\"inLanguage\":\"fr-BE\",\"@id\":\"https:\/\/melanvies.com\/#\/schema\/logo\/image\/\",\"url\":\"https:\/\/melanvies.com\/wp-content\/uploads\/2025\/04\/cropped-w.png\",\"contentUrl\":\"https:\/\/melanvies.com\/wp-content\/uploads\/2025\/04\/cropped-w.png\",\"width\":338,\"height\":69,\"caption\":\"M\u00e9lanvies\"},\"image\":{\"@id\":\"https:\/\/melanvies.com\/#\/schema\/logo\/image\/\"}}]}<\/script>\n<!-- \/ Yoast SEO Premium plugin. -->","yoast_head_json":{"title":"Une mer calme n\u2019a jamais fait un bon marin. - M\u00e9lanvies","description":"T-shirt avec la phrase \u201cUne mer calme n\u2019a jamais fait un bon marin\u201d. En coton 160g, douce, ample et pleine de caract\u00e8re.","robots":{"index":"index","follow":"follow","max-snippet":"max-snippet:-1","max-image-preview":"max-image-preview:large","max-video-preview":"max-video-preview:-1"},"canonical":"https:\/\/melanvies.com\/fr\/produit\/tshirt-une-mer-calme-n-a-jamais-fait-un-bon-marin\/","og_locale":"fr_FR","og_type":"article","og_title":"Une mer calme n\u2019a jamais fait un bon marin.","og_description":"T-shirt avec la phrase \u201cUne mer calme n\u2019a jamais fait un bon marin\u201d. En coton 160g, douce, ample et pleine de caract\u00e8re.","og_url":"https:\/\/melanvies.com\/fr\/produit\/tshirt-une-mer-calme-n-a-jamais-fait-un-bon-marin\/","og_site_name":"M\u00e9lanvies","article_modified_time":"2025-05-08T14:11:43+00:00","og_image":[{"width":683,"height":1024,"url":"https:\/\/melanvies.com\/wp-content\/uploads\/2025\/05\/mockup-of-a-hand-holding-a-t-shirt-in-a-colorful-background-26735-43-683x1024.png","type":"image\/png"}],"twitter_card":"summary_large_image","twitter_misc":{"Dur\u00e9e de lecture est.":"1 minute"},"schema":{"@context":"https:\/\/schema.org","@graph":[{"@type":"WebPage","@id":"https:\/\/melanvies.com\/produto\/tshirt-une-mer-calme-n-a-jamais-fait-un-bon-marin\/","url":"https:\/\/melanvies.com\/produto\/tshirt-une-mer-calme-n-a-jamais-fait-un-bon-marin\/","name":"Une mer calme n\u2019a jamais fait un bon marin. - M\u00e9lanvies","isPartOf":{"@id":"https:\/\/melanvies.com\/#website"},"primaryImageOfPage":{"@id":"https:\/\/melanvies.com\/produto\/tshirt-une-mer-calme-n-a-jamais-fait-un-bon-marin\/#primaryimage"},"image":{"@id":"https:\/\/melanvies.com\/produto\/tshirt-une-mer-calme-n-a-jamais-fait-un-bon-marin\/#primaryimage"},"thumbnailUrl":"https:\/\/melanvies.com\/wp-content\/uploads\/2025\/05\/mockup-of-a-hand-holding-a-t-shirt-in-a-colorful-background-26735-43.png","datePublished":"2025-04-13T21:27:01+00:00","dateModified":"2025-05-08T14:11:43+00:00","description":"T-shirt avec la phrase \u201cUne mer calme n\u2019a jamais fait un bon marin\u201d. En coton 160g, douce, ample et pleine de caract\u00e8re.","breadcrumb":{"@id":"https:\/\/melanvies.com\/produto\/tshirt-une-mer-calme-n-a-jamais-fait-un-bon-marin\/#breadcrumb"},"inLanguage":"fr-BE","potentialAction":[{"@type":"ReadAction","target":["https:\/\/melanvies.com\/produto\/tshirt-une-mer-calme-n-a-jamais-fait-un-bon-marin\/"]}]},{"@type":"ImageObject","inLanguage":"fr-BE","@id":"https:\/\/melanvies.com\/produto\/tshirt-une-mer-calme-n-a-jamais-fait-un-bon-marin\/#primaryimage","url":"https:\/\/melanvies.com\/wp-content\/uploads\/2025\/05\/mockup-of-a-hand-holding-a-t-shirt-in-a-colorful-background-26735-43.png","contentUrl":"https:\/\/melanvies.com\/wp-content\/uploads\/2025\/05\/mockup-of-a-hand-holding-a-t-shirt-in-a-colorful-background-26735-43.png","width":1440,"height":2160},{"@type":"BreadcrumbList","@id":"https:\/\/melanvies.com\/produto\/tshirt-une-mer-calme-n-a-jamais-fait-un-bon-marin\/#breadcrumb","itemListElement":[{"@type":"ListItem","position":1,"name":"In\u00edcio","item":"https:\/\/melanvies.com\/"},{"@type":"ListItem","position":2,"name":"Products","item":"https:\/\/www.melanvies.com\/loja\/"},{"@type":"ListItem","position":3,"name":"Une mer calme n\u2019a jamais fait un bon marin."}]},{"@type":"WebSite","@id":"https:\/\/melanvies.com\/#website","url":"https:\/\/melanvies.com\/","name":"M\u00e9lanvies","description":"T-shirt Personalis\u00e9","publisher":{"@id":"https:\/\/melanvies.com\/#organization"},"potentialAction":[{"@type":"SearchAction","target":{"@type":"EntryPoint","urlTemplate":"https:\/\/melanvies.com\/?s={search_term_string}"},"query-input":{"@type":"PropertyValueSpecification","valueRequired":true,"valueName":"search_term_string"}}],"inLanguage":"fr-BE"},{"@type":"Organization","@id":"https:\/\/melanvies.com\/#organization","name":"M\u00e9lanvies","url":"https:\/\/melanvies.com\/","logo":{"@type":"ImageObject","inLanguage":"fr-BE","@id":"https:\/\/melanvies.com\/#\/schema\/logo\/image\/","url":"https:\/\/melanvies.com\/wp-content\/uploads\/2025\/04\/cropped-w.png","contentUrl":"https:\/\/melanvies.com\/wp-content\/uploads\/2025\/04\/cropped-w.png","width":338,"height":69,"caption":"M\u00e9lanvies"},"image":{"@id":"https:\/\/melanvies.com\/#\/schema\/logo\/image\/"}}]}},"jetpack_sharing_enabled":true,"_links":{"self":[{"href":"https:\/\/melanvies.com\/fr\/wp-json\/wp\/v2\/product\/278","targetHints":{"allow":["GET"]}}],"collection":[{"href":"https:\/\/melanvies.com\/fr\/wp-json\/wp\/v2\/product"}],"about":[{"href":"https:\/\/melanvies.com\/fr\/wp-json\/wp\/v2\/types\/product"}],"replies":[{"embeddable":true,"href":"https:\/\/melanvies.com\/fr\/wp-json\/wp\/v2\/comments?post=278"}],"wp:featuredmedia":[{"embeddable":true,"href":"https:\/\/melanvies.com\/fr\/wp-json\/wp\/v2\/media\/1085"}],"wp:attachment":[{"href":"https:\/\/melanvies.com\/fr\/wp-json\/wp\/v2\/media?parent=278"}],"wp:term":[{"taxonomy":"product_brand","embeddable":true,"href":"https:\/\/melanvies.com\/fr\/wp-json\/wp\/v2\/product_brand?post=278"},{"taxonomy":"product_cat","embeddable":true,"href":"https:\/\/melanvies.com\/fr\/wp-json\/wp\/v2\/product_cat?post=278"},{"taxonomy":"product_tag","embeddable":true,"href":"https:\/\/melanvies.com\/fr\/wp-json\/wp\/v2\/product_tag?post=278"}],"curies":[{"name":"wp","href":"https:\/\/api.w.org\/{rel}","templated":true}]}}