{"id":215,"date":"2025-04-13T18:35:31","date_gmt":"2025-04-13T18:35:31","guid":{"rendered":"https:\/\/melanvies.com\/?post_type=product&#038;p=215"},"modified":"2025-05-08T14:14:39","modified_gmt":"2025-05-08T14:14:39","slug":"camiseta-quem-nao-e-visto","status":"publish","type":"product","link":"https:\/\/melanvies.com\/fr\/produit\/camiseta-quem-nao-e-visto\/","title":{"rendered":"T-shirt &#8221; Quem n\u00e3o \u00e9 visto n\u00e3o \u00e9 incomodado&#8221;"},"content":{"rendered":"<p class=\"\" data-start=\"992\" data-end=\"1020\"><strong data-start=\"992\" data-end=\"1018\">Silenciosa e certeira.<\/strong><\/p>\n<p class=\"\" data-start=\"1027\" data-end=\"1157\">A camiseta \u201cQuem n\u00e3o \u00e9 visto n\u00e3o \u00e9 incomodado\u201d traduz aquela sensa\u00e7\u00e3o que todo mundo j\u00e1 viveu \u2014 mas poucos t\u00eam coragem de dizer.<\/p>\n<p class=\"\" data-start=\"1164\" data-end=\"1294\">Com <strong data-start=\"1168\" data-end=\"1195\">malha 160g 100% algod\u00e3o<\/strong>, corte largo e toque leve, \u00e9 perfeita para usar no cotidiano com uma pitada de cr\u00edtica e estilo.<\/p>\n<p class=\"\" data-start=\"1301\" data-end=\"1468\">\ud83e\uddf5 <strong data-start=\"1304\" data-end=\"1326\">Detalhes t\u00e9cnicos:<\/strong><br data-start=\"1326\" data-end=\"1329\" \/>\u2022 Marca: Fruit of the Loom<br data-start=\"1357\" data-end=\"1360\" \/>\u2022 Modelo: Valueweight<br data-start=\"1383\" data-end=\"1386\" \/>\u2022 Peso: 160g\/m\u00b2<br data-start=\"1403\" data-end=\"1406\" \/>\u2022 Corte: Largo (regular fit)<br data-start=\"1436\" data-end=\"1439\" \/>\u2022 Certifica\u00e7\u00e3o: \u00d6ko-Tex 100<\/p>","protected":false},"excerpt":{"rendered":"<p>Silenciosa e certeira. A camiseta \u201cQuem n\u00e3o \u00e9 visto n\u00e3o \u00e9 incomodado\u201d traduz aquela sensa\u00e7\u00e3o que todo mundo j\u00e1 viveu \u2014 mas poucos t\u00eam coragem de dizer. Com malha 160g 100% algod\u00e3o, corte largo e toque leve, \u00e9 perfeita para usar no cotidiano com uma pitada de cr\u00edtica e estilo. \ud83e\uddf5 Detalhes t\u00e9cnicos:\u2022 Marca: Fruit [&hellip;]<\/p>","protected":false},"featured_media":1106,"comment_status":"open","ping_status":"closed","template":"","meta":[],"product_brand":[],"product_cat":[18],"product_tag":[],"class_list":{"0":"post-215","1":"product","2":"type-product","3":"status-publish","4":"has-post-thumbnail","6":"product_cat-camiseta-malha-160g","8":"first","9":"instock","10":"shipping-taxable","11":"purchasable","12":"product-type-variable"},"yoast_head":"<!-- This site is optimized with the Yoast SEO Premium plugin v24.6 (Yoast SEO v24.8.1) - https:\/\/yoast.com\/wordpress\/plugins\/seo\/ -->\n<title>T-shirt &quot; Quem n\u00e3o \u00e9 visto n\u00e3o \u00e9 incomodado&quot; - M\u00e9lanvies<\/title>\n<meta name=\"description\" content=\"Camiseta com a frase \u201cQuem n\u00e3o \u00e9 visto n\u00e3o \u00e9 incomodado\u201d. Conforto, cr\u00edtica sutil e estilo em malha 160g 100% algod\u00e3o.\" \/>\n<meta name=\"robots\" content=\"index, follow, max-snippet:-1, max-image-preview:large, max-video-preview:-1\" \/>\n<link rel=\"canonical\" href=\"https:\/\/melanvies.com\/fr\/produit\/camiseta-quem-nao-e-visto\/\" \/>\n<meta property=\"og:locale\" content=\"fr_FR\" \/>\n<meta property=\"og:type\" content=\"article\" \/>\n<meta property=\"og:title\" content=\"T-shirt &quot; Quem n\u00e3o \u00e9 visto n\u00e3o \u00e9 incomodado&quot;\" \/>\n<meta property=\"og:description\" content=\"Camiseta com a frase \u201cQuem n\u00e3o \u00e9 visto n\u00e3o \u00e9 incomodado\u201d. Conforto, cr\u00edtica sutil e estilo em malha 160g 100% algod\u00e3o.\" \/>\n<meta property=\"og:url\" content=\"https:\/\/melanvies.com\/fr\/produit\/camiseta-quem-nao-e-visto\/\" \/>\n<meta property=\"og:site_name\" content=\"M\u00e9lanvies\" \/>\n<meta property=\"article:modified_time\" content=\"2025-05-08T14:14:39+00:00\" \/>\n<meta property=\"og:image\" content=\"https:\/\/melanvies.com\/wp-content\/uploads\/2025\/05\/mockup-of-a-hand-holding-a-t-shirt-in-a-colorful-background-26735-21-683x1024.png\" \/>\n\t<meta property=\"og:image:width\" content=\"683\" \/>\n\t<meta property=\"og:image:height\" content=\"1024\" \/>\n\t<meta property=\"og:image:type\" content=\"image\/png\" \/>\n<meta name=\"twitter:card\" content=\"summary_large_image\" \/>\n<meta name=\"twitter:label1\" content=\"Dur\u00e9e de lecture est.\" \/>\n\t<meta name=\"twitter:data1\" content=\"1 minute\" \/>\n<script type=\"application\/ld+json\" class=\"yoast-schema-graph\">{\"@context\":\"https:\/\/schema.org\",\"@graph\":[{\"@type\":\"WebPage\",\"@id\":\"https:\/\/melanvies.com\/produto\/camiseta-quem-nao-e-visto\/\",\"url\":\"https:\/\/melanvies.com\/produto\/camiseta-quem-nao-e-visto\/\",\"name\":\"T-shirt \\\" Quem n\u00e3o \u00e9 visto n\u00e3o \u00e9 incomodado\\\" - M\u00e9lanvies\",\"isPartOf\":{\"@id\":\"https:\/\/melanvies.com\/#website\"},\"primaryImageOfPage\":{\"@id\":\"https:\/\/melanvies.com\/produto\/camiseta-quem-nao-e-visto\/#primaryimage\"},\"image\":{\"@id\":\"https:\/\/melanvies.com\/produto\/camiseta-quem-nao-e-visto\/#primaryimage\"},\"thumbnailUrl\":\"https:\/\/melanvies.com\/wp-content\/uploads\/2025\/05\/mockup-of-a-hand-holding-a-t-shirt-in-a-colorful-background-26735-21.png\",\"datePublished\":\"2025-04-13T18:35:31+00:00\",\"dateModified\":\"2025-05-08T14:14:39+00:00\",\"description\":\"Camiseta com a frase \u201cQuem n\u00e3o \u00e9 visto n\u00e3o \u00e9 incomodado\u201d. Conforto, cr\u00edtica sutil e estilo em malha 160g 100% algod\u00e3o.\",\"breadcrumb\":{\"@id\":\"https:\/\/melanvies.com\/produto\/camiseta-quem-nao-e-visto\/#breadcrumb\"},\"inLanguage\":\"fr-BE\",\"potentialAction\":[{\"@type\":\"ReadAction\",\"target\":[\"https:\/\/melanvies.com\/produto\/camiseta-quem-nao-e-visto\/\"]}]},{\"@type\":\"ImageObject\",\"inLanguage\":\"fr-BE\",\"@id\":\"https:\/\/melanvies.com\/produto\/camiseta-quem-nao-e-visto\/#primaryimage\",\"url\":\"https:\/\/melanvies.com\/wp-content\/uploads\/2025\/05\/mockup-of-a-hand-holding-a-t-shirt-in-a-colorful-background-26735-21.png\",\"contentUrl\":\"https:\/\/melanvies.com\/wp-content\/uploads\/2025\/05\/mockup-of-a-hand-holding-a-t-shirt-in-a-colorful-background-26735-21.png\",\"width\":1440,\"height\":2160},{\"@type\":\"BreadcrumbList\",\"@id\":\"https:\/\/melanvies.com\/produto\/camiseta-quem-nao-e-visto\/#breadcrumb\",\"itemListElement\":[{\"@type\":\"ListItem\",\"position\":1,\"name\":\"In\u00edcio\",\"item\":\"https:\/\/melanvies.com\/\"},{\"@type\":\"ListItem\",\"position\":2,\"name\":\"Products\",\"item\":\"https:\/\/www.melanvies.com\/loja\/\"},{\"@type\":\"ListItem\",\"position\":3,\"name\":\"T-shirt &#8221; Quem n\u00e3o \u00e9 visto n\u00e3o \u00e9 incomodado&#8221;\"}]},{\"@type\":\"WebSite\",\"@id\":\"https:\/\/melanvies.com\/#website\",\"url\":\"https:\/\/melanvies.com\/\",\"name\":\"M\u00e9lanvies\",\"description\":\"T-shirt Personalis\u00e9\",\"publisher\":{\"@id\":\"https:\/\/melanvies.com\/#organization\"},\"potentialAction\":[{\"@type\":\"SearchAction\",\"target\":{\"@type\":\"EntryPoint\",\"urlTemplate\":\"https:\/\/melanvies.com\/?s={search_term_string}\"},\"query-input\":{\"@type\":\"PropertyValueSpecification\",\"valueRequired\":true,\"valueName\":\"search_term_string\"}}],\"inLanguage\":\"fr-BE\"},{\"@type\":\"Organization\",\"@id\":\"https:\/\/melanvies.com\/#organization\",\"name\":\"M\u00e9lanvies\",\"url\":\"https:\/\/melanvies.com\/\",\"logo\":{\"@type\":\"ImageObject\",\"inLanguage\":\"fr-BE\",\"@id\":\"https:\/\/melanvies.com\/#\/schema\/logo\/image\/\",\"url\":\"https:\/\/melanvies.com\/wp-content\/uploads\/2025\/04\/cropped-w.png\",\"contentUrl\":\"https:\/\/melanvies.com\/wp-content\/uploads\/2025\/04\/cropped-w.png\",\"width\":338,\"height\":69,\"caption\":\"M\u00e9lanvies\"},\"image\":{\"@id\":\"https:\/\/melanvies.com\/#\/schema\/logo\/image\/\"}}]}<\/script>\n<!-- \/ Yoast SEO Premium plugin. -->","yoast_head_json":{"title":"T-shirt \" Quem n\u00e3o \u00e9 visto n\u00e3o \u00e9 incomodado\" - M\u00e9lanvies","description":"Camiseta com a frase \u201cQuem n\u00e3o \u00e9 visto n\u00e3o \u00e9 incomodado\u201d. Conforto, cr\u00edtica sutil e estilo em malha 160g 100% algod\u00e3o.","robots":{"index":"index","follow":"follow","max-snippet":"max-snippet:-1","max-image-preview":"max-image-preview:large","max-video-preview":"max-video-preview:-1"},"canonical":"https:\/\/melanvies.com\/fr\/produit\/camiseta-quem-nao-e-visto\/","og_locale":"fr_FR","og_type":"article","og_title":"T-shirt \" Quem n\u00e3o \u00e9 visto n\u00e3o \u00e9 incomodado\"","og_description":"Camiseta com a frase \u201cQuem n\u00e3o \u00e9 visto n\u00e3o \u00e9 incomodado\u201d. Conforto, cr\u00edtica sutil e estilo em malha 160g 100% algod\u00e3o.","og_url":"https:\/\/melanvies.com\/fr\/produit\/camiseta-quem-nao-e-visto\/","og_site_name":"M\u00e9lanvies","article_modified_time":"2025-05-08T14:14:39+00:00","og_image":[{"width":683,"height":1024,"url":"https:\/\/melanvies.com\/wp-content\/uploads\/2025\/05\/mockup-of-a-hand-holding-a-t-shirt-in-a-colorful-background-26735-21-683x1024.png","type":"image\/png"}],"twitter_card":"summary_large_image","twitter_misc":{"Dur\u00e9e de lecture est.":"1 minute"},"schema":{"@context":"https:\/\/schema.org","@graph":[{"@type":"WebPage","@id":"https:\/\/melanvies.com\/produto\/camiseta-quem-nao-e-visto\/","url":"https:\/\/melanvies.com\/produto\/camiseta-quem-nao-e-visto\/","name":"T-shirt \" Quem n\u00e3o \u00e9 visto n\u00e3o \u00e9 incomodado\" - M\u00e9lanvies","isPartOf":{"@id":"https:\/\/melanvies.com\/#website"},"primaryImageOfPage":{"@id":"https:\/\/melanvies.com\/produto\/camiseta-quem-nao-e-visto\/#primaryimage"},"image":{"@id":"https:\/\/melanvies.com\/produto\/camiseta-quem-nao-e-visto\/#primaryimage"},"thumbnailUrl":"https:\/\/melanvies.com\/wp-content\/uploads\/2025\/05\/mockup-of-a-hand-holding-a-t-shirt-in-a-colorful-background-26735-21.png","datePublished":"2025-04-13T18:35:31+00:00","dateModified":"2025-05-08T14:14:39+00:00","description":"Camiseta com a frase \u201cQuem n\u00e3o \u00e9 visto n\u00e3o \u00e9 incomodado\u201d. Conforto, cr\u00edtica sutil e estilo em malha 160g 100% algod\u00e3o.","breadcrumb":{"@id":"https:\/\/melanvies.com\/produto\/camiseta-quem-nao-e-visto\/#breadcrumb"},"inLanguage":"fr-BE","potentialAction":[{"@type":"ReadAction","target":["https:\/\/melanvies.com\/produto\/camiseta-quem-nao-e-visto\/"]}]},{"@type":"ImageObject","inLanguage":"fr-BE","@id":"https:\/\/melanvies.com\/produto\/camiseta-quem-nao-e-visto\/#primaryimage","url":"https:\/\/melanvies.com\/wp-content\/uploads\/2025\/05\/mockup-of-a-hand-holding-a-t-shirt-in-a-colorful-background-26735-21.png","contentUrl":"https:\/\/melanvies.com\/wp-content\/uploads\/2025\/05\/mockup-of-a-hand-holding-a-t-shirt-in-a-colorful-background-26735-21.png","width":1440,"height":2160},{"@type":"BreadcrumbList","@id":"https:\/\/melanvies.com\/produto\/camiseta-quem-nao-e-visto\/#breadcrumb","itemListElement":[{"@type":"ListItem","position":1,"name":"In\u00edcio","item":"https:\/\/melanvies.com\/"},{"@type":"ListItem","position":2,"name":"Products","item":"https:\/\/www.melanvies.com\/loja\/"},{"@type":"ListItem","position":3,"name":"T-shirt &#8221; Quem n\u00e3o \u00e9 visto n\u00e3o \u00e9 incomodado&#8221;"}]},{"@type":"WebSite","@id":"https:\/\/melanvies.com\/#website","url":"https:\/\/melanvies.com\/","name":"M\u00e9lanvies","description":"T-shirt Personalis\u00e9","publisher":{"@id":"https:\/\/melanvies.com\/#organization"},"potentialAction":[{"@type":"SearchAction","target":{"@type":"EntryPoint","urlTemplate":"https:\/\/melanvies.com\/?s={search_term_string}"},"query-input":{"@type":"PropertyValueSpecification","valueRequired":true,"valueName":"search_term_string"}}],"inLanguage":"fr-BE"},{"@type":"Organization","@id":"https:\/\/melanvies.com\/#organization","name":"M\u00e9lanvies","url":"https:\/\/melanvies.com\/","logo":{"@type":"ImageObject","inLanguage":"fr-BE","@id":"https:\/\/melanvies.com\/#\/schema\/logo\/image\/","url":"https:\/\/melanvies.com\/wp-content\/uploads\/2025\/04\/cropped-w.png","contentUrl":"https:\/\/melanvies.com\/wp-content\/uploads\/2025\/04\/cropped-w.png","width":338,"height":69,"caption":"M\u00e9lanvies"},"image":{"@id":"https:\/\/melanvies.com\/#\/schema\/logo\/image\/"}}]}},"jetpack_sharing_enabled":true,"_links":{"self":[{"href":"https:\/\/melanvies.com\/fr\/wp-json\/wp\/v2\/product\/215","targetHints":{"allow":["GET"]}}],"collection":[{"href":"https:\/\/melanvies.com\/fr\/wp-json\/wp\/v2\/product"}],"about":[{"href":"https:\/\/melanvies.com\/fr\/wp-json\/wp\/v2\/types\/product"}],"replies":[{"embeddable":true,"href":"https:\/\/melanvies.com\/fr\/wp-json\/wp\/v2\/comments?post=215"}],"wp:featuredmedia":[{"embeddable":true,"href":"https:\/\/melanvies.com\/fr\/wp-json\/wp\/v2\/media\/1106"}],"wp:attachment":[{"href":"https:\/\/melanvies.com\/fr\/wp-json\/wp\/v2\/media?parent=215"}],"wp:term":[{"taxonomy":"product_brand","embeddable":true,"href":"https:\/\/melanvies.com\/fr\/wp-json\/wp\/v2\/product_brand?post=215"},{"taxonomy":"product_cat","embeddable":true,"href":"https:\/\/melanvies.com\/fr\/wp-json\/wp\/v2\/product_cat?post=215"},{"taxonomy":"product_tag","embeddable":true,"href":"https:\/\/melanvies.com\/fr\/wp-json\/wp\/v2\/product_tag?post=215"}],"curies":[{"name":"wp","href":"https:\/\/api.w.org\/{rel}","templated":true}]}}