{"id":196,"date":"2025-04-13T18:26:54","date_gmt":"2025-04-13T18:26:54","guid":{"rendered":"https:\/\/melanvies.com\/?post_type=product&#038;p=196"},"modified":"2025-05-08T14:15:17","modified_gmt":"2025-05-08T14:15:17","slug":"t-shirt-voce-inspira-pessoas-em-frances","status":"publish","type":"product","link":"https:\/\/melanvies.com\/fr\/produit\/t-shirt-voce-inspira-pessoas-em-frances\/","title":{"rendered":"T-shirt \u201cVoc\u00ea inspira pessoas\u2026\u201d em franc\u00eas"},"content":{"rendered":"<p class=\"\" data-start=\"1159\" data-end=\"1223\"><strong data-start=\"1159\" data-end=\"1221\">Voc\u00ea inspira mais do que imagina \u2014 at\u00e9 quem finge n\u00e3o ver.<\/strong><\/p>\n<p class=\"\" data-start=\"1230\" data-end=\"1401\">A camiseta \u201cVoc\u00ea inspira pessoas que fingem n\u00e3o te ver\u201d carrega for\u00e7a e sensibilidade em poucas palavras. Ideal para quem transmite presen\u00e7a sem precisar levantar a voz.<\/p>\n<p class=\"\" data-start=\"1408\" data-end=\"1531\">Feita em <strong data-start=\"1417\" data-end=\"1444\">malha 160g 100% algod\u00e3o<\/strong>, essa pe\u00e7a oferece leveza, conforto e um caimento solto que veste com personalidade.<\/p>\n<p class=\"\" data-start=\"1538\" data-end=\"1704\">\ud83c\udf3f <strong data-start=\"1541\" data-end=\"1563\">Detalhes t\u00e9cnicos:<\/strong><br data-start=\"1563\" data-end=\"1566\" \/>\u2022 Marca: Fruit of the Loom<br data-start=\"1594\" data-end=\"1597\" \/>\u2022 Modelo: Valueweight<br data-start=\"1620\" data-end=\"1623\" \/>\u2022 Peso: 160g\/m\u00b2<br data-start=\"1640\" data-end=\"1643\" \/>\u2022 Corte: Largo (regular fit)<br data-start=\"1673\" data-end=\"1676\" \/>\u2022 Certificado: \u00d6ko-Tex 100<\/p>","protected":false},"excerpt":{"rendered":"<p>Voc\u00ea inspira mais do que imagina \u2014 at\u00e9 quem finge n\u00e3o ver. A camiseta \u201cVoc\u00ea inspira pessoas que fingem n\u00e3o te ver\u201d carrega for\u00e7a e sensibilidade em poucas palavras. Ideal para quem transmite presen\u00e7a sem precisar levantar a voz. Feita em malha 160g 100% algod\u00e3o, essa pe\u00e7a oferece leveza, conforto e um caimento solto que [&hellip;]<\/p>","protected":false},"featured_media":1105,"comment_status":"open","ping_status":"closed","template":"","meta":[],"product_brand":[],"product_cat":[18],"product_tag":[],"class_list":{"0":"post-196","1":"product","2":"type-product","3":"status-publish","4":"has-post-thumbnail","6":"product_cat-camiseta-malha-160g","8":"first","9":"instock","10":"shipping-taxable","11":"purchasable","12":"product-type-variable"},"yoast_head":"<!-- This site is optimized with the Yoast SEO Premium plugin v24.6 (Yoast SEO v24.8.1) - https:\/\/yoast.com\/wordpress\/plugins\/seo\/ -->\n<title>T-shirt \u201cVoc\u00ea inspira pessoas\u2026\u201d em franc\u00eas - M\u00e9lanvies<\/title>\n<meta name=\"description\" content=\"T-shirt en coton avec la phrase \u201cTu inspires m\u00eame ceux qui pr\u00e9tendent ne pas te voir\u201d. L\u00e9ger, doux et expressif. 160g de pur confort.\" \/>\n<meta name=\"robots\" content=\"index, follow, max-snippet:-1, max-image-preview:large, max-video-preview:-1\" \/>\n<link rel=\"canonical\" href=\"https:\/\/melanvies.com\/fr\/produit\/t-shirt-voce-inspira-pessoas-em-frances\/\" \/>\n<meta property=\"og:locale\" content=\"fr_FR\" \/>\n<meta property=\"og:type\" content=\"article\" \/>\n<meta property=\"og:title\" content=\"T-shirt \u201cVoc\u00ea inspira pessoas\u2026\u201d em franc\u00eas\" \/>\n<meta property=\"og:description\" content=\"T-shirt en coton avec la phrase \u201cTu inspires m\u00eame ceux qui pr\u00e9tendent ne pas te voir\u201d. L\u00e9ger, doux et expressif. 160g de pur confort.\" \/>\n<meta property=\"og:url\" content=\"https:\/\/melanvies.com\/fr\/produit\/t-shirt-voce-inspira-pessoas-em-frances\/\" \/>\n<meta property=\"og:site_name\" content=\"M\u00e9lanvies\" \/>\n<meta property=\"article:modified_time\" content=\"2025-05-08T14:15:17+00:00\" \/>\n<meta property=\"og:image\" content=\"https:\/\/melanvies.com\/wp-content\/uploads\/2025\/05\/mockup-of-a-hand-holding-a-t-shirt-in-a-colorful-background-26735-22.png\" \/>\n\t<meta property=\"og:image:width\" content=\"1440\" \/>\n\t<meta property=\"og:image:height\" content=\"2160\" \/>\n\t<meta property=\"og:image:type\" content=\"image\/png\" \/>\n<meta name=\"twitter:card\" content=\"summary_large_image\" \/>\n<meta name=\"twitter:label1\" content=\"Dur\u00e9e de lecture est.\" \/>\n\t<meta name=\"twitter:data1\" content=\"1 minute\" \/>\n<script type=\"application\/ld+json\" class=\"yoast-schema-graph\">{\"@context\":\"https:\/\/schema.org\",\"@graph\":[{\"@type\":\"WebPage\",\"@id\":\"https:\/\/melanvies.com\/produto\/t-shirt-voce-inspira-pessoas-em-frances\/\",\"url\":\"https:\/\/melanvies.com\/produto\/t-shirt-voce-inspira-pessoas-em-frances\/\",\"name\":\"T-shirt \u201cVoc\u00ea inspira pessoas\u2026\u201d em franc\u00eas - M\u00e9lanvies\",\"isPartOf\":{\"@id\":\"https:\/\/melanvies.com\/#website\"},\"primaryImageOfPage\":{\"@id\":\"https:\/\/melanvies.com\/produto\/t-shirt-voce-inspira-pessoas-em-frances\/#primaryimage\"},\"image\":{\"@id\":\"https:\/\/melanvies.com\/produto\/t-shirt-voce-inspira-pessoas-em-frances\/#primaryimage\"},\"thumbnailUrl\":\"https:\/\/melanvies.com\/wp-content\/uploads\/2025\/05\/mockup-of-a-hand-holding-a-t-shirt-in-a-colorful-background-26735-22.png\",\"datePublished\":\"2025-04-13T18:26:54+00:00\",\"dateModified\":\"2025-05-08T14:15:17+00:00\",\"description\":\"T-shirt en coton avec la phrase \u201cTu inspires m\u00eame ceux qui pr\u00e9tendent ne pas te voir\u201d. L\u00e9ger, doux et expressif. 160g de pur confort.\",\"breadcrumb\":{\"@id\":\"https:\/\/melanvies.com\/produto\/t-shirt-voce-inspira-pessoas-em-frances\/#breadcrumb\"},\"inLanguage\":\"fr-BE\",\"potentialAction\":[{\"@type\":\"ReadAction\",\"target\":[\"https:\/\/melanvies.com\/produto\/t-shirt-voce-inspira-pessoas-em-frances\/\"]}]},{\"@type\":\"ImageObject\",\"inLanguage\":\"fr-BE\",\"@id\":\"https:\/\/melanvies.com\/produto\/t-shirt-voce-inspira-pessoas-em-frances\/#primaryimage\",\"url\":\"https:\/\/melanvies.com\/wp-content\/uploads\/2025\/05\/mockup-of-a-hand-holding-a-t-shirt-in-a-colorful-background-26735-22.png\",\"contentUrl\":\"https:\/\/melanvies.com\/wp-content\/uploads\/2025\/05\/mockup-of-a-hand-holding-a-t-shirt-in-a-colorful-background-26735-22.png\",\"width\":1440,\"height\":2160},{\"@type\":\"BreadcrumbList\",\"@id\":\"https:\/\/melanvies.com\/produto\/t-shirt-voce-inspira-pessoas-em-frances\/#breadcrumb\",\"itemListElement\":[{\"@type\":\"ListItem\",\"position\":1,\"name\":\"In\u00edcio\",\"item\":\"https:\/\/melanvies.com\/\"},{\"@type\":\"ListItem\",\"position\":2,\"name\":\"Products\",\"item\":\"https:\/\/www.melanvies.com\/loja\/\"},{\"@type\":\"ListItem\",\"position\":3,\"name\":\"T-shirt \u201cVoc\u00ea inspira pessoas\u2026\u201d em franc\u00eas\"}]},{\"@type\":\"WebSite\",\"@id\":\"https:\/\/melanvies.com\/#website\",\"url\":\"https:\/\/melanvies.com\/\",\"name\":\"M\u00e9lanvies\",\"description\":\"T-shirt Personalis\u00e9\",\"publisher\":{\"@id\":\"https:\/\/melanvies.com\/#organization\"},\"potentialAction\":[{\"@type\":\"SearchAction\",\"target\":{\"@type\":\"EntryPoint\",\"urlTemplate\":\"https:\/\/melanvies.com\/?s={search_term_string}\"},\"query-input\":{\"@type\":\"PropertyValueSpecification\",\"valueRequired\":true,\"valueName\":\"search_term_string\"}}],\"inLanguage\":\"fr-BE\"},{\"@type\":\"Organization\",\"@id\":\"https:\/\/melanvies.com\/#organization\",\"name\":\"M\u00e9lanvies\",\"url\":\"https:\/\/melanvies.com\/\",\"logo\":{\"@type\":\"ImageObject\",\"inLanguage\":\"fr-BE\",\"@id\":\"https:\/\/melanvies.com\/#\/schema\/logo\/image\/\",\"url\":\"https:\/\/melanvies.com\/wp-content\/uploads\/2025\/04\/cropped-w.png\",\"contentUrl\":\"https:\/\/melanvies.com\/wp-content\/uploads\/2025\/04\/cropped-w.png\",\"width\":338,\"height\":69,\"caption\":\"M\u00e9lanvies\"},\"image\":{\"@id\":\"https:\/\/melanvies.com\/#\/schema\/logo\/image\/\"}}]}<\/script>\n<!-- \/ Yoast SEO Premium plugin. -->","yoast_head_json":{"title":"T-shirt \u201cVoc\u00ea inspira pessoas\u2026\u201d em franc\u00eas - M\u00e9lanvies","description":"T-shirt en coton avec la phrase \u201cTu inspires m\u00eame ceux qui pr\u00e9tendent ne pas te voir\u201d. L\u00e9ger, doux et expressif. 160g de pur confort.","robots":{"index":"index","follow":"follow","max-snippet":"max-snippet:-1","max-image-preview":"max-image-preview:large","max-video-preview":"max-video-preview:-1"},"canonical":"https:\/\/melanvies.com\/fr\/produit\/t-shirt-voce-inspira-pessoas-em-frances\/","og_locale":"fr_FR","og_type":"article","og_title":"T-shirt \u201cVoc\u00ea inspira pessoas\u2026\u201d em franc\u00eas","og_description":"T-shirt en coton avec la phrase \u201cTu inspires m\u00eame ceux qui pr\u00e9tendent ne pas te voir\u201d. L\u00e9ger, doux et expressif. 160g de pur confort.","og_url":"https:\/\/melanvies.com\/fr\/produit\/t-shirt-voce-inspira-pessoas-em-frances\/","og_site_name":"M\u00e9lanvies","article_modified_time":"2025-05-08T14:15:17+00:00","og_image":[{"width":1440,"height":2160,"url":"https:\/\/melanvies.com\/wp-content\/uploads\/2025\/05\/mockup-of-a-hand-holding-a-t-shirt-in-a-colorful-background-26735-22.png","type":"image\/png"}],"twitter_card":"summary_large_image","twitter_misc":{"Dur\u00e9e de lecture est.":"1 minute"},"schema":{"@context":"https:\/\/schema.org","@graph":[{"@type":"WebPage","@id":"https:\/\/melanvies.com\/produto\/t-shirt-voce-inspira-pessoas-em-frances\/","url":"https:\/\/melanvies.com\/produto\/t-shirt-voce-inspira-pessoas-em-frances\/","name":"T-shirt \u201cVoc\u00ea inspira pessoas\u2026\u201d em franc\u00eas - M\u00e9lanvies","isPartOf":{"@id":"https:\/\/melanvies.com\/#website"},"primaryImageOfPage":{"@id":"https:\/\/melanvies.com\/produto\/t-shirt-voce-inspira-pessoas-em-frances\/#primaryimage"},"image":{"@id":"https:\/\/melanvies.com\/produto\/t-shirt-voce-inspira-pessoas-em-frances\/#primaryimage"},"thumbnailUrl":"https:\/\/melanvies.com\/wp-content\/uploads\/2025\/05\/mockup-of-a-hand-holding-a-t-shirt-in-a-colorful-background-26735-22.png","datePublished":"2025-04-13T18:26:54+00:00","dateModified":"2025-05-08T14:15:17+00:00","description":"T-shirt en coton avec la phrase \u201cTu inspires m\u00eame ceux qui pr\u00e9tendent ne pas te voir\u201d. L\u00e9ger, doux et expressif. 160g de pur confort.","breadcrumb":{"@id":"https:\/\/melanvies.com\/produto\/t-shirt-voce-inspira-pessoas-em-frances\/#breadcrumb"},"inLanguage":"fr-BE","potentialAction":[{"@type":"ReadAction","target":["https:\/\/melanvies.com\/produto\/t-shirt-voce-inspira-pessoas-em-frances\/"]}]},{"@type":"ImageObject","inLanguage":"fr-BE","@id":"https:\/\/melanvies.com\/produto\/t-shirt-voce-inspira-pessoas-em-frances\/#primaryimage","url":"https:\/\/melanvies.com\/wp-content\/uploads\/2025\/05\/mockup-of-a-hand-holding-a-t-shirt-in-a-colorful-background-26735-22.png","contentUrl":"https:\/\/melanvies.com\/wp-content\/uploads\/2025\/05\/mockup-of-a-hand-holding-a-t-shirt-in-a-colorful-background-26735-22.png","width":1440,"height":2160},{"@type":"BreadcrumbList","@id":"https:\/\/melanvies.com\/produto\/t-shirt-voce-inspira-pessoas-em-frances\/#breadcrumb","itemListElement":[{"@type":"ListItem","position":1,"name":"In\u00edcio","item":"https:\/\/melanvies.com\/"},{"@type":"ListItem","position":2,"name":"Products","item":"https:\/\/www.melanvies.com\/loja\/"},{"@type":"ListItem","position":3,"name":"T-shirt \u201cVoc\u00ea inspira pessoas\u2026\u201d em franc\u00eas"}]},{"@type":"WebSite","@id":"https:\/\/melanvies.com\/#website","url":"https:\/\/melanvies.com\/","name":"M\u00e9lanvies","description":"T-shirt Personalis\u00e9","publisher":{"@id":"https:\/\/melanvies.com\/#organization"},"potentialAction":[{"@type":"SearchAction","target":{"@type":"EntryPoint","urlTemplate":"https:\/\/melanvies.com\/?s={search_term_string}"},"query-input":{"@type":"PropertyValueSpecification","valueRequired":true,"valueName":"search_term_string"}}],"inLanguage":"fr-BE"},{"@type":"Organization","@id":"https:\/\/melanvies.com\/#organization","name":"M\u00e9lanvies","url":"https:\/\/melanvies.com\/","logo":{"@type":"ImageObject","inLanguage":"fr-BE","@id":"https:\/\/melanvies.com\/#\/schema\/logo\/image\/","url":"https:\/\/melanvies.com\/wp-content\/uploads\/2025\/04\/cropped-w.png","contentUrl":"https:\/\/melanvies.com\/wp-content\/uploads\/2025\/04\/cropped-w.png","width":338,"height":69,"caption":"M\u00e9lanvies"},"image":{"@id":"https:\/\/melanvies.com\/#\/schema\/logo\/image\/"}}]}},"jetpack_sharing_enabled":true,"_links":{"self":[{"href":"https:\/\/melanvies.com\/fr\/wp-json\/wp\/v2\/product\/196","targetHints":{"allow":["GET"]}}],"collection":[{"href":"https:\/\/melanvies.com\/fr\/wp-json\/wp\/v2\/product"}],"about":[{"href":"https:\/\/melanvies.com\/fr\/wp-json\/wp\/v2\/types\/product"}],"replies":[{"embeddable":true,"href":"https:\/\/melanvies.com\/fr\/wp-json\/wp\/v2\/comments?post=196"}],"wp:featuredmedia":[{"embeddable":true,"href":"https:\/\/melanvies.com\/fr\/wp-json\/wp\/v2\/media\/1105"}],"wp:attachment":[{"href":"https:\/\/melanvies.com\/fr\/wp-json\/wp\/v2\/media?parent=196"}],"wp:term":[{"taxonomy":"product_brand","embeddable":true,"href":"https:\/\/melanvies.com\/fr\/wp-json\/wp\/v2\/product_brand?post=196"},{"taxonomy":"product_cat","embeddable":true,"href":"https:\/\/melanvies.com\/fr\/wp-json\/wp\/v2\/product_cat?post=196"},{"taxonomy":"product_tag","embeddable":true,"href":"https:\/\/melanvies.com\/fr\/wp-json\/wp\/v2\/product_tag?post=196"}],"curies":[{"name":"wp","href":"https:\/\/api.w.org\/{rel}","templated":true}]}}