{"id":158,"date":"2025-04-13T17:56:51","date_gmt":"2025-04-13T17:56:51","guid":{"rendered":"https:\/\/melanvies.com\/?post_type=product&#038;p=158"},"modified":"2025-05-08T14:16:31","modified_gmt":"2025-05-08T14:16:31","slug":"t-shirt-tu-te-tornas-eternamente-responsavel","status":"publish","type":"product","link":"https:\/\/melanvies.com\/fr\/produit\/t-shirt-tu-te-tornas-eternamente-responsavel\/","title":{"rendered":"T-Shirt \u201cTu te tornas eternamente respons\u00e1vel\u2026\u201d"},"content":{"rendered":"<p class=\"\" data-start=\"1129\" data-end=\"1179\"><strong data-start=\"1129\" data-end=\"1177\">Para quem carrega suas tretas com eleg\u00e2ncia.<\/strong><\/p>\n<p class=\"\" data-start=\"1186\" data-end=\"1354\">A camiseta \u201cTu te tornas eternamente respons\u00e1vel pelos teus b.o\u201d traz uma releitura ir\u00f4nica da c\u00e9lebre frase do Pequeno Pr\u00edncipe \u2014 com um toque de sinceridade brutal.<\/p>\n<p class=\"\" data-start=\"1361\" data-end=\"1499\">Produzida em <strong data-start=\"1374\" data-end=\"1401\">malha 160g 100% algod\u00e3o<\/strong>, tem <strong data-start=\"1407\" data-end=\"1422\">corte largo<\/strong>, toque leve e \u00e9 ideal para usar no dia a dia com conforto e autenticidade.<\/p>\n<p class=\"\" data-start=\"1506\" data-end=\"1671\">\u2728 <strong data-start=\"1508\" data-end=\"1530\">Detalhes t\u00e9cnicos:<\/strong><br data-start=\"1530\" data-end=\"1533\" \/>\u2022 Marca: Fruit of the Loom<br data-start=\"1561\" data-end=\"1564\" \/>\u2022 Modelo: Valueweight<br data-start=\"1587\" data-end=\"1590\" \/>\u2022 Peso: 160g\/m\u00b2<br data-start=\"1607\" data-end=\"1610\" \/>\u2022 Corte: Largo (regular fit)<br data-start=\"1640\" data-end=\"1643\" \/>\u2022 Certificado: \u00d6ko-Tex 100<\/p>","protected":false},"excerpt":{"rendered":"<p>Para quem carrega suas tretas com eleg\u00e2ncia. A camiseta \u201cTu te tornas eternamente respons\u00e1vel pelos teus b.o\u201d traz uma releitura ir\u00f4nica da c\u00e9lebre frase do Pequeno Pr\u00edncipe \u2014 com um toque de sinceridade brutal. Produzida em malha 160g 100% algod\u00e3o, tem corte largo, toque leve e \u00e9 ideal para usar no dia a dia com [&hellip;]<\/p>","protected":false},"featured_media":1109,"comment_status":"open","ping_status":"closed","template":"","meta":[],"product_brand":[],"product_cat":[18],"product_tag":[],"class_list":{"0":"post-158","1":"product","2":"type-product","3":"status-publish","4":"has-post-thumbnail","6":"product_cat-camiseta-malha-160g","8":"first","9":"instock","10":"shipping-taxable","11":"purchasable","12":"product-type-variable"},"yoast_head":"<!-- This site is optimized with the Yoast SEO Premium plugin v24.6 (Yoast SEO v24.8.1) - https:\/\/yoast.com\/wordpress\/plugins\/seo\/ -->\n<title>T-Shirt \u201cTu te tornas eternamente respons\u00e1vel\u2026\u201d - M\u00e9lanvies<\/title>\n<meta name=\"description\" content=\"Camiseta com a frase \u201cTu te tornas eternamente respons\u00e1vel pelos teus b.o\u201d. Leve, 100% algod\u00e3o, perfeita pra quem ama um deboche sutil.\" \/>\n<meta name=\"robots\" content=\"index, follow, max-snippet:-1, max-image-preview:large, max-video-preview:-1\" \/>\n<link rel=\"canonical\" href=\"https:\/\/melanvies.com\/fr\/produit\/t-shirt-tu-te-tornas-eternamente-responsavel\/\" \/>\n<meta property=\"og:locale\" content=\"fr_FR\" \/>\n<meta property=\"og:type\" content=\"article\" \/>\n<meta property=\"og:title\" content=\"T-Shirt \u201cTu te tornas eternamente respons\u00e1vel\u2026\u201d\" \/>\n<meta property=\"og:description\" content=\"Camiseta com a frase \u201cTu te tornas eternamente respons\u00e1vel pelos teus b.o\u201d. Leve, 100% algod\u00e3o, perfeita pra quem ama um deboche sutil.\" \/>\n<meta property=\"og:url\" content=\"https:\/\/melanvies.com\/fr\/produit\/t-shirt-tu-te-tornas-eternamente-responsavel\/\" \/>\n<meta property=\"og:site_name\" content=\"M\u00e9lanvies\" \/>\n<meta property=\"article:modified_time\" content=\"2025-05-08T14:16:31+00:00\" \/>\n<meta property=\"og:image\" content=\"https:\/\/melanvies.com\/wp-content\/uploads\/2025\/05\/mockup-of-a-hand-holding-a-t-shirt-in-a-colorful-background-26735-18-683x1024.png\" \/>\n\t<meta property=\"og:image:width\" content=\"683\" \/>\n\t<meta property=\"og:image:height\" content=\"1024\" \/>\n\t<meta property=\"og:image:type\" content=\"image\/png\" \/>\n<meta name=\"twitter:card\" content=\"summary_large_image\" \/>\n<meta name=\"twitter:label1\" content=\"Dur\u00e9e de lecture est.\" \/>\n\t<meta name=\"twitter:data1\" content=\"1 minute\" \/>\n<script type=\"application\/ld+json\" class=\"yoast-schema-graph\">{\"@context\":\"https:\/\/schema.org\",\"@graph\":[{\"@type\":\"WebPage\",\"@id\":\"https:\/\/melanvies.com\/produto\/t-shirt-tu-te-tornas-eternamente-responsavel\/\",\"url\":\"https:\/\/melanvies.com\/produto\/t-shirt-tu-te-tornas-eternamente-responsavel\/\",\"name\":\"T-Shirt \u201cTu te tornas eternamente respons\u00e1vel\u2026\u201d - M\u00e9lanvies\",\"isPartOf\":{\"@id\":\"https:\/\/melanvies.com\/#website\"},\"primaryImageOfPage\":{\"@id\":\"https:\/\/melanvies.com\/produto\/t-shirt-tu-te-tornas-eternamente-responsavel\/#primaryimage\"},\"image\":{\"@id\":\"https:\/\/melanvies.com\/produto\/t-shirt-tu-te-tornas-eternamente-responsavel\/#primaryimage\"},\"thumbnailUrl\":\"https:\/\/melanvies.com\/wp-content\/uploads\/2025\/05\/mockup-of-a-hand-holding-a-t-shirt-in-a-colorful-background-26735-18.png\",\"datePublished\":\"2025-04-13T17:56:51+00:00\",\"dateModified\":\"2025-05-08T14:16:31+00:00\",\"description\":\"Camiseta com a frase \u201cTu te tornas eternamente respons\u00e1vel pelos teus b.o\u201d. Leve, 100% algod\u00e3o, perfeita pra quem ama um deboche sutil.\",\"breadcrumb\":{\"@id\":\"https:\/\/melanvies.com\/produto\/t-shirt-tu-te-tornas-eternamente-responsavel\/#breadcrumb\"},\"inLanguage\":\"fr-BE\",\"potentialAction\":[{\"@type\":\"ReadAction\",\"target\":[\"https:\/\/melanvies.com\/produto\/t-shirt-tu-te-tornas-eternamente-responsavel\/\"]}]},{\"@type\":\"ImageObject\",\"inLanguage\":\"fr-BE\",\"@id\":\"https:\/\/melanvies.com\/produto\/t-shirt-tu-te-tornas-eternamente-responsavel\/#primaryimage\",\"url\":\"https:\/\/melanvies.com\/wp-content\/uploads\/2025\/05\/mockup-of-a-hand-holding-a-t-shirt-in-a-colorful-background-26735-18.png\",\"contentUrl\":\"https:\/\/melanvies.com\/wp-content\/uploads\/2025\/05\/mockup-of-a-hand-holding-a-t-shirt-in-a-colorful-background-26735-18.png\",\"width\":1440,\"height\":2160},{\"@type\":\"BreadcrumbList\",\"@id\":\"https:\/\/melanvies.com\/produto\/t-shirt-tu-te-tornas-eternamente-responsavel\/#breadcrumb\",\"itemListElement\":[{\"@type\":\"ListItem\",\"position\":1,\"name\":\"In\u00edcio\",\"item\":\"https:\/\/melanvies.com\/\"},{\"@type\":\"ListItem\",\"position\":2,\"name\":\"Products\",\"item\":\"https:\/\/www.melanvies.com\/loja\/\"},{\"@type\":\"ListItem\",\"position\":3,\"name\":\"T-Shirt \u201cTu te tornas eternamente respons\u00e1vel\u2026\u201d\"}]},{\"@type\":\"WebSite\",\"@id\":\"https:\/\/melanvies.com\/#website\",\"url\":\"https:\/\/melanvies.com\/\",\"name\":\"M\u00e9lanvies\",\"description\":\"T-shirt Personalis\u00e9\",\"publisher\":{\"@id\":\"https:\/\/melanvies.com\/#organization\"},\"potentialAction\":[{\"@type\":\"SearchAction\",\"target\":{\"@type\":\"EntryPoint\",\"urlTemplate\":\"https:\/\/melanvies.com\/?s={search_term_string}\"},\"query-input\":{\"@type\":\"PropertyValueSpecification\",\"valueRequired\":true,\"valueName\":\"search_term_string\"}}],\"inLanguage\":\"fr-BE\"},{\"@type\":\"Organization\",\"@id\":\"https:\/\/melanvies.com\/#organization\",\"name\":\"M\u00e9lanvies\",\"url\":\"https:\/\/melanvies.com\/\",\"logo\":{\"@type\":\"ImageObject\",\"inLanguage\":\"fr-BE\",\"@id\":\"https:\/\/melanvies.com\/#\/schema\/logo\/image\/\",\"url\":\"https:\/\/melanvies.com\/wp-content\/uploads\/2025\/04\/cropped-w.png\",\"contentUrl\":\"https:\/\/melanvies.com\/wp-content\/uploads\/2025\/04\/cropped-w.png\",\"width\":338,\"height\":69,\"caption\":\"M\u00e9lanvies\"},\"image\":{\"@id\":\"https:\/\/melanvies.com\/#\/schema\/logo\/image\/\"}}]}<\/script>\n<!-- \/ Yoast SEO Premium plugin. -->","yoast_head_json":{"title":"T-Shirt \u201cTu te tornas eternamente respons\u00e1vel\u2026\u201d - M\u00e9lanvies","description":"Camiseta com a frase \u201cTu te tornas eternamente respons\u00e1vel pelos teus b.o\u201d. Leve, 100% algod\u00e3o, perfeita pra quem ama um deboche sutil.","robots":{"index":"index","follow":"follow","max-snippet":"max-snippet:-1","max-image-preview":"max-image-preview:large","max-video-preview":"max-video-preview:-1"},"canonical":"https:\/\/melanvies.com\/fr\/produit\/t-shirt-tu-te-tornas-eternamente-responsavel\/","og_locale":"fr_FR","og_type":"article","og_title":"T-Shirt \u201cTu te tornas eternamente respons\u00e1vel\u2026\u201d","og_description":"Camiseta com a frase \u201cTu te tornas eternamente respons\u00e1vel pelos teus b.o\u201d. Leve, 100% algod\u00e3o, perfeita pra quem ama um deboche sutil.","og_url":"https:\/\/melanvies.com\/fr\/produit\/t-shirt-tu-te-tornas-eternamente-responsavel\/","og_site_name":"M\u00e9lanvies","article_modified_time":"2025-05-08T14:16:31+00:00","og_image":[{"width":683,"height":1024,"url":"https:\/\/melanvies.com\/wp-content\/uploads\/2025\/05\/mockup-of-a-hand-holding-a-t-shirt-in-a-colorful-background-26735-18-683x1024.png","type":"image\/png"}],"twitter_card":"summary_large_image","twitter_misc":{"Dur\u00e9e de lecture est.":"1 minute"},"schema":{"@context":"https:\/\/schema.org","@graph":[{"@type":"WebPage","@id":"https:\/\/melanvies.com\/produto\/t-shirt-tu-te-tornas-eternamente-responsavel\/","url":"https:\/\/melanvies.com\/produto\/t-shirt-tu-te-tornas-eternamente-responsavel\/","name":"T-Shirt \u201cTu te tornas eternamente respons\u00e1vel\u2026\u201d - M\u00e9lanvies","isPartOf":{"@id":"https:\/\/melanvies.com\/#website"},"primaryImageOfPage":{"@id":"https:\/\/melanvies.com\/produto\/t-shirt-tu-te-tornas-eternamente-responsavel\/#primaryimage"},"image":{"@id":"https:\/\/melanvies.com\/produto\/t-shirt-tu-te-tornas-eternamente-responsavel\/#primaryimage"},"thumbnailUrl":"https:\/\/melanvies.com\/wp-content\/uploads\/2025\/05\/mockup-of-a-hand-holding-a-t-shirt-in-a-colorful-background-26735-18.png","datePublished":"2025-04-13T17:56:51+00:00","dateModified":"2025-05-08T14:16:31+00:00","description":"Camiseta com a frase \u201cTu te tornas eternamente respons\u00e1vel pelos teus b.o\u201d. Leve, 100% algod\u00e3o, perfeita pra quem ama um deboche sutil.","breadcrumb":{"@id":"https:\/\/melanvies.com\/produto\/t-shirt-tu-te-tornas-eternamente-responsavel\/#breadcrumb"},"inLanguage":"fr-BE","potentialAction":[{"@type":"ReadAction","target":["https:\/\/melanvies.com\/produto\/t-shirt-tu-te-tornas-eternamente-responsavel\/"]}]},{"@type":"ImageObject","inLanguage":"fr-BE","@id":"https:\/\/melanvies.com\/produto\/t-shirt-tu-te-tornas-eternamente-responsavel\/#primaryimage","url":"https:\/\/melanvies.com\/wp-content\/uploads\/2025\/05\/mockup-of-a-hand-holding-a-t-shirt-in-a-colorful-background-26735-18.png","contentUrl":"https:\/\/melanvies.com\/wp-content\/uploads\/2025\/05\/mockup-of-a-hand-holding-a-t-shirt-in-a-colorful-background-26735-18.png","width":1440,"height":2160},{"@type":"BreadcrumbList","@id":"https:\/\/melanvies.com\/produto\/t-shirt-tu-te-tornas-eternamente-responsavel\/#breadcrumb","itemListElement":[{"@type":"ListItem","position":1,"name":"In\u00edcio","item":"https:\/\/melanvies.com\/"},{"@type":"ListItem","position":2,"name":"Products","item":"https:\/\/www.melanvies.com\/loja\/"},{"@type":"ListItem","position":3,"name":"T-Shirt \u201cTu te tornas eternamente respons\u00e1vel\u2026\u201d"}]},{"@type":"WebSite","@id":"https:\/\/melanvies.com\/#website","url":"https:\/\/melanvies.com\/","name":"M\u00e9lanvies","description":"T-shirt Personalis\u00e9","publisher":{"@id":"https:\/\/melanvies.com\/#organization"},"potentialAction":[{"@type":"SearchAction","target":{"@type":"EntryPoint","urlTemplate":"https:\/\/melanvies.com\/?s={search_term_string}"},"query-input":{"@type":"PropertyValueSpecification","valueRequired":true,"valueName":"search_term_string"}}],"inLanguage":"fr-BE"},{"@type":"Organization","@id":"https:\/\/melanvies.com\/#organization","name":"M\u00e9lanvies","url":"https:\/\/melanvies.com\/","logo":{"@type":"ImageObject","inLanguage":"fr-BE","@id":"https:\/\/melanvies.com\/#\/schema\/logo\/image\/","url":"https:\/\/melanvies.com\/wp-content\/uploads\/2025\/04\/cropped-w.png","contentUrl":"https:\/\/melanvies.com\/wp-content\/uploads\/2025\/04\/cropped-w.png","width":338,"height":69,"caption":"M\u00e9lanvies"},"image":{"@id":"https:\/\/melanvies.com\/#\/schema\/logo\/image\/"}}]}},"jetpack_sharing_enabled":true,"_links":{"self":[{"href":"https:\/\/melanvies.com\/fr\/wp-json\/wp\/v2\/product\/158","targetHints":{"allow":["GET"]}}],"collection":[{"href":"https:\/\/melanvies.com\/fr\/wp-json\/wp\/v2\/product"}],"about":[{"href":"https:\/\/melanvies.com\/fr\/wp-json\/wp\/v2\/types\/product"}],"replies":[{"embeddable":true,"href":"https:\/\/melanvies.com\/fr\/wp-json\/wp\/v2\/comments?post=158"}],"wp:featuredmedia":[{"embeddable":true,"href":"https:\/\/melanvies.com\/fr\/wp-json\/wp\/v2\/media\/1109"}],"wp:attachment":[{"href":"https:\/\/melanvies.com\/fr\/wp-json\/wp\/v2\/media?parent=158"}],"wp:term":[{"taxonomy":"product_brand","embeddable":true,"href":"https:\/\/melanvies.com\/fr\/wp-json\/wp\/v2\/product_brand?post=158"},{"taxonomy":"product_cat","embeddable":true,"href":"https:\/\/melanvies.com\/fr\/wp-json\/wp\/v2\/product_cat?post=158"},{"taxonomy":"product_tag","embeddable":true,"href":"https:\/\/melanvies.com\/fr\/wp-json\/wp\/v2\/product_tag?post=158"}],"curies":[{"name":"wp","href":"https:\/\/api.w.org\/{rel}","templated":true}]}}