{"id":139,"date":"2025-04-13T17:47:20","date_gmt":"2025-04-13T17:47:20","guid":{"rendered":"https:\/\/melanvies.com\/?post_type=product&#038;p=139"},"modified":"2025-05-08T14:17:00","modified_gmt":"2025-05-08T14:17:00","slug":"camiseta-tu-te-tornas-eternamente-responsavel","status":"publish","type":"product","link":"https:\/\/melanvies.com\/fr\/produit\/camiseta-tu-te-tornas-eternamente-responsavel\/","title":{"rendered":"T-shirt &#8220;Tu te tornas eternamente respons\u00e1vel pelos teus b.o&#8221; em franc\u00eas"},"content":{"rendered":"<p class=\"\" data-start=\"347\" data-end=\"417\">Uma t-shirt feita para o dia a dia, com qualidade e conforto de sobra.<\/p>\n<p class=\"\" data-start=\"419\" data-end=\"592\">Confeccionada em <strong data-start=\"436\" data-end=\"464\">100% algod\u00e3o com 160g\/m\u00b2<\/strong>, essa pe\u00e7a oferece um toque leve, respir\u00e1vel e agrad\u00e1vel na pele \u2014 perfeita para usar sozinha ou como base para personaliza\u00e7\u00e3o.<\/p>\n<p class=\"\" data-start=\"594\" data-end=\"752\">Com modelagem <strong data-start=\"608\" data-end=\"633\">larga e descomplicada<\/strong>, ela combina com todos os estilos e corpos. Ideal para quem busca uma camiseta vers\u00e1til, dur\u00e1vel e com caimento solto.<\/p>\n<p class=\"\" data-start=\"754\" data-end=\"1002\">\ud83e\uddf5 <strong data-start=\"757\" data-end=\"779\">Detalhes t\u00e9cnicos:<\/strong><br data-start=\"779\" data-end=\"782\" \/>\u2022 Marca: Fruit of the Loom<br data-start=\"808\" data-end=\"811\" \/>\u2022 Modelo: <em data-start=\"821\" data-end=\"834\">Valueweight<\/em><br data-start=\"834\" data-end=\"837\" \/>\u2022 Peso: 160g\/m\u00b2<br data-start=\"852\" data-end=\"855\" \/>\u2022 Composi\u00e7\u00e3o: 100% algod\u00e3o<br data-start=\"881\" data-end=\"884\" \/>\u2022 Corte: Largo (regular fit)<br data-start=\"912\" data-end=\"915\" \/>\u2022 Certifica\u00e7\u00e3o: <strong data-start=\"931\" data-end=\"955\">\u00d6ko-Tex Standard 100<\/strong> (garantia de produ\u00e7\u00e3o sem subst\u00e2ncias nocivas)<\/p>","protected":false},"excerpt":{"rendered":"<p>Uma t-shirt feita para o dia a dia, com qualidade e conforto de sobra. Confeccionada em 100% algod\u00e3o com 160g\/m\u00b2, essa pe\u00e7a oferece um toque leve, respir\u00e1vel e agrad\u00e1vel na pele \u2014 perfeita para usar sozinha ou como base para personaliza\u00e7\u00e3o. Com modelagem larga e descomplicada, ela combina com todos os estilos e corpos. Ideal [&hellip;]<\/p>","protected":false},"featured_media":1108,"comment_status":"open","ping_status":"closed","template":"","meta":[],"product_brand":[],"product_cat":[18],"product_tag":[],"class_list":{"0":"post-139","1":"product","2":"type-product","3":"status-publish","4":"has-post-thumbnail","6":"product_cat-camiseta-malha-160g","8":"first","9":"instock","10":"shipping-taxable","11":"purchasable","12":"product-type-variable"},"yoast_head":"<!-- This site is optimized with the Yoast SEO Premium plugin v24.6 (Yoast SEO v24.8.1) - https:\/\/yoast.com\/wordpress\/plugins\/seo\/ -->\n<title>T-shirt &quot;Tu te tornas eternamente respons\u00e1vel pelos teus b.o&quot; em franc\u00eas - M\u00e9lanvies<\/title>\n<meta name=\"description\" content=\"Camiseta com a frase \u201cTu te tornas eternamente respons\u00e1vel pelos teus b.o\u201d. Leve, 100% algod\u00e3o, perfeita pra quem ama um deboche sutil.\" \/>\n<meta name=\"robots\" content=\"index, follow, max-snippet:-1, max-image-preview:large, max-video-preview:-1\" \/>\n<link rel=\"canonical\" href=\"https:\/\/melanvies.com\/fr\/produit\/camiseta-tu-te-tornas-eternamente-responsavel\/\" \/>\n<meta property=\"og:locale\" content=\"fr_FR\" \/>\n<meta property=\"og:type\" content=\"article\" \/>\n<meta property=\"og:title\" content=\"T-shirt &quot;Tu te tornas eternamente respons\u00e1vel pelos teus b.o&quot; em franc\u00eas\" \/>\n<meta property=\"og:description\" content=\"Camiseta com a frase \u201cTu te tornas eternamente respons\u00e1vel pelos teus b.o\u201d. Leve, 100% algod\u00e3o, perfeita pra quem ama um deboche sutil.\" \/>\n<meta property=\"og:url\" content=\"https:\/\/melanvies.com\/fr\/produit\/camiseta-tu-te-tornas-eternamente-responsavel\/\" \/>\n<meta property=\"og:site_name\" content=\"M\u00e9lanvies\" \/>\n<meta property=\"article:modified_time\" content=\"2025-05-08T14:17:00+00:00\" \/>\n<meta property=\"og:image\" content=\"https:\/\/melanvies.com\/wp-content\/uploads\/2025\/05\/mockup-of-a-hand-holding-a-t-shirt-in-a-colorful-background-26735-19-683x1024.png\" \/>\n\t<meta property=\"og:image:width\" content=\"683\" \/>\n\t<meta property=\"og:image:height\" content=\"1024\" \/>\n\t<meta property=\"og:image:type\" content=\"image\/png\" \/>\n<meta name=\"twitter:card\" content=\"summary_large_image\" \/>\n<meta name=\"twitter:label1\" content=\"Dur\u00e9e de lecture est.\" \/>\n\t<meta name=\"twitter:data1\" content=\"1 minute\" \/>\n<script type=\"application\/ld+json\" class=\"yoast-schema-graph\">{\"@context\":\"https:\/\/schema.org\",\"@graph\":[{\"@type\":\"WebPage\",\"@id\":\"https:\/\/melanvies.com\/produto\/camiseta-tu-te-tornas-eternamente-responsavel\/\",\"url\":\"https:\/\/melanvies.com\/produto\/camiseta-tu-te-tornas-eternamente-responsavel\/\",\"name\":\"T-shirt \\\"Tu te tornas eternamente respons\u00e1vel pelos teus b.o\\\" em franc\u00eas - M\u00e9lanvies\",\"isPartOf\":{\"@id\":\"https:\/\/melanvies.com\/#website\"},\"primaryImageOfPage\":{\"@id\":\"https:\/\/melanvies.com\/produto\/camiseta-tu-te-tornas-eternamente-responsavel\/#primaryimage\"},\"image\":{\"@id\":\"https:\/\/melanvies.com\/produto\/camiseta-tu-te-tornas-eternamente-responsavel\/#primaryimage\"},\"thumbnailUrl\":\"https:\/\/melanvies.com\/wp-content\/uploads\/2025\/05\/mockup-of-a-hand-holding-a-t-shirt-in-a-colorful-background-26735-19.png\",\"datePublished\":\"2025-04-13T17:47:20+00:00\",\"dateModified\":\"2025-05-08T14:17:00+00:00\",\"description\":\"Camiseta com a frase \u201cTu te tornas eternamente respons\u00e1vel pelos teus b.o\u201d. Leve, 100% algod\u00e3o, perfeita pra quem ama um deboche sutil.\",\"breadcrumb\":{\"@id\":\"https:\/\/melanvies.com\/produto\/camiseta-tu-te-tornas-eternamente-responsavel\/#breadcrumb\"},\"inLanguage\":\"fr-BE\",\"potentialAction\":[{\"@type\":\"ReadAction\",\"target\":[\"https:\/\/melanvies.com\/produto\/camiseta-tu-te-tornas-eternamente-responsavel\/\"]}]},{\"@type\":\"ImageObject\",\"inLanguage\":\"fr-BE\",\"@id\":\"https:\/\/melanvies.com\/produto\/camiseta-tu-te-tornas-eternamente-responsavel\/#primaryimage\",\"url\":\"https:\/\/melanvies.com\/wp-content\/uploads\/2025\/05\/mockup-of-a-hand-holding-a-t-shirt-in-a-colorful-background-26735-19.png\",\"contentUrl\":\"https:\/\/melanvies.com\/wp-content\/uploads\/2025\/05\/mockup-of-a-hand-holding-a-t-shirt-in-a-colorful-background-26735-19.png\",\"width\":1440,\"height\":2160},{\"@type\":\"BreadcrumbList\",\"@id\":\"https:\/\/melanvies.com\/produto\/camiseta-tu-te-tornas-eternamente-responsavel\/#breadcrumb\",\"itemListElement\":[{\"@type\":\"ListItem\",\"position\":1,\"name\":\"In\u00edcio\",\"item\":\"https:\/\/melanvies.com\/\"},{\"@type\":\"ListItem\",\"position\":2,\"name\":\"Products\",\"item\":\"https:\/\/www.melanvies.com\/loja\/\"},{\"@type\":\"ListItem\",\"position\":3,\"name\":\"T-shirt &#8220;Tu te tornas eternamente respons\u00e1vel pelos teus b.o&#8221; em franc\u00eas\"}]},{\"@type\":\"WebSite\",\"@id\":\"https:\/\/melanvies.com\/#website\",\"url\":\"https:\/\/melanvies.com\/\",\"name\":\"M\u00e9lanvies\",\"description\":\"T-shirt Personalis\u00e9\",\"publisher\":{\"@id\":\"https:\/\/melanvies.com\/#organization\"},\"potentialAction\":[{\"@type\":\"SearchAction\",\"target\":{\"@type\":\"EntryPoint\",\"urlTemplate\":\"https:\/\/melanvies.com\/?s={search_term_string}\"},\"query-input\":{\"@type\":\"PropertyValueSpecification\",\"valueRequired\":true,\"valueName\":\"search_term_string\"}}],\"inLanguage\":\"fr-BE\"},{\"@type\":\"Organization\",\"@id\":\"https:\/\/melanvies.com\/#organization\",\"name\":\"M\u00e9lanvies\",\"url\":\"https:\/\/melanvies.com\/\",\"logo\":{\"@type\":\"ImageObject\",\"inLanguage\":\"fr-BE\",\"@id\":\"https:\/\/melanvies.com\/#\/schema\/logo\/image\/\",\"url\":\"https:\/\/melanvies.com\/wp-content\/uploads\/2025\/04\/cropped-w.png\",\"contentUrl\":\"https:\/\/melanvies.com\/wp-content\/uploads\/2025\/04\/cropped-w.png\",\"width\":338,\"height\":69,\"caption\":\"M\u00e9lanvies\"},\"image\":{\"@id\":\"https:\/\/melanvies.com\/#\/schema\/logo\/image\/\"}}]}<\/script>\n<!-- \/ Yoast SEO Premium plugin. -->","yoast_head_json":{"title":"T-shirt \"Tu te tornas eternamente respons\u00e1vel pelos teus b.o\" em franc\u00eas - M\u00e9lanvies","description":"Camiseta com a frase \u201cTu te tornas eternamente respons\u00e1vel pelos teus b.o\u201d. Leve, 100% algod\u00e3o, perfeita pra quem ama um deboche sutil.","robots":{"index":"index","follow":"follow","max-snippet":"max-snippet:-1","max-image-preview":"max-image-preview:large","max-video-preview":"max-video-preview:-1"},"canonical":"https:\/\/melanvies.com\/fr\/produit\/camiseta-tu-te-tornas-eternamente-responsavel\/","og_locale":"fr_FR","og_type":"article","og_title":"T-shirt \"Tu te tornas eternamente respons\u00e1vel pelos teus b.o\" em franc\u00eas","og_description":"Camiseta com a frase \u201cTu te tornas eternamente respons\u00e1vel pelos teus b.o\u201d. Leve, 100% algod\u00e3o, perfeita pra quem ama um deboche sutil.","og_url":"https:\/\/melanvies.com\/fr\/produit\/camiseta-tu-te-tornas-eternamente-responsavel\/","og_site_name":"M\u00e9lanvies","article_modified_time":"2025-05-08T14:17:00+00:00","og_image":[{"width":683,"height":1024,"url":"https:\/\/melanvies.com\/wp-content\/uploads\/2025\/05\/mockup-of-a-hand-holding-a-t-shirt-in-a-colorful-background-26735-19-683x1024.png","type":"image\/png"}],"twitter_card":"summary_large_image","twitter_misc":{"Dur\u00e9e de lecture est.":"1 minute"},"schema":{"@context":"https:\/\/schema.org","@graph":[{"@type":"WebPage","@id":"https:\/\/melanvies.com\/produto\/camiseta-tu-te-tornas-eternamente-responsavel\/","url":"https:\/\/melanvies.com\/produto\/camiseta-tu-te-tornas-eternamente-responsavel\/","name":"T-shirt \"Tu te tornas eternamente respons\u00e1vel pelos teus b.o\" em franc\u00eas - M\u00e9lanvies","isPartOf":{"@id":"https:\/\/melanvies.com\/#website"},"primaryImageOfPage":{"@id":"https:\/\/melanvies.com\/produto\/camiseta-tu-te-tornas-eternamente-responsavel\/#primaryimage"},"image":{"@id":"https:\/\/melanvies.com\/produto\/camiseta-tu-te-tornas-eternamente-responsavel\/#primaryimage"},"thumbnailUrl":"https:\/\/melanvies.com\/wp-content\/uploads\/2025\/05\/mockup-of-a-hand-holding-a-t-shirt-in-a-colorful-background-26735-19.png","datePublished":"2025-04-13T17:47:20+00:00","dateModified":"2025-05-08T14:17:00+00:00","description":"Camiseta com a frase \u201cTu te tornas eternamente respons\u00e1vel pelos teus b.o\u201d. Leve, 100% algod\u00e3o, perfeita pra quem ama um deboche sutil.","breadcrumb":{"@id":"https:\/\/melanvies.com\/produto\/camiseta-tu-te-tornas-eternamente-responsavel\/#breadcrumb"},"inLanguage":"fr-BE","potentialAction":[{"@type":"ReadAction","target":["https:\/\/melanvies.com\/produto\/camiseta-tu-te-tornas-eternamente-responsavel\/"]}]},{"@type":"ImageObject","inLanguage":"fr-BE","@id":"https:\/\/melanvies.com\/produto\/camiseta-tu-te-tornas-eternamente-responsavel\/#primaryimage","url":"https:\/\/melanvies.com\/wp-content\/uploads\/2025\/05\/mockup-of-a-hand-holding-a-t-shirt-in-a-colorful-background-26735-19.png","contentUrl":"https:\/\/melanvies.com\/wp-content\/uploads\/2025\/05\/mockup-of-a-hand-holding-a-t-shirt-in-a-colorful-background-26735-19.png","width":1440,"height":2160},{"@type":"BreadcrumbList","@id":"https:\/\/melanvies.com\/produto\/camiseta-tu-te-tornas-eternamente-responsavel\/#breadcrumb","itemListElement":[{"@type":"ListItem","position":1,"name":"In\u00edcio","item":"https:\/\/melanvies.com\/"},{"@type":"ListItem","position":2,"name":"Products","item":"https:\/\/www.melanvies.com\/loja\/"},{"@type":"ListItem","position":3,"name":"T-shirt &#8220;Tu te tornas eternamente respons\u00e1vel pelos teus b.o&#8221; em franc\u00eas"}]},{"@type":"WebSite","@id":"https:\/\/melanvies.com\/#website","url":"https:\/\/melanvies.com\/","name":"M\u00e9lanvies","description":"T-shirt Personalis\u00e9","publisher":{"@id":"https:\/\/melanvies.com\/#organization"},"potentialAction":[{"@type":"SearchAction","target":{"@type":"EntryPoint","urlTemplate":"https:\/\/melanvies.com\/?s={search_term_string}"},"query-input":{"@type":"PropertyValueSpecification","valueRequired":true,"valueName":"search_term_string"}}],"inLanguage":"fr-BE"},{"@type":"Organization","@id":"https:\/\/melanvies.com\/#organization","name":"M\u00e9lanvies","url":"https:\/\/melanvies.com\/","logo":{"@type":"ImageObject","inLanguage":"fr-BE","@id":"https:\/\/melanvies.com\/#\/schema\/logo\/image\/","url":"https:\/\/melanvies.com\/wp-content\/uploads\/2025\/04\/cropped-w.png","contentUrl":"https:\/\/melanvies.com\/wp-content\/uploads\/2025\/04\/cropped-w.png","width":338,"height":69,"caption":"M\u00e9lanvies"},"image":{"@id":"https:\/\/melanvies.com\/#\/schema\/logo\/image\/"}}]}},"jetpack_sharing_enabled":true,"_links":{"self":[{"href":"https:\/\/melanvies.com\/fr\/wp-json\/wp\/v2\/product\/139","targetHints":{"allow":["GET"]}}],"collection":[{"href":"https:\/\/melanvies.com\/fr\/wp-json\/wp\/v2\/product"}],"about":[{"href":"https:\/\/melanvies.com\/fr\/wp-json\/wp\/v2\/types\/product"}],"replies":[{"embeddable":true,"href":"https:\/\/melanvies.com\/fr\/wp-json\/wp\/v2\/comments?post=139"}],"wp:featuredmedia":[{"embeddable":true,"href":"https:\/\/melanvies.com\/fr\/wp-json\/wp\/v2\/media\/1108"}],"wp:attachment":[{"href":"https:\/\/melanvies.com\/fr\/wp-json\/wp\/v2\/media?parent=139"}],"wp:term":[{"taxonomy":"product_brand","embeddable":true,"href":"https:\/\/melanvies.com\/fr\/wp-json\/wp\/v2\/product_brand?post=139"},{"taxonomy":"product_cat","embeddable":true,"href":"https:\/\/melanvies.com\/fr\/wp-json\/wp\/v2\/product_cat?post=139"},{"taxonomy":"product_tag","embeddable":true,"href":"https:\/\/melanvies.com\/fr\/wp-json\/wp\/v2\/product_tag?post=139"}],"curies":[{"name":"wp","href":"https:\/\/api.w.org\/{rel}","templated":true}]}}