{"id":1259,"date":"2025-05-09T20:03:02","date_gmt":"2025-05-09T20:03:02","guid":{"rendered":"https:\/\/melanvies.com\/?post_type=product&#038;p=1259"},"modified":"2025-05-09T20:03:03","modified_gmt":"2025-05-09T20:03:03","slug":"t-shirt-premium-tu-inspires-des-gens","status":"publish","type":"product","link":"https:\/\/melanvies.com\/fr\/produit\/t-shirt-premium-tu-inspires-des-gens\/","title":{"rendered":"T-shirt Premium &#8220;Tu inspires des gens &#8220;"},"content":{"rendered":"<p class=\"\" data-start=\"336\" data-end=\"651\"><strong data-start=\"336\" data-end=\"386\">Ton impact va bien plus loin que tu ne penses.<\/strong><br data-start=\"386\" data-end=\"389\" \/>Le t-shirt \u201cTu inspires des gens qui font semblant de ne pas te voir.\u201d parle de cette lumi\u00e8re int\u00e9rieure qu\u2019on ne peut ignorer \u2014 m\u00eame quand certains essaient. C\u2019est une pi\u00e8ce pour celles et ceux qui avancent avec authenticit\u00e9, m\u00eame face \u00e0 l\u2019indiff\u00e9rence simul\u00e9e.<\/p>\n<p class=\"\" data-start=\"653\" data-end=\"814\">En version <strong data-start=\"664\" data-end=\"675\">premium<\/strong>, ce message prend de l\u2019ampleur : <strong data-start=\"709\" data-end=\"736\">maille \u00e9paisse 180\u2013200g<\/strong>, toucher doux, coupe impeccable. Une d\u00e9claration silencieuse\u2026 mais puissante.<\/p>\n<p class=\"\" data-start=\"816\" data-end=\"928\">\ud83d\udfe2 \u00c9dition premium exclusive<br data-start=\"844\" data-end=\"847\" \/>\ud83d\udfe1 100 % coton de haute qualit\u00e9<br data-start=\"878\" data-end=\"881\" \/>\ud83d\udd35 Unisexe | Message fort | Coutures renforc\u00e9es<\/p>","protected":false},"excerpt":{"rendered":"<p>Ton impact va bien plus loin que tu ne penses.Le t-shirt \u201cTu inspires des gens qui font semblant de ne pas te voir.\u201d parle de cette lumi\u00e8re int\u00e9rieure qu\u2019on ne peut ignorer \u2014 m\u00eame quand certains essaient. C\u2019est une pi\u00e8ce pour celles et ceux qui avancent avec authenticit\u00e9, m\u00eame face \u00e0 l\u2019indiff\u00e9rence simul\u00e9e. En version [&hellip;]<\/p>","protected":false},"featured_media":1104,"comment_status":"open","ping_status":"closed","template":"","meta":[],"product_brand":[],"product_cat":[15],"product_tag":[],"class_list":{"0":"post-1259","1":"product","2":"type-product","3":"status-publish","4":"has-post-thumbnail","6":"product_cat-camiseta-malha-180g-premium","8":"first","9":"instock","10":"shipping-taxable","11":"purchasable","12":"product-type-variable"},"yoast_head":"<!-- This site is optimized with the Yoast SEO Premium plugin v24.6 (Yoast SEO v24.8.1) - https:\/\/yoast.com\/wordpress\/plugins\/seo\/ -->\n<title>T-shirt Premium &quot;Tu inspires des gens &quot; - M\u00e9lanvies<\/title>\n<meta name=\"description\" content=\"Tu marques les esprits, m\u00eame en silence. T-shirt premium en coton, maille 180\u2013200g, avec une phrase qui ne passe pas inaper\u00e7ue.\" \/>\n<meta name=\"robots\" content=\"index, follow, max-snippet:-1, max-image-preview:large, max-video-preview:-1\" \/>\n<link rel=\"canonical\" href=\"https:\/\/melanvies.com\/fr\/produit\/t-shirt-premium-tu-inspires-des-gens\/\" \/>\n<meta property=\"og:locale\" content=\"fr_FR\" \/>\n<meta property=\"og:type\" content=\"article\" \/>\n<meta property=\"og:title\" content=\"T-shirt Premium &quot;Tu inspires des gens &quot;\" \/>\n<meta property=\"og:description\" content=\"Tu marques les esprits, m\u00eame en silence. T-shirt premium en coton, maille 180\u2013200g, avec une phrase qui ne passe pas inaper\u00e7ue.\" \/>\n<meta property=\"og:url\" content=\"https:\/\/melanvies.com\/fr\/produit\/t-shirt-premium-tu-inspires-des-gens\/\" \/>\n<meta property=\"og:site_name\" content=\"M\u00e9lanvies\" \/>\n<meta property=\"article:modified_time\" content=\"2025-05-09T20:03:03+00:00\" \/>\n<meta property=\"og:image\" content=\"https:\/\/melanvies.com\/wp-content\/uploads\/2025\/05\/mockup-of-a-hand-holding-a-t-shirt-in-a-colorful-background-26735-23.png\" \/>\n\t<meta property=\"og:image:width\" content=\"1440\" \/>\n\t<meta property=\"og:image:height\" content=\"2160\" \/>\n\t<meta property=\"og:image:type\" content=\"image\/png\" \/>\n<meta name=\"twitter:card\" content=\"summary_large_image\" \/>\n<meta name=\"twitter:label1\" content=\"Dur\u00e9e de lecture est.\" \/>\n\t<meta name=\"twitter:data1\" content=\"1 minute\" \/>\n<script type=\"application\/ld+json\" class=\"yoast-schema-graph\">{\"@context\":\"https:\/\/schema.org\",\"@graph\":[{\"@type\":\"WebPage\",\"@id\":\"https:\/\/melanvies.com\/produto\/t-shirt-premium-tu-inspires-des-gens\/\",\"url\":\"https:\/\/melanvies.com\/produto\/t-shirt-premium-tu-inspires-des-gens\/\",\"name\":\"T-shirt Premium \\\"Tu inspires des gens \\\" - M\u00e9lanvies\",\"isPartOf\":{\"@id\":\"https:\/\/melanvies.com\/#website\"},\"primaryImageOfPage\":{\"@id\":\"https:\/\/melanvies.com\/produto\/t-shirt-premium-tu-inspires-des-gens\/#primaryimage\"},\"image\":{\"@id\":\"https:\/\/melanvies.com\/produto\/t-shirt-premium-tu-inspires-des-gens\/#primaryimage\"},\"thumbnailUrl\":\"https:\/\/melanvies.com\/wp-content\/uploads\/2025\/05\/mockup-of-a-hand-holding-a-t-shirt-in-a-colorful-background-26735-23.png\",\"datePublished\":\"2025-05-09T20:03:02+00:00\",\"dateModified\":\"2025-05-09T20:03:03+00:00\",\"description\":\"Tu marques les esprits, m\u00eame en silence. T-shirt premium en coton, maille 180\u2013200g, avec une phrase qui ne passe pas inaper\u00e7ue.\",\"breadcrumb\":{\"@id\":\"https:\/\/melanvies.com\/produto\/t-shirt-premium-tu-inspires-des-gens\/#breadcrumb\"},\"inLanguage\":\"fr-BE\",\"potentialAction\":[{\"@type\":\"ReadAction\",\"target\":[\"https:\/\/melanvies.com\/produto\/t-shirt-premium-tu-inspires-des-gens\/\"]}]},{\"@type\":\"ImageObject\",\"inLanguage\":\"fr-BE\",\"@id\":\"https:\/\/melanvies.com\/produto\/t-shirt-premium-tu-inspires-des-gens\/#primaryimage\",\"url\":\"https:\/\/melanvies.com\/wp-content\/uploads\/2025\/05\/mockup-of-a-hand-holding-a-t-shirt-in-a-colorful-background-26735-23.png\",\"contentUrl\":\"https:\/\/melanvies.com\/wp-content\/uploads\/2025\/05\/mockup-of-a-hand-holding-a-t-shirt-in-a-colorful-background-26735-23.png\",\"width\":1440,\"height\":2160},{\"@type\":\"BreadcrumbList\",\"@id\":\"https:\/\/melanvies.com\/produto\/t-shirt-premium-tu-inspires-des-gens\/#breadcrumb\",\"itemListElement\":[{\"@type\":\"ListItem\",\"position\":1,\"name\":\"In\u00edcio\",\"item\":\"https:\/\/melanvies.com\/\"},{\"@type\":\"ListItem\",\"position\":2,\"name\":\"Products\",\"item\":\"https:\/\/www.melanvies.com\/loja\/\"},{\"@type\":\"ListItem\",\"position\":3,\"name\":\"T-shirt Premium &#8220;Tu inspires des gens &#8220;\"}]},{\"@type\":\"WebSite\",\"@id\":\"https:\/\/melanvies.com\/#website\",\"url\":\"https:\/\/melanvies.com\/\",\"name\":\"M\u00e9lanvies\",\"description\":\"T-shirt Personalis\u00e9\",\"publisher\":{\"@id\":\"https:\/\/melanvies.com\/#organization\"},\"potentialAction\":[{\"@type\":\"SearchAction\",\"target\":{\"@type\":\"EntryPoint\",\"urlTemplate\":\"https:\/\/melanvies.com\/?s={search_term_string}\"},\"query-input\":{\"@type\":\"PropertyValueSpecification\",\"valueRequired\":true,\"valueName\":\"search_term_string\"}}],\"inLanguage\":\"fr-BE\"},{\"@type\":\"Organization\",\"@id\":\"https:\/\/melanvies.com\/#organization\",\"name\":\"M\u00e9lanvies\",\"url\":\"https:\/\/melanvies.com\/\",\"logo\":{\"@type\":\"ImageObject\",\"inLanguage\":\"fr-BE\",\"@id\":\"https:\/\/melanvies.com\/#\/schema\/logo\/image\/\",\"url\":\"https:\/\/melanvies.com\/wp-content\/uploads\/2025\/04\/cropped-w.png\",\"contentUrl\":\"https:\/\/melanvies.com\/wp-content\/uploads\/2025\/04\/cropped-w.png\",\"width\":338,\"height\":69,\"caption\":\"M\u00e9lanvies\"},\"image\":{\"@id\":\"https:\/\/melanvies.com\/#\/schema\/logo\/image\/\"}}]}<\/script>\n<!-- \/ Yoast SEO Premium plugin. -->","yoast_head_json":{"title":"T-shirt Premium \"Tu inspires des gens \" - M\u00e9lanvies","description":"Tu marques les esprits, m\u00eame en silence. T-shirt premium en coton, maille 180\u2013200g, avec une phrase qui ne passe pas inaper\u00e7ue.","robots":{"index":"index","follow":"follow","max-snippet":"max-snippet:-1","max-image-preview":"max-image-preview:large","max-video-preview":"max-video-preview:-1"},"canonical":"https:\/\/melanvies.com\/fr\/produit\/t-shirt-premium-tu-inspires-des-gens\/","og_locale":"fr_FR","og_type":"article","og_title":"T-shirt Premium \"Tu inspires des gens \"","og_description":"Tu marques les esprits, m\u00eame en silence. T-shirt premium en coton, maille 180\u2013200g, avec une phrase qui ne passe pas inaper\u00e7ue.","og_url":"https:\/\/melanvies.com\/fr\/produit\/t-shirt-premium-tu-inspires-des-gens\/","og_site_name":"M\u00e9lanvies","article_modified_time":"2025-05-09T20:03:03+00:00","og_image":[{"width":1440,"height":2160,"url":"https:\/\/melanvies.com\/wp-content\/uploads\/2025\/05\/mockup-of-a-hand-holding-a-t-shirt-in-a-colorful-background-26735-23.png","type":"image\/png"}],"twitter_card":"summary_large_image","twitter_misc":{"Dur\u00e9e de lecture est.":"1 minute"},"schema":{"@context":"https:\/\/schema.org","@graph":[{"@type":"WebPage","@id":"https:\/\/melanvies.com\/produto\/t-shirt-premium-tu-inspires-des-gens\/","url":"https:\/\/melanvies.com\/produto\/t-shirt-premium-tu-inspires-des-gens\/","name":"T-shirt Premium \"Tu inspires des gens \" - M\u00e9lanvies","isPartOf":{"@id":"https:\/\/melanvies.com\/#website"},"primaryImageOfPage":{"@id":"https:\/\/melanvies.com\/produto\/t-shirt-premium-tu-inspires-des-gens\/#primaryimage"},"image":{"@id":"https:\/\/melanvies.com\/produto\/t-shirt-premium-tu-inspires-des-gens\/#primaryimage"},"thumbnailUrl":"https:\/\/melanvies.com\/wp-content\/uploads\/2025\/05\/mockup-of-a-hand-holding-a-t-shirt-in-a-colorful-background-26735-23.png","datePublished":"2025-05-09T20:03:02+00:00","dateModified":"2025-05-09T20:03:03+00:00","description":"Tu marques les esprits, m\u00eame en silence. T-shirt premium en coton, maille 180\u2013200g, avec une phrase qui ne passe pas inaper\u00e7ue.","breadcrumb":{"@id":"https:\/\/melanvies.com\/produto\/t-shirt-premium-tu-inspires-des-gens\/#breadcrumb"},"inLanguage":"fr-BE","potentialAction":[{"@type":"ReadAction","target":["https:\/\/melanvies.com\/produto\/t-shirt-premium-tu-inspires-des-gens\/"]}]},{"@type":"ImageObject","inLanguage":"fr-BE","@id":"https:\/\/melanvies.com\/produto\/t-shirt-premium-tu-inspires-des-gens\/#primaryimage","url":"https:\/\/melanvies.com\/wp-content\/uploads\/2025\/05\/mockup-of-a-hand-holding-a-t-shirt-in-a-colorful-background-26735-23.png","contentUrl":"https:\/\/melanvies.com\/wp-content\/uploads\/2025\/05\/mockup-of-a-hand-holding-a-t-shirt-in-a-colorful-background-26735-23.png","width":1440,"height":2160},{"@type":"BreadcrumbList","@id":"https:\/\/melanvies.com\/produto\/t-shirt-premium-tu-inspires-des-gens\/#breadcrumb","itemListElement":[{"@type":"ListItem","position":1,"name":"In\u00edcio","item":"https:\/\/melanvies.com\/"},{"@type":"ListItem","position":2,"name":"Products","item":"https:\/\/www.melanvies.com\/loja\/"},{"@type":"ListItem","position":3,"name":"T-shirt Premium &#8220;Tu inspires des gens &#8220;"}]},{"@type":"WebSite","@id":"https:\/\/melanvies.com\/#website","url":"https:\/\/melanvies.com\/","name":"M\u00e9lanvies","description":"T-shirt Personalis\u00e9","publisher":{"@id":"https:\/\/melanvies.com\/#organization"},"potentialAction":[{"@type":"SearchAction","target":{"@type":"EntryPoint","urlTemplate":"https:\/\/melanvies.com\/?s={search_term_string}"},"query-input":{"@type":"PropertyValueSpecification","valueRequired":true,"valueName":"search_term_string"}}],"inLanguage":"fr-BE"},{"@type":"Organization","@id":"https:\/\/melanvies.com\/#organization","name":"M\u00e9lanvies","url":"https:\/\/melanvies.com\/","logo":{"@type":"ImageObject","inLanguage":"fr-BE","@id":"https:\/\/melanvies.com\/#\/schema\/logo\/image\/","url":"https:\/\/melanvies.com\/wp-content\/uploads\/2025\/04\/cropped-w.png","contentUrl":"https:\/\/melanvies.com\/wp-content\/uploads\/2025\/04\/cropped-w.png","width":338,"height":69,"caption":"M\u00e9lanvies"},"image":{"@id":"https:\/\/melanvies.com\/#\/schema\/logo\/image\/"}}]}},"jetpack_sharing_enabled":true,"_links":{"self":[{"href":"https:\/\/melanvies.com\/fr\/wp-json\/wp\/v2\/product\/1259","targetHints":{"allow":["GET"]}}],"collection":[{"href":"https:\/\/melanvies.com\/fr\/wp-json\/wp\/v2\/product"}],"about":[{"href":"https:\/\/melanvies.com\/fr\/wp-json\/wp\/v2\/types\/product"}],"replies":[{"embeddable":true,"href":"https:\/\/melanvies.com\/fr\/wp-json\/wp\/v2\/comments?post=1259"}],"wp:featuredmedia":[{"embeddable":true,"href":"https:\/\/melanvies.com\/fr\/wp-json\/wp\/v2\/media\/1104"}],"wp:attachment":[{"href":"https:\/\/melanvies.com\/fr\/wp-json\/wp\/v2\/media?parent=1259"}],"wp:term":[{"taxonomy":"product_brand","embeddable":true,"href":"https:\/\/melanvies.com\/fr\/wp-json\/wp\/v2\/product_brand?post=1259"},{"taxonomy":"product_cat","embeddable":true,"href":"https:\/\/melanvies.com\/fr\/wp-json\/wp\/v2\/product_cat?post=1259"},{"taxonomy":"product_tag","embeddable":true,"href":"https:\/\/melanvies.com\/fr\/wp-json\/wp\/v2\/product_tag?post=1259"}],"curies":[{"name":"wp","href":"https:\/\/api.w.org\/{rel}","templated":true}]}}