{"id":1250,"date":"2025-05-09T20:01:29","date_gmt":"2025-05-09T20:01:29","guid":{"rendered":"https:\/\/melanvies.com\/?post_type=product&#038;p=1250"},"modified":"2025-05-09T20:01:30","modified_gmt":"2025-05-09T20:01:30","slug":"t-shirt-premium-voce-inspira-pessoas-que-fingem-nao-te-ver","status":"publish","type":"product","link":"https:\/\/melanvies.com\/fr\/produit\/t-shirt-premium-voce-inspira-pessoas-que-fingem-nao-te-ver\/","title":{"rendered":"T-shirt Premium &#8220;Voc\u00ea inspira pessoas que fingem n\u00e3o te ver.&#8221;"},"content":{"rendered":"<p class=\"\" data-start=\"384\" data-end=\"650\"><strong data-start=\"384\" data-end=\"425\">Tem gente que se inspira em sil\u00eancio.<\/strong><br data-start=\"425\" data-end=\"428\" \/>A frase \u201cVoc\u00ea inspira pessoas que fingem n\u00e3o te ver\u201d \u00e9 sobre influ\u00eancia real, aquela que incomoda, que atravessa, que brilha mesmo quando tentam apagar. Essa camiseta \u00e9 pra quem caminha com verdade \u2014 e sabe do seu impacto.<\/p>\n<p class=\"\" data-start=\"652\" data-end=\"824\">Na vers\u00e3o <strong data-start=\"662\" data-end=\"673\">premium<\/strong>, o recado vem com mais presen\u00e7a: <strong data-start=\"707\" data-end=\"738\">malha encorpada de 180\u2013200g<\/strong>, toque macio e acabamento impec\u00e1vel. Um lembrete de for\u00e7a, autenticidade e eleg\u00e2ncia.<\/p>\n<p class=\"\" data-start=\"826\" data-end=\"943\">\ud83d\udfe2 Edi\u00e7\u00e3o premium exclusiva<br data-start=\"853\" data-end=\"856\" \/>\ud83d\udfe1 100% algod\u00e3o de alta qualidade<br data-start=\"889\" data-end=\"892\" \/>\ud83d\udd35 Unissex | Estampa impactante | Costura refor\u00e7ada<\/p>","protected":false},"excerpt":{"rendered":"<p>Tem gente que se inspira em sil\u00eancio.A frase \u201cVoc\u00ea inspira pessoas que fingem n\u00e3o te ver\u201d \u00e9 sobre influ\u00eancia real, aquela que incomoda, que atravessa, que brilha mesmo quando tentam apagar. Essa camiseta \u00e9 pra quem caminha com verdade \u2014 e sabe do seu impacto. Na vers\u00e3o premium, o recado vem com mais presen\u00e7a: malha [&hellip;]<\/p>","protected":false},"featured_media":1105,"comment_status":"open","ping_status":"closed","template":"","meta":[],"product_brand":[],"product_cat":[15],"product_tag":[],"class_list":{"0":"post-1250","1":"product","2":"type-product","3":"status-publish","4":"has-post-thumbnail","6":"product_cat-camiseta-malha-180g-premium","8":"first","9":"instock","10":"shipping-taxable","11":"purchasable","12":"product-type-variable"},"yoast_head":"<!-- This site is optimized with the Yoast SEO Premium plugin v24.6 (Yoast SEO v24.8.1) - https:\/\/yoast.com\/wordpress\/plugins\/seo\/ -->\n<title>T-shirt Premium &quot;Voc\u00ea inspira pessoas que fingem n\u00e3o te ver.&quot; - M\u00e9lanvies<\/title>\n<meta name=\"description\" content=\"Inspira\u00e7\u00e3o que atravessa. Camiseta premium com malha 180\u2013200g, 100% algod\u00e3o, feita pra quem marca presen\u00e7a mesmo em sil\u00eancio.\" \/>\n<meta name=\"robots\" content=\"index, follow, max-snippet:-1, max-image-preview:large, max-video-preview:-1\" \/>\n<link rel=\"canonical\" href=\"https:\/\/melanvies.com\/fr\/produit\/t-shirt-premium-voce-inspira-pessoas-que-fingem-nao-te-ver\/\" \/>\n<meta property=\"og:locale\" content=\"fr_FR\" \/>\n<meta property=\"og:type\" content=\"article\" \/>\n<meta property=\"og:title\" content=\"T-shirt Premium &quot;Voc\u00ea inspira pessoas que fingem n\u00e3o te ver.&quot;\" \/>\n<meta property=\"og:description\" content=\"Inspira\u00e7\u00e3o que atravessa. Camiseta premium com malha 180\u2013200g, 100% algod\u00e3o, feita pra quem marca presen\u00e7a mesmo em sil\u00eancio.\" \/>\n<meta property=\"og:url\" content=\"https:\/\/melanvies.com\/fr\/produit\/t-shirt-premium-voce-inspira-pessoas-que-fingem-nao-te-ver\/\" \/>\n<meta property=\"og:site_name\" content=\"M\u00e9lanvies\" \/>\n<meta property=\"article:modified_time\" content=\"2025-05-09T20:01:30+00:00\" \/>\n<meta property=\"og:image\" content=\"https:\/\/melanvies.com\/wp-content\/uploads\/2025\/05\/mockup-of-a-hand-holding-a-t-shirt-in-a-colorful-background-26735-22.png\" \/>\n\t<meta property=\"og:image:width\" content=\"1440\" \/>\n\t<meta property=\"og:image:height\" content=\"2160\" \/>\n\t<meta property=\"og:image:type\" content=\"image\/png\" \/>\n<meta name=\"twitter:card\" content=\"summary_large_image\" \/>\n<meta name=\"twitter:label1\" content=\"Dur\u00e9e de lecture est.\" \/>\n\t<meta name=\"twitter:data1\" content=\"1 minute\" \/>\n<script type=\"application\/ld+json\" class=\"yoast-schema-graph\">{\"@context\":\"https:\/\/schema.org\",\"@graph\":[{\"@type\":\"WebPage\",\"@id\":\"https:\/\/melanvies.com\/produto\/t-shirt-premium-voce-inspira-pessoas-que-fingem-nao-te-ver\/\",\"url\":\"https:\/\/melanvies.com\/produto\/t-shirt-premium-voce-inspira-pessoas-que-fingem-nao-te-ver\/\",\"name\":\"T-shirt Premium \\\"Voc\u00ea inspira pessoas que fingem n\u00e3o te ver.\\\" - M\u00e9lanvies\",\"isPartOf\":{\"@id\":\"https:\/\/melanvies.com\/#website\"},\"primaryImageOfPage\":{\"@id\":\"https:\/\/melanvies.com\/produto\/t-shirt-premium-voce-inspira-pessoas-que-fingem-nao-te-ver\/#primaryimage\"},\"image\":{\"@id\":\"https:\/\/melanvies.com\/produto\/t-shirt-premium-voce-inspira-pessoas-que-fingem-nao-te-ver\/#primaryimage\"},\"thumbnailUrl\":\"https:\/\/melanvies.com\/wp-content\/uploads\/2025\/05\/mockup-of-a-hand-holding-a-t-shirt-in-a-colorful-background-26735-22.png\",\"datePublished\":\"2025-05-09T20:01:29+00:00\",\"dateModified\":\"2025-05-09T20:01:30+00:00\",\"description\":\"Inspira\u00e7\u00e3o que atravessa. Camiseta premium com malha 180\u2013200g, 100% algod\u00e3o, feita pra quem marca presen\u00e7a mesmo em sil\u00eancio.\",\"breadcrumb\":{\"@id\":\"https:\/\/melanvies.com\/produto\/t-shirt-premium-voce-inspira-pessoas-que-fingem-nao-te-ver\/#breadcrumb\"},\"inLanguage\":\"fr-BE\",\"potentialAction\":[{\"@type\":\"ReadAction\",\"target\":[\"https:\/\/melanvies.com\/produto\/t-shirt-premium-voce-inspira-pessoas-que-fingem-nao-te-ver\/\"]}]},{\"@type\":\"ImageObject\",\"inLanguage\":\"fr-BE\",\"@id\":\"https:\/\/melanvies.com\/produto\/t-shirt-premium-voce-inspira-pessoas-que-fingem-nao-te-ver\/#primaryimage\",\"url\":\"https:\/\/melanvies.com\/wp-content\/uploads\/2025\/05\/mockup-of-a-hand-holding-a-t-shirt-in-a-colorful-background-26735-22.png\",\"contentUrl\":\"https:\/\/melanvies.com\/wp-content\/uploads\/2025\/05\/mockup-of-a-hand-holding-a-t-shirt-in-a-colorful-background-26735-22.png\",\"width\":1440,\"height\":2160},{\"@type\":\"BreadcrumbList\",\"@id\":\"https:\/\/melanvies.com\/produto\/t-shirt-premium-voce-inspira-pessoas-que-fingem-nao-te-ver\/#breadcrumb\",\"itemListElement\":[{\"@type\":\"ListItem\",\"position\":1,\"name\":\"In\u00edcio\",\"item\":\"https:\/\/melanvies.com\/\"},{\"@type\":\"ListItem\",\"position\":2,\"name\":\"Products\",\"item\":\"https:\/\/www.melanvies.com\/loja\/\"},{\"@type\":\"ListItem\",\"position\":3,\"name\":\"T-shirt Premium &#8220;Voc\u00ea inspira pessoas que fingem n\u00e3o te ver.&#8221;\"}]},{\"@type\":\"WebSite\",\"@id\":\"https:\/\/melanvies.com\/#website\",\"url\":\"https:\/\/melanvies.com\/\",\"name\":\"M\u00e9lanvies\",\"description\":\"T-shirt Personalis\u00e9\",\"publisher\":{\"@id\":\"https:\/\/melanvies.com\/#organization\"},\"potentialAction\":[{\"@type\":\"SearchAction\",\"target\":{\"@type\":\"EntryPoint\",\"urlTemplate\":\"https:\/\/melanvies.com\/?s={search_term_string}\"},\"query-input\":{\"@type\":\"PropertyValueSpecification\",\"valueRequired\":true,\"valueName\":\"search_term_string\"}}],\"inLanguage\":\"fr-BE\"},{\"@type\":\"Organization\",\"@id\":\"https:\/\/melanvies.com\/#organization\",\"name\":\"M\u00e9lanvies\",\"url\":\"https:\/\/melanvies.com\/\",\"logo\":{\"@type\":\"ImageObject\",\"inLanguage\":\"fr-BE\",\"@id\":\"https:\/\/melanvies.com\/#\/schema\/logo\/image\/\",\"url\":\"https:\/\/melanvies.com\/wp-content\/uploads\/2025\/04\/cropped-w.png\",\"contentUrl\":\"https:\/\/melanvies.com\/wp-content\/uploads\/2025\/04\/cropped-w.png\",\"width\":338,\"height\":69,\"caption\":\"M\u00e9lanvies\"},\"image\":{\"@id\":\"https:\/\/melanvies.com\/#\/schema\/logo\/image\/\"}}]}<\/script>\n<!-- \/ Yoast SEO Premium plugin. -->","yoast_head_json":{"title":"T-shirt Premium \"Voc\u00ea inspira pessoas que fingem n\u00e3o te ver.\" - M\u00e9lanvies","description":"Inspira\u00e7\u00e3o que atravessa. Camiseta premium com malha 180\u2013200g, 100% algod\u00e3o, feita pra quem marca presen\u00e7a mesmo em sil\u00eancio.","robots":{"index":"index","follow":"follow","max-snippet":"max-snippet:-1","max-image-preview":"max-image-preview:large","max-video-preview":"max-video-preview:-1"},"canonical":"https:\/\/melanvies.com\/fr\/produit\/t-shirt-premium-voce-inspira-pessoas-que-fingem-nao-te-ver\/","og_locale":"fr_FR","og_type":"article","og_title":"T-shirt Premium \"Voc\u00ea inspira pessoas que fingem n\u00e3o te ver.\"","og_description":"Inspira\u00e7\u00e3o que atravessa. Camiseta premium com malha 180\u2013200g, 100% algod\u00e3o, feita pra quem marca presen\u00e7a mesmo em sil\u00eancio.","og_url":"https:\/\/melanvies.com\/fr\/produit\/t-shirt-premium-voce-inspira-pessoas-que-fingem-nao-te-ver\/","og_site_name":"M\u00e9lanvies","article_modified_time":"2025-05-09T20:01:30+00:00","og_image":[{"width":1440,"height":2160,"url":"https:\/\/melanvies.com\/wp-content\/uploads\/2025\/05\/mockup-of-a-hand-holding-a-t-shirt-in-a-colorful-background-26735-22.png","type":"image\/png"}],"twitter_card":"summary_large_image","twitter_misc":{"Dur\u00e9e de lecture est.":"1 minute"},"schema":{"@context":"https:\/\/schema.org","@graph":[{"@type":"WebPage","@id":"https:\/\/melanvies.com\/produto\/t-shirt-premium-voce-inspira-pessoas-que-fingem-nao-te-ver\/","url":"https:\/\/melanvies.com\/produto\/t-shirt-premium-voce-inspira-pessoas-que-fingem-nao-te-ver\/","name":"T-shirt Premium \"Voc\u00ea inspira pessoas que fingem n\u00e3o te ver.\" - M\u00e9lanvies","isPartOf":{"@id":"https:\/\/melanvies.com\/#website"},"primaryImageOfPage":{"@id":"https:\/\/melanvies.com\/produto\/t-shirt-premium-voce-inspira-pessoas-que-fingem-nao-te-ver\/#primaryimage"},"image":{"@id":"https:\/\/melanvies.com\/produto\/t-shirt-premium-voce-inspira-pessoas-que-fingem-nao-te-ver\/#primaryimage"},"thumbnailUrl":"https:\/\/melanvies.com\/wp-content\/uploads\/2025\/05\/mockup-of-a-hand-holding-a-t-shirt-in-a-colorful-background-26735-22.png","datePublished":"2025-05-09T20:01:29+00:00","dateModified":"2025-05-09T20:01:30+00:00","description":"Inspira\u00e7\u00e3o que atravessa. Camiseta premium com malha 180\u2013200g, 100% algod\u00e3o, feita pra quem marca presen\u00e7a mesmo em sil\u00eancio.","breadcrumb":{"@id":"https:\/\/melanvies.com\/produto\/t-shirt-premium-voce-inspira-pessoas-que-fingem-nao-te-ver\/#breadcrumb"},"inLanguage":"fr-BE","potentialAction":[{"@type":"ReadAction","target":["https:\/\/melanvies.com\/produto\/t-shirt-premium-voce-inspira-pessoas-que-fingem-nao-te-ver\/"]}]},{"@type":"ImageObject","inLanguage":"fr-BE","@id":"https:\/\/melanvies.com\/produto\/t-shirt-premium-voce-inspira-pessoas-que-fingem-nao-te-ver\/#primaryimage","url":"https:\/\/melanvies.com\/wp-content\/uploads\/2025\/05\/mockup-of-a-hand-holding-a-t-shirt-in-a-colorful-background-26735-22.png","contentUrl":"https:\/\/melanvies.com\/wp-content\/uploads\/2025\/05\/mockup-of-a-hand-holding-a-t-shirt-in-a-colorful-background-26735-22.png","width":1440,"height":2160},{"@type":"BreadcrumbList","@id":"https:\/\/melanvies.com\/produto\/t-shirt-premium-voce-inspira-pessoas-que-fingem-nao-te-ver\/#breadcrumb","itemListElement":[{"@type":"ListItem","position":1,"name":"In\u00edcio","item":"https:\/\/melanvies.com\/"},{"@type":"ListItem","position":2,"name":"Products","item":"https:\/\/www.melanvies.com\/loja\/"},{"@type":"ListItem","position":3,"name":"T-shirt Premium &#8220;Voc\u00ea inspira pessoas que fingem n\u00e3o te ver.&#8221;"}]},{"@type":"WebSite","@id":"https:\/\/melanvies.com\/#website","url":"https:\/\/melanvies.com\/","name":"M\u00e9lanvies","description":"T-shirt Personalis\u00e9","publisher":{"@id":"https:\/\/melanvies.com\/#organization"},"potentialAction":[{"@type":"SearchAction","target":{"@type":"EntryPoint","urlTemplate":"https:\/\/melanvies.com\/?s={search_term_string}"},"query-input":{"@type":"PropertyValueSpecification","valueRequired":true,"valueName":"search_term_string"}}],"inLanguage":"fr-BE"},{"@type":"Organization","@id":"https:\/\/melanvies.com\/#organization","name":"M\u00e9lanvies","url":"https:\/\/melanvies.com\/","logo":{"@type":"ImageObject","inLanguage":"fr-BE","@id":"https:\/\/melanvies.com\/#\/schema\/logo\/image\/","url":"https:\/\/melanvies.com\/wp-content\/uploads\/2025\/04\/cropped-w.png","contentUrl":"https:\/\/melanvies.com\/wp-content\/uploads\/2025\/04\/cropped-w.png","width":338,"height":69,"caption":"M\u00e9lanvies"},"image":{"@id":"https:\/\/melanvies.com\/#\/schema\/logo\/image\/"}}]}},"jetpack_sharing_enabled":true,"_links":{"self":[{"href":"https:\/\/melanvies.com\/fr\/wp-json\/wp\/v2\/product\/1250","targetHints":{"allow":["GET"]}}],"collection":[{"href":"https:\/\/melanvies.com\/fr\/wp-json\/wp\/v2\/product"}],"about":[{"href":"https:\/\/melanvies.com\/fr\/wp-json\/wp\/v2\/types\/product"}],"replies":[{"embeddable":true,"href":"https:\/\/melanvies.com\/fr\/wp-json\/wp\/v2\/comments?post=1250"}],"wp:featuredmedia":[{"embeddable":true,"href":"https:\/\/melanvies.com\/fr\/wp-json\/wp\/v2\/media\/1105"}],"wp:attachment":[{"href":"https:\/\/melanvies.com\/fr\/wp-json\/wp\/v2\/media?parent=1250"}],"wp:term":[{"taxonomy":"product_brand","embeddable":true,"href":"https:\/\/melanvies.com\/fr\/wp-json\/wp\/v2\/product_brand?post=1250"},{"taxonomy":"product_cat","embeddable":true,"href":"https:\/\/melanvies.com\/fr\/wp-json\/wp\/v2\/product_cat?post=1250"},{"taxonomy":"product_tag","embeddable":true,"href":"https:\/\/melanvies.com\/fr\/wp-json\/wp\/v2\/product_tag?post=1250"}],"curies":[{"name":"wp","href":"https:\/\/api.w.org\/{rel}","templated":true}]}}