{"id":1232,"date":"2025-05-09T19:57:07","date_gmt":"2025-05-09T19:57:07","guid":{"rendered":"https:\/\/melanvies.com\/?post_type=product&#038;p=1232"},"modified":"2025-05-09T19:57:07","modified_gmt":"2025-05-09T19:57:07","slug":"t-shirt-premium-quem-nao-e-visto-nao-e-incomodado","status":"publish","type":"product","link":"https:\/\/melanvies.com\/fr\/produit\/t-shirt-premium-quem-nao-e-visto-nao-e-incomodado\/","title":{"rendered":"T-shirt Premium &#8220;Quem n\u00e3o \u00e9 visto n\u00e3o \u00e9 incomodado.&#8221;"},"content":{"rendered":"<p class=\"\" data-start=\"304\" data-end=\"504\"><strong data-start=\"304\" data-end=\"337\">Sil\u00eancio tamb\u00e9m \u00e9 estrat\u00e9gia.<\/strong><br data-start=\"337\" data-end=\"340\" \/>Essa camiseta \u00e9 um sussurro com impacto: fala sobre presen\u00e7a, escolha, autocuidado. Porque \u00e0s vezes, o melhor movimento \u00e9 ficar na sua \u2014 e ainda assim, dizer muito.<\/p>\n<p class=\"\" data-start=\"506\" data-end=\"683\">Na vers\u00e3o <strong data-start=\"516\" data-end=\"527\">premium<\/strong>, essa ideia ganha corpo: <strong data-start=\"553\" data-end=\"584\">malha encorpada de 180\u2013200g<\/strong>, toque suave e caimento impec\u00e1vel. Um cl\u00e1ssico para quem entende que nem tudo precisa ser barulho.<\/p>\n<p class=\"\" data-start=\"685\" data-end=\"803\">\ud83d\udfe2 Edi\u00e7\u00e3o premium exclusiva<br data-start=\"712\" data-end=\"715\" \/>\ud83d\udfe1 100% algod\u00e3o de alta qualidade<br data-start=\"748\" data-end=\"751\" \/>\ud83d\udd35 Unissex | Estampa minimalista | Costura refor\u00e7ada<\/p>","protected":false},"excerpt":{"rendered":"<p>Sil\u00eancio tamb\u00e9m \u00e9 estrat\u00e9gia.Essa camiseta \u00e9 um sussurro com impacto: fala sobre presen\u00e7a, escolha, autocuidado. Porque \u00e0s vezes, o melhor movimento \u00e9 ficar na sua \u2014 e ainda assim, dizer muito. Na vers\u00e3o premium, essa ideia ganha corpo: malha encorpada de 180\u2013200g, toque suave e caimento impec\u00e1vel. Um cl\u00e1ssico para quem entende que nem tudo [&hellip;]<\/p>","protected":false},"featured_media":1107,"comment_status":"open","ping_status":"closed","template":"","meta":[],"product_brand":[],"product_cat":[15],"product_tag":[],"class_list":{"0":"post-1232","1":"product","2":"type-product","3":"status-publish","4":"has-post-thumbnail","6":"product_cat-camiseta-malha-180g-premium","8":"first","9":"instock","10":"shipping-taxable","11":"purchasable","12":"product-type-variable"},"yoast_head":"<!-- This site is optimized with the Yoast SEO Premium plugin v24.6 (Yoast SEO v24.8.1) - https:\/\/yoast.com\/wordpress\/plugins\/seo\/ -->\n<title>T-shirt Premium &quot;Quem n\u00e3o \u00e9 visto n\u00e3o \u00e9 incomodado.&quot; - M\u00e9lanvies<\/title>\n<meta name=\"description\" content=\"\u00c0s vezes o sil\u00eancio fala mais alto. Camiseta premium com malha 180\u2013200g, 100% algod\u00e3o, minimalista e cheia de inten\u00e7\u00e3o.\" \/>\n<meta name=\"robots\" content=\"index, follow, max-snippet:-1, max-image-preview:large, max-video-preview:-1\" \/>\n<link rel=\"canonical\" href=\"https:\/\/melanvies.com\/fr\/produit\/t-shirt-premium-quem-nao-e-visto-nao-e-incomodado\/\" \/>\n<meta property=\"og:locale\" content=\"fr_FR\" \/>\n<meta property=\"og:type\" content=\"article\" \/>\n<meta property=\"og:title\" content=\"T-shirt Premium &quot;Quem n\u00e3o \u00e9 visto n\u00e3o \u00e9 incomodado.&quot;\" \/>\n<meta property=\"og:description\" content=\"\u00c0s vezes o sil\u00eancio fala mais alto. Camiseta premium com malha 180\u2013200g, 100% algod\u00e3o, minimalista e cheia de inten\u00e7\u00e3o.\" \/>\n<meta property=\"og:url\" content=\"https:\/\/melanvies.com\/fr\/produit\/t-shirt-premium-quem-nao-e-visto-nao-e-incomodado\/\" \/>\n<meta property=\"og:site_name\" content=\"M\u00e9lanvies\" \/>\n<meta property=\"og:image\" content=\"https:\/\/melanvies.com\/wp-content\/uploads\/2025\/05\/mockup-of-a-hand-holding-a-t-shirt-in-a-colorful-background-26735-20-683x1024.png\" \/>\n\t<meta property=\"og:image:width\" content=\"683\" \/>\n\t<meta property=\"og:image:height\" content=\"1024\" \/>\n\t<meta property=\"og:image:type\" content=\"image\/png\" \/>\n<meta name=\"twitter:card\" content=\"summary_large_image\" \/>\n<meta name=\"twitter:label1\" content=\"Dur\u00e9e de lecture est.\" \/>\n\t<meta name=\"twitter:data1\" content=\"1 minute\" \/>\n<script type=\"application\/ld+json\" class=\"yoast-schema-graph\">{\"@context\":\"https:\/\/schema.org\",\"@graph\":[{\"@type\":\"WebPage\",\"@id\":\"https:\/\/melanvies.com\/produto\/t-shirt-premium-quem-nao-e-visto-nao-e-incomodado\/\",\"url\":\"https:\/\/melanvies.com\/produto\/t-shirt-premium-quem-nao-e-visto-nao-e-incomodado\/\",\"name\":\"T-shirt Premium \\\"Quem n\u00e3o \u00e9 visto n\u00e3o \u00e9 incomodado.\\\" - M\u00e9lanvies\",\"isPartOf\":{\"@id\":\"https:\/\/melanvies.com\/#website\"},\"primaryImageOfPage\":{\"@id\":\"https:\/\/melanvies.com\/produto\/t-shirt-premium-quem-nao-e-visto-nao-e-incomodado\/#primaryimage\"},\"image\":{\"@id\":\"https:\/\/melanvies.com\/produto\/t-shirt-premium-quem-nao-e-visto-nao-e-incomodado\/#primaryimage\"},\"thumbnailUrl\":\"https:\/\/melanvies.com\/wp-content\/uploads\/2025\/05\/mockup-of-a-hand-holding-a-t-shirt-in-a-colorful-background-26735-20.png\",\"datePublished\":\"2025-05-09T19:57:07+00:00\",\"description\":\"\u00c0s vezes o sil\u00eancio fala mais alto. Camiseta premium com malha 180\u2013200g, 100% algod\u00e3o, minimalista e cheia de inten\u00e7\u00e3o.\",\"breadcrumb\":{\"@id\":\"https:\/\/melanvies.com\/produto\/t-shirt-premium-quem-nao-e-visto-nao-e-incomodado\/#breadcrumb\"},\"inLanguage\":\"fr-BE\",\"potentialAction\":[{\"@type\":\"ReadAction\",\"target\":[\"https:\/\/melanvies.com\/produto\/t-shirt-premium-quem-nao-e-visto-nao-e-incomodado\/\"]}]},{\"@type\":\"ImageObject\",\"inLanguage\":\"fr-BE\",\"@id\":\"https:\/\/melanvies.com\/produto\/t-shirt-premium-quem-nao-e-visto-nao-e-incomodado\/#primaryimage\",\"url\":\"https:\/\/melanvies.com\/wp-content\/uploads\/2025\/05\/mockup-of-a-hand-holding-a-t-shirt-in-a-colorful-background-26735-20.png\",\"contentUrl\":\"https:\/\/melanvies.com\/wp-content\/uploads\/2025\/05\/mockup-of-a-hand-holding-a-t-shirt-in-a-colorful-background-26735-20.png\",\"width\":1440,\"height\":2160},{\"@type\":\"BreadcrumbList\",\"@id\":\"https:\/\/melanvies.com\/produto\/t-shirt-premium-quem-nao-e-visto-nao-e-incomodado\/#breadcrumb\",\"itemListElement\":[{\"@type\":\"ListItem\",\"position\":1,\"name\":\"In\u00edcio\",\"item\":\"https:\/\/melanvies.com\/\"},{\"@type\":\"ListItem\",\"position\":2,\"name\":\"Products\",\"item\":\"https:\/\/www.melanvies.com\/loja\/\"},{\"@type\":\"ListItem\",\"position\":3,\"name\":\"T-shirt Premium &#8220;Quem n\u00e3o \u00e9 visto n\u00e3o \u00e9 incomodado.&#8221;\"}]},{\"@type\":\"WebSite\",\"@id\":\"https:\/\/melanvies.com\/#website\",\"url\":\"https:\/\/melanvies.com\/\",\"name\":\"M\u00e9lanvies\",\"description\":\"T-shirt Personalis\u00e9\",\"publisher\":{\"@id\":\"https:\/\/melanvies.com\/#organization\"},\"potentialAction\":[{\"@type\":\"SearchAction\",\"target\":{\"@type\":\"EntryPoint\",\"urlTemplate\":\"https:\/\/melanvies.com\/?s={search_term_string}\"},\"query-input\":{\"@type\":\"PropertyValueSpecification\",\"valueRequired\":true,\"valueName\":\"search_term_string\"}}],\"inLanguage\":\"fr-BE\"},{\"@type\":\"Organization\",\"@id\":\"https:\/\/melanvies.com\/#organization\",\"name\":\"M\u00e9lanvies\",\"url\":\"https:\/\/melanvies.com\/\",\"logo\":{\"@type\":\"ImageObject\",\"inLanguage\":\"fr-BE\",\"@id\":\"https:\/\/melanvies.com\/#\/schema\/logo\/image\/\",\"url\":\"https:\/\/melanvies.com\/wp-content\/uploads\/2025\/04\/cropped-w.png\",\"contentUrl\":\"https:\/\/melanvies.com\/wp-content\/uploads\/2025\/04\/cropped-w.png\",\"width\":338,\"height\":69,\"caption\":\"M\u00e9lanvies\"},\"image\":{\"@id\":\"https:\/\/melanvies.com\/#\/schema\/logo\/image\/\"}}]}<\/script>\n<!-- \/ Yoast SEO Premium plugin. -->","yoast_head_json":{"title":"T-shirt Premium \"Quem n\u00e3o \u00e9 visto n\u00e3o \u00e9 incomodado.\" - M\u00e9lanvies","description":"\u00c0s vezes o sil\u00eancio fala mais alto. Camiseta premium com malha 180\u2013200g, 100% algod\u00e3o, minimalista e cheia de inten\u00e7\u00e3o.","robots":{"index":"index","follow":"follow","max-snippet":"max-snippet:-1","max-image-preview":"max-image-preview:large","max-video-preview":"max-video-preview:-1"},"canonical":"https:\/\/melanvies.com\/fr\/produit\/t-shirt-premium-quem-nao-e-visto-nao-e-incomodado\/","og_locale":"fr_FR","og_type":"article","og_title":"T-shirt Premium \"Quem n\u00e3o \u00e9 visto n\u00e3o \u00e9 incomodado.\"","og_description":"\u00c0s vezes o sil\u00eancio fala mais alto. Camiseta premium com malha 180\u2013200g, 100% algod\u00e3o, minimalista e cheia de inten\u00e7\u00e3o.","og_url":"https:\/\/melanvies.com\/fr\/produit\/t-shirt-premium-quem-nao-e-visto-nao-e-incomodado\/","og_site_name":"M\u00e9lanvies","og_image":[{"width":683,"height":1024,"url":"https:\/\/melanvies.com\/wp-content\/uploads\/2025\/05\/mockup-of-a-hand-holding-a-t-shirt-in-a-colorful-background-26735-20-683x1024.png","type":"image\/png"}],"twitter_card":"summary_large_image","twitter_misc":{"Dur\u00e9e de lecture est.":"1 minute"},"schema":{"@context":"https:\/\/schema.org","@graph":[{"@type":"WebPage","@id":"https:\/\/melanvies.com\/produto\/t-shirt-premium-quem-nao-e-visto-nao-e-incomodado\/","url":"https:\/\/melanvies.com\/produto\/t-shirt-premium-quem-nao-e-visto-nao-e-incomodado\/","name":"T-shirt Premium \"Quem n\u00e3o \u00e9 visto n\u00e3o \u00e9 incomodado.\" - M\u00e9lanvies","isPartOf":{"@id":"https:\/\/melanvies.com\/#website"},"primaryImageOfPage":{"@id":"https:\/\/melanvies.com\/produto\/t-shirt-premium-quem-nao-e-visto-nao-e-incomodado\/#primaryimage"},"image":{"@id":"https:\/\/melanvies.com\/produto\/t-shirt-premium-quem-nao-e-visto-nao-e-incomodado\/#primaryimage"},"thumbnailUrl":"https:\/\/melanvies.com\/wp-content\/uploads\/2025\/05\/mockup-of-a-hand-holding-a-t-shirt-in-a-colorful-background-26735-20.png","datePublished":"2025-05-09T19:57:07+00:00","description":"\u00c0s vezes o sil\u00eancio fala mais alto. Camiseta premium com malha 180\u2013200g, 100% algod\u00e3o, minimalista e cheia de inten\u00e7\u00e3o.","breadcrumb":{"@id":"https:\/\/melanvies.com\/produto\/t-shirt-premium-quem-nao-e-visto-nao-e-incomodado\/#breadcrumb"},"inLanguage":"fr-BE","potentialAction":[{"@type":"ReadAction","target":["https:\/\/melanvies.com\/produto\/t-shirt-premium-quem-nao-e-visto-nao-e-incomodado\/"]}]},{"@type":"ImageObject","inLanguage":"fr-BE","@id":"https:\/\/melanvies.com\/produto\/t-shirt-premium-quem-nao-e-visto-nao-e-incomodado\/#primaryimage","url":"https:\/\/melanvies.com\/wp-content\/uploads\/2025\/05\/mockup-of-a-hand-holding-a-t-shirt-in-a-colorful-background-26735-20.png","contentUrl":"https:\/\/melanvies.com\/wp-content\/uploads\/2025\/05\/mockup-of-a-hand-holding-a-t-shirt-in-a-colorful-background-26735-20.png","width":1440,"height":2160},{"@type":"BreadcrumbList","@id":"https:\/\/melanvies.com\/produto\/t-shirt-premium-quem-nao-e-visto-nao-e-incomodado\/#breadcrumb","itemListElement":[{"@type":"ListItem","position":1,"name":"In\u00edcio","item":"https:\/\/melanvies.com\/"},{"@type":"ListItem","position":2,"name":"Products","item":"https:\/\/www.melanvies.com\/loja\/"},{"@type":"ListItem","position":3,"name":"T-shirt Premium &#8220;Quem n\u00e3o \u00e9 visto n\u00e3o \u00e9 incomodado.&#8221;"}]},{"@type":"WebSite","@id":"https:\/\/melanvies.com\/#website","url":"https:\/\/melanvies.com\/","name":"M\u00e9lanvies","description":"T-shirt Personalis\u00e9","publisher":{"@id":"https:\/\/melanvies.com\/#organization"},"potentialAction":[{"@type":"SearchAction","target":{"@type":"EntryPoint","urlTemplate":"https:\/\/melanvies.com\/?s={search_term_string}"},"query-input":{"@type":"PropertyValueSpecification","valueRequired":true,"valueName":"search_term_string"}}],"inLanguage":"fr-BE"},{"@type":"Organization","@id":"https:\/\/melanvies.com\/#organization","name":"M\u00e9lanvies","url":"https:\/\/melanvies.com\/","logo":{"@type":"ImageObject","inLanguage":"fr-BE","@id":"https:\/\/melanvies.com\/#\/schema\/logo\/image\/","url":"https:\/\/melanvies.com\/wp-content\/uploads\/2025\/04\/cropped-w.png","contentUrl":"https:\/\/melanvies.com\/wp-content\/uploads\/2025\/04\/cropped-w.png","width":338,"height":69,"caption":"M\u00e9lanvies"},"image":{"@id":"https:\/\/melanvies.com\/#\/schema\/logo\/image\/"}}]}},"jetpack_sharing_enabled":true,"_links":{"self":[{"href":"https:\/\/melanvies.com\/fr\/wp-json\/wp\/v2\/product\/1232","targetHints":{"allow":["GET"]}}],"collection":[{"href":"https:\/\/melanvies.com\/fr\/wp-json\/wp\/v2\/product"}],"about":[{"href":"https:\/\/melanvies.com\/fr\/wp-json\/wp\/v2\/types\/product"}],"replies":[{"embeddable":true,"href":"https:\/\/melanvies.com\/fr\/wp-json\/wp\/v2\/comments?post=1232"}],"wp:featuredmedia":[{"embeddable":true,"href":"https:\/\/melanvies.com\/fr\/wp-json\/wp\/v2\/media\/1107"}],"wp:attachment":[{"href":"https:\/\/melanvies.com\/fr\/wp-json\/wp\/v2\/media?parent=1232"}],"wp:term":[{"taxonomy":"product_brand","embeddable":true,"href":"https:\/\/melanvies.com\/fr\/wp-json\/wp\/v2\/product_brand?post=1232"},{"taxonomy":"product_cat","embeddable":true,"href":"https:\/\/melanvies.com\/fr\/wp-json\/wp\/v2\/product_cat?post=1232"},{"taxonomy":"product_tag","embeddable":true,"href":"https:\/\/melanvies.com\/fr\/wp-json\/wp\/v2\/product_tag?post=1232"}],"curies":[{"name":"wp","href":"https:\/\/api.w.org\/{rel}","templated":true}]}}