{"id":1231,"date":"2025-05-09T19:54:55","date_gmt":"2025-05-09T19:54:55","guid":{"rendered":"https:\/\/melanvies.com\/?post_type=product&#038;p=1231"},"modified":"2025-05-09T19:54:55","modified_gmt":"2025-05-09T19:54:55","slug":"tu-deviens-a-jamais-responsable-de-tes-emmers","status":"publish","type":"product","link":"https:\/\/melanvies.com\/fr\/produit\/tu-deviens-a-jamais-responsable-de-tes-emmers\/","title":{"rendered":"Tu deviens \u00e0 jamais responsable de tes emmerdes"},"content":{"rendered":"<p class=\"\" data-start=\"356\" data-end=\"638\"><strong data-start=\"356\" data-end=\"426\">Une r\u00e9interpr\u00e9tation moderne (et un peu insolente) d\u2019un classique.<\/strong><br data-start=\"426\" data-end=\"429\" \/>Inspir\u00e9e de la c\u00e9l\u00e8bre phrase du Petit Prince, cette version met les pieds dans la r\u00e9alit\u00e9 : adulte, ind\u00e9pendante, et face \u00e0 ses propres gal\u00e8res \u2014 qu\u2019on appelle aussi \u201cB.O.\u201d (tracas, soucis, responsabilit\u00e9s\u2026).<\/p>\n<p class=\"\" data-start=\"640\" data-end=\"837\">En version <strong data-start=\"651\" data-end=\"662\">premium<\/strong>, ce t-shirt gagne en impact et en confort : <strong data-start=\"707\" data-end=\"734\">maille \u00e9paisse 180\u2013200g<\/strong>, toucher doux et coupe impeccable. Pour celles et ceux qui assument leurs choix, avec humour et style.<\/p>\n<p class=\"\" data-start=\"839\" data-end=\"955\">\ud83d\udfe2 \u00c9dition premium exclusive<br data-start=\"867\" data-end=\"870\" \/>\ud83d\udfe1 100 % coton de haute qualit\u00e9<br data-start=\"901\" data-end=\"904\" \/>\ud83d\udd35 Unisexe | Message original | Coutures renforc\u00e9es<\/p>","protected":false},"excerpt":{"rendered":"<p>Une r\u00e9interpr\u00e9tation moderne (et un peu insolente) d\u2019un classique.Inspir\u00e9e de la c\u00e9l\u00e8bre phrase du Petit Prince, cette version met les pieds dans la r\u00e9alit\u00e9 : adulte, ind\u00e9pendante, et face \u00e0 ses propres gal\u00e8res \u2014 qu\u2019on appelle aussi \u201cB.O.\u201d (tracas, soucis, responsabilit\u00e9s\u2026). En version premium, ce t-shirt gagne en impact et en confort : maille \u00e9paisse [&hellip;]<\/p>","protected":false},"featured_media":1108,"comment_status":"open","ping_status":"closed","template":"","meta":[],"product_brand":[],"product_cat":[15],"product_tag":[],"class_list":{"0":"post-1231","1":"product","2":"type-product","3":"status-publish","4":"has-post-thumbnail","6":"product_cat-camiseta-malha-180g-premium","8":"first","9":"instock","10":"shipping-taxable","11":"product-type-simple"},"yoast_head":"<!-- This site is optimized with the Yoast SEO Premium plugin v24.6 (Yoast SEO v24.8.1) - https:\/\/yoast.com\/wordpress\/plugins\/seo\/ -->\n<title>Tu deviens \u00e0 jamais responsable de tes emmerdes - M\u00e9lanvies<\/title>\n<meta name=\"description\" content=\"Une v\u00e9rit\u00e9 dr\u00f4le et piquante. T-shirt premium en coton, maille 180\u2013200g, pour assumer tes emmerdes avec style et auto-d\u00e9rision.\" \/>\n<meta name=\"robots\" content=\"index, follow, max-snippet:-1, max-image-preview:large, max-video-preview:-1\" \/>\n<link rel=\"canonical\" href=\"https:\/\/melanvies.com\/fr\/produit\/tu-deviens-a-jamais-responsable-de-tes-emmers\/\" \/>\n<meta property=\"og:locale\" content=\"fr_FR\" \/>\n<meta property=\"og:type\" content=\"article\" \/>\n<meta property=\"og:title\" content=\"Tu deviens \u00e0 jamais responsable de tes emmerdes\" \/>\n<meta property=\"og:description\" content=\"Une v\u00e9rit\u00e9 dr\u00f4le et piquante. T-shirt premium en coton, maille 180\u2013200g, pour assumer tes emmerdes avec style et auto-d\u00e9rision.\" \/>\n<meta property=\"og:url\" content=\"https:\/\/melanvies.com\/fr\/produit\/tu-deviens-a-jamais-responsable-de-tes-emmers\/\" \/>\n<meta property=\"og:site_name\" content=\"M\u00e9lanvies\" \/>\n<meta property=\"og:image\" content=\"https:\/\/melanvies.com\/wp-content\/uploads\/2025\/05\/mockup-of-a-hand-holding-a-t-shirt-in-a-colorful-background-26735-19-683x1024.png\" \/>\n\t<meta property=\"og:image:width\" content=\"683\" \/>\n\t<meta property=\"og:image:height\" content=\"1024\" \/>\n\t<meta property=\"og:image:type\" content=\"image\/png\" \/>\n<meta name=\"twitter:card\" content=\"summary_large_image\" \/>\n<meta name=\"twitter:label1\" content=\"Dur\u00e9e de lecture est.\" \/>\n\t<meta name=\"twitter:data1\" content=\"1 minute\" \/>\n<script type=\"application\/ld+json\" class=\"yoast-schema-graph\">{\"@context\":\"https:\/\/schema.org\",\"@graph\":[{\"@type\":\"WebPage\",\"@id\":\"https:\/\/melanvies.com\/produto\/tu-deviens-a-jamais-responsable-de-tes-emmers\/\",\"url\":\"https:\/\/melanvies.com\/produto\/tu-deviens-a-jamais-responsable-de-tes-emmers\/\",\"name\":\"Tu deviens \u00e0 jamais responsable de tes emmerdes - M\u00e9lanvies\",\"isPartOf\":{\"@id\":\"https:\/\/melanvies.com\/#website\"},\"primaryImageOfPage\":{\"@id\":\"https:\/\/melanvies.com\/produto\/tu-deviens-a-jamais-responsable-de-tes-emmers\/#primaryimage\"},\"image\":{\"@id\":\"https:\/\/melanvies.com\/produto\/tu-deviens-a-jamais-responsable-de-tes-emmers\/#primaryimage\"},\"thumbnailUrl\":\"https:\/\/melanvies.com\/wp-content\/uploads\/2025\/05\/mockup-of-a-hand-holding-a-t-shirt-in-a-colorful-background-26735-19.png\",\"datePublished\":\"2025-05-09T19:54:55+00:00\",\"description\":\"Une v\u00e9rit\u00e9 dr\u00f4le et piquante. T-shirt premium en coton, maille 180\u2013200g, pour assumer tes emmerdes avec style et auto-d\u00e9rision.\",\"breadcrumb\":{\"@id\":\"https:\/\/melanvies.com\/produto\/tu-deviens-a-jamais-responsable-de-tes-emmers\/#breadcrumb\"},\"inLanguage\":\"fr-BE\",\"potentialAction\":[{\"@type\":\"ReadAction\",\"target\":[\"https:\/\/melanvies.com\/produto\/tu-deviens-a-jamais-responsable-de-tes-emmers\/\"]}]},{\"@type\":\"ImageObject\",\"inLanguage\":\"fr-BE\",\"@id\":\"https:\/\/melanvies.com\/produto\/tu-deviens-a-jamais-responsable-de-tes-emmers\/#primaryimage\",\"url\":\"https:\/\/melanvies.com\/wp-content\/uploads\/2025\/05\/mockup-of-a-hand-holding-a-t-shirt-in-a-colorful-background-26735-19.png\",\"contentUrl\":\"https:\/\/melanvies.com\/wp-content\/uploads\/2025\/05\/mockup-of-a-hand-holding-a-t-shirt-in-a-colorful-background-26735-19.png\",\"width\":1440,\"height\":2160},{\"@type\":\"BreadcrumbList\",\"@id\":\"https:\/\/melanvies.com\/produto\/tu-deviens-a-jamais-responsable-de-tes-emmers\/#breadcrumb\",\"itemListElement\":[{\"@type\":\"ListItem\",\"position\":1,\"name\":\"In\u00edcio\",\"item\":\"https:\/\/melanvies.com\/\"},{\"@type\":\"ListItem\",\"position\":2,\"name\":\"Products\",\"item\":\"https:\/\/www.melanvies.com\/loja\/\"},{\"@type\":\"ListItem\",\"position\":3,\"name\":\"Tu deviens \u00e0 jamais responsable de tes emmerdes\"}]},{\"@type\":\"WebSite\",\"@id\":\"https:\/\/melanvies.com\/#website\",\"url\":\"https:\/\/melanvies.com\/\",\"name\":\"M\u00e9lanvies\",\"description\":\"T-shirt Personalis\u00e9\",\"publisher\":{\"@id\":\"https:\/\/melanvies.com\/#organization\"},\"potentialAction\":[{\"@type\":\"SearchAction\",\"target\":{\"@type\":\"EntryPoint\",\"urlTemplate\":\"https:\/\/melanvies.com\/?s={search_term_string}\"},\"query-input\":{\"@type\":\"PropertyValueSpecification\",\"valueRequired\":true,\"valueName\":\"search_term_string\"}}],\"inLanguage\":\"fr-BE\"},{\"@type\":\"Organization\",\"@id\":\"https:\/\/melanvies.com\/#organization\",\"name\":\"M\u00e9lanvies\",\"url\":\"https:\/\/melanvies.com\/\",\"logo\":{\"@type\":\"ImageObject\",\"inLanguage\":\"fr-BE\",\"@id\":\"https:\/\/melanvies.com\/#\/schema\/logo\/image\/\",\"url\":\"https:\/\/melanvies.com\/wp-content\/uploads\/2025\/04\/cropped-w.png\",\"contentUrl\":\"https:\/\/melanvies.com\/wp-content\/uploads\/2025\/04\/cropped-w.png\",\"width\":338,\"height\":69,\"caption\":\"M\u00e9lanvies\"},\"image\":{\"@id\":\"https:\/\/melanvies.com\/#\/schema\/logo\/image\/\"}}]}<\/script>\n<!-- \/ Yoast SEO Premium plugin. -->","yoast_head_json":{"title":"Tu deviens \u00e0 jamais responsable de tes emmerdes - M\u00e9lanvies","description":"Une v\u00e9rit\u00e9 dr\u00f4le et piquante. T-shirt premium en coton, maille 180\u2013200g, pour assumer tes emmerdes avec style et auto-d\u00e9rision.","robots":{"index":"index","follow":"follow","max-snippet":"max-snippet:-1","max-image-preview":"max-image-preview:large","max-video-preview":"max-video-preview:-1"},"canonical":"https:\/\/melanvies.com\/fr\/produit\/tu-deviens-a-jamais-responsable-de-tes-emmers\/","og_locale":"fr_FR","og_type":"article","og_title":"Tu deviens \u00e0 jamais responsable de tes emmerdes","og_description":"Une v\u00e9rit\u00e9 dr\u00f4le et piquante. T-shirt premium en coton, maille 180\u2013200g, pour assumer tes emmerdes avec style et auto-d\u00e9rision.","og_url":"https:\/\/melanvies.com\/fr\/produit\/tu-deviens-a-jamais-responsable-de-tes-emmers\/","og_site_name":"M\u00e9lanvies","og_image":[{"width":683,"height":1024,"url":"https:\/\/melanvies.com\/wp-content\/uploads\/2025\/05\/mockup-of-a-hand-holding-a-t-shirt-in-a-colorful-background-26735-19-683x1024.png","type":"image\/png"}],"twitter_card":"summary_large_image","twitter_misc":{"Dur\u00e9e de lecture est.":"1 minute"},"schema":{"@context":"https:\/\/schema.org","@graph":[{"@type":"WebPage","@id":"https:\/\/melanvies.com\/produto\/tu-deviens-a-jamais-responsable-de-tes-emmers\/","url":"https:\/\/melanvies.com\/produto\/tu-deviens-a-jamais-responsable-de-tes-emmers\/","name":"Tu deviens \u00e0 jamais responsable de tes emmerdes - M\u00e9lanvies","isPartOf":{"@id":"https:\/\/melanvies.com\/#website"},"primaryImageOfPage":{"@id":"https:\/\/melanvies.com\/produto\/tu-deviens-a-jamais-responsable-de-tes-emmers\/#primaryimage"},"image":{"@id":"https:\/\/melanvies.com\/produto\/tu-deviens-a-jamais-responsable-de-tes-emmers\/#primaryimage"},"thumbnailUrl":"https:\/\/melanvies.com\/wp-content\/uploads\/2025\/05\/mockup-of-a-hand-holding-a-t-shirt-in-a-colorful-background-26735-19.png","datePublished":"2025-05-09T19:54:55+00:00","description":"Une v\u00e9rit\u00e9 dr\u00f4le et piquante. T-shirt premium en coton, maille 180\u2013200g, pour assumer tes emmerdes avec style et auto-d\u00e9rision.","breadcrumb":{"@id":"https:\/\/melanvies.com\/produto\/tu-deviens-a-jamais-responsable-de-tes-emmers\/#breadcrumb"},"inLanguage":"fr-BE","potentialAction":[{"@type":"ReadAction","target":["https:\/\/melanvies.com\/produto\/tu-deviens-a-jamais-responsable-de-tes-emmers\/"]}]},{"@type":"ImageObject","inLanguage":"fr-BE","@id":"https:\/\/melanvies.com\/produto\/tu-deviens-a-jamais-responsable-de-tes-emmers\/#primaryimage","url":"https:\/\/melanvies.com\/wp-content\/uploads\/2025\/05\/mockup-of-a-hand-holding-a-t-shirt-in-a-colorful-background-26735-19.png","contentUrl":"https:\/\/melanvies.com\/wp-content\/uploads\/2025\/05\/mockup-of-a-hand-holding-a-t-shirt-in-a-colorful-background-26735-19.png","width":1440,"height":2160},{"@type":"BreadcrumbList","@id":"https:\/\/melanvies.com\/produto\/tu-deviens-a-jamais-responsable-de-tes-emmers\/#breadcrumb","itemListElement":[{"@type":"ListItem","position":1,"name":"In\u00edcio","item":"https:\/\/melanvies.com\/"},{"@type":"ListItem","position":2,"name":"Products","item":"https:\/\/www.melanvies.com\/loja\/"},{"@type":"ListItem","position":3,"name":"Tu deviens \u00e0 jamais responsable de tes emmerdes"}]},{"@type":"WebSite","@id":"https:\/\/melanvies.com\/#website","url":"https:\/\/melanvies.com\/","name":"M\u00e9lanvies","description":"T-shirt Personalis\u00e9","publisher":{"@id":"https:\/\/melanvies.com\/#organization"},"potentialAction":[{"@type":"SearchAction","target":{"@type":"EntryPoint","urlTemplate":"https:\/\/melanvies.com\/?s={search_term_string}"},"query-input":{"@type":"PropertyValueSpecification","valueRequired":true,"valueName":"search_term_string"}}],"inLanguage":"fr-BE"},{"@type":"Organization","@id":"https:\/\/melanvies.com\/#organization","name":"M\u00e9lanvies","url":"https:\/\/melanvies.com\/","logo":{"@type":"ImageObject","inLanguage":"fr-BE","@id":"https:\/\/melanvies.com\/#\/schema\/logo\/image\/","url":"https:\/\/melanvies.com\/wp-content\/uploads\/2025\/04\/cropped-w.png","contentUrl":"https:\/\/melanvies.com\/wp-content\/uploads\/2025\/04\/cropped-w.png","width":338,"height":69,"caption":"M\u00e9lanvies"},"image":{"@id":"https:\/\/melanvies.com\/#\/schema\/logo\/image\/"}}]}},"jetpack_sharing_enabled":true,"_links":{"self":[{"href":"https:\/\/melanvies.com\/fr\/wp-json\/wp\/v2\/product\/1231","targetHints":{"allow":["GET"]}}],"collection":[{"href":"https:\/\/melanvies.com\/fr\/wp-json\/wp\/v2\/product"}],"about":[{"href":"https:\/\/melanvies.com\/fr\/wp-json\/wp\/v2\/types\/product"}],"replies":[{"embeddable":true,"href":"https:\/\/melanvies.com\/fr\/wp-json\/wp\/v2\/comments?post=1231"}],"wp:featuredmedia":[{"embeddable":true,"href":"https:\/\/melanvies.com\/fr\/wp-json\/wp\/v2\/media\/1108"}],"wp:attachment":[{"href":"https:\/\/melanvies.com\/fr\/wp-json\/wp\/v2\/media?parent=1231"}],"wp:term":[{"taxonomy":"product_brand","embeddable":true,"href":"https:\/\/melanvies.com\/fr\/wp-json\/wp\/v2\/product_brand?post=1231"},{"taxonomy":"product_cat","embeddable":true,"href":"https:\/\/melanvies.com\/fr\/wp-json\/wp\/v2\/product_cat?post=1231"},{"taxonomy":"product_tag","embeddable":true,"href":"https:\/\/melanvies.com\/fr\/wp-json\/wp\/v2\/product_tag?post=1231"}],"curies":[{"name":"wp","href":"https:\/\/api.w.org\/{rel}","templated":true}]}}