{"id":1213,"date":"2025-05-09T19:49:17","date_gmt":"2025-05-09T19:49:17","guid":{"rendered":"https:\/\/melanvies.com\/?post_type=product&#038;p=1213"},"modified":"2025-05-09T19:49:18","modified_gmt":"2025-05-09T19:49:18","slug":"t-shirt-premium-tranquille","status":"publish","type":"product","link":"https:\/\/melanvies.com\/fr\/produit\/t-shirt-premium-tranquille\/","title":{"rendered":"T-shirt Premium &#8220;Tranquille\u2026&#8221;"},"content":{"rendered":"<p class=\"\" data-start=\"311\" data-end=\"586\"><strong data-start=\"311\" data-end=\"353\">Un sourire&#8230; mais qui tremble un peu.<\/strong><br data-start=\"353\" data-end=\"356\" \/>Le t-shirt \u201cTranquille\u2026\u201d dit tout sans rien dire. C\u2019est ce moment o\u00f9 l\u2019on r\u00e9pond \u201ctranquille\u201d alors que tout vacille \u00e0 l\u2019int\u00e9rieur. L\u2019\u00e9motic\u00f4ne qui tremble est le clin d\u2019\u0153il parfait \u00e0 ce m\u00e9lange d\u2019ironie douce et de vuln\u00e9rabilit\u00e9.<\/p>\n<p class=\"\" data-start=\"588\" data-end=\"787\">En version <strong data-start=\"599\" data-end=\"610\">premium<\/strong>, ce design gagne en impact : <strong data-start=\"640\" data-end=\"667\">maille \u00e9paisse 180\u2013200g<\/strong>, toucher ultra doux et coupe impeccable. Pour celles et ceux qui avancent malgr\u00e9 le chaos \u2014 avec style et autod\u00e9rision.<\/p>\n<p class=\"\" data-start=\"789\" data-end=\"907\">\ud83d\udfe2 \u00c9dition premium exclusive<br data-start=\"817\" data-end=\"820\" \/>\ud83d\udfe1 100 % coton de haute qualit\u00e9<br data-start=\"851\" data-end=\"854\" \/>\ud83d\udd35 Unisexe | \u00c9motic\u00f4ne original | Coutures renforc\u00e9es<\/p>","protected":false},"excerpt":{"rendered":"<p>Un sourire&#8230; mais qui tremble un peu.Le t-shirt \u201cTranquille\u2026\u201d dit tout sans rien dire. C\u2019est ce moment o\u00f9 l\u2019on r\u00e9pond \u201ctranquille\u201d alors que tout vacille \u00e0 l\u2019int\u00e9rieur. L\u2019\u00e9motic\u00f4ne qui tremble est le clin d\u2019\u0153il parfait \u00e0 ce m\u00e9lange d\u2019ironie douce et de vuln\u00e9rabilit\u00e9. En version premium, ce design gagne en impact : maille \u00e9paisse 180\u2013200g, [&hellip;]<\/p>","protected":false},"featured_media":1087,"comment_status":"open","ping_status":"closed","template":"","meta":[],"product_brand":[],"product_cat":[15],"product_tag":[],"class_list":{"0":"post-1213","1":"product","2":"type-product","3":"status-publish","4":"has-post-thumbnail","6":"product_cat-camiseta-malha-180g-premium","8":"first","9":"instock","10":"shipping-taxable","11":"purchasable","12":"product-type-variable"},"yoast_head":"<!-- This site is optimized with the Yoast SEO Premium plugin v24.6 (Yoast SEO v24.8.1) - https:\/\/yoast.com\/wordpress\/plugins\/seo\/ -->\n<title>T-shirt Premium &quot;Tranquille\u2026&quot; - M\u00e9lanvies<\/title>\n<meta name=\"description\" content=\"Quand \u201ctranquille\u201d veut tout dire. T-shirt premium en coton, maille 180\u2013200g, \u00e9motic\u00f4ne tremblant et confort garanti.\" \/>\n<meta name=\"robots\" content=\"index, follow, max-snippet:-1, max-image-preview:large, max-video-preview:-1\" \/>\n<link rel=\"canonical\" href=\"https:\/\/melanvies.com\/fr\/produit\/t-shirt-premium-tranquille\/\" \/>\n<meta property=\"og:locale\" content=\"fr_FR\" \/>\n<meta property=\"og:type\" content=\"article\" \/>\n<meta property=\"og:title\" content=\"T-shirt Premium &quot;Tranquille\u2026&quot;\" \/>\n<meta property=\"og:description\" content=\"Quand \u201ctranquille\u201d veut tout dire. T-shirt premium en coton, maille 180\u2013200g, \u00e9motic\u00f4ne tremblant et confort garanti.\" \/>\n<meta property=\"og:url\" content=\"https:\/\/melanvies.com\/fr\/produit\/t-shirt-premium-tranquille\/\" \/>\n<meta property=\"og:site_name\" content=\"M\u00e9lanvies\" \/>\n<meta property=\"article:modified_time\" content=\"2025-05-09T19:49:18+00:00\" \/>\n<meta property=\"og:image\" content=\"https:\/\/melanvies.com\/wp-content\/uploads\/2025\/05\/mockup-of-a-hand-holding-a-t-shirt-in-a-colorful-background-26735-41.png\" \/>\n\t<meta property=\"og:image:width\" content=\"1440\" \/>\n\t<meta property=\"og:image:height\" content=\"2160\" \/>\n\t<meta property=\"og:image:type\" content=\"image\/png\" \/>\n<meta name=\"twitter:card\" content=\"summary_large_image\" \/>\n<meta name=\"twitter:label1\" content=\"Dur\u00e9e de lecture est.\" \/>\n\t<meta name=\"twitter:data1\" content=\"1 minute\" \/>\n<script type=\"application\/ld+json\" class=\"yoast-schema-graph\">{\"@context\":\"https:\/\/schema.org\",\"@graph\":[{\"@type\":\"WebPage\",\"@id\":\"https:\/\/melanvies.com\/produto\/t-shirt-premium-tranquille\/\",\"url\":\"https:\/\/melanvies.com\/produto\/t-shirt-premium-tranquille\/\",\"name\":\"T-shirt Premium \\\"Tranquille\u2026\\\" - M\u00e9lanvies\",\"isPartOf\":{\"@id\":\"https:\/\/melanvies.com\/#website\"},\"primaryImageOfPage\":{\"@id\":\"https:\/\/melanvies.com\/produto\/t-shirt-premium-tranquille\/#primaryimage\"},\"image\":{\"@id\":\"https:\/\/melanvies.com\/produto\/t-shirt-premium-tranquille\/#primaryimage\"},\"thumbnailUrl\":\"https:\/\/melanvies.com\/wp-content\/uploads\/2025\/05\/mockup-of-a-hand-holding-a-t-shirt-in-a-colorful-background-26735-41.png\",\"datePublished\":\"2025-05-09T19:49:17+00:00\",\"dateModified\":\"2025-05-09T19:49:18+00:00\",\"description\":\"Quand \u201ctranquille\u201d veut tout dire. T-shirt premium en coton, maille 180\u2013200g, \u00e9motic\u00f4ne tremblant et confort garanti.\",\"breadcrumb\":{\"@id\":\"https:\/\/melanvies.com\/produto\/t-shirt-premium-tranquille\/#breadcrumb\"},\"inLanguage\":\"fr-BE\",\"potentialAction\":[{\"@type\":\"ReadAction\",\"target\":[\"https:\/\/melanvies.com\/produto\/t-shirt-premium-tranquille\/\"]}]},{\"@type\":\"ImageObject\",\"inLanguage\":\"fr-BE\",\"@id\":\"https:\/\/melanvies.com\/produto\/t-shirt-premium-tranquille\/#primaryimage\",\"url\":\"https:\/\/melanvies.com\/wp-content\/uploads\/2025\/05\/mockup-of-a-hand-holding-a-t-shirt-in-a-colorful-background-26735-41.png\",\"contentUrl\":\"https:\/\/melanvies.com\/wp-content\/uploads\/2025\/05\/mockup-of-a-hand-holding-a-t-shirt-in-a-colorful-background-26735-41.png\",\"width\":1440,\"height\":2160},{\"@type\":\"BreadcrumbList\",\"@id\":\"https:\/\/melanvies.com\/produto\/t-shirt-premium-tranquille\/#breadcrumb\",\"itemListElement\":[{\"@type\":\"ListItem\",\"position\":1,\"name\":\"In\u00edcio\",\"item\":\"https:\/\/melanvies.com\/\"},{\"@type\":\"ListItem\",\"position\":2,\"name\":\"Products\",\"item\":\"https:\/\/www.melanvies.com\/loja\/\"},{\"@type\":\"ListItem\",\"position\":3,\"name\":\"T-shirt Premium &#8220;Tranquille\u2026&#8221;\"}]},{\"@type\":\"WebSite\",\"@id\":\"https:\/\/melanvies.com\/#website\",\"url\":\"https:\/\/melanvies.com\/\",\"name\":\"M\u00e9lanvies\",\"description\":\"T-shirt Personalis\u00e9\",\"publisher\":{\"@id\":\"https:\/\/melanvies.com\/#organization\"},\"potentialAction\":[{\"@type\":\"SearchAction\",\"target\":{\"@type\":\"EntryPoint\",\"urlTemplate\":\"https:\/\/melanvies.com\/?s={search_term_string}\"},\"query-input\":{\"@type\":\"PropertyValueSpecification\",\"valueRequired\":true,\"valueName\":\"search_term_string\"}}],\"inLanguage\":\"fr-BE\"},{\"@type\":\"Organization\",\"@id\":\"https:\/\/melanvies.com\/#organization\",\"name\":\"M\u00e9lanvies\",\"url\":\"https:\/\/melanvies.com\/\",\"logo\":{\"@type\":\"ImageObject\",\"inLanguage\":\"fr-BE\",\"@id\":\"https:\/\/melanvies.com\/#\/schema\/logo\/image\/\",\"url\":\"https:\/\/melanvies.com\/wp-content\/uploads\/2025\/04\/cropped-w.png\",\"contentUrl\":\"https:\/\/melanvies.com\/wp-content\/uploads\/2025\/04\/cropped-w.png\",\"width\":338,\"height\":69,\"caption\":\"M\u00e9lanvies\"},\"image\":{\"@id\":\"https:\/\/melanvies.com\/#\/schema\/logo\/image\/\"}}]}<\/script>\n<!-- \/ Yoast SEO Premium plugin. -->","yoast_head_json":{"title":"T-shirt Premium \"Tranquille\u2026\" - M\u00e9lanvies","description":"Quand \u201ctranquille\u201d veut tout dire. T-shirt premium en coton, maille 180\u2013200g, \u00e9motic\u00f4ne tremblant et confort garanti.","robots":{"index":"index","follow":"follow","max-snippet":"max-snippet:-1","max-image-preview":"max-image-preview:large","max-video-preview":"max-video-preview:-1"},"canonical":"https:\/\/melanvies.com\/fr\/produit\/t-shirt-premium-tranquille\/","og_locale":"fr_FR","og_type":"article","og_title":"T-shirt Premium \"Tranquille\u2026\"","og_description":"Quand \u201ctranquille\u201d veut tout dire. T-shirt premium en coton, maille 180\u2013200g, \u00e9motic\u00f4ne tremblant et confort garanti.","og_url":"https:\/\/melanvies.com\/fr\/produit\/t-shirt-premium-tranquille\/","og_site_name":"M\u00e9lanvies","article_modified_time":"2025-05-09T19:49:18+00:00","og_image":[{"width":1440,"height":2160,"url":"https:\/\/melanvies.com\/wp-content\/uploads\/2025\/05\/mockup-of-a-hand-holding-a-t-shirt-in-a-colorful-background-26735-41.png","type":"image\/png"}],"twitter_card":"summary_large_image","twitter_misc":{"Dur\u00e9e de lecture est.":"1 minute"},"schema":{"@context":"https:\/\/schema.org","@graph":[{"@type":"WebPage","@id":"https:\/\/melanvies.com\/produto\/t-shirt-premium-tranquille\/","url":"https:\/\/melanvies.com\/produto\/t-shirt-premium-tranquille\/","name":"T-shirt Premium \"Tranquille\u2026\" - M\u00e9lanvies","isPartOf":{"@id":"https:\/\/melanvies.com\/#website"},"primaryImageOfPage":{"@id":"https:\/\/melanvies.com\/produto\/t-shirt-premium-tranquille\/#primaryimage"},"image":{"@id":"https:\/\/melanvies.com\/produto\/t-shirt-premium-tranquille\/#primaryimage"},"thumbnailUrl":"https:\/\/melanvies.com\/wp-content\/uploads\/2025\/05\/mockup-of-a-hand-holding-a-t-shirt-in-a-colorful-background-26735-41.png","datePublished":"2025-05-09T19:49:17+00:00","dateModified":"2025-05-09T19:49:18+00:00","description":"Quand \u201ctranquille\u201d veut tout dire. T-shirt premium en coton, maille 180\u2013200g, \u00e9motic\u00f4ne tremblant et confort garanti.","breadcrumb":{"@id":"https:\/\/melanvies.com\/produto\/t-shirt-premium-tranquille\/#breadcrumb"},"inLanguage":"fr-BE","potentialAction":[{"@type":"ReadAction","target":["https:\/\/melanvies.com\/produto\/t-shirt-premium-tranquille\/"]}]},{"@type":"ImageObject","inLanguage":"fr-BE","@id":"https:\/\/melanvies.com\/produto\/t-shirt-premium-tranquille\/#primaryimage","url":"https:\/\/melanvies.com\/wp-content\/uploads\/2025\/05\/mockup-of-a-hand-holding-a-t-shirt-in-a-colorful-background-26735-41.png","contentUrl":"https:\/\/melanvies.com\/wp-content\/uploads\/2025\/05\/mockup-of-a-hand-holding-a-t-shirt-in-a-colorful-background-26735-41.png","width":1440,"height":2160},{"@type":"BreadcrumbList","@id":"https:\/\/melanvies.com\/produto\/t-shirt-premium-tranquille\/#breadcrumb","itemListElement":[{"@type":"ListItem","position":1,"name":"In\u00edcio","item":"https:\/\/melanvies.com\/"},{"@type":"ListItem","position":2,"name":"Products","item":"https:\/\/www.melanvies.com\/loja\/"},{"@type":"ListItem","position":3,"name":"T-shirt Premium &#8220;Tranquille\u2026&#8221;"}]},{"@type":"WebSite","@id":"https:\/\/melanvies.com\/#website","url":"https:\/\/melanvies.com\/","name":"M\u00e9lanvies","description":"T-shirt Personalis\u00e9","publisher":{"@id":"https:\/\/melanvies.com\/#organization"},"potentialAction":[{"@type":"SearchAction","target":{"@type":"EntryPoint","urlTemplate":"https:\/\/melanvies.com\/?s={search_term_string}"},"query-input":{"@type":"PropertyValueSpecification","valueRequired":true,"valueName":"search_term_string"}}],"inLanguage":"fr-BE"},{"@type":"Organization","@id":"https:\/\/melanvies.com\/#organization","name":"M\u00e9lanvies","url":"https:\/\/melanvies.com\/","logo":{"@type":"ImageObject","inLanguage":"fr-BE","@id":"https:\/\/melanvies.com\/#\/schema\/logo\/image\/","url":"https:\/\/melanvies.com\/wp-content\/uploads\/2025\/04\/cropped-w.png","contentUrl":"https:\/\/melanvies.com\/wp-content\/uploads\/2025\/04\/cropped-w.png","width":338,"height":69,"caption":"M\u00e9lanvies"},"image":{"@id":"https:\/\/melanvies.com\/#\/schema\/logo\/image\/"}}]}},"jetpack_sharing_enabled":true,"_links":{"self":[{"href":"https:\/\/melanvies.com\/fr\/wp-json\/wp\/v2\/product\/1213","targetHints":{"allow":["GET"]}}],"collection":[{"href":"https:\/\/melanvies.com\/fr\/wp-json\/wp\/v2\/product"}],"about":[{"href":"https:\/\/melanvies.com\/fr\/wp-json\/wp\/v2\/types\/product"}],"replies":[{"embeddable":true,"href":"https:\/\/melanvies.com\/fr\/wp-json\/wp\/v2\/comments?post=1213"}],"wp:featuredmedia":[{"embeddable":true,"href":"https:\/\/melanvies.com\/fr\/wp-json\/wp\/v2\/media\/1087"}],"wp:attachment":[{"href":"https:\/\/melanvies.com\/fr\/wp-json\/wp\/v2\/media?parent=1213"}],"wp:term":[{"taxonomy":"product_brand","embeddable":true,"href":"https:\/\/melanvies.com\/fr\/wp-json\/wp\/v2\/product_brand?post=1213"},{"taxonomy":"product_cat","embeddable":true,"href":"https:\/\/melanvies.com\/fr\/wp-json\/wp\/v2\/product_cat?post=1213"},{"taxonomy":"product_tag","embeddable":true,"href":"https:\/\/melanvies.com\/fr\/wp-json\/wp\/v2\/product_tag?post=1213"}],"curies":[{"name":"wp","href":"https:\/\/api.w.org\/{rel}","templated":true}]}}