{"id":1195,"date":"2025-05-09T19:45:22","date_gmt":"2025-05-09T19:45:22","guid":{"rendered":"https:\/\/melanvies.com\/?post_type=product&#038;p=1195"},"modified":"2025-05-09T19:45:23","modified_gmt":"2025-05-09T19:45:23","slug":"je-men-fous-de-ce-quils-pensent-bonne-journee","status":"publish","type":"product","link":"https:\/\/melanvies.com\/fr\/produit\/je-men-fous-de-ce-quils-pensent-bonne-journee\/","title":{"rendered":"Je m\u2019en fous de ce qu\u2019ils pensent. Bonne journ\u00e9e."},"content":{"rendered":"<p class=\"\" data-start=\"327\" data-end=\"630\"><strong data-start=\"327\" data-end=\"390\">Attitude, libert\u00e9 et l\u00e9g\u00e8ret\u00e9 \u2014 tout dans une seule phrase.<\/strong><br data-start=\"390\" data-end=\"393\" \/>Ce t-shirt est un manifeste pour celles et ceux qui en ont assez de chercher \u00e0 plaire. Un rappel ironique (et n\u00e9cessaire) que l\u2019opinion des autres ne d\u00e9finit pas qui nous sommes \u2014 et qu\u2019avancer en paix, c\u2019est un vrai acte d\u2019amour de soi.<\/p>\n<p class=\"\" data-start=\"632\" data-end=\"785\">En version <strong data-start=\"643\" data-end=\"654\">premium<\/strong>, le message prend encore plus de force : <strong data-start=\"696\" data-end=\"726\">maille \u00e9paisse de 180\u2013200g<\/strong>, coupe impeccable, toucher doux et qualit\u00e9 au rendez-vous.<\/p>\n<p class=\"\" data-start=\"787\" data-end=\"908\">\ud83d\udfe2 \u00c9dition premium exclusive<br data-start=\"815\" data-end=\"818\" \/>\ud83d\udfe1 100 % coton de haute qualit\u00e9<br data-start=\"849\" data-end=\"852\" \/>\ud83d\udd35 Unisexe | Coutures renforc\u00e9es | Message fort et l\u00e9ger<\/p>","protected":false},"excerpt":{"rendered":"<p>Attitude, libert\u00e9 et l\u00e9g\u00e8ret\u00e9 \u2014 tout dans une seule phrase.Ce t-shirt est un manifeste pour celles et ceux qui en ont assez de chercher \u00e0 plaire. Un rappel ironique (et n\u00e9cessaire) que l\u2019opinion des autres ne d\u00e9finit pas qui nous sommes \u2014 et qu\u2019avancer en paix, c\u2019est un vrai acte d\u2019amour de soi. En version [&hellip;]<\/p>","protected":false},"featured_media":1110,"comment_status":"open","ping_status":"closed","template":"","meta":[],"product_brand":[],"product_cat":[15],"product_tag":[],"class_list":{"0":"post-1195","1":"product","2":"type-product","3":"status-publish","4":"has-post-thumbnail","6":"product_cat-camiseta-malha-180g-premium","8":"first","9":"instock","10":"shipping-taxable","11":"purchasable","12":"product-type-variable"},"yoast_head":"<!-- This site is optimized with the Yoast SEO Premium plugin v24.6 (Yoast SEO v24.8.1) - https:\/\/yoast.com\/wordpress\/plugins\/seo\/ -->\n<title>Je m\u2019en fous de ce qu\u2019ils pensent. Bonne journ\u00e9e. - M\u00e9lanvies<\/title>\n<meta name=\"description\" content=\"Lib\u00e9rez votre style. T-shirt premium en coton, maille 180\u2013200g, avec un message audacieux et un confort exceptionnel.\" \/>\n<meta name=\"robots\" content=\"index, follow, max-snippet:-1, max-image-preview:large, max-video-preview:-1\" \/>\n<link rel=\"canonical\" href=\"https:\/\/melanvies.com\/fr\/produit\/je-men-fous-de-ce-quils-pensent-bonne-journee\/\" \/>\n<meta property=\"og:locale\" content=\"fr_FR\" \/>\n<meta property=\"og:type\" content=\"article\" \/>\n<meta property=\"og:title\" content=\"Je m\u2019en fous de ce qu\u2019ils pensent. Bonne journ\u00e9e.\" \/>\n<meta property=\"og:description\" content=\"Lib\u00e9rez votre style. T-shirt premium en coton, maille 180\u2013200g, avec un message audacieux et un confort exceptionnel.\" \/>\n<meta property=\"og:url\" content=\"https:\/\/melanvies.com\/fr\/produit\/je-men-fous-de-ce-quils-pensent-bonne-journee\/\" \/>\n<meta property=\"og:site_name\" content=\"M\u00e9lanvies\" \/>\n<meta property=\"article:modified_time\" content=\"2025-05-09T19:45:23+00:00\" \/>\n<meta property=\"og:image\" content=\"https:\/\/melanvies.com\/wp-content\/uploads\/2025\/05\/mockup-of-a-hand-holding-a-t-shirt-in-a-colorful-background-26735-17.png\" \/>\n\t<meta property=\"og:image:width\" content=\"1440\" \/>\n\t<meta property=\"og:image:height\" content=\"2160\" \/>\n\t<meta property=\"og:image:type\" content=\"image\/png\" \/>\n<meta name=\"twitter:card\" content=\"summary_large_image\" \/>\n<meta name=\"twitter:label1\" content=\"Dur\u00e9e de lecture est.\" \/>\n\t<meta name=\"twitter:data1\" content=\"1 minute\" \/>\n<script type=\"application\/ld+json\" class=\"yoast-schema-graph\">{\"@context\":\"https:\/\/schema.org\",\"@graph\":[{\"@type\":\"WebPage\",\"@id\":\"https:\/\/melanvies.com\/produto\/je-men-fous-de-ce-quils-pensent-bonne-journee\/\",\"url\":\"https:\/\/melanvies.com\/produto\/je-men-fous-de-ce-quils-pensent-bonne-journee\/\",\"name\":\"Je m\u2019en fous de ce qu\u2019ils pensent. Bonne journ\u00e9e. - M\u00e9lanvies\",\"isPartOf\":{\"@id\":\"https:\/\/melanvies.com\/#website\"},\"primaryImageOfPage\":{\"@id\":\"https:\/\/melanvies.com\/produto\/je-men-fous-de-ce-quils-pensent-bonne-journee\/#primaryimage\"},\"image\":{\"@id\":\"https:\/\/melanvies.com\/produto\/je-men-fous-de-ce-quils-pensent-bonne-journee\/#primaryimage\"},\"thumbnailUrl\":\"https:\/\/melanvies.com\/wp-content\/uploads\/2025\/05\/mockup-of-a-hand-holding-a-t-shirt-in-a-colorful-background-26735-17.png\",\"datePublished\":\"2025-05-09T19:45:22+00:00\",\"dateModified\":\"2025-05-09T19:45:23+00:00\",\"description\":\"Lib\u00e9rez votre style. T-shirt premium en coton, maille 180\u2013200g, avec un message audacieux et un confort exceptionnel.\",\"breadcrumb\":{\"@id\":\"https:\/\/melanvies.com\/produto\/je-men-fous-de-ce-quils-pensent-bonne-journee\/#breadcrumb\"},\"inLanguage\":\"fr-BE\",\"potentialAction\":[{\"@type\":\"ReadAction\",\"target\":[\"https:\/\/melanvies.com\/produto\/je-men-fous-de-ce-quils-pensent-bonne-journee\/\"]}]},{\"@type\":\"ImageObject\",\"inLanguage\":\"fr-BE\",\"@id\":\"https:\/\/melanvies.com\/produto\/je-men-fous-de-ce-quils-pensent-bonne-journee\/#primaryimage\",\"url\":\"https:\/\/melanvies.com\/wp-content\/uploads\/2025\/05\/mockup-of-a-hand-holding-a-t-shirt-in-a-colorful-background-26735-17.png\",\"contentUrl\":\"https:\/\/melanvies.com\/wp-content\/uploads\/2025\/05\/mockup-of-a-hand-holding-a-t-shirt-in-a-colorful-background-26735-17.png\",\"width\":1440,\"height\":2160},{\"@type\":\"BreadcrumbList\",\"@id\":\"https:\/\/melanvies.com\/produto\/je-men-fous-de-ce-quils-pensent-bonne-journee\/#breadcrumb\",\"itemListElement\":[{\"@type\":\"ListItem\",\"position\":1,\"name\":\"In\u00edcio\",\"item\":\"https:\/\/melanvies.com\/\"},{\"@type\":\"ListItem\",\"position\":2,\"name\":\"Products\",\"item\":\"https:\/\/www.melanvies.com\/loja\/\"},{\"@type\":\"ListItem\",\"position\":3,\"name\":\"Je m\u2019en fous de ce qu\u2019ils pensent. Bonne journ\u00e9e.\"}]},{\"@type\":\"WebSite\",\"@id\":\"https:\/\/melanvies.com\/#website\",\"url\":\"https:\/\/melanvies.com\/\",\"name\":\"M\u00e9lanvies\",\"description\":\"T-shirt Personalis\u00e9\",\"publisher\":{\"@id\":\"https:\/\/melanvies.com\/#organization\"},\"potentialAction\":[{\"@type\":\"SearchAction\",\"target\":{\"@type\":\"EntryPoint\",\"urlTemplate\":\"https:\/\/melanvies.com\/?s={search_term_string}\"},\"query-input\":{\"@type\":\"PropertyValueSpecification\",\"valueRequired\":true,\"valueName\":\"search_term_string\"}}],\"inLanguage\":\"fr-BE\"},{\"@type\":\"Organization\",\"@id\":\"https:\/\/melanvies.com\/#organization\",\"name\":\"M\u00e9lanvies\",\"url\":\"https:\/\/melanvies.com\/\",\"logo\":{\"@type\":\"ImageObject\",\"inLanguage\":\"fr-BE\",\"@id\":\"https:\/\/melanvies.com\/#\/schema\/logo\/image\/\",\"url\":\"https:\/\/melanvies.com\/wp-content\/uploads\/2025\/04\/cropped-w.png\",\"contentUrl\":\"https:\/\/melanvies.com\/wp-content\/uploads\/2025\/04\/cropped-w.png\",\"width\":338,\"height\":69,\"caption\":\"M\u00e9lanvies\"},\"image\":{\"@id\":\"https:\/\/melanvies.com\/#\/schema\/logo\/image\/\"}}]}<\/script>\n<!-- \/ Yoast SEO Premium plugin. -->","yoast_head_json":{"title":"Je m\u2019en fous de ce qu\u2019ils pensent. Bonne journ\u00e9e. - M\u00e9lanvies","description":"Lib\u00e9rez votre style. T-shirt premium en coton, maille 180\u2013200g, avec un message audacieux et un confort exceptionnel.","robots":{"index":"index","follow":"follow","max-snippet":"max-snippet:-1","max-image-preview":"max-image-preview:large","max-video-preview":"max-video-preview:-1"},"canonical":"https:\/\/melanvies.com\/fr\/produit\/je-men-fous-de-ce-quils-pensent-bonne-journee\/","og_locale":"fr_FR","og_type":"article","og_title":"Je m\u2019en fous de ce qu\u2019ils pensent. Bonne journ\u00e9e.","og_description":"Lib\u00e9rez votre style. T-shirt premium en coton, maille 180\u2013200g, avec un message audacieux et un confort exceptionnel.","og_url":"https:\/\/melanvies.com\/fr\/produit\/je-men-fous-de-ce-quils-pensent-bonne-journee\/","og_site_name":"M\u00e9lanvies","article_modified_time":"2025-05-09T19:45:23+00:00","og_image":[{"width":1440,"height":2160,"url":"https:\/\/melanvies.com\/wp-content\/uploads\/2025\/05\/mockup-of-a-hand-holding-a-t-shirt-in-a-colorful-background-26735-17.png","type":"image\/png"}],"twitter_card":"summary_large_image","twitter_misc":{"Dur\u00e9e de lecture est.":"1 minute"},"schema":{"@context":"https:\/\/schema.org","@graph":[{"@type":"WebPage","@id":"https:\/\/melanvies.com\/produto\/je-men-fous-de-ce-quils-pensent-bonne-journee\/","url":"https:\/\/melanvies.com\/produto\/je-men-fous-de-ce-quils-pensent-bonne-journee\/","name":"Je m\u2019en fous de ce qu\u2019ils pensent. Bonne journ\u00e9e. - M\u00e9lanvies","isPartOf":{"@id":"https:\/\/melanvies.com\/#website"},"primaryImageOfPage":{"@id":"https:\/\/melanvies.com\/produto\/je-men-fous-de-ce-quils-pensent-bonne-journee\/#primaryimage"},"image":{"@id":"https:\/\/melanvies.com\/produto\/je-men-fous-de-ce-quils-pensent-bonne-journee\/#primaryimage"},"thumbnailUrl":"https:\/\/melanvies.com\/wp-content\/uploads\/2025\/05\/mockup-of-a-hand-holding-a-t-shirt-in-a-colorful-background-26735-17.png","datePublished":"2025-05-09T19:45:22+00:00","dateModified":"2025-05-09T19:45:23+00:00","description":"Lib\u00e9rez votre style. T-shirt premium en coton, maille 180\u2013200g, avec un message audacieux et un confort exceptionnel.","breadcrumb":{"@id":"https:\/\/melanvies.com\/produto\/je-men-fous-de-ce-quils-pensent-bonne-journee\/#breadcrumb"},"inLanguage":"fr-BE","potentialAction":[{"@type":"ReadAction","target":["https:\/\/melanvies.com\/produto\/je-men-fous-de-ce-quils-pensent-bonne-journee\/"]}]},{"@type":"ImageObject","inLanguage":"fr-BE","@id":"https:\/\/melanvies.com\/produto\/je-men-fous-de-ce-quils-pensent-bonne-journee\/#primaryimage","url":"https:\/\/melanvies.com\/wp-content\/uploads\/2025\/05\/mockup-of-a-hand-holding-a-t-shirt-in-a-colorful-background-26735-17.png","contentUrl":"https:\/\/melanvies.com\/wp-content\/uploads\/2025\/05\/mockup-of-a-hand-holding-a-t-shirt-in-a-colorful-background-26735-17.png","width":1440,"height":2160},{"@type":"BreadcrumbList","@id":"https:\/\/melanvies.com\/produto\/je-men-fous-de-ce-quils-pensent-bonne-journee\/#breadcrumb","itemListElement":[{"@type":"ListItem","position":1,"name":"In\u00edcio","item":"https:\/\/melanvies.com\/"},{"@type":"ListItem","position":2,"name":"Products","item":"https:\/\/www.melanvies.com\/loja\/"},{"@type":"ListItem","position":3,"name":"Je m\u2019en fous de ce qu\u2019ils pensent. Bonne journ\u00e9e."}]},{"@type":"WebSite","@id":"https:\/\/melanvies.com\/#website","url":"https:\/\/melanvies.com\/","name":"M\u00e9lanvies","description":"T-shirt Personalis\u00e9","publisher":{"@id":"https:\/\/melanvies.com\/#organization"},"potentialAction":[{"@type":"SearchAction","target":{"@type":"EntryPoint","urlTemplate":"https:\/\/melanvies.com\/?s={search_term_string}"},"query-input":{"@type":"PropertyValueSpecification","valueRequired":true,"valueName":"search_term_string"}}],"inLanguage":"fr-BE"},{"@type":"Organization","@id":"https:\/\/melanvies.com\/#organization","name":"M\u00e9lanvies","url":"https:\/\/melanvies.com\/","logo":{"@type":"ImageObject","inLanguage":"fr-BE","@id":"https:\/\/melanvies.com\/#\/schema\/logo\/image\/","url":"https:\/\/melanvies.com\/wp-content\/uploads\/2025\/04\/cropped-w.png","contentUrl":"https:\/\/melanvies.com\/wp-content\/uploads\/2025\/04\/cropped-w.png","width":338,"height":69,"caption":"M\u00e9lanvies"},"image":{"@id":"https:\/\/melanvies.com\/#\/schema\/logo\/image\/"}}]}},"jetpack_sharing_enabled":true,"_links":{"self":[{"href":"https:\/\/melanvies.com\/fr\/wp-json\/wp\/v2\/product\/1195","targetHints":{"allow":["GET"]}}],"collection":[{"href":"https:\/\/melanvies.com\/fr\/wp-json\/wp\/v2\/product"}],"about":[{"href":"https:\/\/melanvies.com\/fr\/wp-json\/wp\/v2\/types\/product"}],"replies":[{"embeddable":true,"href":"https:\/\/melanvies.com\/fr\/wp-json\/wp\/v2\/comments?post=1195"}],"wp:featuredmedia":[{"embeddable":true,"href":"https:\/\/melanvies.com\/fr\/wp-json\/wp\/v2\/media\/1110"}],"wp:attachment":[{"href":"https:\/\/melanvies.com\/fr\/wp-json\/wp\/v2\/media?parent=1195"}],"wp:term":[{"taxonomy":"product_brand","embeddable":true,"href":"https:\/\/melanvies.com\/fr\/wp-json\/wp\/v2\/product_brand?post=1195"},{"taxonomy":"product_cat","embeddable":true,"href":"https:\/\/melanvies.com\/fr\/wp-json\/wp\/v2\/product_cat?post=1195"},{"taxonomy":"product_tag","embeddable":true,"href":"https:\/\/melanvies.com\/fr\/wp-json\/wp\/v2\/product_tag?post=1195"}],"curies":[{"name":"wp","href":"https:\/\/api.w.org\/{rel}","templated":true}]}}