{"id":1186,"date":"2025-05-09T19:43:44","date_gmt":"2025-05-09T19:43:44","guid":{"rendered":"https:\/\/melanvies.com\/?post_type=product&#038;p=1186"},"modified":"2025-05-09T19:43:44","modified_gmt":"2025-05-09T19:43:44","slug":"t-shirt-premium-foda-se-o-que-eles","status":"publish","type":"product","link":"https:\/\/melanvies.com\/fr\/produit\/t-shirt-premium-foda-se-o-que-eles\/","title":{"rendered":"Foda-se o que eles pensam e tenham um bom dia.&#8221;"},"content":{"rendered":"<p class=\"\" data-start=\"337\" data-end=\"587\"><strong data-start=\"337\" data-end=\"390\">Atitude, liberdade e leveza \u2014 tudo numa s\u00f3 frase.<\/strong><br data-start=\"390\" data-end=\"393\" \/>Essa camiseta \u00e9 um manifesto pra quem cansou de tentar agradar. Um lembrete ir\u00f4nico (e necess\u00e1rio) de que a opini\u00e3o alheia n\u00e3o paga nossos boletos \u2014 e que seguir em paz \u00e9 um ato de amor-pr\u00f3prio.<\/p>\n<p class=\"\" data-start=\"589\" data-end=\"735\">Na vers\u00e3o <strong data-start=\"599\" data-end=\"610\">premium<\/strong>, o recado vem com ainda mais presen\u00e7a: <strong data-start=\"650\" data-end=\"668\">malha 180\u2013200g<\/strong>, caimento impec\u00e1vel, toque macio e qualidade que se sente na pele.<\/p>\n<p class=\"\" data-start=\"737\" data-end=\"857\">\ud83d\udfe2 Edi\u00e7\u00e3o premium exclusiva<br data-start=\"764\" data-end=\"767\" \/>\ud83d\udfe1 100% algod\u00e3o de alta qualidade<br data-start=\"800\" data-end=\"803\" \/>\ud83d\udd35 Unissex | Costura refor\u00e7ada | Estampa ousada e leve<\/p>","protected":false},"excerpt":{"rendered":"<p>Atitude, liberdade e leveza \u2014 tudo numa s\u00f3 frase.Essa camiseta \u00e9 um manifesto pra quem cansou de tentar agradar. Um lembrete ir\u00f4nico (e necess\u00e1rio) de que a opini\u00e3o alheia n\u00e3o paga nossos boletos \u2014 e que seguir em paz \u00e9 um ato de amor-pr\u00f3prio. Na vers\u00e3o premium, o recado vem com ainda mais presen\u00e7a: malha [&hellip;]<\/p>","protected":false},"featured_media":1112,"comment_status":"open","ping_status":"closed","template":"","meta":[],"product_brand":[],"product_cat":[15],"product_tag":[],"class_list":{"0":"post-1186","1":"product","2":"type-product","3":"status-publish","4":"has-post-thumbnail","6":"product_cat-camiseta-malha-180g-premium","8":"first","9":"instock","10":"shipping-taxable","11":"purchasable","12":"product-type-variable"},"yoast_head":"<!-- This site is optimized with the Yoast SEO Premium plugin v24.6 (Yoast SEO v24.8.1) - https:\/\/yoast.com\/wordpress\/plugins\/seo\/ -->\n<title>Foda-se o que eles pensam e tenham um bom dia.&quot; - M\u00e9lanvies<\/title>\n<meta name=\"description\" content=\"Liberdade com estilo. Camiseta premium com malha 180\u2013200g, 100% algod\u00e3o, estampa ousada e conforto pra vestir sua autenticidade.\" \/>\n<meta name=\"robots\" content=\"index, follow, max-snippet:-1, max-image-preview:large, max-video-preview:-1\" \/>\n<link rel=\"canonical\" href=\"https:\/\/melanvies.com\/fr\/produit\/t-shirt-premium-foda-se-o-que-eles\/\" \/>\n<meta property=\"og:locale\" content=\"fr_FR\" \/>\n<meta property=\"og:type\" content=\"article\" \/>\n<meta property=\"og:title\" content=\"Foda-se o que eles pensam e tenham um bom dia.&quot;\" \/>\n<meta property=\"og:description\" content=\"Liberdade com estilo. Camiseta premium com malha 180\u2013200g, 100% algod\u00e3o, estampa ousada e conforto pra vestir sua autenticidade.\" \/>\n<meta property=\"og:url\" content=\"https:\/\/melanvies.com\/fr\/produit\/t-shirt-premium-foda-se-o-que-eles\/\" \/>\n<meta property=\"og:site_name\" content=\"M\u00e9lanvies\" \/>\n<meta property=\"og:image\" content=\"https:\/\/melanvies.com\/wp-content\/uploads\/2025\/05\/mockup-of-a-hand-holding-a-t-shirt-in-a-colorful-background-26735-16.png\" \/>\n\t<meta property=\"og:image:width\" content=\"1440\" \/>\n\t<meta property=\"og:image:height\" content=\"2160\" \/>\n\t<meta property=\"og:image:type\" content=\"image\/png\" \/>\n<meta name=\"twitter:card\" content=\"summary_large_image\" \/>\n<meta name=\"twitter:label1\" content=\"Dur\u00e9e de lecture est.\" \/>\n\t<meta name=\"twitter:data1\" content=\"1 minute\" \/>\n<script type=\"application\/ld+json\" class=\"yoast-schema-graph\">{\"@context\":\"https:\/\/schema.org\",\"@graph\":[{\"@type\":\"WebPage\",\"@id\":\"https:\/\/melanvies.com\/produto\/t-shirt-premium-foda-se-o-que-eles\/\",\"url\":\"https:\/\/melanvies.com\/produto\/t-shirt-premium-foda-se-o-que-eles\/\",\"name\":\"Foda-se o que eles pensam e tenham um bom dia.\\\" - M\u00e9lanvies\",\"isPartOf\":{\"@id\":\"https:\/\/melanvies.com\/#website\"},\"primaryImageOfPage\":{\"@id\":\"https:\/\/melanvies.com\/produto\/t-shirt-premium-foda-se-o-que-eles\/#primaryimage\"},\"image\":{\"@id\":\"https:\/\/melanvies.com\/produto\/t-shirt-premium-foda-se-o-que-eles\/#primaryimage\"},\"thumbnailUrl\":\"https:\/\/melanvies.com\/wp-content\/uploads\/2025\/05\/mockup-of-a-hand-holding-a-t-shirt-in-a-colorful-background-26735-16.png\",\"datePublished\":\"2025-05-09T19:43:44+00:00\",\"description\":\"Liberdade com estilo. Camiseta premium com malha 180\u2013200g, 100% algod\u00e3o, estampa ousada e conforto pra vestir sua autenticidade.\",\"breadcrumb\":{\"@id\":\"https:\/\/melanvies.com\/produto\/t-shirt-premium-foda-se-o-que-eles\/#breadcrumb\"},\"inLanguage\":\"fr-BE\",\"potentialAction\":[{\"@type\":\"ReadAction\",\"target\":[\"https:\/\/melanvies.com\/produto\/t-shirt-premium-foda-se-o-que-eles\/\"]}]},{\"@type\":\"ImageObject\",\"inLanguage\":\"fr-BE\",\"@id\":\"https:\/\/melanvies.com\/produto\/t-shirt-premium-foda-se-o-que-eles\/#primaryimage\",\"url\":\"https:\/\/melanvies.com\/wp-content\/uploads\/2025\/05\/mockup-of-a-hand-holding-a-t-shirt-in-a-colorful-background-26735-16.png\",\"contentUrl\":\"https:\/\/melanvies.com\/wp-content\/uploads\/2025\/05\/mockup-of-a-hand-holding-a-t-shirt-in-a-colorful-background-26735-16.png\",\"width\":1440,\"height\":2160},{\"@type\":\"BreadcrumbList\",\"@id\":\"https:\/\/melanvies.com\/produto\/t-shirt-premium-foda-se-o-que-eles\/#breadcrumb\",\"itemListElement\":[{\"@type\":\"ListItem\",\"position\":1,\"name\":\"In\u00edcio\",\"item\":\"https:\/\/melanvies.com\/\"},{\"@type\":\"ListItem\",\"position\":2,\"name\":\"Products\",\"item\":\"https:\/\/www.melanvies.com\/loja\/\"},{\"@type\":\"ListItem\",\"position\":3,\"name\":\"Foda-se o que eles pensam e tenham um bom dia.&#8221;\"}]},{\"@type\":\"WebSite\",\"@id\":\"https:\/\/melanvies.com\/#website\",\"url\":\"https:\/\/melanvies.com\/\",\"name\":\"M\u00e9lanvies\",\"description\":\"T-shirt Personalis\u00e9\",\"publisher\":{\"@id\":\"https:\/\/melanvies.com\/#organization\"},\"potentialAction\":[{\"@type\":\"SearchAction\",\"target\":{\"@type\":\"EntryPoint\",\"urlTemplate\":\"https:\/\/melanvies.com\/?s={search_term_string}\"},\"query-input\":{\"@type\":\"PropertyValueSpecification\",\"valueRequired\":true,\"valueName\":\"search_term_string\"}}],\"inLanguage\":\"fr-BE\"},{\"@type\":\"Organization\",\"@id\":\"https:\/\/melanvies.com\/#organization\",\"name\":\"M\u00e9lanvies\",\"url\":\"https:\/\/melanvies.com\/\",\"logo\":{\"@type\":\"ImageObject\",\"inLanguage\":\"fr-BE\",\"@id\":\"https:\/\/melanvies.com\/#\/schema\/logo\/image\/\",\"url\":\"https:\/\/melanvies.com\/wp-content\/uploads\/2025\/04\/cropped-w.png\",\"contentUrl\":\"https:\/\/melanvies.com\/wp-content\/uploads\/2025\/04\/cropped-w.png\",\"width\":338,\"height\":69,\"caption\":\"M\u00e9lanvies\"},\"image\":{\"@id\":\"https:\/\/melanvies.com\/#\/schema\/logo\/image\/\"}}]}<\/script>\n<!-- \/ Yoast SEO Premium plugin. -->","yoast_head_json":{"title":"Foda-se o que eles pensam e tenham um bom dia.\" - M\u00e9lanvies","description":"Liberdade com estilo. Camiseta premium com malha 180\u2013200g, 100% algod\u00e3o, estampa ousada e conforto pra vestir sua autenticidade.","robots":{"index":"index","follow":"follow","max-snippet":"max-snippet:-1","max-image-preview":"max-image-preview:large","max-video-preview":"max-video-preview:-1"},"canonical":"https:\/\/melanvies.com\/fr\/produit\/t-shirt-premium-foda-se-o-que-eles\/","og_locale":"fr_FR","og_type":"article","og_title":"Foda-se o que eles pensam e tenham um bom dia.\"","og_description":"Liberdade com estilo. Camiseta premium com malha 180\u2013200g, 100% algod\u00e3o, estampa ousada e conforto pra vestir sua autenticidade.","og_url":"https:\/\/melanvies.com\/fr\/produit\/t-shirt-premium-foda-se-o-que-eles\/","og_site_name":"M\u00e9lanvies","og_image":[{"width":1440,"height":2160,"url":"https:\/\/melanvies.com\/wp-content\/uploads\/2025\/05\/mockup-of-a-hand-holding-a-t-shirt-in-a-colorful-background-26735-16.png","type":"image\/png"}],"twitter_card":"summary_large_image","twitter_misc":{"Dur\u00e9e de lecture est.":"1 minute"},"schema":{"@context":"https:\/\/schema.org","@graph":[{"@type":"WebPage","@id":"https:\/\/melanvies.com\/produto\/t-shirt-premium-foda-se-o-que-eles\/","url":"https:\/\/melanvies.com\/produto\/t-shirt-premium-foda-se-o-que-eles\/","name":"Foda-se o que eles pensam e tenham um bom dia.\" - M\u00e9lanvies","isPartOf":{"@id":"https:\/\/melanvies.com\/#website"},"primaryImageOfPage":{"@id":"https:\/\/melanvies.com\/produto\/t-shirt-premium-foda-se-o-que-eles\/#primaryimage"},"image":{"@id":"https:\/\/melanvies.com\/produto\/t-shirt-premium-foda-se-o-que-eles\/#primaryimage"},"thumbnailUrl":"https:\/\/melanvies.com\/wp-content\/uploads\/2025\/05\/mockup-of-a-hand-holding-a-t-shirt-in-a-colorful-background-26735-16.png","datePublished":"2025-05-09T19:43:44+00:00","description":"Liberdade com estilo. Camiseta premium com malha 180\u2013200g, 100% algod\u00e3o, estampa ousada e conforto pra vestir sua autenticidade.","breadcrumb":{"@id":"https:\/\/melanvies.com\/produto\/t-shirt-premium-foda-se-o-que-eles\/#breadcrumb"},"inLanguage":"fr-BE","potentialAction":[{"@type":"ReadAction","target":["https:\/\/melanvies.com\/produto\/t-shirt-premium-foda-se-o-que-eles\/"]}]},{"@type":"ImageObject","inLanguage":"fr-BE","@id":"https:\/\/melanvies.com\/produto\/t-shirt-premium-foda-se-o-que-eles\/#primaryimage","url":"https:\/\/melanvies.com\/wp-content\/uploads\/2025\/05\/mockup-of-a-hand-holding-a-t-shirt-in-a-colorful-background-26735-16.png","contentUrl":"https:\/\/melanvies.com\/wp-content\/uploads\/2025\/05\/mockup-of-a-hand-holding-a-t-shirt-in-a-colorful-background-26735-16.png","width":1440,"height":2160},{"@type":"BreadcrumbList","@id":"https:\/\/melanvies.com\/produto\/t-shirt-premium-foda-se-o-que-eles\/#breadcrumb","itemListElement":[{"@type":"ListItem","position":1,"name":"In\u00edcio","item":"https:\/\/melanvies.com\/"},{"@type":"ListItem","position":2,"name":"Products","item":"https:\/\/www.melanvies.com\/loja\/"},{"@type":"ListItem","position":3,"name":"Foda-se o que eles pensam e tenham um bom dia.&#8221;"}]},{"@type":"WebSite","@id":"https:\/\/melanvies.com\/#website","url":"https:\/\/melanvies.com\/","name":"M\u00e9lanvies","description":"T-shirt Personalis\u00e9","publisher":{"@id":"https:\/\/melanvies.com\/#organization"},"potentialAction":[{"@type":"SearchAction","target":{"@type":"EntryPoint","urlTemplate":"https:\/\/melanvies.com\/?s={search_term_string}"},"query-input":{"@type":"PropertyValueSpecification","valueRequired":true,"valueName":"search_term_string"}}],"inLanguage":"fr-BE"},{"@type":"Organization","@id":"https:\/\/melanvies.com\/#organization","name":"M\u00e9lanvies","url":"https:\/\/melanvies.com\/","logo":{"@type":"ImageObject","inLanguage":"fr-BE","@id":"https:\/\/melanvies.com\/#\/schema\/logo\/image\/","url":"https:\/\/melanvies.com\/wp-content\/uploads\/2025\/04\/cropped-w.png","contentUrl":"https:\/\/melanvies.com\/wp-content\/uploads\/2025\/04\/cropped-w.png","width":338,"height":69,"caption":"M\u00e9lanvies"},"image":{"@id":"https:\/\/melanvies.com\/#\/schema\/logo\/image\/"}}]}},"jetpack_sharing_enabled":true,"_links":{"self":[{"href":"https:\/\/melanvies.com\/fr\/wp-json\/wp\/v2\/product\/1186","targetHints":{"allow":["GET"]}}],"collection":[{"href":"https:\/\/melanvies.com\/fr\/wp-json\/wp\/v2\/product"}],"about":[{"href":"https:\/\/melanvies.com\/fr\/wp-json\/wp\/v2\/types\/product"}],"replies":[{"embeddable":true,"href":"https:\/\/melanvies.com\/fr\/wp-json\/wp\/v2\/comments?post=1186"}],"wp:featuredmedia":[{"embeddable":true,"href":"https:\/\/melanvies.com\/fr\/wp-json\/wp\/v2\/media\/1112"}],"wp:attachment":[{"href":"https:\/\/melanvies.com\/fr\/wp-json\/wp\/v2\/media?parent=1186"}],"wp:term":[{"taxonomy":"product_brand","embeddable":true,"href":"https:\/\/melanvies.com\/fr\/wp-json\/wp\/v2\/product_brand?post=1186"},{"taxonomy":"product_cat","embeddable":true,"href":"https:\/\/melanvies.com\/fr\/wp-json\/wp\/v2\/product_cat?post=1186"},{"taxonomy":"product_tag","embeddable":true,"href":"https:\/\/melanvies.com\/fr\/wp-json\/wp\/v2\/product_tag?post=1186"}],"curies":[{"name":"wp","href":"https:\/\/api.w.org\/{rel}","templated":true}]}}