{"id":1139,"date":"2025-05-09T19:30:45","date_gmt":"2025-05-09T19:30:45","guid":{"rendered":"https:\/\/melanvies.com\/?post_type=product&#038;p=1139"},"modified":"2025-05-09T19:30:46","modified_gmt":"2025-05-09T19:30:46","slug":"t-shirt-premium-fonte-eu-senti","status":"publish","type":"product","link":"https:\/\/melanvies.com\/fr\/produit\/t-shirt-premium-fonte-eu-senti\/","title":{"rendered":"T-shirt Premium &#8220;Fonte: eu senti.&#8221;"},"content":{"rendered":"<p class=\"\" data-start=\"267\" data-end=\"497\"><strong data-start=\"267\" data-end=\"306\">N\u00e3o \u00e9 sobre provar, \u00e9 sobre sentir.<\/strong><br data-start=\"306\" data-end=\"309\" \/>A camiseta \u201cFonte: eu senti.\u201d nasceu da liberdade de confiar na pr\u00f3pria intui\u00e7\u00e3o \u2014 algo que nem sempre d\u00e1 pra explicar, mas que \u00e9 real. \u00c9 pra quem se guia pelo cora\u00e7\u00e3o, n\u00e3o s\u00f3 pela l\u00f3gica.<\/p>\n<p class=\"\" data-start=\"499\" data-end=\"654\">Agora em <strong data-start=\"508\" data-end=\"526\">vers\u00e3o premium<\/strong>, com malha mais encorpada (180\u2013200g), toque macio e caimento impec\u00e1vel. Um cl\u00e1ssico com mais presen\u00e7a, conforto e durabilidade.<\/p>\n<p class=\"\" data-start=\"656\" data-end=\"772\">\ud83d\udfe2 Edi\u00e7\u00e3o premium exclusiva<br data-start=\"683\" data-end=\"686\" \/>\ud83d\udfe1 100% algod\u00e3o de alta qualidade<br data-start=\"719\" data-end=\"722\" \/>\ud83d\udd35 Unissex | Costura refor\u00e7ada | Caimento elegante<\/p>","protected":false},"excerpt":{"rendered":"<p>N\u00e3o \u00e9 sobre provar, \u00e9 sobre sentir.A camiseta \u201cFonte: eu senti.\u201d nasceu da liberdade de confiar na pr\u00f3pria intui\u00e7\u00e3o \u2014 algo que nem sempre d\u00e1 pra explicar, mas que \u00e9 real. \u00c9 pra quem se guia pelo cora\u00e7\u00e3o, n\u00e3o s\u00f3 pela l\u00f3gica. Agora em vers\u00e3o premium, com malha mais encorpada (180\u2013200g), toque macio e caimento [&hellip;]<\/p>","protected":false},"featured_media":1119,"comment_status":"open","ping_status":"closed","template":"","meta":[],"product_brand":[],"product_cat":[15],"product_tag":[],"class_list":{"0":"post-1139","1":"product","2":"type-product","3":"status-publish","4":"has-post-thumbnail","6":"product_cat-camiseta-malha-180g-premium","8":"first","9":"instock","10":"shipping-taxable","11":"purchasable","12":"product-type-variable"},"yoast_head":"<!-- This site is optimized with the Yoast SEO Premium plugin v24.6 (Yoast SEO v24.8.1) - https:\/\/yoast.com\/wordpress\/plugins\/seo\/ -->\n<title>T-shirt Premium &quot;Fonte: eu senti.&quot; - M\u00e9lanvies<\/title>\n<meta name=\"description\" content=\"Confie no que sente. Camiseta premium em algod\u00e3o, com malha 180\u2013200g, toque macio e uma frase que diz muito com poucas palavras.\" \/>\n<meta name=\"robots\" content=\"index, follow, max-snippet:-1, max-image-preview:large, max-video-preview:-1\" \/>\n<link rel=\"canonical\" href=\"https:\/\/melanvies.com\/fr\/produit\/t-shirt-premium-fonte-eu-senti\/\" \/>\n<meta property=\"og:locale\" content=\"fr_FR\" \/>\n<meta property=\"og:type\" content=\"article\" \/>\n<meta property=\"og:title\" content=\"T-shirt Premium &quot;Fonte: eu senti.&quot;\" \/>\n<meta property=\"og:description\" content=\"Confie no que sente. Camiseta premium em algod\u00e3o, com malha 180\u2013200g, toque macio e uma frase que diz muito com poucas palavras.\" \/>\n<meta property=\"og:url\" content=\"https:\/\/melanvies.com\/fr\/produit\/t-shirt-premium-fonte-eu-senti\/\" \/>\n<meta property=\"og:site_name\" content=\"M\u00e9lanvies\" \/>\n<meta property=\"article:modified_time\" content=\"2025-05-09T19:30:46+00:00\" \/>\n<meta property=\"og:image\" content=\"https:\/\/melanvies.com\/wp-content\/uploads\/2025\/05\/mockup-of-a-hand-holding-a-t-shirt-in-a-colorful-background-26735-14-683x1024.png\" \/>\n\t<meta property=\"og:image:width\" content=\"683\" \/>\n\t<meta property=\"og:image:height\" content=\"1024\" \/>\n\t<meta property=\"og:image:type\" content=\"image\/png\" \/>\n<meta name=\"twitter:card\" content=\"summary_large_image\" \/>\n<meta name=\"twitter:label1\" content=\"Dur\u00e9e de lecture est.\" \/>\n\t<meta name=\"twitter:data1\" content=\"1 minute\" \/>\n<script type=\"application\/ld+json\" class=\"yoast-schema-graph\">{\"@context\":\"https:\/\/schema.org\",\"@graph\":[{\"@type\":\"WebPage\",\"@id\":\"https:\/\/melanvies.com\/produto\/t-shirt-premium-fonte-eu-senti\/\",\"url\":\"https:\/\/melanvies.com\/produto\/t-shirt-premium-fonte-eu-senti\/\",\"name\":\"T-shirt Premium \\\"Fonte: eu senti.\\\" - M\u00e9lanvies\",\"isPartOf\":{\"@id\":\"https:\/\/melanvies.com\/#website\"},\"primaryImageOfPage\":{\"@id\":\"https:\/\/melanvies.com\/produto\/t-shirt-premium-fonte-eu-senti\/#primaryimage\"},\"image\":{\"@id\":\"https:\/\/melanvies.com\/produto\/t-shirt-premium-fonte-eu-senti\/#primaryimage\"},\"thumbnailUrl\":\"https:\/\/melanvies.com\/wp-content\/uploads\/2025\/05\/mockup-of-a-hand-holding-a-t-shirt-in-a-colorful-background-26735-14.png\",\"datePublished\":\"2025-05-09T19:30:45+00:00\",\"dateModified\":\"2025-05-09T19:30:46+00:00\",\"description\":\"Confie no que sente. Camiseta premium em algod\u00e3o, com malha 180\u2013200g, toque macio e uma frase que diz muito com poucas palavras.\",\"breadcrumb\":{\"@id\":\"https:\/\/melanvies.com\/produto\/t-shirt-premium-fonte-eu-senti\/#breadcrumb\"},\"inLanguage\":\"fr-BE\",\"potentialAction\":[{\"@type\":\"ReadAction\",\"target\":[\"https:\/\/melanvies.com\/produto\/t-shirt-premium-fonte-eu-senti\/\"]}]},{\"@type\":\"ImageObject\",\"inLanguage\":\"fr-BE\",\"@id\":\"https:\/\/melanvies.com\/produto\/t-shirt-premium-fonte-eu-senti\/#primaryimage\",\"url\":\"https:\/\/melanvies.com\/wp-content\/uploads\/2025\/05\/mockup-of-a-hand-holding-a-t-shirt-in-a-colorful-background-26735-14.png\",\"contentUrl\":\"https:\/\/melanvies.com\/wp-content\/uploads\/2025\/05\/mockup-of-a-hand-holding-a-t-shirt-in-a-colorful-background-26735-14.png\",\"width\":1440,\"height\":2160},{\"@type\":\"BreadcrumbList\",\"@id\":\"https:\/\/melanvies.com\/produto\/t-shirt-premium-fonte-eu-senti\/#breadcrumb\",\"itemListElement\":[{\"@type\":\"ListItem\",\"position\":1,\"name\":\"In\u00edcio\",\"item\":\"https:\/\/melanvies.com\/\"},{\"@type\":\"ListItem\",\"position\":2,\"name\":\"Products\",\"item\":\"https:\/\/www.melanvies.com\/loja\/\"},{\"@type\":\"ListItem\",\"position\":3,\"name\":\"T-shirt Premium &#8220;Fonte: eu senti.&#8221;\"}]},{\"@type\":\"WebSite\",\"@id\":\"https:\/\/melanvies.com\/#website\",\"url\":\"https:\/\/melanvies.com\/\",\"name\":\"M\u00e9lanvies\",\"description\":\"T-shirt Personalis\u00e9\",\"publisher\":{\"@id\":\"https:\/\/melanvies.com\/#organization\"},\"potentialAction\":[{\"@type\":\"SearchAction\",\"target\":{\"@type\":\"EntryPoint\",\"urlTemplate\":\"https:\/\/melanvies.com\/?s={search_term_string}\"},\"query-input\":{\"@type\":\"PropertyValueSpecification\",\"valueRequired\":true,\"valueName\":\"search_term_string\"}}],\"inLanguage\":\"fr-BE\"},{\"@type\":\"Organization\",\"@id\":\"https:\/\/melanvies.com\/#organization\",\"name\":\"M\u00e9lanvies\",\"url\":\"https:\/\/melanvies.com\/\",\"logo\":{\"@type\":\"ImageObject\",\"inLanguage\":\"fr-BE\",\"@id\":\"https:\/\/melanvies.com\/#\/schema\/logo\/image\/\",\"url\":\"https:\/\/melanvies.com\/wp-content\/uploads\/2025\/04\/cropped-w.png\",\"contentUrl\":\"https:\/\/melanvies.com\/wp-content\/uploads\/2025\/04\/cropped-w.png\",\"width\":338,\"height\":69,\"caption\":\"M\u00e9lanvies\"},\"image\":{\"@id\":\"https:\/\/melanvies.com\/#\/schema\/logo\/image\/\"}}]}<\/script>\n<!-- \/ Yoast SEO Premium plugin. -->","yoast_head_json":{"title":"T-shirt Premium \"Fonte: eu senti.\" - M\u00e9lanvies","description":"Confie no que sente. Camiseta premium em algod\u00e3o, com malha 180\u2013200g, toque macio e uma frase que diz muito com poucas palavras.","robots":{"index":"index","follow":"follow","max-snippet":"max-snippet:-1","max-image-preview":"max-image-preview:large","max-video-preview":"max-video-preview:-1"},"canonical":"https:\/\/melanvies.com\/fr\/produit\/t-shirt-premium-fonte-eu-senti\/","og_locale":"fr_FR","og_type":"article","og_title":"T-shirt Premium \"Fonte: eu senti.\"","og_description":"Confie no que sente. Camiseta premium em algod\u00e3o, com malha 180\u2013200g, toque macio e uma frase que diz muito com poucas palavras.","og_url":"https:\/\/melanvies.com\/fr\/produit\/t-shirt-premium-fonte-eu-senti\/","og_site_name":"M\u00e9lanvies","article_modified_time":"2025-05-09T19:30:46+00:00","og_image":[{"width":683,"height":1024,"url":"https:\/\/melanvies.com\/wp-content\/uploads\/2025\/05\/mockup-of-a-hand-holding-a-t-shirt-in-a-colorful-background-26735-14-683x1024.png","type":"image\/png"}],"twitter_card":"summary_large_image","twitter_misc":{"Dur\u00e9e de lecture est.":"1 minute"},"schema":{"@context":"https:\/\/schema.org","@graph":[{"@type":"WebPage","@id":"https:\/\/melanvies.com\/produto\/t-shirt-premium-fonte-eu-senti\/","url":"https:\/\/melanvies.com\/produto\/t-shirt-premium-fonte-eu-senti\/","name":"T-shirt Premium \"Fonte: eu senti.\" - M\u00e9lanvies","isPartOf":{"@id":"https:\/\/melanvies.com\/#website"},"primaryImageOfPage":{"@id":"https:\/\/melanvies.com\/produto\/t-shirt-premium-fonte-eu-senti\/#primaryimage"},"image":{"@id":"https:\/\/melanvies.com\/produto\/t-shirt-premium-fonte-eu-senti\/#primaryimage"},"thumbnailUrl":"https:\/\/melanvies.com\/wp-content\/uploads\/2025\/05\/mockup-of-a-hand-holding-a-t-shirt-in-a-colorful-background-26735-14.png","datePublished":"2025-05-09T19:30:45+00:00","dateModified":"2025-05-09T19:30:46+00:00","description":"Confie no que sente. Camiseta premium em algod\u00e3o, com malha 180\u2013200g, toque macio e uma frase que diz muito com poucas palavras.","breadcrumb":{"@id":"https:\/\/melanvies.com\/produto\/t-shirt-premium-fonte-eu-senti\/#breadcrumb"},"inLanguage":"fr-BE","potentialAction":[{"@type":"ReadAction","target":["https:\/\/melanvies.com\/produto\/t-shirt-premium-fonte-eu-senti\/"]}]},{"@type":"ImageObject","inLanguage":"fr-BE","@id":"https:\/\/melanvies.com\/produto\/t-shirt-premium-fonte-eu-senti\/#primaryimage","url":"https:\/\/melanvies.com\/wp-content\/uploads\/2025\/05\/mockup-of-a-hand-holding-a-t-shirt-in-a-colorful-background-26735-14.png","contentUrl":"https:\/\/melanvies.com\/wp-content\/uploads\/2025\/05\/mockup-of-a-hand-holding-a-t-shirt-in-a-colorful-background-26735-14.png","width":1440,"height":2160},{"@type":"BreadcrumbList","@id":"https:\/\/melanvies.com\/produto\/t-shirt-premium-fonte-eu-senti\/#breadcrumb","itemListElement":[{"@type":"ListItem","position":1,"name":"In\u00edcio","item":"https:\/\/melanvies.com\/"},{"@type":"ListItem","position":2,"name":"Products","item":"https:\/\/www.melanvies.com\/loja\/"},{"@type":"ListItem","position":3,"name":"T-shirt Premium &#8220;Fonte: eu senti.&#8221;"}]},{"@type":"WebSite","@id":"https:\/\/melanvies.com\/#website","url":"https:\/\/melanvies.com\/","name":"M\u00e9lanvies","description":"T-shirt Personalis\u00e9","publisher":{"@id":"https:\/\/melanvies.com\/#organization"},"potentialAction":[{"@type":"SearchAction","target":{"@type":"EntryPoint","urlTemplate":"https:\/\/melanvies.com\/?s={search_term_string}"},"query-input":{"@type":"PropertyValueSpecification","valueRequired":true,"valueName":"search_term_string"}}],"inLanguage":"fr-BE"},{"@type":"Organization","@id":"https:\/\/melanvies.com\/#organization","name":"M\u00e9lanvies","url":"https:\/\/melanvies.com\/","logo":{"@type":"ImageObject","inLanguage":"fr-BE","@id":"https:\/\/melanvies.com\/#\/schema\/logo\/image\/","url":"https:\/\/melanvies.com\/wp-content\/uploads\/2025\/04\/cropped-w.png","contentUrl":"https:\/\/melanvies.com\/wp-content\/uploads\/2025\/04\/cropped-w.png","width":338,"height":69,"caption":"M\u00e9lanvies"},"image":{"@id":"https:\/\/melanvies.com\/#\/schema\/logo\/image\/"}}]}},"jetpack_sharing_enabled":true,"_links":{"self":[{"href":"https:\/\/melanvies.com\/fr\/wp-json\/wp\/v2\/product\/1139","targetHints":{"allow":["GET"]}}],"collection":[{"href":"https:\/\/melanvies.com\/fr\/wp-json\/wp\/v2\/product"}],"about":[{"href":"https:\/\/melanvies.com\/fr\/wp-json\/wp\/v2\/types\/product"}],"replies":[{"embeddable":true,"href":"https:\/\/melanvies.com\/fr\/wp-json\/wp\/v2\/comments?post=1139"}],"wp:featuredmedia":[{"embeddable":true,"href":"https:\/\/melanvies.com\/fr\/wp-json\/wp\/v2\/media\/1119"}],"wp:attachment":[{"href":"https:\/\/melanvies.com\/fr\/wp-json\/wp\/v2\/media?parent=1139"}],"wp:term":[{"taxonomy":"product_brand","embeddable":true,"href":"https:\/\/melanvies.com\/fr\/wp-json\/wp\/v2\/product_brand?post=1139"},{"taxonomy":"product_cat","embeddable":true,"href":"https:\/\/melanvies.com\/fr\/wp-json\/wp\/v2\/product_cat?post=1139"},{"taxonomy":"product_tag","embeddable":true,"href":"https:\/\/melanvies.com\/fr\/wp-json\/wp\/v2\/product_tag?post=1139"}],"curies":[{"name":"wp","href":"https:\/\/api.w.org\/{rel}","templated":true}]}}