{"id":1130,"date":"2025-05-09T19:28:12","date_gmt":"2025-05-09T19:28:12","guid":{"rendered":"https:\/\/melanvies.com\/?post_type=product&#038;p=1130"},"modified":"2025-05-09T19:28:13","modified_gmt":"2025-05-09T19:28:13","slug":"ca-represente-le-bresil-plus-que-le-samba-et-le-football","status":"publish","type":"product","link":"https:\/\/melanvies.com\/fr\/produit\/ca-represente-le-bresil-plus-que-le-samba-et-le-football\/","title":{"rendered":"\u00c7a repr\u00e9sente le Br\u00e9sil plus que le samba et le football"},"content":{"rendered":"<p class=\"\" data-start=\"297\" data-end=\"607\"><strong data-start=\"297\" data-end=\"335\">Plus qu\u2019un style, une d\u00e9claration.<\/strong><br data-start=\"335\" data-end=\"338\" \/>Ce t-shirt premium porte le Br\u00e9sil sur la poitrine \u2014 pas un Br\u00e9sil folklorique ou clich\u00e9, mais un Br\u00e9sil authentique. L\u2019image du territoire en forme de drapeau et le petit chien jaune allong\u00e9 racontent une histoire d\u2019affection, d\u2019identit\u00e9, de m\u00e9moire et d\u2019appartenance.<\/p>\n<p class=\"\" data-start=\"609\" data-end=\"827\">Fabriqu\u00e9 en <strong data-start=\"621\" data-end=\"668\">maille premium de grammage \u00e9lev\u00e9 (180\u2013200g)<\/strong>, il offre une coupe structur\u00e9e, un toucher doux et une durabilit\u00e9 exceptionnelle. Une pi\u00e8ce pens\u00e9e pour celles et ceux qui veulent allier <strong data-start=\"807\" data-end=\"826\">confort et sens<\/strong>.<\/p>\n<p class=\"\" data-start=\"829\" data-end=\"950\">\ud83d\udfe2 \u00c9dition premium exclusive<br data-start=\"857\" data-end=\"860\" \/>\ud83d\udfe1 100 % coton de haute qualit\u00e9<br data-start=\"891\" data-end=\"894\" \/>\ud83d\udd35 Unisexe | Coutures renforc\u00e9es | Finitions impeccables<\/p>","protected":false},"excerpt":{"rendered":"<p>Plus qu\u2019un style, une d\u00e9claration.Ce t-shirt premium porte le Br\u00e9sil sur la poitrine \u2014 pas un Br\u00e9sil folklorique ou clich\u00e9, mais un Br\u00e9sil authentique. L\u2019image du territoire en forme de drapeau et le petit chien jaune allong\u00e9 racontent une histoire d\u2019affection, d\u2019identit\u00e9, de m\u00e9moire et d\u2019appartenance. Fabriqu\u00e9 en maille premium de grammage \u00e9lev\u00e9 (180\u2013200g), il [&hellip;]<\/p>","protected":false},"featured_media":1082,"comment_status":"open","ping_status":"closed","template":"","meta":[],"product_brand":[],"product_cat":[15],"product_tag":[],"class_list":{"0":"post-1130","1":"product","2":"type-product","3":"status-publish","4":"has-post-thumbnail","6":"product_cat-camiseta-malha-180g-premium","8":"first","9":"instock","10":"shipping-taxable","11":"purchasable","12":"product-type-variable"},"yoast_head":"<!-- This site is optimized with the Yoast SEO Premium plugin v24.6 (Yoast SEO v24.8.1) - https:\/\/yoast.com\/wordpress\/plugins\/seo\/ -->\n<title>\u00c7a repr\u00e9sente le Br\u00e9sil plus que le samba et le football - M\u00e9lanvies<\/title>\n<meta name=\"description\" content=\"Portez le vrai Br\u00e9sil avec style et confort. T-shirt premium en coton, maille 180\u2013200g, avec un design original et porteur de sens.\" \/>\n<meta name=\"robots\" content=\"index, follow, max-snippet:-1, max-image-preview:large, max-video-preview:-1\" \/>\n<link rel=\"canonical\" href=\"https:\/\/melanvies.com\/fr\/produit\/ca-represente-le-bresil-plus-que-le-samba-et-le-football\/\" \/>\n<meta property=\"og:locale\" content=\"fr_FR\" \/>\n<meta property=\"og:type\" content=\"article\" \/>\n<meta property=\"og:title\" content=\"\u00c7a repr\u00e9sente le Br\u00e9sil plus que le samba et le football\" \/>\n<meta property=\"og:description\" content=\"Portez le vrai Br\u00e9sil avec style et confort. T-shirt premium en coton, maille 180\u2013200g, avec un design original et porteur de sens.\" \/>\n<meta property=\"og:url\" content=\"https:\/\/melanvies.com\/fr\/produit\/ca-represente-le-bresil-plus-que-le-samba-et-le-football\/\" \/>\n<meta property=\"og:site_name\" content=\"M\u00e9lanvies\" \/>\n<meta property=\"article:modified_time\" content=\"2025-05-09T19:28:13+00:00\" \/>\n<meta property=\"og:image\" content=\"https:\/\/melanvies.com\/wp-content\/uploads\/2025\/05\/mockup-of-a-hand-holding-a-t-shirt-in-a-colorful-background-26735-46-683x1024.png\" \/>\n\t<meta property=\"og:image:width\" content=\"683\" \/>\n\t<meta property=\"og:image:height\" content=\"1024\" \/>\n\t<meta property=\"og:image:type\" content=\"image\/png\" \/>\n<meta name=\"twitter:card\" content=\"summary_large_image\" \/>\n<meta name=\"twitter:label1\" content=\"Dur\u00e9e de lecture est.\" \/>\n\t<meta name=\"twitter:data1\" content=\"1 minute\" \/>\n<script type=\"application\/ld+json\" class=\"yoast-schema-graph\">{\"@context\":\"https:\/\/schema.org\",\"@graph\":[{\"@type\":\"WebPage\",\"@id\":\"https:\/\/melanvies.com\/produto\/ca-represente-le-bresil-plus-que-le-samba-et-le-football\/\",\"url\":\"https:\/\/melanvies.com\/produto\/ca-represente-le-bresil-plus-que-le-samba-et-le-football\/\",\"name\":\"\u00c7a repr\u00e9sente le Br\u00e9sil plus que le samba et le football - M\u00e9lanvies\",\"isPartOf\":{\"@id\":\"https:\/\/melanvies.com\/#website\"},\"primaryImageOfPage\":{\"@id\":\"https:\/\/melanvies.com\/produto\/ca-represente-le-bresil-plus-que-le-samba-et-le-football\/#primaryimage\"},\"image\":{\"@id\":\"https:\/\/melanvies.com\/produto\/ca-represente-le-bresil-plus-que-le-samba-et-le-football\/#primaryimage\"},\"thumbnailUrl\":\"https:\/\/melanvies.com\/wp-content\/uploads\/2025\/05\/mockup-of-a-hand-holding-a-t-shirt-in-a-colorful-background-26735-46.png\",\"datePublished\":\"2025-05-09T19:28:12+00:00\",\"dateModified\":\"2025-05-09T19:28:13+00:00\",\"description\":\"Portez le vrai Br\u00e9sil avec style et confort. T-shirt premium en coton, maille 180\u2013200g, avec un design original et porteur de sens.\",\"breadcrumb\":{\"@id\":\"https:\/\/melanvies.com\/produto\/ca-represente-le-bresil-plus-que-le-samba-et-le-football\/#breadcrumb\"},\"inLanguage\":\"fr-BE\",\"potentialAction\":[{\"@type\":\"ReadAction\",\"target\":[\"https:\/\/melanvies.com\/produto\/ca-represente-le-bresil-plus-que-le-samba-et-le-football\/\"]}]},{\"@type\":\"ImageObject\",\"inLanguage\":\"fr-BE\",\"@id\":\"https:\/\/melanvies.com\/produto\/ca-represente-le-bresil-plus-que-le-samba-et-le-football\/#primaryimage\",\"url\":\"https:\/\/melanvies.com\/wp-content\/uploads\/2025\/05\/mockup-of-a-hand-holding-a-t-shirt-in-a-colorful-background-26735-46.png\",\"contentUrl\":\"https:\/\/melanvies.com\/wp-content\/uploads\/2025\/05\/mockup-of-a-hand-holding-a-t-shirt-in-a-colorful-background-26735-46.png\",\"width\":1440,\"height\":2160},{\"@type\":\"BreadcrumbList\",\"@id\":\"https:\/\/melanvies.com\/produto\/ca-represente-le-bresil-plus-que-le-samba-et-le-football\/#breadcrumb\",\"itemListElement\":[{\"@type\":\"ListItem\",\"position\":1,\"name\":\"In\u00edcio\",\"item\":\"https:\/\/melanvies.com\/\"},{\"@type\":\"ListItem\",\"position\":2,\"name\":\"Products\",\"item\":\"https:\/\/www.melanvies.com\/loja\/\"},{\"@type\":\"ListItem\",\"position\":3,\"name\":\"\u00c7a repr\u00e9sente le Br\u00e9sil plus que le samba et le football\"}]},{\"@type\":\"WebSite\",\"@id\":\"https:\/\/melanvies.com\/#website\",\"url\":\"https:\/\/melanvies.com\/\",\"name\":\"M\u00e9lanvies\",\"description\":\"T-shirt Personalis\u00e9\",\"publisher\":{\"@id\":\"https:\/\/melanvies.com\/#organization\"},\"potentialAction\":[{\"@type\":\"SearchAction\",\"target\":{\"@type\":\"EntryPoint\",\"urlTemplate\":\"https:\/\/melanvies.com\/?s={search_term_string}\"},\"query-input\":{\"@type\":\"PropertyValueSpecification\",\"valueRequired\":true,\"valueName\":\"search_term_string\"}}],\"inLanguage\":\"fr-BE\"},{\"@type\":\"Organization\",\"@id\":\"https:\/\/melanvies.com\/#organization\",\"name\":\"M\u00e9lanvies\",\"url\":\"https:\/\/melanvies.com\/\",\"logo\":{\"@type\":\"ImageObject\",\"inLanguage\":\"fr-BE\",\"@id\":\"https:\/\/melanvies.com\/#\/schema\/logo\/image\/\",\"url\":\"https:\/\/melanvies.com\/wp-content\/uploads\/2025\/04\/cropped-w.png\",\"contentUrl\":\"https:\/\/melanvies.com\/wp-content\/uploads\/2025\/04\/cropped-w.png\",\"width\":338,\"height\":69,\"caption\":\"M\u00e9lanvies\"},\"image\":{\"@id\":\"https:\/\/melanvies.com\/#\/schema\/logo\/image\/\"}}]}<\/script>\n<!-- \/ Yoast SEO Premium plugin. -->","yoast_head_json":{"title":"\u00c7a repr\u00e9sente le Br\u00e9sil plus que le samba et le football - M\u00e9lanvies","description":"Portez le vrai Br\u00e9sil avec style et confort. T-shirt premium en coton, maille 180\u2013200g, avec un design original et porteur de sens.","robots":{"index":"index","follow":"follow","max-snippet":"max-snippet:-1","max-image-preview":"max-image-preview:large","max-video-preview":"max-video-preview:-1"},"canonical":"https:\/\/melanvies.com\/fr\/produit\/ca-represente-le-bresil-plus-que-le-samba-et-le-football\/","og_locale":"fr_FR","og_type":"article","og_title":"\u00c7a repr\u00e9sente le Br\u00e9sil plus que le samba et le football","og_description":"Portez le vrai Br\u00e9sil avec style et confort. T-shirt premium en coton, maille 180\u2013200g, avec un design original et porteur de sens.","og_url":"https:\/\/melanvies.com\/fr\/produit\/ca-represente-le-bresil-plus-que-le-samba-et-le-football\/","og_site_name":"M\u00e9lanvies","article_modified_time":"2025-05-09T19:28:13+00:00","og_image":[{"width":683,"height":1024,"url":"https:\/\/melanvies.com\/wp-content\/uploads\/2025\/05\/mockup-of-a-hand-holding-a-t-shirt-in-a-colorful-background-26735-46-683x1024.png","type":"image\/png"}],"twitter_card":"summary_large_image","twitter_misc":{"Dur\u00e9e de lecture est.":"1 minute"},"schema":{"@context":"https:\/\/schema.org","@graph":[{"@type":"WebPage","@id":"https:\/\/melanvies.com\/produto\/ca-represente-le-bresil-plus-que-le-samba-et-le-football\/","url":"https:\/\/melanvies.com\/produto\/ca-represente-le-bresil-plus-que-le-samba-et-le-football\/","name":"\u00c7a repr\u00e9sente le Br\u00e9sil plus que le samba et le football - M\u00e9lanvies","isPartOf":{"@id":"https:\/\/melanvies.com\/#website"},"primaryImageOfPage":{"@id":"https:\/\/melanvies.com\/produto\/ca-represente-le-bresil-plus-que-le-samba-et-le-football\/#primaryimage"},"image":{"@id":"https:\/\/melanvies.com\/produto\/ca-represente-le-bresil-plus-que-le-samba-et-le-football\/#primaryimage"},"thumbnailUrl":"https:\/\/melanvies.com\/wp-content\/uploads\/2025\/05\/mockup-of-a-hand-holding-a-t-shirt-in-a-colorful-background-26735-46.png","datePublished":"2025-05-09T19:28:12+00:00","dateModified":"2025-05-09T19:28:13+00:00","description":"Portez le vrai Br\u00e9sil avec style et confort. T-shirt premium en coton, maille 180\u2013200g, avec un design original et porteur de sens.","breadcrumb":{"@id":"https:\/\/melanvies.com\/produto\/ca-represente-le-bresil-plus-que-le-samba-et-le-football\/#breadcrumb"},"inLanguage":"fr-BE","potentialAction":[{"@type":"ReadAction","target":["https:\/\/melanvies.com\/produto\/ca-represente-le-bresil-plus-que-le-samba-et-le-football\/"]}]},{"@type":"ImageObject","inLanguage":"fr-BE","@id":"https:\/\/melanvies.com\/produto\/ca-represente-le-bresil-plus-que-le-samba-et-le-football\/#primaryimage","url":"https:\/\/melanvies.com\/wp-content\/uploads\/2025\/05\/mockup-of-a-hand-holding-a-t-shirt-in-a-colorful-background-26735-46.png","contentUrl":"https:\/\/melanvies.com\/wp-content\/uploads\/2025\/05\/mockup-of-a-hand-holding-a-t-shirt-in-a-colorful-background-26735-46.png","width":1440,"height":2160},{"@type":"BreadcrumbList","@id":"https:\/\/melanvies.com\/produto\/ca-represente-le-bresil-plus-que-le-samba-et-le-football\/#breadcrumb","itemListElement":[{"@type":"ListItem","position":1,"name":"In\u00edcio","item":"https:\/\/melanvies.com\/"},{"@type":"ListItem","position":2,"name":"Products","item":"https:\/\/www.melanvies.com\/loja\/"},{"@type":"ListItem","position":3,"name":"\u00c7a repr\u00e9sente le Br\u00e9sil plus que le samba et le football"}]},{"@type":"WebSite","@id":"https:\/\/melanvies.com\/#website","url":"https:\/\/melanvies.com\/","name":"M\u00e9lanvies","description":"T-shirt Personalis\u00e9","publisher":{"@id":"https:\/\/melanvies.com\/#organization"},"potentialAction":[{"@type":"SearchAction","target":{"@type":"EntryPoint","urlTemplate":"https:\/\/melanvies.com\/?s={search_term_string}"},"query-input":{"@type":"PropertyValueSpecification","valueRequired":true,"valueName":"search_term_string"}}],"inLanguage":"fr-BE"},{"@type":"Organization","@id":"https:\/\/melanvies.com\/#organization","name":"M\u00e9lanvies","url":"https:\/\/melanvies.com\/","logo":{"@type":"ImageObject","inLanguage":"fr-BE","@id":"https:\/\/melanvies.com\/#\/schema\/logo\/image\/","url":"https:\/\/melanvies.com\/wp-content\/uploads\/2025\/04\/cropped-w.png","contentUrl":"https:\/\/melanvies.com\/wp-content\/uploads\/2025\/04\/cropped-w.png","width":338,"height":69,"caption":"M\u00e9lanvies"},"image":{"@id":"https:\/\/melanvies.com\/#\/schema\/logo\/image\/"}}]}},"jetpack_sharing_enabled":true,"_links":{"self":[{"href":"https:\/\/melanvies.com\/fr\/wp-json\/wp\/v2\/product\/1130","targetHints":{"allow":["GET"]}}],"collection":[{"href":"https:\/\/melanvies.com\/fr\/wp-json\/wp\/v2\/product"}],"about":[{"href":"https:\/\/melanvies.com\/fr\/wp-json\/wp\/v2\/types\/product"}],"replies":[{"embeddable":true,"href":"https:\/\/melanvies.com\/fr\/wp-json\/wp\/v2\/comments?post=1130"}],"wp:featuredmedia":[{"embeddable":true,"href":"https:\/\/melanvies.com\/fr\/wp-json\/wp\/v2\/media\/1082"}],"wp:attachment":[{"href":"https:\/\/melanvies.com\/fr\/wp-json\/wp\/v2\/media?parent=1130"}],"wp:term":[{"taxonomy":"product_brand","embeddable":true,"href":"https:\/\/melanvies.com\/fr\/wp-json\/wp\/v2\/product_brand?post=1130"},{"taxonomy":"product_cat","embeddable":true,"href":"https:\/\/melanvies.com\/fr\/wp-json\/wp\/v2\/product_cat?post=1130"},{"taxonomy":"product_tag","embeddable":true,"href":"https:\/\/melanvies.com\/fr\/wp-json\/wp\/v2\/product_tag?post=1130"}],"curies":[{"name":"wp","href":"https:\/\/api.w.org\/{rel}","templated":true}]}}