{"id":1121,"date":"2025-05-09T19:26:17","date_gmt":"2025-05-09T19:26:17","guid":{"rendered":"https:\/\/melanvies.com\/?post_type=product&#038;p=1121"},"modified":"2025-05-09T19:26:18","modified_gmt":"2025-05-09T19:26:18","slug":"isso-representa-o-brasil-mais-que-samba-e-futebol","status":"publish","type":"product","link":"https:\/\/melanvies.com\/fr\/produit\/isso-representa-o-brasil-mais-que-samba-e-futebol\/","title":{"rendered":"Isso representa o Brasil mais que samba e futebol"},"content":{"rendered":"<p class=\"\" data-start=\"311\" data-end=\"601\"><strong data-start=\"311\" data-end=\"346\">Mais que estilo, uma afirma\u00e7\u00e3o.<\/strong><br data-start=\"346\" data-end=\"349\" \/>Essa camiseta premium carrega o Brasil no peito \u2014 n\u00e3o o Brasil folcl\u00f3rico e superficial, mas o Brasil de verdade. A imagem da bandeira moldada no territ\u00f3rio e o cachorrinho amarelo deitado dizem tudo: \u00e9 sobre afeto, identidade, mem\u00f3ria e pertencimento.<\/p>\n<p class=\"\" data-start=\"603\" data-end=\"800\">Feita com <strong data-start=\"613\" data-end=\"659\">malha premium de alta gramatura (180\u2013200g)<\/strong>, ela tem caimento mais estruturado, toque macio e durabilidade superior. Uma pe\u00e7a pra quem valoriza <strong data-start=\"760\" data-end=\"799\">conforto sem abrir m\u00e3o de prop\u00f3sito<\/strong>.<\/p>\n<p class=\"\" data-start=\"802\" data-end=\"921\">\ud83d\udfe2 Edi\u00e7\u00e3o premium exclusiva<br data-start=\"829\" data-end=\"832\" \/>\ud83d\udfe1 100% algod\u00e3o de alta qualidade<br data-start=\"865\" data-end=\"868\" \/>\ud83d\udd35 Unissex | Costura refor\u00e7ada | Acabamento impec\u00e1vel<\/p>","protected":false},"excerpt":{"rendered":"<p>Mais que estilo, uma afirma\u00e7\u00e3o.Essa camiseta premium carrega o Brasil no peito \u2014 n\u00e3o o Brasil folcl\u00f3rico e superficial, mas o Brasil de verdade. A imagem da bandeira moldada no territ\u00f3rio e o cachorrinho amarelo deitado dizem tudo: \u00e9 sobre afeto, identidade, mem\u00f3ria e pertencimento. Feita com malha premium de alta gramatura (180\u2013200g), ela tem [&hellip;]<\/p>","protected":false},"featured_media":1083,"comment_status":"open","ping_status":"closed","template":"","meta":[],"product_brand":[],"product_cat":[15],"product_tag":[],"class_list":{"0":"post-1121","1":"product","2":"type-product","3":"status-publish","4":"has-post-thumbnail","6":"product_cat-camiseta-malha-180g-premium","8":"first","9":"instock","10":"shipping-taxable","11":"purchasable","12":"product-type-variable"},"yoast_head":"<!-- This site is optimized with the Yoast SEO Premium plugin v24.6 (Yoast SEO v24.8.1) - https:\/\/yoast.com\/wordpress\/plugins\/seo\/ -->\n<title>Isso representa o Brasil mais que samba e futebol - M\u00e9lanvies<\/title>\n<meta name=\"description\" content=\"Vista o Brasil real com estilo e conforto. Camiseta premium 100% algod\u00e3o, malha 180\u2013200g, com estampa original e cheia de significado.\" \/>\n<meta name=\"robots\" content=\"index, follow, max-snippet:-1, max-image-preview:large, max-video-preview:-1\" \/>\n<link rel=\"canonical\" href=\"https:\/\/melanvies.com\/fr\/produit\/isso-representa-o-brasil-mais-que-samba-e-futebol\/\" \/>\n<meta property=\"og:locale\" content=\"fr_FR\" \/>\n<meta property=\"og:type\" content=\"article\" \/>\n<meta property=\"og:title\" content=\"Isso representa o Brasil mais que samba e futebol\" \/>\n<meta property=\"og:description\" content=\"Vista o Brasil real com estilo e conforto. Camiseta premium 100% algod\u00e3o, malha 180\u2013200g, com estampa original e cheia de significado.\" \/>\n<meta property=\"og:url\" content=\"https:\/\/melanvies.com\/fr\/produit\/isso-representa-o-brasil-mais-que-samba-e-futebol\/\" \/>\n<meta property=\"og:site_name\" content=\"M\u00e9lanvies\" \/>\n<meta property=\"article:modified_time\" content=\"2025-05-09T19:26:18+00:00\" \/>\n<meta property=\"og:image\" content=\"https:\/\/melanvies.com\/wp-content\/uploads\/2025\/05\/mockup-of-a-hand-holding-a-t-shirt-in-a-colorful-background-26735-45-683x1024.png\" \/>\n\t<meta property=\"og:image:width\" content=\"683\" \/>\n\t<meta property=\"og:image:height\" content=\"1024\" \/>\n\t<meta property=\"og:image:type\" content=\"image\/png\" \/>\n<meta name=\"twitter:card\" content=\"summary_large_image\" \/>\n<meta name=\"twitter:label1\" content=\"Dur\u00e9e de lecture est.\" \/>\n\t<meta name=\"twitter:data1\" content=\"1 minute\" \/>\n<script type=\"application\/ld+json\" class=\"yoast-schema-graph\">{\"@context\":\"https:\/\/schema.org\",\"@graph\":[{\"@type\":\"WebPage\",\"@id\":\"https:\/\/melanvies.com\/produto\/isso-representa-o-brasil-mais-que-samba-e-futebol\/\",\"url\":\"https:\/\/melanvies.com\/produto\/isso-representa-o-brasil-mais-que-samba-e-futebol\/\",\"name\":\"Isso representa o Brasil mais que samba e futebol - M\u00e9lanvies\",\"isPartOf\":{\"@id\":\"https:\/\/melanvies.com\/#website\"},\"primaryImageOfPage\":{\"@id\":\"https:\/\/melanvies.com\/produto\/isso-representa-o-brasil-mais-que-samba-e-futebol\/#primaryimage\"},\"image\":{\"@id\":\"https:\/\/melanvies.com\/produto\/isso-representa-o-brasil-mais-que-samba-e-futebol\/#primaryimage\"},\"thumbnailUrl\":\"https:\/\/melanvies.com\/wp-content\/uploads\/2025\/05\/mockup-of-a-hand-holding-a-t-shirt-in-a-colorful-background-26735-45.png\",\"datePublished\":\"2025-05-09T19:26:17+00:00\",\"dateModified\":\"2025-05-09T19:26:18+00:00\",\"description\":\"Vista o Brasil real com estilo e conforto. Camiseta premium 100% algod\u00e3o, malha 180\u2013200g, com estampa original e cheia de significado.\",\"breadcrumb\":{\"@id\":\"https:\/\/melanvies.com\/produto\/isso-representa-o-brasil-mais-que-samba-e-futebol\/#breadcrumb\"},\"inLanguage\":\"fr-BE\",\"potentialAction\":[{\"@type\":\"ReadAction\",\"target\":[\"https:\/\/melanvies.com\/produto\/isso-representa-o-brasil-mais-que-samba-e-futebol\/\"]}]},{\"@type\":\"ImageObject\",\"inLanguage\":\"fr-BE\",\"@id\":\"https:\/\/melanvies.com\/produto\/isso-representa-o-brasil-mais-que-samba-e-futebol\/#primaryimage\",\"url\":\"https:\/\/melanvies.com\/wp-content\/uploads\/2025\/05\/mockup-of-a-hand-holding-a-t-shirt-in-a-colorful-background-26735-45.png\",\"contentUrl\":\"https:\/\/melanvies.com\/wp-content\/uploads\/2025\/05\/mockup-of-a-hand-holding-a-t-shirt-in-a-colorful-background-26735-45.png\",\"width\":1440,\"height\":2160},{\"@type\":\"BreadcrumbList\",\"@id\":\"https:\/\/melanvies.com\/produto\/isso-representa-o-brasil-mais-que-samba-e-futebol\/#breadcrumb\",\"itemListElement\":[{\"@type\":\"ListItem\",\"position\":1,\"name\":\"In\u00edcio\",\"item\":\"https:\/\/melanvies.com\/\"},{\"@type\":\"ListItem\",\"position\":2,\"name\":\"Products\",\"item\":\"https:\/\/www.melanvies.com\/loja\/\"},{\"@type\":\"ListItem\",\"position\":3,\"name\":\"Isso representa o Brasil mais que samba e futebol\"}]},{\"@type\":\"WebSite\",\"@id\":\"https:\/\/melanvies.com\/#website\",\"url\":\"https:\/\/melanvies.com\/\",\"name\":\"M\u00e9lanvies\",\"description\":\"T-shirt Personalis\u00e9\",\"publisher\":{\"@id\":\"https:\/\/melanvies.com\/#organization\"},\"potentialAction\":[{\"@type\":\"SearchAction\",\"target\":{\"@type\":\"EntryPoint\",\"urlTemplate\":\"https:\/\/melanvies.com\/?s={search_term_string}\"},\"query-input\":{\"@type\":\"PropertyValueSpecification\",\"valueRequired\":true,\"valueName\":\"search_term_string\"}}],\"inLanguage\":\"fr-BE\"},{\"@type\":\"Organization\",\"@id\":\"https:\/\/melanvies.com\/#organization\",\"name\":\"M\u00e9lanvies\",\"url\":\"https:\/\/melanvies.com\/\",\"logo\":{\"@type\":\"ImageObject\",\"inLanguage\":\"fr-BE\",\"@id\":\"https:\/\/melanvies.com\/#\/schema\/logo\/image\/\",\"url\":\"https:\/\/melanvies.com\/wp-content\/uploads\/2025\/04\/cropped-w.png\",\"contentUrl\":\"https:\/\/melanvies.com\/wp-content\/uploads\/2025\/04\/cropped-w.png\",\"width\":338,\"height\":69,\"caption\":\"M\u00e9lanvies\"},\"image\":{\"@id\":\"https:\/\/melanvies.com\/#\/schema\/logo\/image\/\"}}]}<\/script>\n<!-- \/ Yoast SEO Premium plugin. -->","yoast_head_json":{"title":"Isso representa o Brasil mais que samba e futebol - M\u00e9lanvies","description":"Vista o Brasil real com estilo e conforto. Camiseta premium 100% algod\u00e3o, malha 180\u2013200g, com estampa original e cheia de significado.","robots":{"index":"index","follow":"follow","max-snippet":"max-snippet:-1","max-image-preview":"max-image-preview:large","max-video-preview":"max-video-preview:-1"},"canonical":"https:\/\/melanvies.com\/fr\/produit\/isso-representa-o-brasil-mais-que-samba-e-futebol\/","og_locale":"fr_FR","og_type":"article","og_title":"Isso representa o Brasil mais que samba e futebol","og_description":"Vista o Brasil real com estilo e conforto. Camiseta premium 100% algod\u00e3o, malha 180\u2013200g, com estampa original e cheia de significado.","og_url":"https:\/\/melanvies.com\/fr\/produit\/isso-representa-o-brasil-mais-que-samba-e-futebol\/","og_site_name":"M\u00e9lanvies","article_modified_time":"2025-05-09T19:26:18+00:00","og_image":[{"width":683,"height":1024,"url":"https:\/\/melanvies.com\/wp-content\/uploads\/2025\/05\/mockup-of-a-hand-holding-a-t-shirt-in-a-colorful-background-26735-45-683x1024.png","type":"image\/png"}],"twitter_card":"summary_large_image","twitter_misc":{"Dur\u00e9e de lecture est.":"1 minute"},"schema":{"@context":"https:\/\/schema.org","@graph":[{"@type":"WebPage","@id":"https:\/\/melanvies.com\/produto\/isso-representa-o-brasil-mais-que-samba-e-futebol\/","url":"https:\/\/melanvies.com\/produto\/isso-representa-o-brasil-mais-que-samba-e-futebol\/","name":"Isso representa o Brasil mais que samba e futebol - M\u00e9lanvies","isPartOf":{"@id":"https:\/\/melanvies.com\/#website"},"primaryImageOfPage":{"@id":"https:\/\/melanvies.com\/produto\/isso-representa-o-brasil-mais-que-samba-e-futebol\/#primaryimage"},"image":{"@id":"https:\/\/melanvies.com\/produto\/isso-representa-o-brasil-mais-que-samba-e-futebol\/#primaryimage"},"thumbnailUrl":"https:\/\/melanvies.com\/wp-content\/uploads\/2025\/05\/mockup-of-a-hand-holding-a-t-shirt-in-a-colorful-background-26735-45.png","datePublished":"2025-05-09T19:26:17+00:00","dateModified":"2025-05-09T19:26:18+00:00","description":"Vista o Brasil real com estilo e conforto. Camiseta premium 100% algod\u00e3o, malha 180\u2013200g, com estampa original e cheia de significado.","breadcrumb":{"@id":"https:\/\/melanvies.com\/produto\/isso-representa-o-brasil-mais-que-samba-e-futebol\/#breadcrumb"},"inLanguage":"fr-BE","potentialAction":[{"@type":"ReadAction","target":["https:\/\/melanvies.com\/produto\/isso-representa-o-brasil-mais-que-samba-e-futebol\/"]}]},{"@type":"ImageObject","inLanguage":"fr-BE","@id":"https:\/\/melanvies.com\/produto\/isso-representa-o-brasil-mais-que-samba-e-futebol\/#primaryimage","url":"https:\/\/melanvies.com\/wp-content\/uploads\/2025\/05\/mockup-of-a-hand-holding-a-t-shirt-in-a-colorful-background-26735-45.png","contentUrl":"https:\/\/melanvies.com\/wp-content\/uploads\/2025\/05\/mockup-of-a-hand-holding-a-t-shirt-in-a-colorful-background-26735-45.png","width":1440,"height":2160},{"@type":"BreadcrumbList","@id":"https:\/\/melanvies.com\/produto\/isso-representa-o-brasil-mais-que-samba-e-futebol\/#breadcrumb","itemListElement":[{"@type":"ListItem","position":1,"name":"In\u00edcio","item":"https:\/\/melanvies.com\/"},{"@type":"ListItem","position":2,"name":"Products","item":"https:\/\/www.melanvies.com\/loja\/"},{"@type":"ListItem","position":3,"name":"Isso representa o Brasil mais que samba e futebol"}]},{"@type":"WebSite","@id":"https:\/\/melanvies.com\/#website","url":"https:\/\/melanvies.com\/","name":"M\u00e9lanvies","description":"T-shirt Personalis\u00e9","publisher":{"@id":"https:\/\/melanvies.com\/#organization"},"potentialAction":[{"@type":"SearchAction","target":{"@type":"EntryPoint","urlTemplate":"https:\/\/melanvies.com\/?s={search_term_string}"},"query-input":{"@type":"PropertyValueSpecification","valueRequired":true,"valueName":"search_term_string"}}],"inLanguage":"fr-BE"},{"@type":"Organization","@id":"https:\/\/melanvies.com\/#organization","name":"M\u00e9lanvies","url":"https:\/\/melanvies.com\/","logo":{"@type":"ImageObject","inLanguage":"fr-BE","@id":"https:\/\/melanvies.com\/#\/schema\/logo\/image\/","url":"https:\/\/melanvies.com\/wp-content\/uploads\/2025\/04\/cropped-w.png","contentUrl":"https:\/\/melanvies.com\/wp-content\/uploads\/2025\/04\/cropped-w.png","width":338,"height":69,"caption":"M\u00e9lanvies"},"image":{"@id":"https:\/\/melanvies.com\/#\/schema\/logo\/image\/"}}]}},"jetpack_sharing_enabled":true,"_links":{"self":[{"href":"https:\/\/melanvies.com\/fr\/wp-json\/wp\/v2\/product\/1121","targetHints":{"allow":["GET"]}}],"collection":[{"href":"https:\/\/melanvies.com\/fr\/wp-json\/wp\/v2\/product"}],"about":[{"href":"https:\/\/melanvies.com\/fr\/wp-json\/wp\/v2\/types\/product"}],"replies":[{"embeddable":true,"href":"https:\/\/melanvies.com\/fr\/wp-json\/wp\/v2\/comments?post=1121"}],"wp:featuredmedia":[{"embeddable":true,"href":"https:\/\/melanvies.com\/fr\/wp-json\/wp\/v2\/media\/1083"}],"wp:attachment":[{"href":"https:\/\/melanvies.com\/fr\/wp-json\/wp\/v2\/media?parent=1121"}],"wp:term":[{"taxonomy":"product_brand","embeddable":true,"href":"https:\/\/melanvies.com\/fr\/wp-json\/wp\/v2\/product_brand?post=1121"},{"taxonomy":"product_cat","embeddable":true,"href":"https:\/\/melanvies.com\/fr\/wp-json\/wp\/v2\/product_cat?post=1121"},{"taxonomy":"product_tag","embeddable":true,"href":"https:\/\/melanvies.com\/fr\/wp-json\/wp\/v2\/product_tag?post=1121"}],"curies":[{"name":"wp","href":"https:\/\/api.w.org\/{rel}","templated":true}]}}