{"id":1040,"date":"2025-05-07T22:48:34","date_gmt":"2025-05-07T22:48:34","guid":{"rendered":"https:\/\/melanvies.com\/?post_type=product&#038;p=1040"},"modified":"2025-05-13T10:32:22","modified_gmt":"2025-05-13T10:32:22","slug":"corro-logo-existo","status":"publish","type":"product","link":"https:\/\/melanvies.com\/fr\/produit\/corro-logo-existo\/","title":{"rendered":"Camiseta Corro, Logo Existo"},"content":{"rendered":"<p class=\"\" data-start=\"294\" data-end=\"698\">Fil\u00f3sofos diziam &#8220;penso, logo existo&#8221;. M\u00e3es dizem: &#8220;corro&#8221;.<br data-start=\"376\" data-end=\"379\" \/>A camiseta \u201cCorro, logo existo\u201d \u00e9 o uniforme oficial de quem vive no corre \u2014 com crian\u00e7a no colo, notifica\u00e7\u00e3o apitando e lista de tarefas infinita.<br data-start=\"526\" data-end=\"529\" \/>Feita em malha 100% algod\u00e3o (160g), com modelagem confort\u00e1vel, toque suave e estampa dur\u00e1vel em silk.<br data-start=\"630\" data-end=\"633\" \/>Pra rir da pr\u00f3pria rotina, com leveza no corpo e atitude no look.<\/p>\n<p class=\"\" data-start=\"700\" data-end=\"810\">\ud83d\udc9b Pe\u00e7a da Cole\u00e7\u00e3o de Dia das M\u00e3es<br data-start=\"734\" data-end=\"737\" \/>\ud83c\udde7\ud83c\uddea Criada na B\u00e9lgica, com alma brasileira<br data-start=\"780\" data-end=\"783\" \/>\ud83d\udce6 Envio para toda a Europa<\/p>","protected":false},"excerpt":{"rendered":"<p>Fil\u00f3sofos diziam &#8220;penso, logo existo&#8221;. M\u00e3es dizem: &#8220;corro&#8221;.A camiseta \u201cCorro, logo existo\u201d \u00e9 o uniforme oficial de quem vive no corre \u2014 com crian\u00e7a no colo, notifica\u00e7\u00e3o apitando e lista de tarefas infinita.Feita em malha 100% algod\u00e3o (160g), com modelagem confort\u00e1vel, toque suave e estampa dur\u00e1vel em silk.Pra rir da pr\u00f3pria rotina, com leveza no [&hellip;]<\/p>","protected":false},"featured_media":1041,"comment_status":"open","ping_status":"closed","template":"","meta":[],"product_brand":[],"product_cat":[35],"product_tag":[],"class_list":{"0":"post-1040","1":"product","2":"type-product","3":"status-publish","4":"has-post-thumbnail","6":"product_cat-colecao-maes","8":"first","9":"instock","10":"shipping-taxable","11":"purchasable","12":"product-type-variable"},"yoast_head":"<!-- This site is optimized with the Yoast SEO Premium plugin v24.6 (Yoast SEO v24.8.1) - https:\/\/yoast.com\/wordpress\/plugins\/seo\/ -->\n<title>Camiseta Corro, Logo Existo - M\u00e9lanvies<\/title>\n<meta name=\"description\" content=\"Camiseta \u201cCorro, logo existo\u201d, feita para m\u00e3es e mulheres que vivem no ritmo acelerado. Malha 160g, confort\u00e1vel e cheia de atitude.\" \/>\n<meta name=\"robots\" content=\"index, follow, max-snippet:-1, max-image-preview:large, max-video-preview:-1\" \/>\n<link rel=\"canonical\" href=\"https:\/\/melanvies.com\/fr\/produit\/corro-logo-existo\/\" \/>\n<meta property=\"og:locale\" content=\"fr_FR\" \/>\n<meta property=\"og:type\" content=\"article\" \/>\n<meta property=\"og:title\" content=\"Camiseta Corro, Logo Existo\" \/>\n<meta property=\"og:description\" content=\"Camiseta \u201cCorro, logo existo\u201d, feita para m\u00e3es e mulheres que vivem no ritmo acelerado. Malha 160g, confort\u00e1vel e cheia de atitude.\" \/>\n<meta property=\"og:url\" content=\"https:\/\/melanvies.com\/fr\/produit\/corro-logo-existo\/\" \/>\n<meta property=\"og:site_name\" content=\"M\u00e9lanvies\" \/>\n<meta property=\"article:modified_time\" content=\"2025-05-13T10:32:22+00:00\" \/>\n<meta property=\"og:image\" content=\"https:\/\/melanvies.com\/wp-content\/uploads\/2025\/05\/mockup-of-a-hand-holding-a-t-shirt-in-a-colorful-background-26735-11.png\" \/>\n\t<meta property=\"og:image:width\" content=\"683\" \/>\n\t<meta property=\"og:image:height\" content=\"1024\" \/>\n\t<meta property=\"og:image:type\" content=\"image\/png\" \/>\n<meta name=\"twitter:card\" content=\"summary_large_image\" \/>\n<meta name=\"twitter:label1\" content=\"Dur\u00e9e de lecture est.\" \/>\n\t<meta name=\"twitter:data1\" content=\"1 minute\" \/>\n<script type=\"application\/ld+json\" class=\"yoast-schema-graph\">{\"@context\":\"https:\/\/schema.org\",\"@graph\":[{\"@type\":\"WebPage\",\"@id\":\"https:\/\/melanvies.com\/produto\/corro-logo-existo\/\",\"url\":\"https:\/\/melanvies.com\/produto\/corro-logo-existo\/\",\"name\":\"Camiseta Corro, Logo Existo - M\u00e9lanvies\",\"isPartOf\":{\"@id\":\"https:\/\/melanvies.com\/#website\"},\"primaryImageOfPage\":{\"@id\":\"https:\/\/melanvies.com\/produto\/corro-logo-existo\/#primaryimage\"},\"image\":{\"@id\":\"https:\/\/melanvies.com\/produto\/corro-logo-existo\/#primaryimage\"},\"thumbnailUrl\":\"https:\/\/melanvies.com\/wp-content\/uploads\/2025\/05\/mockup-of-a-hand-holding-a-t-shirt-in-a-colorful-background-26735-11.png\",\"datePublished\":\"2025-05-07T22:48:34+00:00\",\"dateModified\":\"2025-05-13T10:32:22+00:00\",\"description\":\"Camiseta \u201cCorro, logo existo\u201d, feita para m\u00e3es e mulheres que vivem no ritmo acelerado. Malha 160g, confort\u00e1vel e cheia de atitude.\",\"breadcrumb\":{\"@id\":\"https:\/\/melanvies.com\/produto\/corro-logo-existo\/#breadcrumb\"},\"inLanguage\":\"fr-BE\",\"potentialAction\":[{\"@type\":\"ReadAction\",\"target\":[\"https:\/\/melanvies.com\/produto\/corro-logo-existo\/\"]}]},{\"@type\":\"ImageObject\",\"inLanguage\":\"fr-BE\",\"@id\":\"https:\/\/melanvies.com\/produto\/corro-logo-existo\/#primaryimage\",\"url\":\"https:\/\/melanvies.com\/wp-content\/uploads\/2025\/05\/mockup-of-a-hand-holding-a-t-shirt-in-a-colorful-background-26735-11.png\",\"contentUrl\":\"https:\/\/melanvies.com\/wp-content\/uploads\/2025\/05\/mockup-of-a-hand-holding-a-t-shirt-in-a-colorful-background-26735-11.png\",\"width\":1440,\"height\":2160},{\"@type\":\"BreadcrumbList\",\"@id\":\"https:\/\/melanvies.com\/produto\/corro-logo-existo\/#breadcrumb\",\"itemListElement\":[{\"@type\":\"ListItem\",\"position\":1,\"name\":\"In\u00edcio\",\"item\":\"https:\/\/melanvies.com\/\"},{\"@type\":\"ListItem\",\"position\":2,\"name\":\"Products\",\"item\":\"https:\/\/www.melanvies.com\/loja\/\"},{\"@type\":\"ListItem\",\"position\":3,\"name\":\"Camiseta Corro, Logo Existo\"}]},{\"@type\":\"WebSite\",\"@id\":\"https:\/\/melanvies.com\/#website\",\"url\":\"https:\/\/melanvies.com\/\",\"name\":\"M\u00e9lanvies\",\"description\":\"T-shirt Personalis\u00e9\",\"publisher\":{\"@id\":\"https:\/\/melanvies.com\/#organization\"},\"potentialAction\":[{\"@type\":\"SearchAction\",\"target\":{\"@type\":\"EntryPoint\",\"urlTemplate\":\"https:\/\/melanvies.com\/?s={search_term_string}\"},\"query-input\":{\"@type\":\"PropertyValueSpecification\",\"valueRequired\":true,\"valueName\":\"search_term_string\"}}],\"inLanguage\":\"fr-BE\"},{\"@type\":\"Organization\",\"@id\":\"https:\/\/melanvies.com\/#organization\",\"name\":\"M\u00e9lanvies\",\"url\":\"https:\/\/melanvies.com\/\",\"logo\":{\"@type\":\"ImageObject\",\"inLanguage\":\"fr-BE\",\"@id\":\"https:\/\/melanvies.com\/#\/schema\/logo\/image\/\",\"url\":\"https:\/\/melanvies.com\/wp-content\/uploads\/2025\/04\/cropped-w.png\",\"contentUrl\":\"https:\/\/melanvies.com\/wp-content\/uploads\/2025\/04\/cropped-w.png\",\"width\":338,\"height\":69,\"caption\":\"M\u00e9lanvies\"},\"image\":{\"@id\":\"https:\/\/melanvies.com\/#\/schema\/logo\/image\/\"}}]}<\/script>\n<!-- \/ Yoast SEO Premium plugin. -->","yoast_head_json":{"title":"Camiseta Corro, Logo Existo - M\u00e9lanvies","description":"Camiseta \u201cCorro, logo existo\u201d, feita para m\u00e3es e mulheres que vivem no ritmo acelerado. Malha 160g, confort\u00e1vel e cheia de atitude.","robots":{"index":"index","follow":"follow","max-snippet":"max-snippet:-1","max-image-preview":"max-image-preview:large","max-video-preview":"max-video-preview:-1"},"canonical":"https:\/\/melanvies.com\/fr\/produit\/corro-logo-existo\/","og_locale":"fr_FR","og_type":"article","og_title":"Camiseta Corro, Logo Existo","og_description":"Camiseta \u201cCorro, logo existo\u201d, feita para m\u00e3es e mulheres que vivem no ritmo acelerado. Malha 160g, confort\u00e1vel e cheia de atitude.","og_url":"https:\/\/melanvies.com\/fr\/produit\/corro-logo-existo\/","og_site_name":"M\u00e9lanvies","article_modified_time":"2025-05-13T10:32:22+00:00","og_image":[{"url":"https:\/\/melanvies.com\/wp-content\/uploads\/2025\/05\/mockup-of-a-hand-holding-a-t-shirt-in-a-colorful-background-26735-11.png","width":683,"height":1024,"type":"image\/png"}],"twitter_card":"summary_large_image","twitter_misc":{"Dur\u00e9e de lecture est.":"1 minute"},"schema":{"@context":"https:\/\/schema.org","@graph":[{"@type":"WebPage","@id":"https:\/\/melanvies.com\/produto\/corro-logo-existo\/","url":"https:\/\/melanvies.com\/produto\/corro-logo-existo\/","name":"Camiseta Corro, Logo Existo - M\u00e9lanvies","isPartOf":{"@id":"https:\/\/melanvies.com\/#website"},"primaryImageOfPage":{"@id":"https:\/\/melanvies.com\/produto\/corro-logo-existo\/#primaryimage"},"image":{"@id":"https:\/\/melanvies.com\/produto\/corro-logo-existo\/#primaryimage"},"thumbnailUrl":"https:\/\/melanvies.com\/wp-content\/uploads\/2025\/05\/mockup-of-a-hand-holding-a-t-shirt-in-a-colorful-background-26735-11.png","datePublished":"2025-05-07T22:48:34+00:00","dateModified":"2025-05-13T10:32:22+00:00","description":"Camiseta \u201cCorro, logo existo\u201d, feita para m\u00e3es e mulheres que vivem no ritmo acelerado. Malha 160g, confort\u00e1vel e cheia de atitude.","breadcrumb":{"@id":"https:\/\/melanvies.com\/produto\/corro-logo-existo\/#breadcrumb"},"inLanguage":"fr-BE","potentialAction":[{"@type":"ReadAction","target":["https:\/\/melanvies.com\/produto\/corro-logo-existo\/"]}]},{"@type":"ImageObject","inLanguage":"fr-BE","@id":"https:\/\/melanvies.com\/produto\/corro-logo-existo\/#primaryimage","url":"https:\/\/melanvies.com\/wp-content\/uploads\/2025\/05\/mockup-of-a-hand-holding-a-t-shirt-in-a-colorful-background-26735-11.png","contentUrl":"https:\/\/melanvies.com\/wp-content\/uploads\/2025\/05\/mockup-of-a-hand-holding-a-t-shirt-in-a-colorful-background-26735-11.png","width":1440,"height":2160},{"@type":"BreadcrumbList","@id":"https:\/\/melanvies.com\/produto\/corro-logo-existo\/#breadcrumb","itemListElement":[{"@type":"ListItem","position":1,"name":"In\u00edcio","item":"https:\/\/melanvies.com\/"},{"@type":"ListItem","position":2,"name":"Products","item":"https:\/\/www.melanvies.com\/loja\/"},{"@type":"ListItem","position":3,"name":"Camiseta Corro, Logo Existo"}]},{"@type":"WebSite","@id":"https:\/\/melanvies.com\/#website","url":"https:\/\/melanvies.com\/","name":"M\u00e9lanvies","description":"T-shirt Personalis\u00e9","publisher":{"@id":"https:\/\/melanvies.com\/#organization"},"potentialAction":[{"@type":"SearchAction","target":{"@type":"EntryPoint","urlTemplate":"https:\/\/melanvies.com\/?s={search_term_string}"},"query-input":{"@type":"PropertyValueSpecification","valueRequired":true,"valueName":"search_term_string"}}],"inLanguage":"fr-BE"},{"@type":"Organization","@id":"https:\/\/melanvies.com\/#organization","name":"M\u00e9lanvies","url":"https:\/\/melanvies.com\/","logo":{"@type":"ImageObject","inLanguage":"fr-BE","@id":"https:\/\/melanvies.com\/#\/schema\/logo\/image\/","url":"https:\/\/melanvies.com\/wp-content\/uploads\/2025\/04\/cropped-w.png","contentUrl":"https:\/\/melanvies.com\/wp-content\/uploads\/2025\/04\/cropped-w.png","width":338,"height":69,"caption":"M\u00e9lanvies"},"image":{"@id":"https:\/\/melanvies.com\/#\/schema\/logo\/image\/"}}]}},"jetpack_sharing_enabled":true,"_links":{"self":[{"href":"https:\/\/melanvies.com\/fr\/wp-json\/wp\/v2\/product\/1040","targetHints":{"allow":["GET"]}}],"collection":[{"href":"https:\/\/melanvies.com\/fr\/wp-json\/wp\/v2\/product"}],"about":[{"href":"https:\/\/melanvies.com\/fr\/wp-json\/wp\/v2\/types\/product"}],"replies":[{"embeddable":true,"href":"https:\/\/melanvies.com\/fr\/wp-json\/wp\/v2\/comments?post=1040"}],"wp:featuredmedia":[{"embeddable":true,"href":"https:\/\/melanvies.com\/fr\/wp-json\/wp\/v2\/media\/1041"}],"wp:attachment":[{"href":"https:\/\/melanvies.com\/fr\/wp-json\/wp\/v2\/media?parent=1040"}],"wp:term":[{"taxonomy":"product_brand","embeddable":true,"href":"https:\/\/melanvies.com\/fr\/wp-json\/wp\/v2\/product_brand?post=1040"},{"taxonomy":"product_cat","embeddable":true,"href":"https:\/\/melanvies.com\/fr\/wp-json\/wp\/v2\/product_cat?post=1040"},{"taxonomy":"product_tag","embeddable":true,"href":"https:\/\/melanvies.com\/fr\/wp-json\/wp\/v2\/product_tag?post=1040"}],"curies":[{"name":"wp","href":"https:\/\/api.w.org\/{rel}","templated":true}]}}